{"id":22891,"date":"2025-09-29T12:47:17","date_gmt":"2025-09-29T10:47:17","guid":{"rendered":"https:\/\/pelvyra.com\/kennis-van-de-huid\/"},"modified":"2025-09-29T12:47:28","modified_gmt":"2025-09-29T10:47:28","slug":"kennis-van-de-huid","status":"publish","type":"page","link":"https:\/\/pelvyra.com\/nl\/kennis-van-de-huid\/","title":{"rendered":"Kennis van de huid"},"content":{"rendered":"\n<h1 class=\"wp-block-heading\">De huid (cutis) &#8211; structuur en functie eenvoudig uitgelegd!<\/h1>\n\n<figure class=\"wp-block-image size-large\"><img fetchpriority=\"high\" decoding=\"async\" width=\"1024\" height=\"683\" src=\"https:\/\/pelvyra.com\/wp-content\/uploads\/2021\/06\/haut-cutis-sanubiom-1024x683.jpg\" alt=\"De huid (cutis) - structuur en functie eenvoudig uitgelegd!\" class=\"wp-image-4402\" srcset=\"https:\/\/pelvyra.com\/wp-content\/uploads\/2021\/06\/haut-cutis-sanubiom-1024x683.jpg 1024w, https:\/\/pelvyra.com\/wp-content\/uploads\/2021\/06\/haut-cutis-sanubiom-300x200.jpg 300w, https:\/\/pelvyra.com\/wp-content\/uploads\/2021\/06\/haut-cutis-sanubiom-768x512.jpg 768w, https:\/\/pelvyra.com\/wp-content\/uploads\/2021\/06\/haut-cutis-sanubiom-769x513.jpg 769w, https:\/\/pelvyra.com\/wp-content\/uploads\/2021\/06\/haut-cutis-sanubiom-412x275.jpg 412w, https:\/\/pelvyra.com\/wp-content\/uploads\/2021\/06\/haut-cutis-sanubiom-600x400.jpg 600w, https:\/\/pelvyra.com\/wp-content\/uploads\/2021\/06\/haut-cutis-sanubiom.jpg 1200w\" sizes=\"(max-width: 1024px) 100vw, 1024px\" \/><\/figure>\n\n<p>Onze huid is het grootste en een van de belangrijkste <strong>organen<\/strong> van ons lichaam. Het regelt niet alleen onze <strong>gezondheid<\/strong>, maar speelt ook een beslissende rol in ons <strong>welzijn<\/strong>.   <\/p>\n\n<p>De taken van de huid vari\u00ebren van de eerste <strong>verdediging tegen bacteri\u00ebn en virussen<\/strong> tot het reguleren van de vochtbalans en de lichaamstemperatuur.  <\/p>\n\n<p>Dit <strong>zeer gevoelige<\/strong> orgaan kan dienen als een<strong> spiegel van de gezondheid<\/strong> en daarom kunnen zowel huidziekten als andere ziekten een negatief effect hebben op het uiterlijk van de huid.  <\/p>\n\n<p>Ontdek alles wat je moet weten over de <strong>structuur<\/strong> en <strong>functie<\/strong> van de huid en waarom het de moeite waard is om een intensieve inspanning te leveren om je huid gezond te houden.<\/p>\n\n<div class=\"wp-block-buttons is-horizontal is-content-justification-center is-layout-flex wp-container-core-buttons-is-layout-03627597 wp-block-buttons-is-layout-flex\">\n<div class=\"wp-block-button is-style-fill\"><a class=\"wp-block-button__link\" href=\"https:\/\/pelvyra.com\/nl\/bacteriofaag-kennis\/\">Fagen voor een gezonde huid &#8211; ontdek meer<\/a><\/div>\n<\/div>\n\n<p>Veel mensen over de hele wereld, vooral tieners (15 tot 18 jaar) en jongvolwassenen, hebben last van de huidaandoening acne. Puistjes, mee-eters en roodheid zijn typische acne symptomen.   <\/p>\n\n<p>Met de juiste <strong>behandeling<\/strong> kunnen ze echter tot een minimum worden beperkt. In dit artikel leer je alles wat je moet weten over acne, de <strong>oorzaken<\/strong> en de behandeling ervan. <\/p>\n\n<div class=\"wp-block-group has-secondarylighter-background-color has-background is-layout-flow wp-block-group-is-layout-flow\">\n<h2 class=\"wp-block-heading\">Huid &#8211; een overzicht van interessante feiten<\/h2>\n\n\n\n<ul class=\"wp-block-list\"><li>Helpende spiegel van je gezondheid<\/li><li>Met zijn anderhalf tot twee vierkante meter is het het grootste orgel.<\/li><li>verdeeld in 3 lagen (opperhuid, lederhuid, onderhuid)<\/li><li>de huid is van vitaal belang om te overleven<\/li><li>vervult functies zoals bescherming tegen invloeden van buitenaf (ziekteverwekkers, bacteri\u00ebn), warmte of UV-straling en zorgt ervoor dat zintuiglijke indrukken kunnen worden waargenomen en doorgegeven aan de hersenen<\/li><li>Ziekteverwekkers of bacteri\u00ebn kunnen huidziekten veroorzaken<\/li><\/ul>\n<\/div>\n\n<h2 class=\"wp-block-heading\">Wat is de huid precies?<\/h2>\n\n<p>De huid is het grootste orgaan van ons lichaam. Met een oppervlakte van <strong>anderhalf<\/strong> tot <strong>twee<\/strong> <strong>vierkante meter<\/strong> omhult het ons organisme en beschermt het tegen invloeden van buitenaf.   <\/p>\n\n<p>Hij is slechts \u00e9\u00e9n tot twee millimeter dik, maar weegt toch zo&#8217;n <strong>drie\u00ebnhalf tot tien kilo<\/strong>.  <\/p>\n\n<p>Afhankelijk van de hoeveelheid bloed, het aandeel pigmentvormende cellen en de dikte van de toplaag heeft elke persoon een individuele huidskleur en -samenstelling.  <\/p>\n\n<h2 class=\"wp-block-heading\">De structuur van de huid in lagen<\/h2>\n\n<p>De structuur van de huid bestaat uit <strong>3 lagen<\/strong>. Naast de buitenste opperhuid hebben we ook een lederhuid en de diepste onderhuid (subcutis). <\/p>\n\n<figure class=\"wp-block-image size-large\"><img decoding=\"async\" width=\"1024\" height=\"948\" src=\"https:\/\/pelvyra.com\/wp-content\/uploads\/2021\/06\/haut-wissen-sanubiom-hautschichten-1024x948.png\" alt=\"De structuur van de huid in 3 lagen - opperhuid, lederhuid, onderhuid\" class=\"wp-image-4393\" srcset=\"https:\/\/pelvyra.com\/wp-content\/uploads\/2021\/06\/haut-wissen-sanubiom-hautschichten-1024x948.png 1024w, https:\/\/pelvyra.com\/wp-content\/uploads\/2021\/06\/haut-wissen-sanubiom-hautschichten-300x278.png 300w, https:\/\/pelvyra.com\/wp-content\/uploads\/2021\/06\/haut-wissen-sanubiom-hautschichten-768x711.png 768w, https:\/\/pelvyra.com\/wp-content\/uploads\/2021\/06\/haut-wissen-sanubiom-hautschichten-1536x1422.png 1536w, https:\/\/pelvyra.com\/wp-content\/uploads\/2021\/06\/haut-wissen-sanubiom-hautschichten-769x712.png 769w, https:\/\/pelvyra.com\/wp-content\/uploads\/2021\/06\/haut-wissen-sanubiom-hautschichten-600x556.png 600w, https:\/\/pelvyra.com\/wp-content\/uploads\/2021\/06\/haut-wissen-sanubiom-hautschichten.png 1920w\" sizes=\"(max-width: 1024px) 100vw, 1024px\" \/><\/figure>\n\n<h3 class=\"wp-block-heading\">Epidermis (opperhuid)  <\/h3>\n\n<p>De opperhuid is de bovenste van de 3 lagen van de huid. Het bestaat grotendeels uit een <strong>hoornlaag<\/strong>, die bestaat uit speciale cellen die aan het oppervlak keratiniseren en vervolgens worden afgestoten.   <\/p>\n\n<p>Dit betekent dat de opperhuid zichzelf voortdurend vernieuwt. De opperhuid bestaat ook uit afzonderlijke lagen. Deze omvatten  <\/p>\n\n<ul class=\"wp-block-list\"><li>oppervlakkige hoornlaag (stratum corneum)<\/li><li>Basale cellaag (stratum basale)<\/li><li>Stekelige cellaag (stratum spinosum)<\/li><li>Granulaatcellaag (stratum granulosum)<\/li><li>Glanscellaag (stratum lucidum)<\/li><\/ul>\n\n<h3 class=\"wp-block-heading\">Dermis of corium (leerhuid)<\/h3>\n\n<p>De lederhuid (ook wel corium genoemd) is de middelste laag van de huid.<\/p>\n\n<p>Het ligt tussen de opperhuid en de onderhuid en bestaat voornamelijk uit <strong>bindweefselvezels<\/strong>.  <\/p>\n\n<p>Het is zelf verdeeld in twee lagen, die niet echt van elkaar gescheiden zijn, maar naadloos in elkaar overgaan:<\/p>\n\n<ul class=\"wp-block-list\"><li>Stratum papillare: de buitenste laag (grenzend aan de opperhuid)<\/li><li>Stratum reticulare: de binnenste laag (grenzend aan de subcutis)<\/li><\/ul>\n\n<p>Naast talg- en zweetklieren bevat de lederhuid ook haarzakjes, bloed- en lymfevaten, zenuwen en spiercellen.<\/p>\n\n<h3 class=\"wp-block-heading\">Onderhuid<\/h3>\n\n<p>De subcutis is de onderste van de drie huidlagen. Het bestaat uit gesloten bindweefselkamers die gevuld zijn met vetcellen.   <\/p>\n\n<p>Het is stevig verbonden met de bovenliggende lederhuid door sterke bindweefselvezels en heeft ook mechanische contacten met de onderliggende structuren.  <\/p>\n\n<p>Het bovenste deel van de subcutis heeft zweetklieren, de diepere delen haarzakjes en receptoren van de huid (zogenaamde Vater-Pacini corpuscles).<\/p>\n\n<h3 class=\"wp-block-heading\">Huidaanhangsels<\/h3>\n\n<p>Huidaanhangsels zijn alle structuren die gevormd worden uit de opperhuid of lederhuid en zich in de huid bevinden.<\/p>\n\n<p>De <strong>huidaanhangsels<\/strong> omvatten<\/p>\n\n<ul class=\"wp-block-list\"><li>Haar<\/li><li>Nagels<\/li><li>Klieren (zweet \/ talg)<\/li><\/ul>\n\n<figure class=\"wp-block-image size-large\"><img decoding=\"async\" width=\"1024\" height=\"948\" src=\"https:\/\/pelvyra.com\/wp-content\/uploads\/2021\/06\/hautanhangsgebilde-poren-druesen-sanubiom-1024x948.png\" alt=\"Aanhangsels van de huid\" class=\"wp-image-4664\" srcset=\"https:\/\/pelvyra.com\/wp-content\/uploads\/2021\/06\/hautanhangsgebilde-poren-druesen-sanubiom-1024x948.png 1024w, https:\/\/pelvyra.com\/wp-content\/uploads\/2021\/06\/hautanhangsgebilde-poren-druesen-sanubiom-300x278.png 300w, https:\/\/pelvyra.com\/wp-content\/uploads\/2021\/06\/hautanhangsgebilde-poren-druesen-sanubiom-768x711.png 768w, https:\/\/pelvyra.com\/wp-content\/uploads\/2021\/06\/hautanhangsgebilde-poren-druesen-sanubiom-1536x1422.png 1536w, https:\/\/pelvyra.com\/wp-content\/uploads\/2021\/06\/hautanhangsgebilde-poren-druesen-sanubiom-769x712.png 769w, https:\/\/pelvyra.com\/wp-content\/uploads\/2021\/06\/hautanhangsgebilde-poren-druesen-sanubiom-600x556.png 600w, https:\/\/pelvyra.com\/wp-content\/uploads\/2021\/06\/hautanhangsgebilde-poren-druesen-sanubiom.png 1920w\" sizes=\"(max-width: 1024px) 100vw, 1024px\" \/><\/figure>\n\n<h2 class=\"wp-block-heading\">De functie van de huid<\/h2>\n\n<p>De fysiologie van de huid is <strong>van vitaal belang<\/strong> voor ons organisme. Ze beschermt ons tegen invloeden van buitenaf zoals ziekteverwekkers, hitte of UV-straling en stelt ons in staat zintuiglijke indrukken waar te nemen en door te geven aan de hersenen. <\/p>\n\n<h3 class=\"wp-block-heading\">Ons lichaam van buitenaf beschermen<\/h3>\n\n<p>Zonder de huid zouden we helemaal niet kunnen bewegen. Het biedt mechanische bescherming en mag niet beschadigd raken, zelfs niet als het wordt blootgesteld aan sterke druk. <\/p>\n\n<p>Over het algemeen kun je zeggen dat de huid het meest veerkrachtig is waar de spieren als een kussen onder liggen. Waar de huid direct over de botten loopt, is hij daarentegen extreem gevoelig. <\/p>\n\n<p>Terwijl de bovenste laag van de opperhuid onder stress wordt verbruikt, wordt deze voortdurend vernieuwd.<\/p>\n\n<h3 class=\"wp-block-heading\">Onze natuurlijke zonbescherming<\/h3>\n\n<p>De bovenste huidlaag kan <strong>UV-stralen absorberen<\/strong>. Als de UV-B-straling lang aanhoudt, wordt deze hoornlaag dikker en ontstaat er een zogenaamd licht eelt, dat voorkomt dat de gevaarlijke UV-straling de diepere niet-gekeratiniseerde huidlagen beschadigt. <\/p>\n\n<p>Bovendien worden dieper doordringende stralen bijna volledig geabsorbeerd door het melaninepigment en omgezet in warmte. Het resultaat is het populaire<strong>&#8220;vakantiekleurtje<\/strong>&#8220;. <\/p>\n\n<p>Als iemand erg bruin wordt, betekent dit gewoon dat de huid meer melanine heeft aangemaakt om zichzelf beter te beschermen tegen UV-straling.  <\/p>\n\n<figure class=\"wp-block-image size-large\"><img loading=\"lazy\" decoding=\"async\" width=\"1024\" height=\"683\" src=\"https:\/\/pelvyra.com\/wp-content\/uploads\/2021\/06\/haut-wissen-aufgaben-haut-natuerlicher-sonnenschutz-1024x683.jpg\" alt=\"Onze natuurlijke zonbescherming\" class=\"wp-image-4448\" srcset=\"https:\/\/pelvyra.com\/wp-content\/uploads\/2021\/06\/haut-wissen-aufgaben-haut-natuerlicher-sonnenschutz-1024x683.jpg 1024w, https:\/\/pelvyra.com\/wp-content\/uploads\/2021\/06\/haut-wissen-aufgaben-haut-natuerlicher-sonnenschutz-300x200.jpg 300w, https:\/\/pelvyra.com\/wp-content\/uploads\/2021\/06\/haut-wissen-aufgaben-haut-natuerlicher-sonnenschutz-768x512.jpg 768w, https:\/\/pelvyra.com\/wp-content\/uploads\/2021\/06\/haut-wissen-aufgaben-haut-natuerlicher-sonnenschutz-769x513.jpg 769w, https:\/\/pelvyra.com\/wp-content\/uploads\/2021\/06\/haut-wissen-aufgaben-haut-natuerlicher-sonnenschutz-412x275.jpg 412w, https:\/\/pelvyra.com\/wp-content\/uploads\/2021\/06\/haut-wissen-aufgaben-haut-natuerlicher-sonnenschutz-600x400.jpg 600w, https:\/\/pelvyra.com\/wp-content\/uploads\/2021\/06\/haut-wissen-aufgaben-haut-natuerlicher-sonnenschutz.jpg 1200w\" sizes=\"(max-width: 1024px) 100vw, 1024px\" \/><\/figure>\n\n<h3 class=\"wp-block-heading\">De binnenwaartse beschermingsfunctie<\/h3>\n\n<p>Een van de belangrijkste eigenschappen van de huid is haar <strong>bescherming<\/strong> tegen <strong>ziekteverwekkers<\/strong>. Als de huid beschadigd of verzwakt is, kunnen ziekteverwekkers anders binnendringen en gevaarlijke infecties veroorzaken.   <\/p>\n\n<p>Langerhanscellen staan centraal in dit proces. Deze cellen bevinden zich in de stratum spinosum van de huid en zijn vergelijkbaar met macrofagen, d.w.z. specifieke immuuncellen. Ze spelen daarom een essenti\u00eble rol in ons natuurlijke afweersysteem.  <\/p>\n\n<p>Wetenschappers voeren daarom talloze onderzoeken uit naar de interactie van huidcellen met immuuncellen bij de verdediging tegen ziekteverwekkers.<span id=\"e4d789e1-35ff-46e2-ba68-3c7a0d323585\" data-items=\"[\" contenteditable=\"false\" class=\"abt-citation\" data-has-children=\"true\"><sup>1<\/sup><\/span><\/p>\n\n<h3 class=\"wp-block-heading\">De huid als zintuig<\/h3>\n\n<p>Elke dag hebben we onze huid nodig voor <strong>zintuiglijke waarneming<\/strong>. Hiervoor zijn er de zogenaamde zintuiglijke bloedlichaampjes van de huid, waardoor verschillende zintuiglijke kwaliteiten worden waargenomen.   <\/p>\n\n<p>De belangrijkste zijn vrije zenuwuiteinden, Merkelcellen, Ruffini-lichaampjes en Vater-Pacini-lichaampjes.<\/p>\n\n<p>Op deze manier kunnen bijvoorbeeld mechanische en thermische prikkels, trillingen en pijn worden waargenomen en als informatie worden doorgegeven aan de hersenen.<\/p>\n\n<h3 class=\"wp-block-heading\">Warmteregulator &#8211; de huid beschermt tegen oververhitting en warmteverlies<\/h3>\n\n<p>Het op peil houden van <strong>de lichaamstemperatuur<\/strong> is bijzonder belangrijk. De bloedvaten in de papillaire laag in de lederhuid zijn hiervoor verantwoordelijk. Deze bloedvaten verwijden zich bij hoge temperaturen.  <\/p>\n\n<p>Omdat ze heel dicht bij het oppervlak liggen, kan het bloed <strong>afkoelen<\/strong> en wordt de lichaamstemperatuur verlaagd. Omgekeerd trekken de bloedvaten samen als het koud is en voorkomen ze dat het bloed en het lichaam verder afkoelen. <\/p>\n\n<figure class=\"wp-block-image size-large\"><img loading=\"lazy\" decoding=\"async\" width=\"1024\" height=\"972\" src=\"https:\/\/pelvyra.com\/wp-content\/uploads\/2021\/06\/haut-wissen-sanubiom-waermeregulierung-1024x972.png\" alt=\"Thermoregulator - de huid beschermt tegen oververhitting en warmteverlies\" class=\"wp-image-4398\" srcset=\"https:\/\/pelvyra.com\/wp-content\/uploads\/2021\/06\/haut-wissen-sanubiom-waermeregulierung-1024x972.png 1024w, https:\/\/pelvyra.com\/wp-content\/uploads\/2021\/06\/haut-wissen-sanubiom-waermeregulierung-300x285.png 300w, https:\/\/pelvyra.com\/wp-content\/uploads\/2021\/06\/haut-wissen-sanubiom-waermeregulierung-768x729.png 768w, https:\/\/pelvyra.com\/wp-content\/uploads\/2021\/06\/haut-wissen-sanubiom-waermeregulierung-1536x1458.png 1536w, https:\/\/pelvyra.com\/wp-content\/uploads\/2021\/06\/haut-wissen-sanubiom-waermeregulierung-769x730.png 769w, https:\/\/pelvyra.com\/wp-content\/uploads\/2021\/06\/haut-wissen-sanubiom-waermeregulierung-600x570.png 600w, https:\/\/pelvyra.com\/wp-content\/uploads\/2021\/06\/haut-wissen-sanubiom-waermeregulierung.png 1920w\" sizes=\"(max-width: 1024px) 100vw, 1024px\" \/><\/figure>\n\n<h2 class=\"wp-block-heading\">Welke huidziekten zijn er?<\/h2>\n\n<p>Een jeukende huid, roodheid en uitlopende puistjes onder de huid kenmerken het uiterlijk van pati\u00ebnten met een huidziekte.  <\/p>\n\n<p>Elke huid is anders en afhankelijk van je huidtype, individuele gewoonten of leefomstandigheden kan je huid vatbaar zijn voor <strong>een breed scala aan huidaandoeningen<\/strong>. Het scala aan mogelijke aandoeningen is echter enorm. We hebben de 8 meest voorkomende voor je samengevat.  <\/p>\n\n<h3 class=\"wp-block-heading\">Acne<\/h3>\n\n<p><a href=\"https:\/\/pelvyra.com\/nl\/acne-kennis\/\" title=\"Acne kennis\">Acne<\/a> is een veel voorkomende huidziekte, vooral in <strong>de puberteit<\/strong>, die wordt veroorzaakt door aanleg. De talg in de huid kan niet goed afgevoerd worden door de pori\u00ebn omdat ze verstopt of verhard zijn.   <\/p>\n\n<p>Pati\u00ebnten hebben vervolgens last van een onzuivere huid met roodachtige ontstekingen en purulente puistjes. Het opvallende uiterlijk van de huid kan een enorme last zijn, vooral voor adolescenten. <\/p>\n\n<h3 class=\"wp-block-heading\">Neurodermitis<\/h3>\n\n<p><a href=\"https:\/\/pelvyra.com\/neurodermitis-wissen\/\" title=\"Neurodermitis kennis\">Atopische dermatitis<\/a> komt vooral voor bij (jonge) <strong>kinderen<\/strong>. De huidziekte kan over het hele lichaam voorkomen, waarbij vooral de ellebogen en knieholtes zijn aangedaan.   <\/p>\n\n<p>Een jeukende huid die rood en schilferig is, zijn typische symptomen die worden veroorzaakt door een te droge huid.  <\/p>\n\n<h3 class=\"wp-block-heading\">Rosacea (couperose)<\/h3>\n\n<p>De eerste tekenen van <a href=\"https:\/\/pelvyra.com\/nl\/rosacea-kennis\/\" title=\"Rosacea kennis\">rosacea<\/a> zijn zichtbare <strong>bloedvaatjes<\/strong> op de neus en wangen. Daarnaast zijn er kleine pustels en papels die zich in het ergste geval kunnen ontwikkelen tot een grove bindweefselhuid. <\/p>\n\n<h3 class=\"wp-block-heading\">Dermatitis van de voorzijde<\/h3>\n\n<p>Periorale dermatitis komt meestal voor bij <strong>vrouwen<\/strong> in de vorm van rode huid rond de mond en neus, waarbij een symptoomvrije rand direct rond de lippen overblijft.  <\/p>\n\n<p>Daarnaast kunnen er kleine, pijnlijke puistjes ontstaan die niet vanzelf genezen, maar maandenlang kunnen blijven zitten.<\/p>\n\n<h3 class=\"wp-block-heading\">Melanoom\/zwarte huidkanker<\/h3>\n\n<p>Melanomen worden vooral herkend aan veranderde <strong>moedervlekken<\/strong>. Deze kunnen van diameter, kleur of hoogte veranderen en daarom een teken zijn van zwarte huidkanker.   <\/p>\n\n<p>Omdat het risico toeneemt naarmate je ouder wordt, moet je uiterlijk <strong>vanaf je 30e<\/strong> jaarlijks op controle bij een dermatoloog, zodat er in geval van nood zo vroeg mogelijk geopereerd kan worden.  <\/p>\n\n<h3 class=\"wp-block-heading\">Voetschimmel en schimmelnagels<\/h3>\n\n<p>De meeste huidziekten zijn niet besmettelijk. Maar voetschimmel vormt wel een risico en daarom moet je altijd badschoenen dragen, vooral in <strong>openbare<\/strong> zwembaden.   <\/p>\n\n<p>Bij voetschimmel wordt de aangetaste huid tussen de tenen zacht en lijkt opgezwollen. Bovendien jeuken de aangetaste plekken vaak of doen ze pijn. Schimmelnagels daarentegen veroorzaken vaak een verandering in de vorm, kleur of dikte van de teennagel.  <\/p>\n\n<h3 class=\"wp-block-heading\">Psoriasis<\/h3>\n\n<p>Bij psoriasis wordt de huid rood op afzonderlijke plekken zoals <strong>de ellebogen, de knie\u00ebn of zelfs de hoofdhuid<\/strong> en treden er schilfers op.<span id=\"95cb36cb-6cc4-45c9-925f-cdd87a7f41c0\" data-items=\"[\" contenteditable=\"false\" data-has-children=\"true\" class=\"abt-citation\"><sup>2<\/sup><\/span> <\/p>\n\n<p>Het regenereert ongeveer 8 keer sneller dan bij gezonde mensen en jeuk is uiterst zeldzaam. Het is daarom gemakkelijk te onderscheiden van neurodermitis.   <\/p>\n\n<figure class=\"wp-block-image size-large\"><img loading=\"lazy\" decoding=\"async\" width=\"1024\" height=\"683\" src=\"https:\/\/pelvyra.com\/wp-content\/uploads\/2021\/06\/haut-wissen-schuppenflechte-1024x683.jpg\" alt=\"Psoriasis\" class=\"wp-image-4450\" srcset=\"https:\/\/pelvyra.com\/wp-content\/uploads\/2021\/06\/haut-wissen-schuppenflechte-1024x683.jpg 1024w, https:\/\/pelvyra.com\/wp-content\/uploads\/2021\/06\/haut-wissen-schuppenflechte-300x200.jpg 300w, https:\/\/pelvyra.com\/wp-content\/uploads\/2021\/06\/haut-wissen-schuppenflechte-768x512.jpg 768w, https:\/\/pelvyra.com\/wp-content\/uploads\/2021\/06\/haut-wissen-schuppenflechte-769x513.jpg 769w, https:\/\/pelvyra.com\/wp-content\/uploads\/2021\/06\/haut-wissen-schuppenflechte-412x275.jpg 412w, https:\/\/pelvyra.com\/wp-content\/uploads\/2021\/06\/haut-wissen-schuppenflechte-600x400.jpg 600w, https:\/\/pelvyra.com\/wp-content\/uploads\/2021\/06\/haut-wissen-schuppenflechte.jpg 1200w\" sizes=\"(max-width: 1024px) 100vw, 1024px\" \/><\/figure>\n\n<h3 class=\"wp-block-heading\">Genitale wratten<\/h3>\n\n<p>Genitale wratten worden veroorzaakt door <strong>HPV<\/strong> en komen voor in <strong>het genitale gebied<\/strong>. Het zijn kleine bruinachtige of huidkleurige veranderingen die zich langzaam verspreiden en groter kunnen worden.   <\/p>\n\n<p>Omdat sommige HPV baarmoederhalskanker kunnen veroorzaken, moet je de huidveranderingen zeker zo snel mogelijk door een arts laten onderzoeken om de mogelijkheid van kanker uit te sluiten.<\/p>\n\n<h2 class=\"wp-block-heading\">Conclusie<\/h2>\n\n<p>De huid is een van de <strong>belangrijkste organen in ons lichaam<\/strong>. Het beschermt ons niet alleen tegen infecties en gevaarlijke UV-straling, maar regelt ook onze lichaamstemperatuur.   <\/p>\n\n<p>Er zijn talloze ziekten die het uiterlijk van de huid veranderen, wat in sommige gevallen niet alleen gevaarlijk kan zijn, maar ook vaak een grote belasting vormt voor de getroffenen.  <\/p>\n\n<p>Daarom is het de moeite waard om goed voor je huid te zorgen, zowel om gezondheids- als om cosmetische redenen.<\/p>\n\n<div class=\"wp-block-buttons is-horizontal is-content-justification-center is-layout-flex wp-container-core-buttons-is-layout-03627597 wp-block-buttons-is-layout-flex\">\n<div class=\"wp-block-button\"><a class=\"wp-block-button__link has-primary-background-color has-background\" href=\"https:\/\/pelvyra.com\/nl\/bacteriofaag-kennis\/kennis-van-faagtoepassingen\/\">Kom nu meer te weten over Phage Technology!<\/a><\/div>\n<\/div>\n\n<section aria-label=\"Literaturliste\" class=\"wp-block-abt-bibliography abt-bibliography\" role=\"region\"><ol class=\"abt-bibliography__body\" data-entryspacing=\"1\" data-maxoffset=\"3\" data-linespacing=\"1\" data-second-field-align=\"flush\"><li id=\"4218487970\">  <div class=\"csl-entry\">\n    <div class=\"csl-left-margin\">1.  <\/div><div class=\"csl-right-inline\">Guenova E, Skabytska Y, Hoetzenecker W, et al. IL-4 onderdrukt TH17 celgemedieerde ontsteking door selectieve uitschakeling van IL-23 in antigeenpresenterende cellen. <i>Proc Natl Acad Sci USA<\/i>. Online gepubliceerd op 2 februari 2015:2163-2168. doi<a href=\"https:\/\/doi.org\/10.1073\/pnas.1416922112\">:10.1073\/pnas.1416922112<\/a>   <\/div>\n  <\/div>\n<\/li><li id=\"2666443234\">  <div class=\"csl-entry\">\n    <div class=\"csl-left-margin\">2.  <\/div><div class=\"csl-right-inline\">Huid. In: <i>Grundriss Der Pathologischen Anatomie<\/i>. S. Karger AG; :625-630. doi<a href=\"https:\/\/doi.org\/10.1159\/000404487\">:10.1159\/000404487<\/a>   <\/div>\n  <\/div>\n<\/li><\/ol><\/section>\n","protected":false},"excerpt":{"rendered":"<p>De huid (cutis) &#8211; structuur en functie eenvoudig uitgelegd! Onze huid is het grootste en een van de belangrijkste organen van ons lichaam. Het regelt niet alleen onze gezondheid, maar speelt ook een beslissende rol in ons welzijn. De taken van de huid vari\u00ebren van de eerste verdediging tegen bacteri\u00ebn en virussen tot het reguleren [&hellip;]<\/p>\n","protected":false},"author":3,"featured_media":0,"parent":0,"menu_order":0,"comment_status":"closed","ping_status":"closed","template":"","meta":{"footnotes":""},"class_list":["post-22891","page","type-page","status-publish","hentry"],"_links":{"self":[{"href":"https:\/\/pelvyra.com\/nl\/wp-json\/wp\/v2\/pages\/22891","targetHints":{"allow":["GET"]}}],"collection":[{"href":"https:\/\/pelvyra.com\/nl\/wp-json\/wp\/v2\/pages"}],"about":[{"href":"https:\/\/pelvyra.com\/nl\/wp-json\/wp\/v2\/types\/page"}],"author":[{"embeddable":true,"href":"https:\/\/pelvyra.com\/nl\/wp-json\/wp\/v2\/users\/3"}],"replies":[{"embeddable":true,"href":"https:\/\/pelvyra.com\/nl\/wp-json\/wp\/v2\/comments?post=22891"}],"version-history":[{"count":2,"href":"https:\/\/pelvyra.com\/nl\/wp-json\/wp\/v2\/pages\/22891\/revisions"}],"predecessor-version":[{"id":22911,"href":"https:\/\/pelvyra.com\/nl\/wp-json\/wp\/v2\/pages\/22891\/revisions\/22911"}],"wp:attachment":[{"href":"https:\/\/pelvyra.com\/nl\/wp-json\/wp\/v2\/media?parent=22891"}],"curies":[{"name":"wp","href":"https:\/\/api.w.org\/{rel}","templated":true}]}}