{"id":22854,"date":"2025-09-29T12:42:29","date_gmt":"2025-09-29T10:42:29","guid":{"rendered":"https:\/\/pelvyra.com\/rosacea-kennis\/hoe-kan-rosacea-worden-behandeld\/"},"modified":"2025-09-29T12:42:34","modified_gmt":"2025-09-29T10:42:34","slug":"hoe-kan-rosacea-worden-behandeld","status":"publish","type":"page","link":"https:\/\/pelvyra.com\/nl\/rosacea-kennis\/hoe-kan-rosacea-worden-behandeld\/","title":{"rendered":"Hoe kan rosacea worden behandeld?"},"content":{"rendered":"\n<div class=\"wp-block-columns mobile-image-last is-layout-flex wp-container-core-columns-is-layout-28f84493 wp-block-columns-is-layout-flex\">\n<div class=\"wp-block-column is-vertically-aligned-center is-layout-flow wp-block-column-is-layout-flow\" style=\"flex-basis:66.66%\">\n<h1 class=\"wp-block-heading\">Hoe kan rosacea worden behandeld?<\/h1>\n\n\n\n<p>De <strong>huidziekte<\/strong> rosacea heeft een grote impact op het leven van de getroffenen. Dit komt omdat het chronisch ontstoken couperosegezicht opvalt door de knobbeltjes, papels, pustels en <strong>roodheid<\/strong>.   <\/p>\n\n\n\n<p>Daarom is het belangrijkste doel van de behandeling van rosacea om de symptomen te verminderen of te laten verdwijnen. Hier zijn verschillende therapeutische benaderingen voor.  <\/p>\n\n\n\n<p>Het gebruik van <strong>medicatie voor uitwendige of inwendige toepassing<\/strong> is net zo belangrijk als <strong>het aanpassen van je levensstijl<\/strong> &#8211; of dat nu is door verergerende symptomen te vermijden of door het <strong>juiste dieet te<\/strong> vinden voor het individuele verloop van rosacea.  <\/p>\n\n\n\n<p>Er zijn ook behandelingsopties voor gevorderde graden van de ziekte of zeldzamere vormen zoals couperose ogen.  <\/p>\n\n\n\n<p>Als je een huismiddeltje tegen rosacea wilt gebruiken om je huid te ondersteunen, bespreek dit dan altijd eerst met je dermatoloog.<\/p>\n\n\n\n<div class=\"wp-block-buttons is-layout-flex wp-block-buttons-is-layout-flex\">\n<div class=\"wp-block-button\"><a class=\"wp-block-button__link has-primary-background-color has-background\" href=\"https:\/\/pelvyra.com\/nl\/rosacea-kennis\/\">Rosacea &#8211; kom er alles over te weten!<\/a><\/div>\n<\/div>\n<\/div>\n\n\n\n<div class=\"wp-block-column is-layout-flow wp-block-column-is-layout-flow\" style=\"flex-basis:33.33%\">\n<figure class=\"wp-block-image size-large\"><img fetchpriority=\"high\" decoding=\"async\" width=\"683\" height=\"1024\" src=\"https:\/\/pelvyra.com\/wp-content\/uploads\/2021\/04\/rosacea-wissen-behandlung.jpg\" alt=\"Hoe kan rosacea worden behandeld?\" class=\"wp-image-1678\" srcset=\"https:\/\/pelvyra.com\/wp-content\/uploads\/2021\/04\/rosacea-wissen-behandlung.jpg 683w, https:\/\/pelvyra.com\/wp-content\/uploads\/2021\/04\/rosacea-wissen-behandlung-200x300.jpg 200w, https:\/\/pelvyra.com\/wp-content\/uploads\/2021\/04\/rosacea-wissen-behandlung-600x900.jpg 600w\" sizes=\"(max-width: 683px) 100vw, 683px\" \/><\/figure>\n<\/div>\n<\/div>\n\n<div class=\"wp-block-columns is-layout-flex wp-container-core-columns-is-layout-28f84493 wp-block-columns-is-layout-flex\">\n<div class=\"wp-block-column is-layout-flow wp-block-column-is-layout-flow\">\n<figure class=\"wp-block-image size-large\"><img decoding=\"async\" width=\"1024\" height=\"683\" src=\"https:\/\/pelvyra.com\/wp-content\/uploads\/2021\/04\/rosacea-behandlung-medikamente-1024x683.jpg\" alt=\"Medicijnbehandeling voor rosacea\" class=\"wp-image-1681\" srcset=\"https:\/\/pelvyra.com\/wp-content\/uploads\/2021\/04\/rosacea-behandlung-medikamente-1024x683.jpg 1024w, https:\/\/pelvyra.com\/wp-content\/uploads\/2021\/04\/rosacea-behandlung-medikamente-300x200.jpg 300w, https:\/\/pelvyra.com\/wp-content\/uploads\/2021\/04\/rosacea-behandlung-medikamente-768x512.jpg 768w, https:\/\/pelvyra.com\/wp-content\/uploads\/2021\/04\/rosacea-behandlung-medikamente-769x513.jpg 769w, https:\/\/pelvyra.com\/wp-content\/uploads\/2021\/04\/rosacea-behandlung-medikamente-412x275.jpg 412w, https:\/\/pelvyra.com\/wp-content\/uploads\/2021\/04\/rosacea-behandlung-medikamente-600x400.jpg 600w, https:\/\/pelvyra.com\/wp-content\/uploads\/2021\/04\/rosacea-behandlung-medikamente.jpg 1200w\" sizes=\"(max-width: 1024px) 100vw, 1024px\" \/><\/figure>\n<\/div>\n\n\n\n<div class=\"wp-block-column is-layout-flow wp-block-column-is-layout-flow\">\n<h2 class=\"wp-block-heading\">Medicijnbehandeling voor rosacea<\/h2>\n\n\n\n<p>De eerste stap in de behandeling van rosacea zijn verschillende medicijnen.  <\/p>\n\n\n\n<p>Het is belangrijk dat je je behandeling, met al zijn vorderingen en mogelijke tegenslagen, laat begeleiden door een <strong>dermatoloog<\/strong> die kan inspelen op de individuele behoeften van je huid.<\/p>\n\n\n\n<div class=\"wp-block-buttons is-layout-flex wp-block-buttons-is-layout-flex\">\n<div class=\"wp-block-button\"><a class=\"wp-block-button__link\" href=\"https:\/\/pelvyra.com\/nl\/antibiotica-voor-rosacea-je-hebt-deze-alternatieven\/\">Antibiotica voor rosacea &#8211; je hebt deze alternatieven!<\/a><\/div>\n<\/div>\n<\/div>\n<\/div>\n\n<div class=\"wp-block-columns are-vertically-aligned-top is-layout-flex wp-container-core-columns-is-layout-28f84493 wp-block-columns-is-layout-flex\">\n<div class=\"wp-block-column is-vertically-aligned-top is-layout-flow wp-block-column-is-layout-flow\">\n<h2 class=\"wp-block-heading\">Lokale behandeling met couperose cr\u00e8me, lotion en gel<\/h2>\n\n\n\n<p>Als couperose uitwendig wordt behandeld, wordt het aangebracht in de vorm van een <strong>couperose cr\u00e8me, lotion of gel.<\/strong> <\/p>\n\n\n\n<p>Deze bevatten de juiste actieve ingredi\u00ebnten en kunnen specifiek worden aangebracht op de aangetaste gebieden waar de fijne adertjes of de zeer uitgesproken puisten en knobbeltjes zich bevinden.  <\/p>\n\n\n\n<p>De verschillende stoffen hebben ook verschillende werkingsgebieden. Deze actieve ingredi\u00ebnten hebben onder andere bewezen effectief te zijn voor topische toepassing bij rosaceapati\u00ebnten: <\/p>\n\n\n\n<ul class=\"wp-block-list\"><li><strong>Metronidazol<\/strong> (antibioticum tegen ontstekingen)<\/li><li><strong>Azela\u00efnezuur<\/strong> (reguleert verhoorning)<\/li><li><strong>Brimonidine<\/strong> (vernauwt de bloedvaten)<\/li><\/ul>\n\n\n\n<p>Metronidazol is een <strong>antibioticum<\/strong> voor rosaceapati\u00ebnten. Het is bedoeld om ervoor te zorgen dat de ontsteking van de gezichtshuid afneemt en daarmee ook de roodheid. <\/p>\n\n\n\n<p>Een ander populair actief ingredi\u00ebnt is <strong>azela\u00efnezuur<\/strong>. Ook hiervan wordt gezegd dat het ontstekingsremmende eigenschappen heeft. Het zorgt er ook voor dat de overmatige keratiniserende neiging van de rosacea huid wordt gereguleerd en draagt zo bij aan een verbetering van het uiterlijk van de huid.  <\/p>\n\n\n\n<p>De moderne stof <strong>brimonidine<\/strong> gaat een van de meest opvallende symptomen van rosacea tegen &#8211; namelijk de verwijde bloedvaten. Het zorgt ervoor dat deze zich weer vernauwen en dat de roodheid afneemt. <\/p>\n\n\n\n<p>Als alternatief kunnen bacteriofagen een goede optie zijn voor rosacea. De toepassing met natuurlijke virussen vermindert roodheid op de huid.   <\/p>\n\n\n\n<div class=\"wp-block-buttons is-horizontal is-content-justification-center is-layout-flex wp-container-core-buttons-is-layout-03627597 wp-block-buttons-is-layout-flex\">\n<div class=\"wp-block-button\"><a class=\"wp-block-button__link\" href=\"https:\/\/pelvyra.com\/rosacea-wissen\/phagen-anwendung\/\">Fagen gebruiken voor couperose<\/a><\/div>\n<\/div>\n<\/div>\n\n\n\n<div class=\"wp-block-column is-vertically-aligned-top is-layout-flow wp-block-column-is-layout-flow\">\n<figure class=\"wp-block-image size-large\"><img decoding=\"async\" width=\"1024\" height=\"683\" src=\"https:\/\/pelvyra.com\/wp-content\/uploads\/2021\/04\/rosacea-behandlung-creme-lotion-gel-1024x683.jpg\" alt=\"Lokale behandeling met couperose cr&#xE8;me, lotion en gel\" class=\"wp-image-1683\" srcset=\"https:\/\/pelvyra.com\/wp-content\/uploads\/2021\/04\/rosacea-behandlung-creme-lotion-gel-1024x683.jpg 1024w, https:\/\/pelvyra.com\/wp-content\/uploads\/2021\/04\/rosacea-behandlung-creme-lotion-gel-300x200.jpg 300w, https:\/\/pelvyra.com\/wp-content\/uploads\/2021\/04\/rosacea-behandlung-creme-lotion-gel-768x512.jpg 768w, https:\/\/pelvyra.com\/wp-content\/uploads\/2021\/04\/rosacea-behandlung-creme-lotion-gel-769x513.jpg 769w, https:\/\/pelvyra.com\/wp-content\/uploads\/2021\/04\/rosacea-behandlung-creme-lotion-gel-412x275.jpg 412w, https:\/\/pelvyra.com\/wp-content\/uploads\/2021\/04\/rosacea-behandlung-creme-lotion-gel-600x400.jpg 600w, https:\/\/pelvyra.com\/wp-content\/uploads\/2021\/04\/rosacea-behandlung-creme-lotion-gel.jpg 1200w\" sizes=\"(max-width: 1024px) 100vw, 1024px\" \/><\/figure>\n<\/div>\n<\/div>\n\n<div class=\"wp-block-columns are-vertically-aligned-top is-layout-flex wp-container-core-columns-is-layout-28f84493 wp-block-columns-is-layout-flex\">\n<div class=\"wp-block-column is-vertically-aligned-top is-layout-flow wp-block-column-is-layout-flow\">\n<figure class=\"wp-block-image size-large\"><img loading=\"lazy\" decoding=\"async\" width=\"1024\" height=\"683\" src=\"https:\/\/pelvyra.com\/wp-content\/uploads\/2021\/04\/rosacea-systematische-behandlung-1024x683.jpg\" alt=\"Systematische behandeling van rosacea\" class=\"wp-image-1685\" srcset=\"https:\/\/pelvyra.com\/wp-content\/uploads\/2021\/04\/rosacea-systematische-behandlung-1024x683.jpg 1024w, https:\/\/pelvyra.com\/wp-content\/uploads\/2021\/04\/rosacea-systematische-behandlung-300x200.jpg 300w, https:\/\/pelvyra.com\/wp-content\/uploads\/2021\/04\/rosacea-systematische-behandlung-768x512.jpg 768w, https:\/\/pelvyra.com\/wp-content\/uploads\/2021\/04\/rosacea-systematische-behandlung-769x513.jpg 769w, https:\/\/pelvyra.com\/wp-content\/uploads\/2021\/04\/rosacea-systematische-behandlung-412x275.jpg 412w, https:\/\/pelvyra.com\/wp-content\/uploads\/2021\/04\/rosacea-systematische-behandlung-600x400.jpg 600w, https:\/\/pelvyra.com\/wp-content\/uploads\/2021\/04\/rosacea-systematische-behandlung.jpg 1200w\" sizes=\"(max-width: 1024px) 100vw, 1024px\" \/><\/figure>\n<\/div>\n\n\n\n<div class=\"wp-block-column is-vertically-aligned-top is-layout-flow wp-block-column-is-layout-flow\">\n<h2 class=\"wp-block-heading\">Systematische behandeling van rosacea<\/h2>\n\n\n\n<p>Als de symptomen niet voldoende verbeteren met rosaceabehandeling op basis van topische medicatie, kan de huidziekte systematisch worden behandeld.  <\/p>\n\n\n\n<p>Dit betekent dat cr\u00e8mes, lotions en gels worden aangevuld met orale medicijnen. Deze komen meestal in de vorm van tabletten. Deze actieve ingredi\u00ebnten worden gebruikt om in te nemen:  <\/p>\n\n\n\n<ul class=\"wp-block-list\"><li><strong>Tetracyclinen<\/strong> (antibioticum, ontstekingsremmend)<\/li><li><strong>Macroliden<\/strong> (antibioticum, ontstekingsremmer)<\/li><li><strong>Retino\u00efden<\/strong> (vitamine A-derivaat, verbetert het uiterlijk van de huid, oorspronkelijk uit de acnetherapie)<\/li><\/ul>\n\n\n\n<p>Zoals je kunt zien, worden antibiotica voornamelijk gebruikt voor inwendige toepassing. Dit komt omdat ze in de juiste dosering ontstekingen remmen. Ze remmen ook het immuunsysteem, waarvan de overreactie deels verantwoordelijk is voor de chronische ontsteking van de huid.    <\/p>\n\n\n\n<p>De tetracyclines (zoals doxycycline en minocycline) worden vaak beter verdragen dan de macroliden (zoals erytromycine en claritromycine).<\/p>\n\n\n\n<p>Retino\u00efden zijn stoffen die verwant zijn aan vitamine A. Ze worden normaal gesproken gebruikt bij de behandeling van acne. Ze kunnen echter ook goede resultaten bereiken bij rosacea. Isotretino\u00efne is er een van. Het verbetert het uiterlijk van de huid.    <\/p>\n\n\n\n<p><strong>Voor alle medicijnen voor inwendig gebruik geldt:<\/strong> De bijwerkingen kunnen sterker zijn dan bij preparaten die uitwendig worden toegepast. Je dermatoloog zal je hier ook over informeren. Isotretino\u00efne mag ook niet worden gebruikt bij zwangere vrouwen of vrouwen die zwanger willen worden.  <\/p>\n\n\n\n<p>Als alternatief kunnen homeopathische middelen ook worden gebruikt tegen rosacea.  <\/p>\n<\/div>\n<\/div>\n\n<div class=\"wp-block-columns is-layout-flex wp-container-core-columns-is-layout-28f84493 wp-block-columns-is-layout-flex\">\n<div class=\"wp-block-column is-layout-flow wp-block-column-is-layout-flow\">\n<h2 class=\"wp-block-heading\">Laserbehandeling<\/h2>\n\n\n\n<p>Als de rosacea al verder gevorderd is, hebben de verwijde bloedvaatjes zich ook gemanifesteerd op de wangen en neus, en mogelijk ook op de kin en het voorhoofd. Deze ernstigste vorm van de huidziekte staat in de geneeskunde bekend als rosacea fulminans. <\/p>\n\n\n\n<p>Een huidaandoening waaraan de getroffenen lijden. Er zijn echter manieren om deze verwijde vaten te elimineren, zoals laserbehandeling.   <\/p>\n\n\n\n<p>Het kan ook worden gebruikt om de knobbelneus te behandelen die typisch is voor rosacea.<\/p>\n<\/div>\n\n\n\n<div class=\"wp-block-column is-layout-flow wp-block-column-is-layout-flow\">\n<h2 class=\"wp-block-heading\">Sclerotherapie voor couperose<\/h2>\n\n\n\n<p>Het doel van deze behandelmethode is ook om de verwijde bloedvaten in het gezicht te verwijderen.  <\/p>\n\n\n\n<p>Dit wordt bereikt door <strong>de aangetaste vaten te scleroseren<\/strong> met behulp van <strong>een elektrische stroom<\/strong>.  <\/p>\n\n\n\n<p>Dit is een andere manier om goede resultaten te behalen en het uiterlijk van de huid te verbeteren.<\/p>\n<\/div>\n<\/div>\n\n<div class=\"wp-block-columns is-layout-flex wp-container-core-columns-is-layout-28f84493 wp-block-columns-is-layout-flex\">\n<div class=\"wp-block-column is-layout-flow wp-block-column-is-layout-flow\">\n<h2 class=\"wp-block-heading\">Fotodynamische therapie (PDT)<\/h2>\n\n\n\n<p>Bij deze vorm van therapie worden defecte structuren in de huid verwijderd. De gevoelige huid wordt voorbehandeld met een stof die haar gevoeliger maakt voor licht.   <\/p>\n\n\n\n<p>Deze gebieden worden vervolgens bestraald met licht op specifieke golflengten.  <\/p>\n\n\n\n<p>De eerder aangebrachte substantie, meestal in de vorm van een cr\u00e8me, verandert van structuur en leidt daardoor tot het oplossen van de defecte huidstructuren.<\/p>\n<\/div>\n\n\n\n<div class=\"wp-block-column is-layout-flow wp-block-column-is-layout-flow\">\n<h2 class=\"wp-block-heading\">Chirurgische behandeling als therapie<\/h2>\n\n\n\n<p>Dit type rosaceabehandeling is vooral geschikt voor de ernstigste vorm, klier-hyperplastische rosacea.  <\/p>\n\n\n\n<p>Hierbij ontwikkelen pati\u00ebnten gezwellen, ook wel fyma genoemd. Dit resulteert in de typische bolle neus, vooral in het neusgebied.   <\/p>\n\n\n\n<p>Chirurgische therapie\u00ebn zoals dermabrasie of dermashaving kunnen het uiterlijk van de couperosehuid verminderen.<\/p>\n<\/div>\n<\/div>\n\n<div class=\"wp-block-columns is-layout-flex wp-container-core-columns-is-layout-28f84493 wp-block-columns-is-layout-flex\">\n<div class=\"wp-block-column is-layout-flow wp-block-column-is-layout-flow\">\n<h2 class=\"wp-block-heading\">Verandering van dieet<\/h2>\n\n\n\n<p><strong>Dieet<\/strong> speelt ook een belangrijke rol bij <strong>de behandeling van rosacea<\/strong> en kan door jou worden aangepast. Helaas is er geen algemeen effectief dieet voor rosacea, d.w.z. geen specifiek rosacea dieet.   <\/p>\n\n\n\n<p><strong>De sleutel is dus om <\/strong>je huid met geduld te observeren en uit te zoeken welke voedingsmiddelen minder goed voor je huid zijn dan andere. Er zijn echter een aantal typische voedingsmiddelen die tot verbeteringen kunnen leiden als je ze weglaat. <\/p>\n\n\n\n<p>Vooral <strong>producten met een<\/strong> hoog <strong>vet- en suikergehalte<\/strong> worden ervan verdacht rosaceasymptomen en rosacea-opflakkeringen te bevorderen.  <\/p>\n\n\n\n<p>Verslechtering is ook te zien bij de consumptie van <strong>zuivelproducten<\/strong> en <strong>dierlijke producten<\/strong> in het algemeen.  <\/p>\n\n\n\n<p><strong>Wat ook vermeden moet worden:<\/strong> pittig of te heet eten en alcohol bij rosacea. Je kunt hier alles over te weten komen: <a href=\"https:\/\/pelvyra.com\/nl\/dieet-voor-couperose-de-juiste-voeding-voor-couperose\/\">Dieet bij rosacea &#8211; voedingsmiddelen die je moet vermijden!<\/a> <\/p>\n<\/div>\n\n\n\n<div class=\"wp-block-column is-layout-flow wp-block-column-is-layout-flow\">\n<figure class=\"wp-block-image size-large\"><img loading=\"lazy\" decoding=\"async\" width=\"1024\" height=\"683\" src=\"https:\/\/pelvyra.com\/wp-content\/uploads\/2021\/04\/rosacea-ernaehrungsumstellung-1024x683.jpg\" alt=\"Rosaceabehandeling Verandering van dieet\" class=\"wp-image-1687\" srcset=\"https:\/\/pelvyra.com\/wp-content\/uploads\/2021\/04\/rosacea-ernaehrungsumstellung-1024x683.jpg 1024w, https:\/\/pelvyra.com\/wp-content\/uploads\/2021\/04\/rosacea-ernaehrungsumstellung-300x200.jpg 300w, https:\/\/pelvyra.com\/wp-content\/uploads\/2021\/04\/rosacea-ernaehrungsumstellung-768x512.jpg 768w, https:\/\/pelvyra.com\/wp-content\/uploads\/2021\/04\/rosacea-ernaehrungsumstellung-769x513.jpg 769w, https:\/\/pelvyra.com\/wp-content\/uploads\/2021\/04\/rosacea-ernaehrungsumstellung-412x275.jpg 412w, https:\/\/pelvyra.com\/wp-content\/uploads\/2021\/04\/rosacea-ernaehrungsumstellung-600x400.jpg 600w, https:\/\/pelvyra.com\/wp-content\/uploads\/2021\/04\/rosacea-ernaehrungsumstellung.jpg 1200w\" sizes=\"(max-width: 1024px) 100vw, 1024px\" \/><\/figure>\n<\/div>\n<\/div>\n\n<div class=\"wp-block-columns is-layout-flex wp-container-core-columns-is-layout-28f84493 wp-block-columns-is-layout-flex\">\n<div class=\"wp-block-column is-layout-flow wp-block-column-is-layout-flow\">\n<figure class=\"wp-block-image size-large\"><img loading=\"lazy\" decoding=\"async\" width=\"1024\" height=\"683\" src=\"https:\/\/pelvyra.com\/wp-content\/uploads\/2021\/04\/rosacea-ausloeser-vermeiden-erkennen-1024x683.jpg\" alt=\"Triggers herkennen en vermijden\" class=\"wp-image-1689\" srcset=\"https:\/\/pelvyra.com\/wp-content\/uploads\/2021\/04\/rosacea-ausloeser-vermeiden-erkennen-1024x683.jpg 1024w, https:\/\/pelvyra.com\/wp-content\/uploads\/2021\/04\/rosacea-ausloeser-vermeiden-erkennen-300x200.jpg 300w, https:\/\/pelvyra.com\/wp-content\/uploads\/2021\/04\/rosacea-ausloeser-vermeiden-erkennen-768x512.jpg 768w, https:\/\/pelvyra.com\/wp-content\/uploads\/2021\/04\/rosacea-ausloeser-vermeiden-erkennen-769x513.jpg 769w, https:\/\/pelvyra.com\/wp-content\/uploads\/2021\/04\/rosacea-ausloeser-vermeiden-erkennen-412x275.jpg 412w, https:\/\/pelvyra.com\/wp-content\/uploads\/2021\/04\/rosacea-ausloeser-vermeiden-erkennen-600x400.jpg 600w, https:\/\/pelvyra.com\/wp-content\/uploads\/2021\/04\/rosacea-ausloeser-vermeiden-erkennen.jpg 1200w\" sizes=\"(max-width: 1024px) 100vw, 1024px\" \/><\/figure>\n<\/div>\n\n\n\n<div class=\"wp-block-column is-layout-flow wp-block-column-is-layout-flow\">\n<h2 class=\"wp-block-heading\">Triggers herkennen en vermijden<\/h2>\n\n\n\n<p>Er zijn typische triggers voor de symptomen van rosacea. Deze moet je zoveel mogelijk vermijden. Deze omvatten  <\/p>\n\n\n\n<ul class=\"wp-block-list\"><li>sterk zonlicht (UV-straling kan couperose uitlokken)<\/li><li>Grote temperatuurschommelingen en hitte en kou<\/li><li>bepaalde verzorgingsproducten of make-up voor couperose en soortgelijke cosmetica<\/li><li>Stress<\/li><li>Nicotine<\/li><li>bepaalde medicijnen<\/li><\/ul>\n\n\n\n<div class=\"wp-block-buttons is-layout-flex wp-block-buttons-is-layout-flex\">\n<div class=\"wp-block-button\"><a class=\"wp-block-button__link\" href=\"https:\/\/pelvyra.com\/nl\/rosacea\/\">Verminder roodheid bij couperose<\/a><\/div>\n<\/div>\n<\/div>\n<\/div>\n\n<div class=\"wp-block-columns is-layout-flex wp-container-core-columns-is-layout-28f84493 wp-block-columns-is-layout-flex\">\n<div class=\"wp-block-column is-layout-flow wp-block-column-is-layout-flow\">\n<h2 class=\"wp-block-heading\">Faagtoepassing tegen couperose<\/h2>\n\n\n\n<p>Het versterken van de huidbarri\u00e8re is een nuttige ondersteuning voor de huid als onderdeel van de behandeling van rosacea. Probiotische huidverzorgingsproducten die het microbioom van de huid versterken kunnen hierbij helpen.   <\/p>\n\n\n\n<p>Dit komt doordat sommige bacteri\u00ebn die onze huid koloniseren, zoals <strong>Vitreoscilla filiformis<\/strong>, ontstekingsremmende eigenschappen hebben.<\/p>\n\n\n\n<p>Andere koloniseren de menselijke huid van nature, zoals de Demodex mijt (haarfollikelmijt of Demodex folliculorum). En weer andere bevorderen ontstekingen. Als de huidbarri\u00e8re verstoord is, is deze relatie uit balans.  <\/p>\n\n\n\n<p>De probiotische huidspray <a href=\"https:\/\/pelvyra.com\/nl\/produkt\/huidverzorging-beschermen\/\" title=\"Sanubiom SkinCare Protect - probiotische huidbescherming - spray (20ml)\">SkinCare Protect<\/a> van Sanubiom bevordert de groei van goede bacteri\u00ebn. Daarnaast zorgt de faagtechnologie die erin zit ervoor dat de slechte bacteri\u00ebn gericht worden ge\u00eblimineerd.   <\/p>\n\n\n\n<p>Dit brengt de huid weer in balans, elimineert irritatie en vermindert roodheid.<\/p>\n\n\n\n<div class=\"wp-block-buttons is-layout-flex wp-block-buttons-is-layout-flex\">\n<div class=\"wp-block-button\"><a class=\"wp-block-button__link has-primary-background-color has-background\" href=\"https:\/\/pelvyra.com\/nl\/rosacea\/\">Versterk je couperose huid<\/a><\/div>\n<\/div>\n<\/div>\n\n\n\n<div class=\"wp-block-column is-layout-flow wp-block-column-is-layout-flow\">\n<figure class=\"wp-block-image size-large\"><img loading=\"lazy\" decoding=\"async\" width=\"1024\" height=\"683\" src=\"https:\/\/pelvyra.com\/wp-content\/uploads\/2021\/04\/rosacea-phagen-anwendung-1024x683.jpg\" alt=\"Faagtoepassing tegen couperose\" class=\"wp-image-1691\" srcset=\"https:\/\/pelvyra.com\/wp-content\/uploads\/2021\/04\/rosacea-phagen-anwendung-1024x683.jpg 1024w, https:\/\/pelvyra.com\/wp-content\/uploads\/2021\/04\/rosacea-phagen-anwendung-300x200.jpg 300w, https:\/\/pelvyra.com\/wp-content\/uploads\/2021\/04\/rosacea-phagen-anwendung-768x512.jpg 768w, https:\/\/pelvyra.com\/wp-content\/uploads\/2021\/04\/rosacea-phagen-anwendung-769x513.jpg 769w, https:\/\/pelvyra.com\/wp-content\/uploads\/2021\/04\/rosacea-phagen-anwendung-412x275.jpg 412w, https:\/\/pelvyra.com\/wp-content\/uploads\/2021\/04\/rosacea-phagen-anwendung-600x400.jpg 600w, https:\/\/pelvyra.com\/wp-content\/uploads\/2021\/04\/rosacea-phagen-anwendung.jpg 1200w\" sizes=\"(max-width: 1024px) 100vw, 1024px\" \/><\/figure>\n<\/div>\n<\/div>\n\n<div class=\"wp-block-columns is-layout-flex wp-container-core-columns-is-layout-28f84493 wp-block-columns-is-layout-flex\">\n<div class=\"wp-block-column autorsector is-layout-flow wp-block-column-is-layout-flow\">\n<div class=\"wp-block-columns is-layout-flex wp-container-core-columns-is-layout-28f84493 wp-block-columns-is-layout-flex\">\n<div class=\"wp-block-column is-layout-flow wp-block-column-is-layout-flow\" style=\"flex-basis:100%\">\n<div class=\"wp-block-columns is-layout-flex wp-container-core-columns-is-layout-28f84493 wp-block-columns-is-layout-flex\">\n<div class=\"wp-block-column autortext is-layout-flow wp-block-column-is-layout-flow\" style=\"flex-basis:66.66%\">\n<h3 class=\"wp-block-heading\">Infos zum Beitrag <\/h3>\n\n\n\n<p><strong>Autor:<\/strong> Katharina Hillinger<\/p>\n\n\n\n<p>&nbsp;<em>&#8220;Unsere Haut versorgt, entgiftet und sch\u00fctzt unseren K\u00f6rper. Doch damit sie Ihre Funktionen erf\u00fcllen kann, muss unsere Hautflora im Gleichgewicht sein. Gesunde Haut zeichnet sich durch ein vielf\u00e4ltiges \u00d6kosystem aus Mikroben aus, das eine Art Schutzschild bildet.&#8221;<\/em><\/p>\n<\/div>\n<\/div>\n<\/div>\n<\/div>\n<\/div>\n<\/div>\n\n\n\n<p class=\"has-text-align-center\"><\/p>\n","protected":false},"excerpt":{"rendered":"<p>Hoe kan rosacea worden behandeld? De huidziekte rosacea heeft een grote impact op het leven van de getroffenen. Dit komt omdat het chronisch ontstoken couperosegezicht opvalt door de knobbeltjes, papels, pustels en roodheid. Daarom is het belangrijkste doel van de behandeling van rosacea om de symptomen te verminderen of te laten verdwijnen. Hier zijn verschillende [&hellip;]<\/p>\n","protected":false},"author":3,"featured_media":22372,"parent":22639,"menu_order":0,"comment_status":"closed","ping_status":"closed","template":"","meta":{"footnotes":""},"class_list":["post-22854","page","type-page","status-publish","has-post-thumbnail","hentry"],"_links":{"self":[{"href":"https:\/\/pelvyra.com\/nl\/wp-json\/wp\/v2\/pages\/22854","targetHints":{"allow":["GET"]}}],"collection":[{"href":"https:\/\/pelvyra.com\/nl\/wp-json\/wp\/v2\/pages"}],"about":[{"href":"https:\/\/pelvyra.com\/nl\/wp-json\/wp\/v2\/types\/page"}],"author":[{"embeddable":true,"href":"https:\/\/pelvyra.com\/nl\/wp-json\/wp\/v2\/users\/3"}],"replies":[{"embeddable":true,"href":"https:\/\/pelvyra.com\/nl\/wp-json\/wp\/v2\/comments?post=22854"}],"version-history":[{"count":2,"href":"https:\/\/pelvyra.com\/nl\/wp-json\/wp\/v2\/pages\/22854\/revisions"}],"predecessor-version":[{"id":22864,"href":"https:\/\/pelvyra.com\/nl\/wp-json\/wp\/v2\/pages\/22854\/revisions\/22864"}],"up":[{"embeddable":true,"href":"https:\/\/pelvyra.com\/nl\/wp-json\/wp\/v2\/pages\/22639"}],"wp:featuredmedia":[{"embeddable":true,"href":"https:\/\/pelvyra.com\/nl\/wp-json\/wp\/v2\/media\/22372"}],"wp:attachment":[{"href":"https:\/\/pelvyra.com\/nl\/wp-json\/wp\/v2\/media?parent=22854"}],"curies":[{"name":"wp","href":"https:\/\/api.w.org\/{rel}","templated":true}]}}