{"id":22776,"date":"2025-09-29T12:41:56","date_gmt":"2025-09-29T10:41:56","guid":{"rendered":"https:\/\/pelvyra.com\/kennis-van-faagtoepassingen\/"},"modified":"2025-09-29T12:42:01","modified_gmt":"2025-09-29T10:42:01","slug":"kennis-van-faagtoepassingen","status":"publish","type":"page","link":"https:\/\/pelvyra.com\/nl\/bacteriofaag-kennis\/kennis-van-faagtoepassingen\/","title":{"rendered":"Kennis van faagtoepassingen"},"content":{"rendered":"\n<div class=\"wp-block-columns mobile-image-last is-layout-flex wp-container-core-columns-is-layout-28f84493 wp-block-columns-is-layout-flex\">\n<div class=\"wp-block-column is-vertically-aligned-center is-layout-flow wp-block-column-is-layout-flow\" style=\"flex-basis:66.66%\">\n<h1 class=\"wp-block-heading\">Faagtoepassing &#8211; virussen als bacterie-eters<\/h1>\n\n\n\n<p><strong>Faagtherapie<\/strong> maakt gebruik van de <strong>natuurlijke eigenschappen<\/strong> van <strong><a href=\"https:\/\/pelvyra.com\/nl\/bacteriofaag-kennis\/\" title=\"Bacteriofaag kennis\">bacteriofagen<\/a><\/strong> om schadelijke bacteri\u00ebn te bestrijden. Een <strong>faag<\/strong> of bacteriofaag is niets anders dan een <strong>natuurlijke bacterivoor<\/strong>.   <\/p>\n\n\n\n<p>Om zich te vermenigvuldigen en hun werk te doen, gaan de virussen eerst op zoek naar een gastheercel. Vervolgens injecteren ze hun DNA rechtstreeks in de bacterie.   <\/p>\n\n\n\n<p>De aangetaste bacterie produceert dan nieuwe fagen totdat hij vol is en barst. Strikt genomen eten de fagen de bacterie niet op. Ze veranderen hem in een echte fagenfabriek die op volle toeren draait tot hij instort.  <\/p>\n\n\n\n<p>Deze <strong>natuurlijke toepassing<\/strong> in de strijd tegen bacteri\u00ebn wordt in <strong>Georgi\u00eb<\/strong> al ruim honderd jaar onderzocht. In tegenstelling tot veel westerse landen wordt het daar ook therapeutisch gebruikt.   <\/p>\n\n\n\n<p>De voordelen van faagtherapie worden echter ook <strong>steeds meer<\/strong> <strong>erkend<\/strong> en gebruikt in <strong>Europa<\/strong> &#8211; ook voor huidirritaties. Natuurlijk voorkomende fagen worden gebruikt om <strong>acne<\/strong>, <strong>neurodermitis<\/strong> en <strong>rosacea<\/strong> te behandelen. <\/p>\n\n\n\n<div class=\"wp-block-buttons is-layout-flex wp-block-buttons-is-layout-flex\">\n<div class=\"wp-block-button\"><a class=\"wp-block-button__link\" href=\"#phagen-anwendung\">Meer over het gebruik van fagen<\/a><\/div>\n<\/div>\n<\/div>\n\n\n\n<div class=\"wp-block-column is-layout-flow wp-block-column-is-layout-flow\" style=\"flex-basis:33.33%\">\n<figure class=\"wp-block-image size-large\"><img fetchpriority=\"high\" decoding=\"async\" width=\"683\" height=\"1024\" src=\"https:\/\/pelvyra.com\/wp-content\/uploads\/2021\/04\/phagentherapie-viren-bakterienfresser.jpg\" alt=\"Faagtherapie - virussen als bacterie-eters\" class=\"wp-image-773\" srcset=\"https:\/\/pelvyra.com\/wp-content\/uploads\/2021\/04\/phagentherapie-viren-bakterienfresser.jpg 683w, https:\/\/pelvyra.com\/wp-content\/uploads\/2021\/04\/phagentherapie-viren-bakterienfresser-200x300.jpg 200w, https:\/\/pelvyra.com\/wp-content\/uploads\/2021\/04\/phagentherapie-viren-bakterienfresser-600x900.jpg 600w\" sizes=\"(max-width: 683px) 100vw, 683px\" \/><\/figure>\n\n\n\n<p><\/p>\n<\/div>\n<\/div>\n\n<div class=\"wp-block-columns is-layout-flex wp-container-core-columns-is-layout-28f84493 wp-block-columns-is-layout-flex\">\n<div class=\"wp-block-column is-layout-flow wp-block-column-is-layout-flow\">\n<figure class=\"wp-block-image size-large\"><img decoding=\"async\" width=\"1024\" height=\"683\" src=\"https:\/\/pelvyra.com\/wp-content\/uploads\/2021\/04\/bakteriophagen-georgien-1024x683.jpg\" alt=\"De moderne bacterie-eters uit Georgi&#xEB;\" class=\"wp-image-779\" srcset=\"https:\/\/pelvyra.com\/wp-content\/uploads\/2021\/04\/bakteriophagen-georgien-1024x683.jpg 1024w, https:\/\/pelvyra.com\/wp-content\/uploads\/2021\/04\/bakteriophagen-georgien-300x200.jpg 300w, https:\/\/pelvyra.com\/wp-content\/uploads\/2021\/04\/bakteriophagen-georgien-768x512.jpg 768w, https:\/\/pelvyra.com\/wp-content\/uploads\/2021\/04\/bakteriophagen-georgien-769x513.jpg 769w, https:\/\/pelvyra.com\/wp-content\/uploads\/2021\/04\/bakteriophagen-georgien-412x275.jpg 412w, https:\/\/pelvyra.com\/wp-content\/uploads\/2021\/04\/bakteriophagen-georgien-600x400.jpg 600w, https:\/\/pelvyra.com\/wp-content\/uploads\/2021\/04\/bakteriophagen-georgien.jpg 1200w\" sizes=\"(max-width: 1024px) 100vw, 1024px\" \/><\/figure>\n<\/div>\n\n\n\n<div class=\"wp-block-column is-vertically-aligned-center is-layout-flow wp-block-column-is-layout-flow\">\n<h2 class=\"wp-block-heading\">De bacterie-eters uit Georgi\u00eb<\/h2>\n\n\n\n<p><strong>Georgi\u00eb<\/strong> wordt beschouwd als een pionier op het gebied van faagtherapie. In 1923 werd in de hoofdstad Tbilisi het eerste microbacteriologische laboratorium opgericht dat zich onder andere bezighield met faagonderzoek.   <\/p>\n\n\n\n<p>Het laboratorium in de voormalige Sovjetrepubliek, vernoemd naar de <strong>oprichter Georgi Eliava<\/strong>, bestaat nu als een instituut. Het wordt wereldwijd erkend als het eerste adres voor <strong>faagtherapie<\/strong>.   <\/p>\n\n\n\n<p>De <strong>effecten van faagtherapie<\/strong> zijn in medische kringen al bekend sinds de jaren 1920.  <\/p>\n\n\n\n<p>Maar met de doorbraak van farmaceutisch geproduceerde antibiotica verdwenen kennis en gebruik al snel naar de achtergrond.  <\/p>\n\n\n\n<p>Zodra de eerste antibiotica beschikbaar kwamen in <strong>Europa<\/strong> en de <strong>VS<\/strong>, werd faagtherapie oninteressant in het Westen. De beschikbare antibiotica waren gewoon te goed en te gemakkelijk verkrijgbaar.   <\/p>\n\n\n\n<p>In Georgi\u00eb en de rest van de Sovjet-Unie was het tijdens de Koude Oorlog echter moeilijk om antibiotica te krijgen.  <\/p>\n\n\n\n<p>Faagtherapie was daarom de beste &#8211; zo niet de enige &#8211; manier om infectieziekten te behandelen. Het is dan ook niet verwonderlijk dat het <strong>Eliava Instituut<\/strong> nu een van de grootste bacteriofaagcollecties ter wereld heeft.   <\/p>\n\n\n\n<p>Pati\u00ebnten van over de hele wereld worden hier behandeld wanneer conventionele antibioticatherapie niet meer werkt. Wanneer standaardmengsels niet meer helpen, wordt faagtechnologie uit Georgi\u00eb gebruikt.   <\/p>\n\n\n\n<p>Hier worden, zoals al <strong>tientallen jaren<\/strong> het geval is, faagcocktails op maat gemaakt voor individuele pati\u00ebnten volgens de instructies van hun arts.<\/p>\n<\/div>\n<\/div>\n\n<div class=\"wp-block-columns is-layout-flex wp-container-core-columns-is-layout-28f84493 wp-block-columns-is-layout-flex\">\n<div class=\"wp-block-column is-layout-flow wp-block-column-is-layout-flow\">\n<h2 class=\"wp-block-heading\" id=\"phagen-anwendung\">Toepassing van faagtherapie<\/h2>\n\n\n\n<p>Het staat buiten kijf dat behandeling met bacteriofagen kan helpen. In de meeste <strong>EU-landen is het gebruik van bacteriofagen <\/strong>echter <strong>niet <\/strong> <strong>toegestaan<\/strong> of alleen <strong>toegestaan<\/strong> voor geselecteerde pati\u00ebnten op basis van een individuele aanvraag in overeenstemming met artikel 37 van de Verklaring van Helsinki.   <\/p>\n\n\n\n<p>Bijna geen enkele arts kent ze en geen enkele apotheek heeft ze op voorraad. Dit zijn slechts enkele van de redenen waarom zo veel getroffen pati\u00ebnten naar Tbilisi reizen en op eigen kosten faagtherapie ondergaan in de Georgische hoofdstad.   <\/p>\n\n\n\n<p>De druk om in te grijpen vanwege multiresistente ziektekiemen, multiresistente bacteri\u00ebn en antibioticaresistente bacteri\u00ebn neemt echter voortdurend toe. In 2018 cre\u00eberde <strong>Belgi\u00eb<\/strong> als eerste land in de EU nationale <strong>rechtszekerheid<\/strong> voor faagtherapie.   <\/p>\n\n\n\n<p>Hier is faagtherapie voor verschillende infectieziekten met oraal ingenomen of ge\u00efnjecteerde fagen toegestaan en sinds 2016 mogelijk in het Militair Hospitaal Koningin Astrid in Brussel.  <\/p>\n\n\n\n<p>Net als in Georgi\u00eb bereidt een apotheker de cocktail, gevolgd door kwaliteitscontrole door een laboratorium.<\/p>\n\n\n\n<p>Langzaam maar zeker wordt er vooruitgang geboekt en twee mogelijke varianten van faagtherapie zijn zich aan het uitkristalliseren:<\/p>\n\n\n\n<ul class=\"wp-block-list\"><li>Vaste cocktails van verschillende fagen voor een specifieke indicatie<\/li><li>een gepersonaliseerde aanpak waarbij voor elke pati\u00ebnt andere fagen worden geselecteerd<\/li><\/ul>\n\n\n\n<p>Het Phage4Cure project strijdt ook om bacteriofagen in te zetten als geneesmiddel tegen bacteri\u00eble infecties.  <\/p>\n\n\n\n<p>Phage4Cure is een samenwerking tussen:<\/p>\n\n\n\n<ul class=\"wp-block-list\"><li>het <a href=\"http:\/\/www.dsmz.de\/\" target=\"_blank\" rel=\"noreferrer noopener\">Leibniz-instituut DSMZ-Duitse<\/a>verzameling van micro-organismen en celculturen GmbH<\/li><li>het <a href=\"https:\/\/www.item.fraunhofer.de\/\" target=\"_blank\" rel=\"noreferrer noopener\">Fraunhofer-instituut voor toxicologie en experimentele geneeskunde<\/a> (ITEM)<\/li><li>Charit\u00e9 &#8211; Universit\u00e4tsmedizin Berlijn: medische kliniek gespecialiseerd in Infectiologie en Pneumologie en<\/li><li>van de <a href=\"http:\/\/www.charite-research.org\/\" target=\"_blank\" rel=\"noreferrer noopener\">Charit\u00e9 Research Organisation GmbH<\/a> (CRO).<\/li><\/ul>\n<\/div>\n\n\n\n<div class=\"wp-block-column is-layout-flow wp-block-column-is-layout-flow\">\n<figure class=\"wp-block-image size-large\"><img decoding=\"async\" width=\"1024\" height=\"683\" src=\"https:\/\/pelvyra.com\/wp-content\/uploads\/2021\/04\/phagentherapie-anwendung-1024x683.jpg\" alt=\"Toepassing van faagtherapie\" class=\"wp-image-781\" srcset=\"https:\/\/pelvyra.com\/wp-content\/uploads\/2021\/04\/phagentherapie-anwendung-1024x683.jpg 1024w, https:\/\/pelvyra.com\/wp-content\/uploads\/2021\/04\/phagentherapie-anwendung-300x200.jpg 300w, https:\/\/pelvyra.com\/wp-content\/uploads\/2021\/04\/phagentherapie-anwendung-768x512.jpg 768w, https:\/\/pelvyra.com\/wp-content\/uploads\/2021\/04\/phagentherapie-anwendung-769x513.jpg 769w, https:\/\/pelvyra.com\/wp-content\/uploads\/2021\/04\/phagentherapie-anwendung-412x275.jpg 412w, https:\/\/pelvyra.com\/wp-content\/uploads\/2021\/04\/phagentherapie-anwendung-600x400.jpg 600w, https:\/\/pelvyra.com\/wp-content\/uploads\/2021\/04\/phagentherapie-anwendung.jpg 1200w\" sizes=\"(max-width: 1024px) 100vw, 1024px\" \/><\/figure>\n<\/div>\n<\/div>\n\n<div class=\"wp-block-columns is-layout-flex wp-container-core-columns-is-layout-28f84493 wp-block-columns-is-layout-flex\">\n<div class=\"wp-block-column is-layout-flow wp-block-column-is-layout-flow\">\n<figure class=\"wp-block-image size-large\"><img loading=\"lazy\" decoding=\"async\" width=\"1200\" height=\"800\" src=\"https:\/\/pelvyra.com\/wp-content\/uploads\/2021\/04\/bakteriophagen-akne.jpeg\" alt=\"Bacteriofagen en acne\" class=\"wp-image-2261\" srcset=\"https:\/\/pelvyra.com\/wp-content\/uploads\/2021\/04\/bakteriophagen-akne.jpeg 1200w, https:\/\/pelvyra.com\/wp-content\/uploads\/2021\/04\/bakteriophagen-akne-300x200.jpeg 300w, https:\/\/pelvyra.com\/wp-content\/uploads\/2021\/04\/bakteriophagen-akne-1024x683.jpeg 1024w, https:\/\/pelvyra.com\/wp-content\/uploads\/2021\/04\/bakteriophagen-akne-768x512.jpeg 768w, https:\/\/pelvyra.com\/wp-content\/uploads\/2021\/04\/bakteriophagen-akne-769x513.jpeg 769w, https:\/\/pelvyra.com\/wp-content\/uploads\/2021\/04\/bakteriophagen-akne-412x275.jpeg 412w, https:\/\/pelvyra.com\/wp-content\/uploads\/2021\/04\/bakteriophagen-akne-600x400.jpeg 600w\" sizes=\"(max-width: 1200px) 100vw, 1200px\" \/><\/figure>\n<\/div>\n\n\n\n<div class=\"wp-block-column is-layout-flow wp-block-column-is-layout-flow\">\n<h2 class=\"wp-block-heading\">Bacteriofagen en acne<\/h2>\n\n\n\n<p>Acne ontstaat vaak in de puberteit en maakt het voor veel jongeren moeilijk om in de spiegel te kijken. <strong>Acne<\/strong> is vaak moeilijk te behandelen en houdt aan tot in <strong>de jonge volwassenheid<\/strong>.   <\/p>\n\n\n\n<p>Vooral in deze levensfase kan het gevoel van eigenwaarde erg lijden onder de zichtbare gevolgen van acne.  <\/p>\n\n\n\n<p>Maar er is hoop. Al in 2013 testte een grootschalig klinisch <strong>onderzoek<\/strong> in de Verenigde Staten het effect van elf <strong>bacteriofaagstammen<\/strong> op jongeren met acne.   <\/p>\n\n\n\n<p>De onderzoekers hebben dit ontdekt: De virussen produceren het enzym endolysine, dat de celwanden van de <strong>bacteri\u00ebn<\/strong> in kwestie <strong>vernietigt<\/strong>, maar andere bacteri\u00ebn niet aantast.<span id=\"90fbc063-5e45-432c-ac07-c4093fab2349\" data-items=\"[\" contenteditable=\"false\" data-has-children=\"true\" class=\"abt-citation\"><sup>1<\/sup><\/span><\/p>\n\n\n\n<p>Met deze kennis is nu een nieuwe, therapiebegeleidende aanpak mogelijk: bacteriofagen worden gebruikt als een natuurlijk wapen <strong>tegen acne en Staphylococcus aureus<\/strong>. Bij deze toepassing worden de bacteriofagen, die van nature op de huid voorkomen, in verhoogde concentraties aangebracht in de vorm van een spray.   <\/p>\n\n\n\n<p>Dit maakt het gemakkelijk om de bacteri\u00ebn aan te pakken die een verhoogde talgproductie veroorzaken.  <\/p>\n\n\n\n<p>Het <strong>evenwicht van de huidflora<\/strong> wordt bevorderd, zodat je al snel een vermindering van huidirritatie en roodheid zult merken &#8211; zonder bijwerkingen.<\/p>\n\n\n\n<div class=\"wp-block-buttons is-layout-flex wp-block-buttons-is-layout-flex\">\n<div class=\"wp-block-button\"><a class=\"wp-block-button__link\" href=\"https:\/\/pelvyra.com\/nl\/acne-kennis\/faagtoepassing-voor-acne\/\">Faagtoepassing voor acne<\/a><\/div>\n<\/div>\n<\/div>\n<\/div>\n\n<div class=\"wp-block-columns is-layout-flex wp-container-core-columns-is-layout-28f84493 wp-block-columns-is-layout-flex\">\n<div class=\"wp-block-column is-layout-flow wp-block-column-is-layout-flow\">\n<h2 class=\"wp-block-heading\">Fagen voor couperose<\/h2>\n\n\n\n<p>De chronische huidziekte rosacea treft vooral mensen met een lichte huid. Het wordt gekenmerkt door roodheid van de verder bleke huid en verwijde <strong>aderen<\/strong>, <strong>blaasjes<\/strong> of <strong>puisten<\/strong> in het gezicht.   <\/p>\n\n\n\n<p>Er is branderigheid, jeuk en droogheid van de aangetaste gebieden. Er kunnen zich ook puisten vormen. Er kunnen verdikkingen van de huid en gezwellen ontstaan, vooral in het neusgebied.    <\/p>\n\n\n\n<p>Hoewel de oorzaken van rosacea nog niet volledig bekend zijn, is wel bekend dat factoren zoals <strong>alcoholgebruik<\/strong>, <strong>stress<\/strong>, <strong>hitte<\/strong> en <strong>kou<\/strong>, verschillende <strong>mijten<\/strong> en <strong>bacteri\u00ebn<\/strong>, maar ook gekruid voedsel een gunstig effect hebben.<\/p>\n\n\n\n<p>Het <strong>gebruik van fagen kan de huidflora versterken<\/strong> en de symptomen van rosacea verminderen met een regeneratieproces van de huid.<\/p>\n\n\n\n<div class=\"wp-block-buttons is-layout-flex wp-block-buttons-is-layout-flex\">\n<div class=\"wp-block-button\"><a class=\"wp-block-button__link\" href=\"https:\/\/pelvyra.com\/rosacea-wissen\/phagen-anwendung\/\">Faagbehandeling voor couperose<\/a><\/div>\n<\/div>\n<\/div>\n\n\n\n<div class=\"wp-block-column is-layout-flow wp-block-column-is-layout-flow\">\n<figure class=\"wp-block-image size-large\"><img loading=\"lazy\" decoding=\"async\" width=\"1024\" height=\"683\" src=\"https:\/\/pelvyra.com\/wp-content\/uploads\/2021\/04\/phagen-rosacea.jpeg\" alt=\"Fagen en rosacea\" class=\"wp-image-2258\" srcset=\"https:\/\/pelvyra.com\/wp-content\/uploads\/2021\/04\/phagen-rosacea.jpeg 1024w, https:\/\/pelvyra.com\/wp-content\/uploads\/2021\/04\/phagen-rosacea-300x200.jpeg 300w, https:\/\/pelvyra.com\/wp-content\/uploads\/2021\/04\/phagen-rosacea-768x512.jpeg 768w, https:\/\/pelvyra.com\/wp-content\/uploads\/2021\/04\/phagen-rosacea-769x513.jpeg 769w, https:\/\/pelvyra.com\/wp-content\/uploads\/2021\/04\/phagen-rosacea-412x275.jpeg 412w, https:\/\/pelvyra.com\/wp-content\/uploads\/2021\/04\/phagen-rosacea-600x400.jpeg 600w\" sizes=\"(max-width: 1024px) 100vw, 1024px\" \/><\/figure>\n<\/div>\n<\/div>\n\n<div class=\"wp-block-columns is-layout-flex wp-container-core-columns-is-layout-28f84493 wp-block-columns-is-layout-flex\">\n<div class=\"wp-block-column is-layout-flow wp-block-column-is-layout-flow\">\n<figure class=\"wp-block-image size-large\"><img decoding=\"async\" src=\"https:\/\/pelvyra.com\/wp-content\/uploads\/2021\/04\/phagen-neurodermitis-1024x683.jpg\" alt=\"Fagen voor neurodermitis\" class=\"wp-image-791\"\/><\/figure>\n<\/div>\n\n\n\n<div class=\"wp-block-column is-layout-flow wp-block-column-is-layout-flow\">\n<h2 class=\"wp-block-heading\">Fagen voor neurodermitis<\/h2>\n\n\n\n<p>Atopische dermatitis is nu een van de meest voorkomende <strong>chronische inflammatoire huidziekten<\/strong>.  <\/p>\n\n\n\n<p>Het is extreem onaangenaam &#8211; zowel visueel als wat betreft de symptomen, die vari\u00ebren van <strong>een droge, schilferige huid<\/strong> tot ernstige <strong>jeuk<\/strong> en tranend <strong>eczeem<\/strong>.  <\/p>\n\n\n\n<p>Niet alleen de symptomen, maar ook de triggers kunnen sterk vari\u00ebren. Er zijn <strong>verschillende<\/strong> <strong>factoren<\/strong> die leiden tot atopische dermatitis.   <\/p>\n\n\n\n<p>Ze vari\u00ebren van het <strong>textiel<\/strong> dat je draagt tot de temperatuur van de kamer en de lucht, de hygi\u00ebne- en cosmeticaproducten die je gebruikt en zelfs stress.  <\/p>\n\n\n\n<p>Algemene <strong>allergietriggers<\/strong> kunnen ook de ontwikkeling van atopische dermatitis bevorderen. Dit leidt tot een verstoring van de huidflora, waardoor bacteri\u00ebn zich kunnen vermenigvuldigen en de beschreven effecten kunnen ontstaan.   <\/p>\n\n\n\n<p>Het gebruik van bacteriofagen kan het <strong>evenwicht<\/strong> van de huidflora <strong>herstellen<\/strong>. Fagen worden toegepast in de vorm van een spray, die kan worden gebruikt als adjuvante therapie bij neurodermitis om de huidflora te herstellen. <\/p>\n\n\n\n<div class=\"wp-block-buttons is-layout-flex wp-block-buttons-is-layout-flex\">\n<div class=\"wp-block-button\"><a class=\"wp-block-button__link\" href=\"https:\/\/pelvyra.com\/nl\/fagen-kopen-en-de-huidbalans-herstellen\/\">Bacteriofagen kopen &#8211; lees meer!<\/a><\/div>\n<\/div>\n<\/div>\n<\/div>\n\n<section aria-label=\"Literaturliste\" class=\"wp-block-abt-bibliography abt-bibliography\" role=\"region\"><ol class=\"abt-bibliography__body\" data-entryspacing=\"1\" data-maxoffset=\"3\" data-linespacing=\"1\" data-second-field-align=\"flush\"><li id=\"4274687154\">  <div class=\"csl-entry\">\n    <div class=\"csl-left-margin\">1.  <\/div><div class=\"csl-right-inline\">Dr. Rohde C, Prof. Dr. Witzenrath M, Dr. H\u00fcser A. Bacteriofagen als geneesmiddelen in de strijd tegen infecties. Fraunhofer ITEM. Geraadpleegd op 6 april 2021.    <a href=\"https:\/\/www.item.fraunhofer.de\/de\/leuchtturm-projekte\/bakteriophagen.html\">https:\/\/www.item.fraunhofer.de\/de\/leuchtturm-projekte\/bakteriophagen.html<\/a><\/div>\n  <\/div>\n<\/li><\/ol><\/section>\n","protected":false},"excerpt":{"rendered":"<p>Faagtoepassing &#8211; virussen als bacterie-eters Faagtherapie maakt gebruik van de natuurlijke eigenschappen van bacteriofagen om schadelijke bacteri\u00ebn te bestrijden. Een faag of bacteriofaag is niets anders dan een natuurlijke bacterivoor. Om zich te vermenigvuldigen en hun werk te doen, gaan de virussen eerst op zoek naar een gastheercel. Vervolgens injecteren ze hun DNA rechtstreeks in [&hellip;]<\/p>\n","protected":false},"author":3,"featured_media":0,"parent":22784,"menu_order":0,"comment_status":"closed","ping_status":"closed","template":"","meta":{"footnotes":""},"class_list":["post-22776","page","type-page","status-publish","hentry"],"_links":{"self":[{"href":"https:\/\/pelvyra.com\/nl\/wp-json\/wp\/v2\/pages\/22776","targetHints":{"allow":["GET"]}}],"collection":[{"href":"https:\/\/pelvyra.com\/nl\/wp-json\/wp\/v2\/pages"}],"about":[{"href":"https:\/\/pelvyra.com\/nl\/wp-json\/wp\/v2\/types\/page"}],"author":[{"embeddable":true,"href":"https:\/\/pelvyra.com\/nl\/wp-json\/wp\/v2\/users\/3"}],"replies":[{"embeddable":true,"href":"https:\/\/pelvyra.com\/nl\/wp-json\/wp\/v2\/comments?post=22776"}],"version-history":[{"count":2,"href":"https:\/\/pelvyra.com\/nl\/wp-json\/wp\/v2\/pages\/22776\/revisions"}],"predecessor-version":[{"id":22780,"href":"https:\/\/pelvyra.com\/nl\/wp-json\/wp\/v2\/pages\/22776\/revisions\/22780"}],"up":[{"embeddable":true,"href":"https:\/\/pelvyra.com\/nl\/wp-json\/wp\/v2\/pages\/22784"}],"wp:attachment":[{"href":"https:\/\/pelvyra.com\/nl\/wp-json\/wp\/v2\/media?parent=22776"}],"curies":[{"name":"wp","href":"https:\/\/api.w.org\/{rel}","templated":true}]}}