{"id":22659,"date":"2025-09-29T12:18:44","date_gmt":"2025-09-29T10:18:44","guid":{"rendered":"https:\/\/pelvyra.com\/triggers-van-acne\/"},"modified":"2025-09-29T12:19:45","modified_gmt":"2025-09-29T10:19:45","slug":"triggers-van-acne","status":"publish","type":"page","link":"https:\/\/pelvyra.com\/nl\/acne-kennis\/triggers-van-acne\/","title":{"rendered":"Triggers van acne"},"content":{"rendered":"\n<div class=\"wp-block-columns mobile-image-last is-layout-flex wp-container-core-columns-is-layout-28f84493 wp-block-columns-is-layout-flex\">\n<div class=\"wp-block-column is-vertically-aligned-center is-layout-flow wp-block-column-is-layout-flow\" style=\"flex-basis:66.66%\">\n<h1 class=\"wp-block-heading\">Waarom heb je acne? De triggers van acne! <\/h1>\n\n\n\n<p>Acne en puistjes zijn een <strong>veel voorkomende<\/strong> <strong>huidaandoening<\/strong>. Het komt vooral voor bij <strong>adolescenten<\/strong>, omdat hormonale veranderingen tijdens <strong>de puberteit <\/strong>een overactieve talgklier bevorderen. Er zijn echter veel verschillende <strong>oorzaken voor acne<\/strong>.   <\/p>\n\n\n\n<p>Niet alleen een stoornis van de <strong>talgklieren<\/strong> kan de oorzaak zijn. Een <strong>overgroei van bacteri\u00ebn <\/strong>of een <strong>ontstekingsreactie<\/strong> kan ook de oorzaak zijn van een onzuivere huid. Genetische aanleg kan ook een negatief effect hebben op het uiterlijk van de huid.    <\/p>\n\n\n\n<p>De ontwikkeling van acne is een <strong>proces<\/strong> dat wordt bepaald door veel verschillende invloedsfactoren. De huid is <strong>uit balans en de beschermende barri\u00e8re van de huid is beschadigd<\/strong>. Dit uit zich in irritaties zoals <strong>puisten en pukkels<\/strong>. Op deze pagina lees je alles over de triggers van acne.   <\/p>\n\n\n\n<div class=\"wp-block-buttons is-layout-flex wp-block-buttons-is-layout-flex\">\n<div class=\"wp-block-button\"><a class=\"wp-block-button__link has-primary-background-color has-background\" href=\"https:\/\/pelvyra.com\/nl\/acne-kennis\/\">Acne &#8211; kom er alles over te weten!<\/a><\/div>\n<\/div>\n<\/div>\n\n\n\n<div class=\"wp-block-column is-layout-flow wp-block-column-is-layout-flow\" style=\"flex-basis:33.33%\">\n<figure class=\"wp-block-image size-large\"><img fetchpriority=\"high\" decoding=\"async\" width=\"683\" height=\"1024\" src=\"https:\/\/pelvyra.com\/wp-content\/uploads\/2021\/04\/ausloeser-akne.jpg\" alt=\"Triggers van acne\" class=\"wp-image-2318\" srcset=\"https:\/\/pelvyra.com\/wp-content\/uploads\/2021\/04\/ausloeser-akne.jpg 683w, https:\/\/pelvyra.com\/wp-content\/uploads\/2021\/04\/ausloeser-akne-200x300.jpg 200w, https:\/\/pelvyra.com\/wp-content\/uploads\/2021\/04\/ausloeser-akne-600x900.jpg 600w\" sizes=\"(max-width: 683px) 100vw, 683px\" \/><\/figure>\n<\/div>\n<\/div>\n\n<div class=\"wp-block-columns is-layout-flex wp-container-core-columns-is-layout-28f84493 wp-block-columns-is-layout-flex\">\n<div class=\"wp-block-column is-vertically-aligned-center is-layout-flow wp-block-column-is-layout-flow\">\n<figure class=\"wp-block-image size-large\"><img decoding=\"async\" width=\"1024\" height=\"683\" src=\"https:\/\/pelvyra.com\/wp-content\/uploads\/2021\/04\/akne-wer-bekommt-akne-1024x683.jpg\" alt=\"Wie krijgt er acne?\" class=\"wp-image-2321\" srcset=\"https:\/\/pelvyra.com\/wp-content\/uploads\/2021\/04\/akne-wer-bekommt-akne-1024x683.jpg 1024w, https:\/\/pelvyra.com\/wp-content\/uploads\/2021\/04\/akne-wer-bekommt-akne-300x200.jpg 300w, https:\/\/pelvyra.com\/wp-content\/uploads\/2021\/04\/akne-wer-bekommt-akne-768x512.jpg 768w, https:\/\/pelvyra.com\/wp-content\/uploads\/2021\/04\/akne-wer-bekommt-akne-769x513.jpg 769w, https:\/\/pelvyra.com\/wp-content\/uploads\/2021\/04\/akne-wer-bekommt-akne-412x275.jpg 412w, https:\/\/pelvyra.com\/wp-content\/uploads\/2021\/04\/akne-wer-bekommt-akne-600x400.jpg 600w, https:\/\/pelvyra.com\/wp-content\/uploads\/2021\/04\/akne-wer-bekommt-akne.jpg 1200w\" sizes=\"(max-width: 1024px) 100vw, 1024px\" \/><\/figure>\n<\/div>\n\n\n\n<div class=\"wp-block-column is-layout-flow wp-block-column-is-layout-flow\">\n<h2 class=\"wp-block-heading\">Wie krijgt er acne?<\/h2>\n\n\n\n<p>Ongeveer <strong>80<\/strong> procent van de bevolking heeft wel eens last gehad van acne. Vooral pubers in <strong>de puberteit<\/strong> klagen vaak over dit probleem.   <\/p>\n\n\n\n<p>Acne komt vooral voor bij <strong>jongens<\/strong> en <strong>jonge mannen<\/strong> en is bij hen vaak meer uitgesproken.  <\/p>\n\n\n\n<p>Een trigger bij adolescenten is de productie van mannelijke <strong>hormonen<\/strong> en <strong>geslachtshormonen<\/strong> zoals <strong>testosteron<\/strong> tijdens de puberteit.  <\/p>\n\n\n\n<p>Deze hormonen stimuleren de talgklieren om meer talg af te scheiden. Door de verhoogde talgproductie ontstaat acne.   <\/p>\n<\/div>\n<\/div>\n\n<div class=\"wp-block-columns is-layout-flex wp-container-core-columns-is-layout-28f84493 wp-block-columns-is-layout-flex\">\n<div class=\"wp-block-column is-layout-flow wp-block-column-is-layout-flow\">\n<p>Daarnaast heeft de huid van adolescenten de neiging om dikker te worden bij de talgklieren.  <\/p>\n\n\n\n<p>Hierdoor hopen talg en loslatende huidcellen zich op en verschijnen de kenmerkende witte mee-eters.<\/p>\n\n\n\n<p>Acne kan echter ook voorkomen bij volwassenen ouder dan 20 of 30 jaar. Dit wordt <strong>volwassen acne<\/strong> of <strong>late acne<\/strong> genoemd.   <\/p>\n\n\n\n<p>Late acne komt minder vaak voor bij mannen dan bij vrouwen.  <\/p>\n\n\n\n<p>Vooral vrouwen die vanaf het begin van de puberteit de <strong>pil<\/strong> slikken en er na een paar jaar mee stoppen, hebben problemen. Deze <strong>hormonale verandering<\/strong> is een van <strong>de triggers van acne<\/strong>. <\/p>\n\n\n\n<p><strong>Acne bij baby&#8217;s<\/strong>, die optreedt in de <strong>eerste levensmaanden<\/strong>, komt ook vaak voor. Dit wordt meestal veroorzaakt door erfelijke aanleg, wat kan leiden tot ernstige acne-opflakkeringen, zelfs tijdens de puberteit.   <\/p>\n<\/div>\n\n\n\n<div class=\"wp-block-column is-layout-flow wp-block-column-is-layout-flow\">\n<figure class=\"wp-block-image size-large\"><img decoding=\"async\" width=\"1024\" height=\"683\" src=\"https:\/\/pelvyra.com\/wp-content\/uploads\/2021\/04\/akne-symptome-1024x683.jpg\" alt=\"Typische symptomen van acne\" class=\"wp-image-1793\" srcset=\"https:\/\/pelvyra.com\/wp-content\/uploads\/2021\/04\/akne-symptome-1024x683.jpg 1024w, https:\/\/pelvyra.com\/wp-content\/uploads\/2021\/04\/akne-symptome-300x200.jpg 300w, https:\/\/pelvyra.com\/wp-content\/uploads\/2021\/04\/akne-symptome-768x512.jpg 768w, https:\/\/pelvyra.com\/wp-content\/uploads\/2021\/04\/akne-symptome-769x513.jpg 769w, https:\/\/pelvyra.com\/wp-content\/uploads\/2021\/04\/akne-symptome-412x275.jpg 412w, https:\/\/pelvyra.com\/wp-content\/uploads\/2021\/04\/akne-symptome-600x400.jpg 600w, https:\/\/pelvyra.com\/wp-content\/uploads\/2021\/04\/akne-symptome.jpg 1200w\" sizes=\"(max-width: 1024px) 100vw, 1024px\" \/><\/figure>\n<\/div>\n<\/div>\n\n<div class=\"wp-block-columns is-layout-flex wp-container-core-columns-is-layout-28f84493 wp-block-columns-is-layout-flex\">\n<div class=\"wp-block-column is-vertically-aligned-top is-layout-flow wp-block-column-is-layout-flow\">\n<figure class=\"wp-block-image size-large\"><img loading=\"lazy\" decoding=\"async\" width=\"1024\" height=\"683\" src=\"https:\/\/pelvyra.com\/wp-content\/uploads\/2021\/04\/akne-was-fehlt-meinem-koerper-1024x683.jpg\" alt=\"Wat mist mijn lichaam met acne?\" class=\"wp-image-2323\" srcset=\"https:\/\/pelvyra.com\/wp-content\/uploads\/2021\/04\/akne-was-fehlt-meinem-koerper-1024x683.jpg 1024w, https:\/\/pelvyra.com\/wp-content\/uploads\/2021\/04\/akne-was-fehlt-meinem-koerper-300x200.jpg 300w, https:\/\/pelvyra.com\/wp-content\/uploads\/2021\/04\/akne-was-fehlt-meinem-koerper-768x512.jpg 768w, https:\/\/pelvyra.com\/wp-content\/uploads\/2021\/04\/akne-was-fehlt-meinem-koerper-769x513.jpg 769w, https:\/\/pelvyra.com\/wp-content\/uploads\/2021\/04\/akne-was-fehlt-meinem-koerper-412x275.jpg 412w, https:\/\/pelvyra.com\/wp-content\/uploads\/2021\/04\/akne-was-fehlt-meinem-koerper-600x400.jpg 600w, https:\/\/pelvyra.com\/wp-content\/uploads\/2021\/04\/akne-was-fehlt-meinem-koerper.jpg 1200w\" sizes=\"(max-width: 1024px) 100vw, 1024px\" \/><\/figure>\n<\/div>\n\n\n\n<div class=\"wp-block-column is-vertically-aligned-center is-layout-flow wp-block-column-is-layout-flow\">\n<h2 class=\"wp-block-heading\">Wat mist mijn lichaam met acne?<\/h2>\n\n\n\n<p>Puistjes en mee-eters (comedonen) zijn in de eerste plaats een teken dat de huid uit balans is. En dit kan in elke levensfase gebeuren. <\/p>\n\n\n\n<p>Vraag je je af wat er op dit moment mis is met je lichaam?<\/p>\n\n\n\n<p>Het kan helpen als je kijkt naar je huidige <strong>gezichtsverzorging<\/strong>, je <strong>dieet<\/strong> en je huidige <strong>levensstijl<\/strong>.  <\/p>\n\n\n\n<p>Acne wordt in principe veroorzaakt door <strong>micro-inflammaties<\/strong> in de huid, die worden be\u00efnvloed door hormonale veranderingen, milieu-invloeden of medicatie.  <\/p>\n\n\n\n<p>Er zijn echter ook andere factoren die een rol spelen bij de verschillende vormen van acne.<\/p>\n\n\n\n<div class=\"wp-block-buttons is-layout-flex wp-block-buttons-is-layout-flex\">\n<div class=\"wp-block-button\"><a class=\"wp-block-button__link\" href=\"https:\/\/pelvyra.com\/akne-wissen\/phagen-anwendung\/\">Het gebruik van fagen voor acne<\/a><\/div>\n<\/div>\n<\/div>\n<\/div>\n\n<div class=\"wp-block-columns is-layout-flex wp-container-core-columns-is-layout-28f84493 wp-block-columns-is-layout-flex\">\n<div class=\"wp-block-column is-vertically-aligned-top is-layout-flow wp-block-column-is-layout-flow\">\n<p><strong>Factoren die de balans van je huid kunnen verstoren<\/strong><\/p>\n\n\n\n<ul class=\"wp-block-list\"><li>je dieet<\/li><li>medicijnen of antibiotica gebruiken<\/li><li>roken<\/li><li>Stress<\/li><li>Cosmetica<\/li><li>Zon (UV-straling)<\/li><li>je kleren<\/li><li>Ongeschikte make-up<\/li><li>Het gezicht te vaak wassen<\/li><\/ul>\n\n\n\n<p>De relatie tussen voeding en acne is een zeer controversieel onderwerp. Verkeerde voeding wordt vaak gezien als een trigger voor acne.   <\/p>\n\n\n\n<p>Over \u00e9\u00e9n punt zijn de meeste wetenschappers het eens. Alle voedingsmiddelen met een hoge glykemische index<strong>(melk<\/strong> en <strong>zuivelproducten<\/strong>) bevorderen <strong>een onzuivere<\/strong> <strong>huid<\/strong>. <\/p>\n<\/div>\n\n\n\n<div class=\"wp-block-column is-vertically-aligned-center is-layout-flow wp-block-column-is-layout-flow\">\n<p><strong>Roken<\/strong> <strong>wordt beschouwd als een risicofactor<\/strong> voor <strong>acne<\/strong> en is daarom ook een mogelijke trigger. Aan de ene kant geven sigaretten veel stoffen af die ontstekingen bevorderen en roken vernauwt de bloedvaten in de huid. <\/p>\n\n\n\n<p>Bepaalde medicijnen zoals <strong>antidepressiva, stero\u00efden, anti-epileptica<\/strong> en het verhoogde gebruik van <strong>androgenen<\/strong> kunnen acne bevorderen.<\/p>\n\n\n\n<p>Cosmetica en gezichtsverzorgingsproducten met een hoog <strong>olie- en vetgehalte<\/strong> kunnen de talgklieren ook verstoppen. Dit kan weer een trigger zijn voor acne.   <\/p>\n\n\n\n<p><strong>Te strakke kleding<\/strong>, zoals helmen, gelaatsschermen of hoofdbanden, kunnen acne ook verergeren. Overmatige druk kan een voldoende <strong>talgstroom<\/strong> belemmeren. <\/p>\n\n\n\n<p>Stress en langdurige emotionele spanning kunnen de genezing van littekens aanzienlijk vertragen en de ontwikkeling van acne bevorderen.<\/p>\n\n\n\n<p>Wil je iets <strong>doen<\/strong> aan je <strong>acne<\/strong>? We hebben acne tips en <a href=\"https:\/\/pelvyra.com\/nl\/huismiddeltjes-tegen-acne-onze-top-8-die-echt-helpen\/\" title=\"Huismiddeltjes tegen acne: Onze TOP 8 die echt helpen!\"><strong>huismiddeltjes voor acne<\/strong><\/a> voor je klaargezet. <\/p>\n<\/div>\n<\/div>\n\n<div class=\"wp-block-columns is-layout-flex wp-container-core-columns-is-layout-28f84493 wp-block-columns-is-layout-flex\">\n<div class=\"wp-block-column is-vertically-aligned-center is-layout-flow wp-block-column-is-layout-flow\">\n<h2 class=\"wp-block-heading\">Hoe kom ik van acne af?<\/h2>\n\n\n\n<p>Er is \u00e9\u00e9n ding dat helpt tegen acne: acnebehandeling. En je moet de eerste stap zetten. In het geval van <strong>ernstige acne<\/strong> wordt behandeling aanbevolen, onder begeleiding van een <strong>dermatoloog<\/strong>.  <\/p>\n\n\n\n<p>Wil je puistjes voorkomen en huidirritatie verminderen? Dan helpen we je graag om je natuurlijke huidflora weer in balans te brengen met <strong>Sanubiom SkinCare Protect<\/strong>.   <\/p>\n\n\n\n<p>Onze probiotische huidbescherming met <strong>fagen<\/strong> bevordert de groei van goede bacteri\u00ebn (zoals stafylokokken, aerobe corynebacteri\u00ebn en lipofiele bacteri\u00ebn).  <\/p>\n\n\n\n<p>Slechte bacteri\u00ebn die acne veroorzaken worden onderdrukt door bacteriofagen, waardoor roodheid en huidirritatie verminderen.  <\/p>\n\n\n\n<p>We gebruiken bewust fagen om de beschermende barri\u00e8re van de huid te versterken. Je huid wordt echter niet onnodig belast. <\/p>\n\n\n\n<div class=\"wp-block-buttons is-layout-flex wp-block-buttons-is-layout-flex\">\n<div class=\"wp-block-button\"><a class=\"wp-block-button__link has-primary-background-color has-background\" href=\"https:\/\/pelvyra.com\/akne\/\">Acne verminderen met bacteriofagen<\/a><\/div>\n<\/div>\n<\/div>\n\n\n\n<div class=\"wp-block-column is-layout-flow wp-block-column-is-layout-flow\">\n<figure class=\"wp-block-image size-large\"><img loading=\"lazy\" decoding=\"async\" width=\"1024\" height=\"683\" src=\"https:\/\/pelvyra.com\/wp-content\/uploads\/2021\/04\/akne-loswerden-1024x683.jpg\" alt=\"Hoe kom ik van acne af?\" class=\"wp-image-2325\" srcset=\"https:\/\/pelvyra.com\/wp-content\/uploads\/2021\/04\/akne-loswerden-1024x683.jpg 1024w, https:\/\/pelvyra.com\/wp-content\/uploads\/2021\/04\/akne-loswerden-300x200.jpg 300w, https:\/\/pelvyra.com\/wp-content\/uploads\/2021\/04\/akne-loswerden-768x512.jpg 768w, https:\/\/pelvyra.com\/wp-content\/uploads\/2021\/04\/akne-loswerden-769x513.jpg 769w, https:\/\/pelvyra.com\/wp-content\/uploads\/2021\/04\/akne-loswerden-412x275.jpg 412w, https:\/\/pelvyra.com\/wp-content\/uploads\/2021\/04\/akne-loswerden-600x400.jpg 600w, https:\/\/pelvyra.com\/wp-content\/uploads\/2021\/04\/akne-loswerden.jpg 1200w\" sizes=\"(max-width: 1024px) 100vw, 1024px\" \/><\/figure>\n<\/div>\n<\/div>\n","protected":false},"excerpt":{"rendered":"<p>Waarom heb je acne? De triggers van acne! Acne en puistjes zijn een veel voorkomende huidaandoening. Het komt vooral voor bij adolescenten, omdat hormonale veranderingen tijdens de puberteit een overactieve talgklier bevorderen. Er zijn echter veel verschillende oorzaken voor acne. Niet alleen een stoornis van de talgklieren kan de oorzaak zijn. Een overgroei van bacteri\u00ebn [&hellip;]<\/p>\n","protected":false},"author":3,"featured_media":0,"parent":22692,"menu_order":0,"comment_status":"closed","ping_status":"closed","template":"","meta":{"footnotes":""},"class_list":["post-22659","page","type-page","status-publish","hentry"],"_links":{"self":[{"href":"https:\/\/pelvyra.com\/nl\/wp-json\/wp\/v2\/pages\/22659","targetHints":{"allow":["GET"]}}],"collection":[{"href":"https:\/\/pelvyra.com\/nl\/wp-json\/wp\/v2\/pages"}],"about":[{"href":"https:\/\/pelvyra.com\/nl\/wp-json\/wp\/v2\/types\/page"}],"author":[{"embeddable":true,"href":"https:\/\/pelvyra.com\/nl\/wp-json\/wp\/v2\/users\/3"}],"replies":[{"embeddable":true,"href":"https:\/\/pelvyra.com\/nl\/wp-json\/wp\/v2\/comments?post=22659"}],"version-history":[{"count":2,"href":"https:\/\/pelvyra.com\/nl\/wp-json\/wp\/v2\/pages\/22659\/revisions"}],"predecessor-version":[{"id":22704,"href":"https:\/\/pelvyra.com\/nl\/wp-json\/wp\/v2\/pages\/22659\/revisions\/22704"}],"up":[{"embeddable":true,"href":"https:\/\/pelvyra.com\/nl\/wp-json\/wp\/v2\/pages\/22692"}],"wp:attachment":[{"href":"https:\/\/pelvyra.com\/nl\/wp-json\/wp\/v2\/media?parent=22659"}],"curies":[{"name":"wp","href":"https:\/\/api.w.org\/{rel}","templated":true}]}}