{"id":15790,"date":"2024-05-23T09:30:49","date_gmt":"2024-05-23T07:30:49","guid":{"rendered":"https:\/\/pelvyra.com\/i-fattori-scatenanti-della-rosacea\/"},"modified":"2024-05-23T09:31:39","modified_gmt":"2024-05-23T07:31:39","slug":"i-fattori-scatenanti-della-rosacea","status":"publish","type":"page","link":"https:\/\/pelvyra.com\/it\/conoscenza-della-rosacea\/i-fattori-scatenanti-della-rosacea\/","title":{"rendered":"I fattori scatenanti della rosacea"},"content":{"rendered":"\n<div class=\"wp-block-columns mobile-image-last is-layout-flex wp-container-core-columns-is-layout-28f84493 wp-block-columns-is-layout-flex\">\n<div class=\"wp-block-column is-vertically-aligned-center is-layout-flow wp-block-column-is-layout-flow\" style=\"flex-basis:66.66%\">\n<h1 class=\"wp-block-heading\">Perch\u00e9 hai la rosacea?<\/h1>\n\n\n\n<p>Una domanda che molti malati si pongono: <strong>Qual \u00e8 la causa della rosacea?<\/strong> In realt\u00e0, non c&#8217;\u00e8 ancora una spiegazione completa del perch\u00e9 le persone soffrano di questa malattia della pelle &#8211; questo vale anche per la forma correlata di <strong>couperose<\/strong>.  <\/p>\n\n\n\n<p>Tuttavia, ci sono delle <strong>ipotesi<\/strong> su quali fattori possono portare alla comparsa o all&#8217;insorgere della rosacea. Anche se le cause della rosacea <strong>non sono del tutto chiare<\/strong>, si sa che vari aspetti possono causare o esacerbare i sintomi.  <\/p>\n\n\n\n<p>Evitare queste situazioni \u00e8 utile quando si tratta di pazienti affetti da rosacea, oltre al trattamento della rosacea, ad esempio con una crema o un farmaco adatto. Anche la giusta <strong>dieta<\/strong> per la rosacea pu\u00f2 essere d&#8217;aiuto.<\/p>\n\n\n\n<div class=\"wp-block-buttons is-layout-flex wp-block-buttons-is-layout-flex\">\n<div class=\"wp-block-button\"><a class=\"wp-block-button__link has-primary-background-color has-background\" href=\"https:\/\/pelvyra.com\/rosacea-wissen\/\">Rosacea: scopri di pi\u00f9!<\/a><\/div>\n<\/div>\n<\/div>\n\n\n\n<div class=\"wp-block-column is-layout-flow wp-block-column-is-layout-flow\" style=\"flex-basis:33.33%\">\n<figure class=\"wp-block-image size-large\"><img fetchpriority=\"high\" decoding=\"async\" width=\"683\" height=\"1024\" src=\"https:\/\/pelvyra.com\/wp-content\/uploads\/2021\/04\/rosacea-wissen-ausloeser.jpg\" alt=\"Perch&#xE9; hai la rosacea?\" class=\"wp-image-1696\" srcset=\"https:\/\/pelvyra.com\/wp-content\/uploads\/2021\/04\/rosacea-wissen-ausloeser.jpg 683w, https:\/\/pelvyra.com\/wp-content\/uploads\/2021\/04\/rosacea-wissen-ausloeser-200x300.jpg 200w, https:\/\/pelvyra.com\/wp-content\/uploads\/2021\/04\/rosacea-wissen-ausloeser-600x900.jpg 600w\" sizes=\"(max-width: 683px) 100vw, 683px\" \/><\/figure>\n<\/div>\n<\/div>\n\n<div class=\"wp-block-columns is-layout-flex wp-container-core-columns-is-layout-28f84493 wp-block-columns-is-layout-flex\">\n<div class=\"wp-block-column is-layout-flow wp-block-column-is-layout-flow\">\n<figure class=\"wp-block-image size-large\"><img decoding=\"async\" width=\"1024\" height=\"683\" src=\"https:\/\/pelvyra.com\/wp-content\/uploads\/2021\/04\/rosacea-moegliche-ausloeser-1024x683.jpg\" alt=\"Possibili fattori scatenanti della rosacea\" class=\"wp-image-1701\" srcset=\"https:\/\/pelvyra.com\/wp-content\/uploads\/2021\/04\/rosacea-moegliche-ausloeser-1024x683.jpg 1024w, https:\/\/pelvyra.com\/wp-content\/uploads\/2021\/04\/rosacea-moegliche-ausloeser-300x200.jpg 300w, https:\/\/pelvyra.com\/wp-content\/uploads\/2021\/04\/rosacea-moegliche-ausloeser-768x512.jpg 768w, https:\/\/pelvyra.com\/wp-content\/uploads\/2021\/04\/rosacea-moegliche-ausloeser-769x513.jpg 769w, https:\/\/pelvyra.com\/wp-content\/uploads\/2021\/04\/rosacea-moegliche-ausloeser-412x275.jpg 412w, https:\/\/pelvyra.com\/wp-content\/uploads\/2021\/04\/rosacea-moegliche-ausloeser-600x400.jpg 600w, https:\/\/pelvyra.com\/wp-content\/uploads\/2021\/04\/rosacea-moegliche-ausloeser.jpg 1200w\" sizes=\"(max-width: 1024px) 100vw, 1024px\" \/><\/figure>\n<\/div>\n\n\n\n<div class=\"wp-block-column is-layout-flow wp-block-column-is-layout-flow\">\n<h2 class=\"wp-block-heading\">Possibili fattori scatenanti della rosacea<\/h2>\n\n\n\n<p>Purtroppo le cause della rosacea non sono ancora chiare al cento per cento. Ma almeno ci sono degli indizi.  <\/p>\n\n\n\n<p>Questa malattia cronica e infiammatoria sembra spesso avere una <strong>predisposizione genetica<\/strong>. Questo pu\u00f2 favorire altri punti che possono causare la rosacea.  <\/p>\n\n\n\n<p>Questi includono <strong>debolezze vascolari<\/strong>, ma anche infiammazioni della pelle e dei nervi. Una delle cause della rosacea potrebbe essere un sistema immunitario disturbato che \u00e8 iperattivo nelle aree colpite e che quindi causa infiammazioni.  <\/p>\n\n\n\n<p>Ci sono anche molte indicazioni che indicano il coinvolgimento di una specifica <strong>specie di acaro<\/strong>.<\/p>\n\n\n\n<p>La rosacea pu\u00f2 non essere curabile, ma deve essere assolutamente trattata, altrimenti la malattia continuer\u00e0 a peggiorare. Nella fase pi\u00f9 grave o in una forma molto accentuata, la rosacea \u00e8 accompagnata da <strong>rinofima<\/strong>.  <\/p>\n\n\n\n<p>Si tratta del tipico ispessimento del naso che di solito si verifica negli uomini: il <strong>naso a rosacea (naso a bulbo)<\/strong>. Per evitare che ci\u00f2 accada, \u00e8 consigliabile evitare i fattori scatenanti dei sintomi.<\/p>\n<\/div>\n<\/div>\n\n<div class=\"wp-block-columns are-vertically-aligned-top is-layout-flex wp-container-core-columns-is-layout-28f84493 wp-block-columns-is-layout-flex\">\n<div class=\"wp-block-column is-vertically-aligned-top is-layout-flow wp-block-column-is-layout-flow\">\n<h3 class=\"wp-block-heading\">I raggi UV come fattore scatenante<\/h3>\n\n\n\n<p>I <strong>raggi UV<\/strong> intensi sono uno dei principali fattori scatenanti e causa delle eruzioni cutanee della rosacea.  <\/p>\n\n\n\n<p>Sia i <strong>raggi<\/strong> <strong>UVB <\/strong>che i <strong>raggi UVA<\/strong>, che penetrano ancora pi\u00f9 in profondit\u00e0 nella pelle e sono presenti anche in inverno, favoriscono fortemente gli arrossamenti.  <\/p>\n\n\n\n<p>\u00c8 quindi importante che tu protegga la tua pelle con rosacea tutto l&#8217;anno e tutti i giorni con una crema solare con il <strong>pi\u00f9 alto fattore di protezione<\/strong> possibile (idealmente 50+). Le nuvole e i vetri delle finestre non proteggono dai raggi UV.<\/p>\n\n\n\n<p>Leggi tutto:<a href=\"https:\/\/pelvyra.com\/sonnenschutz-bei-rosacea\/\">&#8220;Protezione solare per la rosacea: presta attenzione a questo aspetto!<\/a>&#8220;<\/p>\n<\/div>\n\n\n\n<div class=\"wp-block-column is-vertically-aligned-top is-layout-flow wp-block-column-is-layout-flow\">\n<figure class=\"wp-block-image size-large\"><img decoding=\"async\" width=\"1024\" height=\"683\" src=\"https:\/\/pelvyra.com\/wp-content\/uploads\/2021\/04\/rosacea-uv-strahlung-ausloeser-1024x683.jpg\" alt=\"I raggi UV come fattore scatenante\" class=\"wp-image-1703\" srcset=\"https:\/\/pelvyra.com\/wp-content\/uploads\/2021\/04\/rosacea-uv-strahlung-ausloeser-1024x683.jpg 1024w, https:\/\/pelvyra.com\/wp-content\/uploads\/2021\/04\/rosacea-uv-strahlung-ausloeser-300x200.jpg 300w, https:\/\/pelvyra.com\/wp-content\/uploads\/2021\/04\/rosacea-uv-strahlung-ausloeser-768x512.jpg 768w, https:\/\/pelvyra.com\/wp-content\/uploads\/2021\/04\/rosacea-uv-strahlung-ausloeser-769x513.jpg 769w, https:\/\/pelvyra.com\/wp-content\/uploads\/2021\/04\/rosacea-uv-strahlung-ausloeser-412x275.jpg 412w, https:\/\/pelvyra.com\/wp-content\/uploads\/2021\/04\/rosacea-uv-strahlung-ausloeser-600x400.jpg 600w, https:\/\/pelvyra.com\/wp-content\/uploads\/2021\/04\/rosacea-uv-strahlung-ausloeser.jpg 1200w\" sizes=\"(max-width: 1024px) 100vw, 1024px\" \/><\/figure>\n<\/div>\n<\/div>\n\n<div class=\"wp-block-columns is-layout-flex wp-container-core-columns-is-layout-28f84493 wp-block-columns-is-layout-flex\">\n<div class=\"wp-block-column is-layout-flow wp-block-column-is-layout-flow\">\n<h3 class=\"wp-block-heading\">Alcool per la rosacea<\/h3>\n\n\n\n<p>Il consumo di <strong>alcol<\/strong> in caso di rosacea dilata i <strong>vasi sanguigni<\/strong>. Poich\u00e9 uno dei sintomi della rosacea \u00e8 la dilatazione dei vasi sanguigni, dovresti evitare di bere alcolici troppo regolarmente o in grandi quantit\u00e0. Nella rosacea, questa \u00e8 la causa dell&#8217;aumento del rossore sul viso e favorisce la formazione di noduli, papule e pustole, oltre che di vene visibili.<\/p>\n\n\n\n<p>Leggi tutto:<a href=\"https:\/\/pelvyra.com\/rosacea-durch-alkohl\/\">&#8220;Rosacea causata dall&#8217;alcol: perch\u00e9 devi assolutamente evitare l&#8217;alcol!<\/a>&#8220;<\/p>\n<\/div>\n\n\n\n<div class=\"wp-block-column is-layout-flow wp-block-column-is-layout-flow\">\n<h3 class=\"wp-block-heading\">Sport per la rosacea<\/h3>\n\n\n\n<p>Dopo un&#8217;intensa <strong>sessione di sport<\/strong>, la circolazione sanguigna viene stimolata e all&#8217;inizio tutti hanno il viso arrossato. Quando pratichi un&#8217;attivit\u00e0 sportiva, devi sapere che, se soffri di rosacea, questo pu\u00f2 provocare un aumento del rossore.<\/p>\n<\/div>\n<\/div>\n\n<div class=\"wp-block-columns is-layout-flex wp-container-core-columns-is-layout-28f84493 wp-block-columns-is-layout-flex\">\n<div class=\"wp-block-column is-layout-flow wp-block-column-is-layout-flow\">\n<h3 class=\"wp-block-heading\">Improvvisi sbalzi di temperatura<\/h3>\n\n\n\n<p>I bruschi <strong>cambiamenti di temperatura<\/strong> o il <strong>freddo<\/strong> e il <strong>caldo<\/strong> estremi stimolano la circolazione sanguigna della pelle. Questo fa s\u00ec che il rossore esistente si intensifichi o, se non gi\u00e0 presente, si scateni. Dovresti quindi evitare attivit\u00e0 come la sauna o ridurle al minimo.<\/p>\n<\/div>\n\n\n\n<div class=\"wp-block-column is-layout-flow wp-block-column-is-layout-flow\">\n<h3 class=\"wp-block-heading\">Cibo piccante<\/h3>\n\n\n\n<p>Molte persone amano il <strong>cibo piccante<\/strong>. Fai attenzione alla rosacea! La piccantezza stimola la circolazione sanguigna e aumenta o scatena il rossore. La giusta dieta per la rosacea per un intestino sano \u00e8 utile in questo caso. Perch\u00e9 un intestino sano pu\u00f2 aiutarti a combattere la rosacea.<\/p>\n\n\n\n<div class=\"wp-block-buttons is-layout-flex wp-block-buttons-is-layout-flex\">\n<div class=\"wp-block-button\"><a class=\"wp-block-button__link\" href=\"https:\/\/pelvyra.com\/rosacea-wissen\/darm-ursache-rosacea\/\">L&#8217;intestino come causa della rosacea<\/a><\/div>\n<\/div>\n<\/div>\n<\/div>\n\n<div class=\"wp-block-columns are-vertically-aligned-top is-layout-flex wp-container-core-columns-is-layout-28f84493 wp-block-columns-is-layout-flex\">\n<div class=\"wp-block-column is-vertically-aligned-top is-layout-flow wp-block-column-is-layout-flow\">\n<figure class=\"wp-block-image size-large\"><img loading=\"lazy\" decoding=\"async\" width=\"1024\" height=\"683\" src=\"https:\/\/pelvyra.com\/wp-content\/uploads\/2021\/04\/rosacea-kosmetikprodukte-ausloeser-1024x683.jpg\" alt=\"I prodotti cosmetici e i trattamenti sbagliati per la tua pelle\" class=\"wp-image-1705\" srcset=\"https:\/\/pelvyra.com\/wp-content\/uploads\/2021\/04\/rosacea-kosmetikprodukte-ausloeser-1024x683.jpg 1024w, https:\/\/pelvyra.com\/wp-content\/uploads\/2021\/04\/rosacea-kosmetikprodukte-ausloeser-300x200.jpg 300w, https:\/\/pelvyra.com\/wp-content\/uploads\/2021\/04\/rosacea-kosmetikprodukte-ausloeser-768x512.jpg 768w, https:\/\/pelvyra.com\/wp-content\/uploads\/2021\/04\/rosacea-kosmetikprodukte-ausloeser-769x513.jpg 769w, https:\/\/pelvyra.com\/wp-content\/uploads\/2021\/04\/rosacea-kosmetikprodukte-ausloeser-412x275.jpg 412w, https:\/\/pelvyra.com\/wp-content\/uploads\/2021\/04\/rosacea-kosmetikprodukte-ausloeser-600x400.jpg 600w, https:\/\/pelvyra.com\/wp-content\/uploads\/2021\/04\/rosacea-kosmetikprodukte-ausloeser.jpg 1200w\" sizes=\"(max-width: 1024px) 100vw, 1024px\" \/><\/figure>\n<\/div>\n\n\n\n<div class=\"wp-block-column is-vertically-aligned-top is-layout-flow wp-block-column-is-layout-flow\">\n<h3 class=\"wp-block-heading\">I prodotti cosmetici e i trattamenti sbagliati per la tua pelle<\/h3>\n\n\n\n<p><strong>Non tutti i<\/strong> <strong>prodotti cosmetici<\/strong> e per la <strong>cura della pelle con rosacea<\/strong>, come il make-up, sono adatti alla <strong>pelle con rosacea<\/strong>. Le creme o le lozioni utilizzate non devono essere troppo pesanti sulla pelle, altrimenti l&#8217;accumulo di calore pu\u00f2 causare arrossamenti.  <\/p>\n\n\n\n<p>La crema ideale per la rosacea ha un basso contenuto di grassi. I prodotti a pH neutro sono ideali per la detersione; i saponi seccano troppo la pelle e danneggiano la barriera cutanea.  <\/p>\n\n\n\n<p>Inoltre, i prodotti scelti non devono contenere oli essenziali, profumi o alcol. Tutto questo pu\u00f2 essere irritante.<\/p>\n\n\n\n<div class=\"wp-block-buttons is-layout-flex wp-block-buttons-is-layout-flex\">\n<div class=\"wp-block-button\"><a class=\"wp-block-button__link\" href=\"https:\/\/pelvyra.com\/make-up-bei-rosacea\/\">Trucco per la rosacea: presta attenzione a questo aspetto!<\/a><\/div>\n<\/div>\n<\/div>\n<\/div>\n\n<div class=\"wp-block-columns is-layout-flex wp-container-core-columns-is-layout-28f84493 wp-block-columns-is-layout-flex\">\n<div class=\"wp-block-column is-layout-flow wp-block-column-is-layout-flow\">\n<h3 class=\"wp-block-heading\">Acari Demodex<\/h3>\n\n\n\n<p>Gli <strong>acari Demodex (acari del follicolo pilifero)<\/strong> sono una specie presente naturalmente sulla pelle di ogni essere umano.  <\/p>\n\n\n\n<p>Tuttavia, si sospetta che possano essere la causa delle reazioni infiammatorie nella rosacea perch\u00e9 in questo caso sono presenti in numero eccessivo.<\/p>\n\n\n\n<p>I possibili fattori scatenanti della <strong>rosacea<\/strong> sono tanto vari quanto individuali.  <\/p>\n\n\n\n<p><strong>Pertanto,<\/strong> ascolta <strong>sempre<\/strong> la tua pelle e sii paziente con lei.<\/p>\n\n\n\n<div class=\"wp-block-buttons is-layout-flex wp-block-buttons-is-layout-flex\">\n<div class=\"wp-block-button\"><a class=\"wp-block-button__link has-primary-background-color has-background\" href=\"https:\/\/pelvyra.com\/it\/rosacea\/\">Ridurre la rosacea con i batteriofagi<\/a><\/div>\n<\/div>\n<\/div>\n\n\n\n<div class=\"wp-block-column is-layout-flow wp-block-column-is-layout-flow\">\n<figure class=\"wp-block-image size-large\"><img loading=\"lazy\" decoding=\"async\" width=\"1024\" height=\"683\" src=\"https:\/\/pelvyra.com\/wp-content\/uploads\/2021\/04\/rosacea-demodex-milbe-1024x683.jpg\" alt=\"Acari Demodex\" class=\"wp-image-1707\" srcset=\"https:\/\/pelvyra.com\/wp-content\/uploads\/2021\/04\/rosacea-demodex-milbe-1024x683.jpg 1024w, https:\/\/pelvyra.com\/wp-content\/uploads\/2021\/04\/rosacea-demodex-milbe-300x200.jpg 300w, https:\/\/pelvyra.com\/wp-content\/uploads\/2021\/04\/rosacea-demodex-milbe-768x512.jpg 768w, https:\/\/pelvyra.com\/wp-content\/uploads\/2021\/04\/rosacea-demodex-milbe-769x513.jpg 769w, https:\/\/pelvyra.com\/wp-content\/uploads\/2021\/04\/rosacea-demodex-milbe-412x275.jpg 412w, https:\/\/pelvyra.com\/wp-content\/uploads\/2021\/04\/rosacea-demodex-milbe-600x400.jpg 600w, https:\/\/pelvyra.com\/wp-content\/uploads\/2021\/04\/rosacea-demodex-milbe.jpg 1200w\" sizes=\"(max-width: 1024px) 100vw, 1024px\" \/><\/figure>\n<\/div>\n<\/div>\n\n<div class=\"wp-block-columns is-layout-flex wp-container-core-columns-is-layout-28f84493 wp-block-columns-is-layout-flex\">\n<div class=\"wp-block-column autorsector is-layout-flow wp-block-column-is-layout-flow\">\n<div class=\"wp-block-columns is-layout-flex wp-container-core-columns-is-layout-28f84493 wp-block-columns-is-layout-flex\">\n<div class=\"wp-block-column is-layout-flow wp-block-column-is-layout-flow\" style=\"flex-basis:100%\">\n<div class=\"wp-block-columns is-layout-flex wp-container-core-columns-is-layout-28f84493 wp-block-columns-is-layout-flex\">\n<div class=\"wp-block-column autortext is-layout-flow wp-block-column-is-layout-flow\" style=\"flex-basis:66.66%\">\n<h3 class=\"wp-block-heading\">Informazioni sull&#8217;articolo  <\/h3>\n\n\n\n<p><strong>Autore:<\/strong> Katharina Hillinger<\/p>\n\n\n\n<p> <em>&#8220;La nostra pelle nutre, disintossica e protegge il nostro corpo. Ma affinch\u00e9 possa svolgere le sue funzioni, la nostra flora cutanea deve essere in equilibrio. La pelle sana \u00e8 caratterizzata da un ecosistema diversificato di microbi che formano una sorta di scudo protettivo&#8221;.<\/em><\/p>\n<\/div>\n<\/div>\n<\/div>\n<\/div>\n<\/div>\n<\/div>\n\n<p class=\"has-text-align-center\"><\/p>\n","protected":false},"excerpt":{"rendered":"<p>Perch\u00e9 hai la rosacea? Una domanda che molti malati si pongono: Qual \u00e8 la causa della rosacea? In realt\u00e0, non c&#8217;\u00e8 ancora una spiegazione completa del perch\u00e9 le persone soffrano di questa malattia della pelle &#8211; questo vale anche per la forma correlata di couperose. Tuttavia, ci sono delle ipotesi su quali fattori possono portare [&hellip;]<\/p>\n","protected":false},"author":3,"featured_media":15796,"parent":15889,"menu_order":0,"comment_status":"closed","ping_status":"closed","template":"","meta":{"footnotes":""},"class_list":["post-15790","page","type-page","status-publish","has-post-thumbnail","hentry"],"_links":{"self":[{"href":"https:\/\/pelvyra.com\/it\/wp-json\/wp\/v2\/pages\/15790","targetHints":{"allow":["GET"]}}],"collection":[{"href":"https:\/\/pelvyra.com\/it\/wp-json\/wp\/v2\/pages"}],"about":[{"href":"https:\/\/pelvyra.com\/it\/wp-json\/wp\/v2\/types\/page"}],"author":[{"embeddable":true,"href":"https:\/\/pelvyra.com\/it\/wp-json\/wp\/v2\/users\/3"}],"replies":[{"embeddable":true,"href":"https:\/\/pelvyra.com\/it\/wp-json\/wp\/v2\/comments?post=15790"}],"version-history":[{"count":2,"href":"https:\/\/pelvyra.com\/it\/wp-json\/wp\/v2\/pages\/15790\/revisions"}],"predecessor-version":[{"id":15813,"href":"https:\/\/pelvyra.com\/it\/wp-json\/wp\/v2\/pages\/15790\/revisions\/15813"}],"up":[{"embeddable":true,"href":"https:\/\/pelvyra.com\/it\/wp-json\/wp\/v2\/pages\/15889"}],"wp:featuredmedia":[{"embeddable":true,"href":"https:\/\/pelvyra.com\/it\/wp-json\/wp\/v2\/media\/15796"}],"wp:attachment":[{"href":"https:\/\/pelvyra.com\/it\/wp-json\/wp\/v2\/media?parent=15790"}],"curies":[{"name":"wp","href":"https:\/\/api.w.org\/{rel}","templated":true}]}}