{"id":15713,"date":"2024-05-23T09:30:18","date_gmt":"2024-05-23T07:30:18","guid":{"rendered":"https:\/\/pelvyra.com\/applicazione-di-fagi-per-lacne\/"},"modified":"2024-05-23T09:30:49","modified_gmt":"2024-05-23T07:30:49","slug":"applicazione-di-fagi-per-lacne","status":"publish","type":"page","link":"https:\/\/pelvyra.com\/it\/conoscenza-dellacne\/applicazione-di-fagi-per-lacne\/","title":{"rendered":"Applicazione di fagi per l&#8217;acne"},"content":{"rendered":"\n<div class=\"wp-block-columns mobile-image-last is-layout-flex wp-container-core-columns-is-layout-28f84493 wp-block-columns-is-layout-flex\">\n<div class=\"wp-block-column is-vertically-aligned-center is-layout-flow wp-block-column-is-layout-flow\" style=\"flex-basis:66.66%\">\n<h1 class=\"wp-block-heading\">Acne: l&#8217;applicazione di fagi come nuovo trattamento contro arrossamenti e prurito<\/h1>\n\n\n\n<p>L&#8217;<strong>acne<\/strong> \u00e8 una delle <strong>malattie della pelle<\/strong> pi\u00f9 comuni <strong>.<\/strong> Fino al <strong>95%<\/strong> degli adolescenti soffre di brufoli pi\u00f9 o meno pronunciati durante la pubert\u00e0.  <\/p>\n\n\n\n<p>Questa malattia della pelle non \u00e8 solo sgradevole, ma rende anche il guardarsi allo specchio una tortura. Se vuoi curare l&#8217;acne, i cosiddetti<strong>&#8220;mangiatori di batteri<\/strong>&#8221; possono aiutarti. Sono stati utilizzati con successo in Georgia per decenni.<span id=\"3e7eb97e-0c22-4e3b-a3d3-6e4fbce8a96d\" data-items=\"[\" contenteditable=\"false\" data-has-children=\"true\" class=\"abt-citation\"><sup>1<\/sup><\/span><\/p>\n\n\n\n<p>Come funziona esattamente l&#8217;applicazione dei fagi? Per saperne di pi\u00f9 su questa domanda e su altre interessanti informazioni di base sull&#8217;acne e sui batteriofagi, puoi consultare il seguente articolo.<\/p>\n\n\n\n<div class=\"wp-block-buttons is-horizontal is-content-justification-center is-layout-flex wp-container-core-buttons-is-layout-03627597 wp-block-buttons-is-layout-flex\">\n<div class=\"wp-block-button\"><a class=\"wp-block-button__link has-primary-background-color has-background wp-element-button\" href=\"https:\/\/pelvyra.com\/it\/conoscenza-dei-batteriofagi\/\">Batteriofagi: scopri tutto su di loro!<\/a><\/div>\n<\/div>\n<\/div>\n\n\n\n<div class=\"wp-block-column is-layout-flow wp-block-column-is-layout-flow\" style=\"flex-basis:33.33%\">\n<figure class=\"wp-block-image size-large\"><img fetchpriority=\"high\" decoding=\"async\" width=\"683\" height=\"1024\" src=\"https:\/\/pelvyra.com\/wp-content\/uploads\/2021\/04\/phagen-anwendung-akne.jpg\" alt=\"Applicazione di fagi per l'acne\" class=\"wp-image-2618\" srcset=\"https:\/\/pelvyra.com\/wp-content\/uploads\/2021\/04\/phagen-anwendung-akne.jpg 683w, https:\/\/pelvyra.com\/wp-content\/uploads\/2021\/04\/phagen-anwendung-akne-200x300.jpg 200w, https:\/\/pelvyra.com\/wp-content\/uploads\/2021\/04\/phagen-anwendung-akne-600x900.jpg 600w\" sizes=\"(max-width: 683px) 100vw, 683px\" \/><\/figure>\n<\/div>\n<\/div>\n\n<div class=\"wp-block-columns pointofsale is-layout-flex wp-container-core-columns-is-layout-28f84493 wp-block-columns-is-layout-flex\">\n<div class=\"wp-block-column pointsa is-layout-flow wp-block-column-is-layout-flow\" style=\"flex-basis:33.33%\">\n<figure class=\"wp-block-image aligncenter size-full adpro\"><img decoding=\"async\" width=\"600\" height=\"900\" src=\"https:\/\/pelvyra.com\/wp-content\/uploads\/2022\/10\/skincare-acne_spray-alternative.png\" alt=\"\" class=\"wp-image-13556\" srcset=\"https:\/\/pelvyra.com\/wp-content\/uploads\/2022\/10\/skincare-acne_spray-alternative.png 600w, https:\/\/pelvyra.com\/wp-content\/uploads\/2022\/10\/skincare-acne_spray-alternative-200x300.png 200w, https:\/\/pelvyra.com\/wp-content\/uploads\/2022\/10\/skincare-acne_spray-alternative-300x450.png 300w\" sizes=\"(max-width: 600px) 100vw, 600px\" \/><\/figure>\n<\/div>\n\n\n\n<div class=\"wp-block-column rightpro is-layout-flow wp-block-column-is-layout-flow\" style=\"flex-basis:66.66%\">\n<p style=\"font-size: 20px;\"><span style=\"color: #000; font-style: italic;\">CURA DELL&#8217;<\/span> ACNE<\/p>\n\n\n\n<p class=\"adproo\">Protezione probiotica della pelle SkinCare Acne con tecnologia Phage.  <br\/>La tua pelle si riposa.<\/p>\n\n\n\n<ul class=\"adproo wp-block-list\">\n<li>Anti brufoli<\/li>\n\n\n\n<li>Anti punti neri<\/li>\n\n\n\n<li>Riduce gli arrossamenti e previene le infiammazioni<\/li>\n<\/ul>\n\n\n\n<div class=\"wp-block-buttons is-layout-flex wp-block-buttons-is-layout-flex\">\n<div class=\"wp-block-button\"><a class=\"wp-block-button__link wp-element-button\" href=\"https:\/\/pelvyra.com\/akne-produkte\/\">Acquista ora<\/a><\/div>\n<\/div>\n<\/div>\n<\/div>\n\n<hr class=\"linietrust\"\/>\n<div class=\"trustpilothead\"> <a style=\"color:#000; text-align:center;\" id=\"profile-link\" target=\"_blank\" href=\"https:\/\/de.trustpilot.com\/review\/sanubiom.com?utm_medium=trustbox&#038;utm_source=MicroReviewCount\" rel=\"noopener\"><span>Le nostre valutazioni su<\/span>\n<img decoding=\"async\" style=\"width:200px; height:56px;\" src=\"https:\/\/pelvyra.com\/wp-content\/uploads\/2021\/11\/trustpilot_new_logo.png\" alt=\"fidati del pilota\"\/><img decoding=\"async\" style=\"width:200px; height:38px; margin-left:10px;\" src=\"https:\/\/pelvyra.com\/wp-content\/uploads\/2021\/11\/stars-45.svg\" alt=\"fidati del pilota\"\/><p style=\"display:inline; margin-left:10px;\">  4.5 &#8211; Eccezionale<\/p> <\/a>\n<\/div>\n<hr class=\"linietrusttwo\"\/>\n\n<div class=\"wp-block-columns are-vertically-aligned-top is-layout-flex wp-container-core-columns-is-layout-28f84493 wp-block-columns-is-layout-flex\">\n<div class=\"wp-block-column is-vertically-aligned-top is-layout-flow wp-block-column-is-layout-flow\">\n<figure class=\"wp-block-image size-large\"><img decoding=\"async\" width=\"1024\" height=\"683\" src=\"https:\/\/pelvyra.com\/wp-content\/uploads\/2021\/04\/akne-phagen-andwendung-neue-behandlung-1024x683.jpg\" alt=\"Applicazione di fagi dell'acne - nuovo trattamento\" class=\"wp-image-2648\" srcset=\"https:\/\/pelvyra.com\/wp-content\/uploads\/2021\/04\/akne-phagen-andwendung-neue-behandlung-1024x683.jpg 1024w, https:\/\/pelvyra.com\/wp-content\/uploads\/2021\/04\/akne-phagen-andwendung-neue-behandlung-300x200.jpg 300w, https:\/\/pelvyra.com\/wp-content\/uploads\/2021\/04\/akne-phagen-andwendung-neue-behandlung-768x512.jpg 768w, https:\/\/pelvyra.com\/wp-content\/uploads\/2021\/04\/akne-phagen-andwendung-neue-behandlung-769x513.jpg 769w, https:\/\/pelvyra.com\/wp-content\/uploads\/2021\/04\/akne-phagen-andwendung-neue-behandlung-412x275.jpg 412w, https:\/\/pelvyra.com\/wp-content\/uploads\/2021\/04\/akne-phagen-andwendung-neue-behandlung-600x400.jpg 600w, https:\/\/pelvyra.com\/wp-content\/uploads\/2021\/04\/akne-phagen-andwendung-neue-behandlung.jpg 1200w\" sizes=\"(max-width: 1024px) 100vw, 1024px\" \/><\/figure>\n<\/div>\n\n\n\n<div class=\"wp-block-column is-vertically-aligned-top is-layout-flow wp-block-column-is-layout-flow\">\n<h2 class=\"wp-block-heading\">Applicazione di fagi &#8211; nuovo trattamento per l&#8217;acne<\/h2>\n\n\n\n<p>Quando i <strong>farmaci<\/strong> <strong>convenzionali<\/strong> non aiutano pi\u00f9 e rimangono inefficaci, \u00e8 il momento di provare qualcosa di nuovo.  <\/p>\n\n\n\n<p>Gli ormoni di solito causano i tipici brufoli dell&#8217;acne. Anche i batteri danno il loro contributo. Ed \u00e8 qui che entra in gioco l&#8217;applicazione dei fagi per l&#8217;acne:  <\/p>\n\n\n\n<p>Essendo dei divoratori naturali di batteri, i batteriofagi vengono applicati sulla pelle in forma <strong>concentrata<\/strong>. Utilizzano i batteri scatenanti come ospite e li attaccano in modo naturale.  <\/p>\n\n\n\n<p>Brufoli e altri sintomi possono cos\u00ec ridursi sensibilmente. Guardarsi allo specchio sar\u00e0 presto <strong>pi\u00f9 piacevole<\/strong>.<\/p>\n<\/div>\n<\/div>\n\n<div class=\"wp-block-columns is-layout-flex wp-container-core-columns-is-layout-28f84493 wp-block-columns-is-layout-flex\">\n<div class=\"wp-block-column is-vertically-aligned-top is-layout-flow wp-block-column-is-layout-flow\">\n<h2 class=\"wp-block-heading\">A chi \u00e8 adatta l&#8217;applicazione dei fagi?<\/h2>\n\n\n\n<p>Essendo un&#8217;applicazione naturale senza effetti collaterali, la <strong>Tecnologia<\/strong> <strong>Phage<\/strong> \u00e8 adatta a <strong>tutti i<\/strong> <strong>tipi di pelle<\/strong>.  <\/p>\n\n\n\n<p>Il vantaggio dei batteriofagi:<\/p>\n\n\n\n<ul class=\"wp-block-list\">\n<li>l&#8217;equilibrio della flora cutanea viene ripristinato<\/li>\n\n\n\n<li>la <strong>barriera cutanea<\/strong> viene <strong>costruita<\/strong><\/li>\n<\/ul>\n\n\n\n<p>Se soffri di <strong>acne<\/strong>, ne conosci sicuramente i sintomi.  <\/p>\n\n\n\n<p>Puoi combattere lo squilibrio della flora cutanea con i batteriofagi in forma concentrata.  <\/p>\n\n\n\n<div class=\"wp-block-buttons is-horizontal is-content-justification-center is-layout-flex wp-container-core-buttons-is-layout-03627597 wp-block-buttons-is-layout-flex\">\n<div class=\"wp-block-button\"><a class=\"wp-block-button__link has-primary-background-color has-background wp-element-button\" href=\"https:\/\/pelvyra.com\/produkt\/skincare-protect\/\">Acquista i fagi contro l&#8217;acne<\/a><\/div>\n<\/div>\n<\/div>\n\n\n\n<div class=\"wp-block-column is-vertically-aligned-center is-layout-flow wp-block-column-is-layout-flow\">\n<figure class=\"wp-block-image size-large\"><img loading=\"lazy\" decoding=\"async\" width=\"1024\" height=\"683\" src=\"https:\/\/pelvyra.com\/wp-content\/uploads\/2021\/04\/akne-phagen-anwendung-fuer-wen-geeignet-1024x683.jpg\" alt=\"A chi &#xE8; adatta l'applicazione dei fagi?\" class=\"wp-image-2650\" srcset=\"https:\/\/pelvyra.com\/wp-content\/uploads\/2021\/04\/akne-phagen-anwendung-fuer-wen-geeignet-1024x683.jpg 1024w, https:\/\/pelvyra.com\/wp-content\/uploads\/2021\/04\/akne-phagen-anwendung-fuer-wen-geeignet-300x200.jpg 300w, https:\/\/pelvyra.com\/wp-content\/uploads\/2021\/04\/akne-phagen-anwendung-fuer-wen-geeignet-768x512.jpg 768w, https:\/\/pelvyra.com\/wp-content\/uploads\/2021\/04\/akne-phagen-anwendung-fuer-wen-geeignet-769x513.jpg 769w, https:\/\/pelvyra.com\/wp-content\/uploads\/2021\/04\/akne-phagen-anwendung-fuer-wen-geeignet-412x275.jpg 412w, https:\/\/pelvyra.com\/wp-content\/uploads\/2021\/04\/akne-phagen-anwendung-fuer-wen-geeignet-600x400.jpg 600w, https:\/\/pelvyra.com\/wp-content\/uploads\/2021\/04\/akne-phagen-anwendung-fuer-wen-geeignet.jpg 1200w\" sizes=\"(max-width: 1024px) 100vw, 1024px\" \/><\/figure>\n<\/div>\n<\/div>\n\n<div class=\"wp-block-columns are-vertically-aligned-top is-layout-flex wp-container-core-columns-is-layout-28f84493 wp-block-columns-is-layout-flex\">\n<div class=\"wp-block-column is-vertically-aligned-top is-layout-flow wp-block-column-is-layout-flow\">\n<h3 class=\"wp-block-heading\">Batteriofagi nell&#8217;acne degli adulti<\/h3>\n\n\n\n<p>Anche se l&#8217;acne colpisce soprattutto <strong>gli adolescenti<\/strong>, pu\u00f2 manifestarsi anche in et\u00e0 adulta. I sintomi sono scatenati dagli <strong>ormoni<\/strong> e dai <strong>batteri<\/strong> <strong>presenti sulla<\/strong> pelle (ad esempio lo <a href=\"https:\/\/pelvyra.com\/it\/conoscenza-dello-staphylococcus-aureus\/\" title=\"Conoscenza dello Staphylococcus aureus\">Staphylococcus aureus<\/a>).  <\/p>\n\n\n\n<p><strong>Undici ceppi di batteriofagi<\/strong> sono stati analizzati in uno studio clinico condotto negli Stati Uniti nel 2012. Queste sono state specializzate sul batterio dell&#8217;acne e <strong>utilizzate<\/strong>contro di esso.<span id=\"bdac7df6-b9bd-428c-a86c-5b1c4905c3e9\" data-items=\"[\" contenteditable=\"false\" data-has-children=\"true\" class=\"abt-citation\">\n  <sup>2<\/sup>\n<\/span><\/p>\n\n\n\n<p>Queste conoscenze sono state incorporate nello sviluppo della tecnologia Phage di Sanubiom. Il nostro obiettivo \u00e8 quello di poter garantire la migliore applicazione di fagi in accompagnamento alla terapia.  <\/p>\n\n\n\n<p>Si tratta di un modo <strong>naturale<\/strong> per combattere l&#8217;acne, senza effetti collaterali.<\/p>\n<\/div>\n\n\n\n<div class=\"wp-block-column is-vertically-aligned-top is-layout-flow wp-block-column-is-layout-flow\">\n<h3 class=\"wp-block-heading\">Fagi per l&#8217;acne infantile<\/h3>\n\n\n\n<p>Sebbene i brufoli e l&#8217;acne siano solitamente associati agli adolescenti, possono manifestarsi anche nei <strong>bambini<\/strong>.  <\/p>\n\n\n\n<p>L&#8217;<strong>acne infantile<\/strong> \u00e8 anche sgradevole. Ma \u00e8 innocuo per la salute e, a differenza delle macchie adolescenziali, scompare abbastanza rapidamente.<\/p>\n<\/div>\n<\/div>\n\n<p><\/p>\n\n<section aria-label=\"Literaturliste\" class=\"wp-block-abt-bibliography abt-bibliography\" role=\"region\"><ol class=\"abt-bibliography__body\" data-entryspacing=\"1\" data-maxoffset=\"3\" data-linespacing=\"1\" data-second-field-align=\"flush\"><li id=\"1344171995\">  <div class=\"csl-entry\">\n    <div class=\"csl-left-margin\">1.  <\/div><div class=\"csl-right-inline\">vfa.bio. I fagi come arma contro l&#8217;acne e i batteri resistenti? vfa.bio Le aziende farmaceutiche basate sulla ricerca. Pubblicato il 4 marzo 2013. Accesso al 23 aprile 2021.  <a href=\"https:\/\/www.vfa-bio.de\/vb-de\/aktuelle-themen\/forschung\/phagen-als-waffe-gegen-akne-und-resistente-bakterien.html#:~:text=US%2Damerikanische%20Forscher%20haben%20m%C3%B6glicherweise,Bakterien%20als%20Wirtszellen%20spezialisiert%20sind\">https:\/\/www.vfa-bio.de\/vb-de\/aktuelle-themen\/forschung\/phagen-als-waffe-gegen-akne-und-resistente-bakterien.html#:~:text=US%2Damerikanische%20Forscher%20haben%20m%C3%B6glicherweise,Bakterien%20als%20Wirtszellen%20spezialisiert%20sind<\/a><\/div>\n  <\/div>\n<\/li><li id=\"2017128194\">  <div class=\"csl-entry\">\n    <div class=\"csl-left-margin\">2.  <\/div><div class=\"csl-right-inline\">Marinelli LJ, Fitz-Gibbon S, Hayes C, et al. I batteriofagi di Propionibacterium acnes mostrano una diversit\u00e0 genetica limitata e un&#8217;ampia attivit\u00e0 di uccisione contro isolati batterici della pelle. Davies JE, ed. <i>mBio<\/i>. Pubblicato online il 25 settembre 2012. doi:10.1128\/mbio.00279-12<a href=\"https:\/\/doi.org\/10.1128\/mbio.00279-12\"><\/a><\/div>\n  <\/div>\n<\/li><\/ol><\/section>\n","protected":false},"excerpt":{"rendered":"<p>Acne: l&#8217;applicazione di fagi come nuovo trattamento contro arrossamenti e prurito L&#8217;acne \u00e8 una delle malattie della pelle pi\u00f9 comuni . Fino al 95% degli adolescenti soffre di brufoli pi\u00f9 o meno pronunciati durante la pubert\u00e0. Questa malattia della pelle non \u00e8 solo sgradevole, ma rende anche il guardarsi allo specchio una tortura. Se vuoi [&hellip;]<\/p>\n","protected":false},"author":3,"featured_media":0,"parent":15786,"menu_order":0,"comment_status":"closed","ping_status":"closed","template":"","meta":{"footnotes":""},"class_list":["post-15713","page","type-page","status-publish","hentry"],"_links":{"self":[{"href":"https:\/\/pelvyra.com\/it\/wp-json\/wp\/v2\/pages\/15713","targetHints":{"allow":["GET"]}}],"collection":[{"href":"https:\/\/pelvyra.com\/it\/wp-json\/wp\/v2\/pages"}],"about":[{"href":"https:\/\/pelvyra.com\/it\/wp-json\/wp\/v2\/types\/page"}],"author":[{"embeddable":true,"href":"https:\/\/pelvyra.com\/it\/wp-json\/wp\/v2\/users\/3"}],"replies":[{"embeddable":true,"href":"https:\/\/pelvyra.com\/it\/wp-json\/wp\/v2\/comments?post=15713"}],"version-history":[{"count":1,"href":"https:\/\/pelvyra.com\/it\/wp-json\/wp\/v2\/pages\/15713\/revisions"}],"predecessor-version":[{"id":15720,"href":"https:\/\/pelvyra.com\/it\/wp-json\/wp\/v2\/pages\/15713\/revisions\/15720"}],"up":[{"embeddable":true,"href":"https:\/\/pelvyra.com\/it\/wp-json\/wp\/v2\/pages\/15786"}],"wp:attachment":[{"href":"https:\/\/pelvyra.com\/it\/wp-json\/wp\/v2\/media?parent=15713"}],"curies":[{"name":"wp","href":"https:\/\/api.w.org\/{rel}","templated":true}]}}