{"id":15683,"date":"2024-05-23T09:30:13","date_gmt":"2024-05-23T07:30:13","guid":{"rendered":"https:\/\/pelvyra.com\/applicazione-di-fagi-per-la-neurodermite\/"},"modified":"2024-05-23T09:32:46","modified_gmt":"2024-05-23T07:32:46","slug":"applicazione-di-fagi-per-la-neurodermite","status":"publish","type":"page","link":"https:\/\/pelvyra.com\/it\/conoscenza-della-neurodermite\/applicazione-di-fagi-per-la-neurodermite\/","title":{"rendered":"Applicazione di fagi per la neurodermite"},"content":{"rendered":"\n<div class=\"wp-block-columns mobile-image-last is-layout-flex wp-container-core-columns-is-layout-28f84493 wp-block-columns-is-layout-flex\">\n<div class=\"wp-block-column is-layout-flow wp-block-column-is-layout-flow\" style=\"flex-basis:66.66%\">\n<h1 class=\"wp-block-heading\"><strong>I batteriofagi come aiuto per la neurodermite<\/strong><\/h1>\n\n\n\n<p>La dermatite atopica \u00e8 oggi una delle <strong>pi\u00f9 comuni<\/strong> <strong>malattie<\/strong> <strong>infiammatorie<\/strong><strong>croniche<\/strong> <strong>della pelle<\/strong>.  <\/p>\n\n\n\n<p>Secondo le statistiche, fino al <strong>25%<\/strong> della popolazione del Nord Europa soffre di dermatite atopica. Nelle regioni costiere dell&#8217;Europa meridionale, invece, la percentuale si aggira intorno all&#8217;1%.  <\/p>\n\n\n\n<p>La Germania ha una media del <strong>10-15%<\/strong>.<span id=\"6c463408-fe0a-43a5-beb4-9a6e2eb42da4\" data-items=\"[\" contenteditable=\"false\" data-has-children=\"true\" class=\"abt-citation\">\n  <sup>1<\/sup>\n<\/span>. Anche se la prevalenza varia da regione a regione, i sintomi sono gli stessi e sono causati da un&#8217;alterazione della flora cutanea, in cui i batteri si moltiplicano.  <\/p>\n\n\n\n<p>I batteriofagi, o fagi, sono adatti a combattere questi batteri e a ridurre i sintomi.<\/p>\n\n\n\n<div class=\"wp-block-buttons is-layout-flex wp-block-buttons-is-layout-flex\">\n<div class=\"wp-block-button\"><a class=\"wp-block-button__link\" href=\"https:\/\/pelvyra.com\/it\/conoscenza-dei-batteriofagi\/\">Tutto sui batteriofagi<\/a><\/div>\n<\/div>\n<\/div>\n\n\n\n<div class=\"wp-block-column is-layout-flow wp-block-column-is-layout-flow\" style=\"flex-basis:33.33%\">\n<figure class=\"wp-block-image size-large\"><img fetchpriority=\"high\" decoding=\"async\" width=\"683\" height=\"1024\" src=\"https:\/\/pelvyra.com\/wp-content\/uploads\/2021\/04\/bakteriophagen-gegen-neurodermitis.jpg\" alt=\"Utilizzo di batteriofagi contro la neurodermite\" class=\"wp-image-2676\" srcset=\"https:\/\/pelvyra.com\/wp-content\/uploads\/2021\/04\/bakteriophagen-gegen-neurodermitis.jpg 683w, https:\/\/pelvyra.com\/wp-content\/uploads\/2021\/04\/bakteriophagen-gegen-neurodermitis-200x300.jpg 200w, https:\/\/pelvyra.com\/wp-content\/uploads\/2021\/04\/bakteriophagen-gegen-neurodermitis-600x900.jpg 600w\" sizes=\"(max-width: 683px) 100vw, 683px\" \/><\/figure>\n\n\n\n<p><\/p>\n<\/div>\n<\/div>\n\n<div class=\"wp-block-columns is-layout-flex wp-container-core-columns-is-layout-28f84493 wp-block-columns-is-layout-flex\">\n<div class=\"wp-block-column is-layout-flow wp-block-column-is-layout-flow\">\n<figure class=\"wp-block-image size-large\"><img decoding=\"async\" width=\"1024\" height=\"683\" src=\"https:\/\/pelvyra.com\/wp-content\/uploads\/2021\/04\/neurodermitis-phagen-anwendung-erwachsen-1024x683.jpeg\" alt=\"Applicazione di fagi negli adulti\" class=\"wp-image-2684\" srcset=\"https:\/\/pelvyra.com\/wp-content\/uploads\/2021\/04\/neurodermitis-phagen-anwendung-erwachsen-1024x683.jpeg 1024w, https:\/\/pelvyra.com\/wp-content\/uploads\/2021\/04\/neurodermitis-phagen-anwendung-erwachsen-300x200.jpeg 300w, https:\/\/pelvyra.com\/wp-content\/uploads\/2021\/04\/neurodermitis-phagen-anwendung-erwachsen-768x512.jpeg 768w, https:\/\/pelvyra.com\/wp-content\/uploads\/2021\/04\/neurodermitis-phagen-anwendung-erwachsen-769x513.jpeg 769w, https:\/\/pelvyra.com\/wp-content\/uploads\/2021\/04\/neurodermitis-phagen-anwendung-erwachsen-412x275.jpeg 412w, https:\/\/pelvyra.com\/wp-content\/uploads\/2021\/04\/neurodermitis-phagen-anwendung-erwachsen-600x400.jpeg 600w, https:\/\/pelvyra.com\/wp-content\/uploads\/2021\/04\/neurodermitis-phagen-anwendung-erwachsen.jpeg 1200w\" sizes=\"(max-width: 1024px) 100vw, 1024px\" \/><\/figure>\n<\/div>\n\n\n\n<div class=\"wp-block-column is-vertically-aligned-center is-layout-flow wp-block-column-is-layout-flow\">\n<h2 class=\"wp-block-heading\">Applicazione di fagi per la neurodermite<\/h2>\n\n\n\n<p>Un&#8217;<a href=\"https:\/\/pelvyra.com\/it\/conoscenza-dei-batteriofagi\/conoscenza-dellapplicazione-dei-fagi\/\" title=\"Conoscenza dell'applicazione dei fagi\">applicazione di fagi<\/a> pu\u00f2 dare sollievo se soffri di neurodermite. I batteriofagi vengono applicati sulla pelle a questo scopo.<\/p>\n\n\n\n<p>Questo gli permette di combattere i batteri nocivi e di ripristinare l&#8217;<strong>equilibrio<\/strong> della <strong>flora cutanea<\/strong>.  <\/p>\n\n\n\n<p>L&#8217;applicazione dei fagi viene utilizzata in aggiunta a qualsiasi altra terapia, <strong>senza alcun effetto collaterale<\/strong>.<\/p>\n<\/div>\n<\/div>\n\n<div class=\"wp-block-columns is-layout-flex wp-container-core-columns-is-layout-28f84493 wp-block-columns-is-layout-flex\">\n<div class=\"wp-block-column is-layout-flow wp-block-column-is-layout-flow\">\n<h3 class=\"wp-block-heading\">Utilizzo su neonati e bambini<\/h3>\n\n\n\n<p>I neonati e i bambini sono spesso colpiti dalla dermatite atopica. La <strong>predisposizione<\/strong> \u00e8 <strong>ereditaria<\/strong>.<span id=\"97f575d6-4184-4cf6-9dbf-fbd39d9e8dc7\" data-items=\"[\" contenteditable=\"false\" data-has-children=\"true\" class=\"abt-citation\">\n  <sup>2<\/sup>\n<\/span><\/p>\n\n\n\n<p>Se uno dei genitori soffre di dermatite atopica, c&#8217;\u00e8 il <strong>40%<\/strong> di possibilit\u00e0 che questa venga trasmessa alla prole. Ma anche se la malattia non pu\u00f2 essere curata, pu\u00f2 essere trattata molto bene.  <\/p>\n\n\n\n<p>Il primo segno di dermatite atopica nei bambini \u00e8 il cosiddetto cappuccio della culla. Si presenta come una crosta squamosa di colore giallo-biancastro sulla pelle arrossata.  <\/p>\n\n\n\n<p>\u00c8 importante utilizzare le creme e i prodotti per la cura della pelle giusti. Devono essere a <strong>pH neutro<\/strong>, <strong>idratanti<\/strong> e stabilizzare la barriera cutanea.  <\/p>\n<\/div>\n\n\n\n<div class=\"wp-block-column is-layout-flow wp-block-column-is-layout-flow\">\n<h3 class=\"wp-block-heading\">Uso negli adulti<\/h3>\n\n\n\n<p>\u00c8 importante prestare attenzione alla corretta cura della pelle.  <\/p>\n\n\n\n<p>Dovresti evitare il pi\u00f9 possibile saponi e bagnoschiuma.<\/p>\n\n\n\n<p>I prodotti cosmetici che contengono conservanti, profumi e coloranti, emulsionanti, olio di paraffina o vaselina sono controproducenti.<\/p>\n\n\n\n<div class=\"wp-block-buttons is-layout-flex wp-block-buttons-is-layout-flex\">\n<div class=\"wp-block-button\"><a class=\"wp-block-button__link\" href=\"https:\/\/pelvyra.com\/it\/neurodermite\/\">Riduci subito la neurodermite<\/a><\/div>\n<\/div>\n\n\n\n<p><\/p>\n<\/div>\n<\/div>\n\n<div class=\"wp-block-group\"><div class=\"wp-block-group__inner-container is-layout-flow wp-block-group-is-layout-flow\"><\/div><\/div>\n\n<div class=\"wp-block-columns is-layout-flex wp-container-core-columns-is-layout-28f84493 wp-block-columns-is-layout-flex\">\n<div class=\"wp-block-column is-layout-flow wp-block-column-is-layout-flow\">\n<figure class=\"wp-block-image size-large\"><img decoding=\"async\" width=\"1024\" height=\"683\" src=\"https:\/\/pelvyra.com\/wp-content\/uploads\/2021\/04\/neurodermitis-phagen-helfen-1024x683.jpeg\" alt=\"In che modo i fagi aiutano a combattere la neurodermite?\" class=\"wp-image-2679\" srcset=\"https:\/\/pelvyra.com\/wp-content\/uploads\/2021\/04\/neurodermitis-phagen-helfen-1024x683.jpeg 1024w, https:\/\/pelvyra.com\/wp-content\/uploads\/2021\/04\/neurodermitis-phagen-helfen-300x200.jpeg 300w, https:\/\/pelvyra.com\/wp-content\/uploads\/2021\/04\/neurodermitis-phagen-helfen-768x512.jpeg 768w, https:\/\/pelvyra.com\/wp-content\/uploads\/2021\/04\/neurodermitis-phagen-helfen-769x513.jpeg 769w, https:\/\/pelvyra.com\/wp-content\/uploads\/2021\/04\/neurodermitis-phagen-helfen-412x275.jpeg 412w, https:\/\/pelvyra.com\/wp-content\/uploads\/2021\/04\/neurodermitis-phagen-helfen-600x400.jpeg 600w, https:\/\/pelvyra.com\/wp-content\/uploads\/2021\/04\/neurodermitis-phagen-helfen.jpeg 1200w\" sizes=\"(max-width: 1024px) 100vw, 1024px\" \/><\/figure>\n<\/div>\n\n\n\n<div class=\"wp-block-column is-layout-flow wp-block-column-is-layout-flow\">\n<h2 class=\"wp-block-heading\">In che modo i fagi aiutano a combattere la neurodermite?<\/h2>\n\n\n\n<p>I batteriofagi sono all&#8217;altezza del loro nome:<strong>&#8220;mangiatori di batteri<\/strong>&#8220;. Combattono i batteri nocivi utilizzandoli come <strong>cellule ospiti<\/strong> e &#8220;mangiandoli&#8221;.  <\/p>\n\n\n\n<p>I batteri sono la causa di diverse malattie della pelle. I fagi possono essere d&#8217;aiuto in questo caso se utilizzati in modo mirato.  <\/p>\n\n\n\n<p>Nel caso della dermatite atopica, <strong>non \u00e8<\/strong> ancora <strong>chiaro<\/strong> se sia un <strong>batterio<\/strong> a causare le <strong>infiammazioni<\/strong> o se la pelle <strong>screpolata<\/strong> crei un terreno fertile per il batterio.  <\/p>\n\n\n\n<p>Il fatto \u00e8 che batteri come lo Staphylococcus aureus giocano un ruolo decisivo. I mangiatori di batteri possono essere all&#8217;altezza del loro nome agendo contro questi batteri.<\/p>\n<\/div>\n<\/div>\n\n<div class=\"wp-block-columns is-layout-flex wp-container-core-columns-is-layout-28f84493 wp-block-columns-is-layout-flex\">\n<div class=\"wp-block-column is-layout-flow wp-block-column-is-layout-flow\">\n<h2 class=\"wp-block-heading\">Quali batteriofagi vengono utilizzati per la dermatite atopica?<\/h2>\n\n\n\n<p>La dermatite atopica \u00e8 solitamente causata da un eccesso di batteri del genere <strong>Staphylococcus aureus<\/strong>.  <\/p>\n\n\n\n<p>Durante un&#8217;infiammazione acuta, la flora cutanea \u00e8 in squilibrio. Per questo motivo i batteri nocivi si moltiplicano pi\u00f9 velocemente.  <\/p>\n\n\n\n<p>In questi casi, vengono utilizzati proprio i batteriofagi che distruggono questi batteri.  <\/p>\n\n\n\n<div class=\"wp-block-buttons is-layout-flex wp-block-buttons-is-layout-flex\">\n<div class=\"wp-block-button\"><a class=\"wp-block-button__link\" href=\"https:\/\/pelvyra.com\/produkt\/skincare-protect\/\">Acquista i fagi<\/a><\/div>\n<\/div>\n<\/div>\n\n\n\n<div class=\"wp-block-column is-layout-flow wp-block-column-is-layout-flow\">\n<figure class=\"wp-block-image size-large\"><img loading=\"lazy\" decoding=\"async\" width=\"1024\" height=\"683\" src=\"https:\/\/pelvyra.com\/wp-content\/uploads\/2021\/04\/neurodermitis-welche-bakteriophagen-1024x683.jpeg\" alt=\"Quali batteriofagi vengono utilizzati per la dermatite atopica?\" class=\"wp-image-2686\" srcset=\"https:\/\/pelvyra.com\/wp-content\/uploads\/2021\/04\/neurodermitis-welche-bakteriophagen-1024x683.jpeg 1024w, https:\/\/pelvyra.com\/wp-content\/uploads\/2021\/04\/neurodermitis-welche-bakteriophagen-300x200.jpeg 300w, https:\/\/pelvyra.com\/wp-content\/uploads\/2021\/04\/neurodermitis-welche-bakteriophagen-768x512.jpeg 768w, https:\/\/pelvyra.com\/wp-content\/uploads\/2021\/04\/neurodermitis-welche-bakteriophagen-769x513.jpeg 769w, https:\/\/pelvyra.com\/wp-content\/uploads\/2021\/04\/neurodermitis-welche-bakteriophagen-412x275.jpeg 412w, https:\/\/pelvyra.com\/wp-content\/uploads\/2021\/04\/neurodermitis-welche-bakteriophagen-600x400.jpeg 600w, https:\/\/pelvyra.com\/wp-content\/uploads\/2021\/04\/neurodermitis-welche-bakteriophagen.jpeg 1200w\" sizes=\"(max-width: 1024px) 100vw, 1024px\" \/><\/figure>\n<\/div>\n<\/div>\n\n<div class=\"wp-block-columns is-layout-flex wp-container-core-columns-is-layout-28f84493 wp-block-columns-is-layout-flex\">\n<div class=\"wp-block-column autorsector is-layout-flow wp-block-column-is-layout-flow\">\n<div class=\"wp-block-columns is-layout-flex wp-container-core-columns-is-layout-28f84493 wp-block-columns-is-layout-flex\">\n<div class=\"wp-block-column is-layout-flow wp-block-column-is-layout-flow\" style=\"flex-basis:100%\">\n<div class=\"wp-block-columns is-layout-flex wp-container-core-columns-is-layout-28f84493 wp-block-columns-is-layout-flex\">\n<div class=\"wp-block-column autortext is-layout-flow wp-block-column-is-layout-flow\" style=\"flex-basis:66.66%\">\n<h3 class=\"wp-block-heading\">Informazioni sull&#8217;articolo  <\/h3>\n\n\n\n<p><strong>Autore:<\/strong> Christian Unterlechner, Dipl.-Ing. (FH), MBA<\/p>\n\n\n\n<p> <em>&#8220;Grazie alla nostra esperienza personale con la neurodermite &#8211; e al lungo percorso di sofferenza associato a condizioni cutanee come questa &#8211; abbiamo iniziato a cercare soluzioni alternative ai trattamenti farmacologici. Siamo molto felici di condividere con voi le conoscenze e l&#8217;esperienza maturate negli anni di sviluppo dei nostri prodotti SkinCare&#8221;.<\/em><\/p>\n<\/div>\n<\/div>\n<\/div>\n<\/div>\n\n\n\n<script type=\"application\/ld+json\">{\n  \"@context\": \"https:\/\/schema.org\/\",\n  \"@type\": \"WebPage\",\n  \"mainEntityOfPage\": {\n    \"@type\": \"WebPage\",\n    \"@id\": \"https:\/\/pelvyra.com\"\n  },\n  \"publisher\": {\n    \"@type\": \"Organization\",\n    \"name\": \"Sanubiom GmbH\",\n    \"url\": \"https:\/\/pelvyra.com\",\n    \"description\": \"Ein innovatives Unternehmen aus Tirol, \u00d6sterreich, das sich auf probiotischen Hautschutz mit Phage Technology spezialisiert hat.\",\n    \"address\": {\n      \"@type\": \"PostalAddress\",\n      \"streetAddress\": \"Austrasse 51\",\n      \"addressLocality\": \"Fritzens\",\n      \"addressRegion\": \"AUSTRIA\",\n      \"postalCode\": \"6122\"\n    },\n    \"telephone\": \"+43 5224 23232\",\n    \"email\": \"info@sanubiom.com\",\n    \"founder\": \"Christian Unterlechner, Ulrike Unterlechner\",\n    \"foundingDate\": \"2010\",\n    \"logo\": {\n      \"@type\": \"ImageObject\",\n      \"url\": \"https:\/\/pelvyra.com\/wp-content\/uploads\/2021\/03\/sanubiom-logo.svg\"\n    },\n    \"contactPoint\": {\n      \"@type\": \"ContactPoint\",\n      \"telephone\": \"+43 5224 23232\",\n      \"contactType\": \"Customer Service\",\n      \"email\": \"info@sanubiom.com\"\n    }\n  },\n  \"author\": {\n    \"@type\": \"Person\",\n    \"name\": \"Christian Unterlechner\",\n    \"url\": \"https:\/\/pelvyra.com\/author\/christian-unterlechner\/\",\n    \"image\": \"https:\/\/pelvyra.com\/wp-content\/uploads\/2023\/10\/avatar_author.jpg\",\n    \"jobTitle\": \"Redaktionell Verantwortlicher\",\n    \"worksFor\": {\n      \"@type\": \"Organization\",\n      \"name\": \"Sanubiom GmbH\",\n      \"url\": \"https:\/\/pelvyra.com\"\n    }\n  }\n}\n<\/script>\n<\/div>\n<\/div>\n\n<p class=\"has-text-align-center\"><strong>Condividi il post<\/strong><\/p>\n\n<section aria-label=\"Literaturliste\" class=\"wp-block-abt-bibliography abt-bibliography\" role=\"region\"><ol class=\"abt-bibliography__body\" data-entryspacing=\"1\" data-maxoffset=\"3\" data-linespacing=\"1\" data-second-field-align=\"flush\"><li id=\"542405470\">  <div class=\"csl-entry\">\n    <div class=\"csl-left-margin\">1.  <\/div><div class=\"csl-right-inline\">Prof Dr Dr h. c. T. Zuberbier. Dermatite atopica. ECARF. Pubblicato a febbraio 2017. Accesso al 22 aprile 2021.  <a href=\"https:\/\/www.ecarf.org\/en\/information-portal\/allergic-diseases\/atopic-dermatitis\/\">https:\/\/www.ecarf.org\/en\/information-portal\/allergic-diseases\/atopic-dermatitis\/<\/a><\/div>\n  <\/div>\n<\/li><li id=\"4146704182\">  <div class=\"csl-entry\">\n    <div class=\"csl-left-margin\">2.  <\/div><div class=\"csl-right-inline\">Austrian Medical Journal. Dossier: Dermatite atopica nei bambini. Austrian Medical Journal. Pubblicato il 10 giugno 2019. Accesso al 22 aprile 2021.  <a href=\"https:\/\/www.aerztezeitung.at\/archiv\/oeaez-2019\/oeaez-11-10062019\/dossier-neurodermitis-kinder-vererbung-allergie.html\">https:\/\/www.aerztezeitung.at\/archiv\/oeaez-2019\/oeaez-11-10062019\/dossier-neurodermitis-kinder-vererbung-allergie.html<\/a><\/div>\n  <\/div>\n<\/li><\/ol><\/section>\n","protected":false},"excerpt":{"rendered":"<p>I batteriofagi come aiuto per la neurodermite La dermatite atopica \u00e8 oggi una delle pi\u00f9 comuni malattie infiammatoriecroniche della pelle. Secondo le statistiche, fino al 25% della popolazione del Nord Europa soffre di dermatite atopica. Nelle regioni costiere dell&#8217;Europa meridionale, invece, la percentuale si aggira intorno all&#8217;1%. La Germania ha una media del 10-15%. 1 [&hellip;]<\/p>\n","protected":false},"author":3,"featured_media":0,"parent":15927,"menu_order":0,"comment_status":"closed","ping_status":"closed","template":"","meta":{"footnotes":""},"class_list":["post-15683","page","type-page","status-publish","hentry"],"_links":{"self":[{"href":"https:\/\/pelvyra.com\/it\/wp-json\/wp\/v2\/pages\/15683","targetHints":{"allow":["GET"]}}],"collection":[{"href":"https:\/\/pelvyra.com\/it\/wp-json\/wp\/v2\/pages"}],"about":[{"href":"https:\/\/pelvyra.com\/it\/wp-json\/wp\/v2\/types\/page"}],"author":[{"embeddable":true,"href":"https:\/\/pelvyra.com\/it\/wp-json\/wp\/v2\/users\/3"}],"replies":[{"embeddable":true,"href":"https:\/\/pelvyra.com\/it\/wp-json\/wp\/v2\/comments?post=15683"}],"version-history":[{"count":2,"href":"https:\/\/pelvyra.com\/it\/wp-json\/wp\/v2\/pages\/15683\/revisions"}],"predecessor-version":[{"id":15707,"href":"https:\/\/pelvyra.com\/it\/wp-json\/wp\/v2\/pages\/15683\/revisions\/15707"}],"up":[{"embeddable":true,"href":"https:\/\/pelvyra.com\/it\/wp-json\/wp\/v2\/pages\/15927"}],"wp:attachment":[{"href":"https:\/\/pelvyra.com\/it\/wp-json\/wp\/v2\/media?parent=15683"}],"curies":[{"name":"wp","href":"https:\/\/api.w.org\/{rel}","templated":true}]}}