{"id":15505,"date":"2024-05-23T09:28:02","date_gmt":"2024-05-23T07:28:02","guid":{"rendered":"https:\/\/pelvyra.com\/conoscenza-dei-batteriofagi\/conoscenza-dellapplicazione-dei-fagi\/"},"modified":"2024-05-23T09:28:05","modified_gmt":"2024-05-23T07:28:05","slug":"conoscenza-dellapplicazione-dei-fagi","status":"publish","type":"page","link":"https:\/\/pelvyra.com\/it\/conoscenza-dei-batteriofagi\/conoscenza-dellapplicazione-dei-fagi\/","title":{"rendered":"Conoscenza dell&#8217;applicazione dei fagi"},"content":{"rendered":"\n<div class=\"wp-block-columns mobile-image-last is-layout-flex wp-container-core-columns-is-layout-28f84493 wp-block-columns-is-layout-flex\">\n<div class=\"wp-block-column is-vertically-aligned-center is-layout-flow wp-block-column-is-layout-flow\" style=\"flex-basis:66.66%\">\n<h1 class=\"wp-block-heading\">Applicazione dei fagi &#8211; i virus come mangiatori di batteri<\/h1>\n\n\n\n<p>La <strong>terapia con i fagi<\/strong> utilizza le <strong>propriet\u00e0 naturali<\/strong> dei <strong>\n  <a href=\"https:\/\/pelvyra.com\/it\/conoscenza-dei-batteriofagi\/\" title=\"Conoscenza dei batteriofagi\">batteriofagi<\/a>\n<\/strong> per combattere i batteri nocivi. Un <strong>fago<\/strong> o batteriofago non \u00e8 altro che un <strong>batterivoro naturale<\/strong>.  <\/p>\n\n\n\n<p>Per moltiplicarsi e svolgere il loro lavoro, i virus cercano innanzitutto una cellula ospite. Poi iniettano il loro DNA direttamente nel batterio.  <\/p>\n\n\n\n<p>Il batterio colpito produce quindi nuovi fagi finch\u00e9 non \u00e8 pieno e scoppia. A rigore, i fagi non mangiano il batterio. Lo trasformano in una vera e propria fabbrica di fagi che lavora a pieno ritmo fino al collasso.<\/p>\n\n\n\n<p>Questa <strong>applicazione naturale<\/strong> nella lotta contro i batteri \u00e8 stata studiata in <strong>Georgia<\/strong> per ben cento anni. A differenza di molti paesi occidentali, anche qui viene utilizzata a scopo terapeutico.  <\/p>\n\n\n\n<p>Tuttavia, i benefici della terapia con i fagi sono <strong>sempre pi\u00f9<\/strong> <strong>riconosciuti<\/strong> e utilizzati in <strong>Europa<\/strong>, anche per le irritazioni cutanee. I fagi presenti in natura sono utilizzati per trattare l&#8217;<strong>acne<\/strong>, la <strong>neurodermite<\/strong> e la <strong>rosacea<\/strong>.<\/p>\n\n\n\n<div class=\"wp-block-buttons is-layout-flex wp-block-buttons-is-layout-flex\">\n<div class=\"wp-block-button\"><a class=\"wp-block-button__link\" href=\"#phagen-anwendung\">Maggiori informazioni sull&#8217;uso dei fagi<\/a><\/div>\n<\/div>\n<\/div>\n\n\n\n<div class=\"wp-block-column is-layout-flow wp-block-column-is-layout-flow\" style=\"flex-basis:33.33%\">\n<figure class=\"wp-block-image size-large\"><img fetchpriority=\"high\" decoding=\"async\" width=\"683\" height=\"1024\" src=\"https:\/\/pelvyra.com\/wp-content\/uploads\/2021\/04\/phagentherapie-viren-bakterienfresser.jpg\" alt=\"Terapia fagica: i virus come divoratori di batteri\" class=\"wp-image-773\" srcset=\"https:\/\/pelvyra.com\/wp-content\/uploads\/2021\/04\/phagentherapie-viren-bakterienfresser.jpg 683w, https:\/\/pelvyra.com\/wp-content\/uploads\/2021\/04\/phagentherapie-viren-bakterienfresser-200x300.jpg 200w, https:\/\/pelvyra.com\/wp-content\/uploads\/2021\/04\/phagentherapie-viren-bakterienfresser-600x900.jpg 600w\" sizes=\"(max-width: 683px) 100vw, 683px\" \/><\/figure>\n\n\n\n<p><\/p>\n<\/div>\n<\/div>\n\n<div class=\"wp-block-columns is-layout-flex wp-container-core-columns-is-layout-28f84493 wp-block-columns-is-layout-flex\">\n<div class=\"wp-block-column is-layout-flow wp-block-column-is-layout-flow\">\n<figure class=\"wp-block-image size-large\"><img decoding=\"async\" width=\"1024\" height=\"683\" src=\"https:\/\/pelvyra.com\/wp-content\/uploads\/2021\/04\/bakteriophagen-georgien-1024x683.jpg\" alt=\"I moderni mangiatori di batteri della Georgia\" class=\"wp-image-779\" srcset=\"https:\/\/pelvyra.com\/wp-content\/uploads\/2021\/04\/bakteriophagen-georgien-1024x683.jpg 1024w, https:\/\/pelvyra.com\/wp-content\/uploads\/2021\/04\/bakteriophagen-georgien-300x200.jpg 300w, https:\/\/pelvyra.com\/wp-content\/uploads\/2021\/04\/bakteriophagen-georgien-768x512.jpg 768w, https:\/\/pelvyra.com\/wp-content\/uploads\/2021\/04\/bakteriophagen-georgien-769x513.jpg 769w, https:\/\/pelvyra.com\/wp-content\/uploads\/2021\/04\/bakteriophagen-georgien-412x275.jpg 412w, https:\/\/pelvyra.com\/wp-content\/uploads\/2021\/04\/bakteriophagen-georgien-600x400.jpg 600w, https:\/\/pelvyra.com\/wp-content\/uploads\/2021\/04\/bakteriophagen-georgien.jpg 1200w\" sizes=\"(max-width: 1024px) 100vw, 1024px\" \/><\/figure>\n<\/div>\n\n\n\n<div class=\"wp-block-column is-vertically-aligned-center is-layout-flow wp-block-column-is-layout-flow\">\n<h2 class=\"wp-block-heading\">I mangiatori di batteri della Georgia<\/h2>\n\n\n\n<p>La <strong>Georgia<\/strong> \u00e8 considerata un pioniere della terapia con i fagi. Il primo laboratorio di microbatteriologia fu fondato nella capitale Tbilisi nel 1923 ed era dedicato, tra le altre cose, alla ricerca sui fagi.  <\/p>\n\n\n\n<p>Chiamato cos\u00ec in onore del suo <strong>fondatore Georgi Eliava<\/strong>, il laboratorio dell&#8217;ex repubblica sovietica esiste ora come istituto. \u00c8 riconosciuto in tutto il mondo come il primo punto di riferimento per la <strong>terapia con i fagi<\/strong>.  <\/p>\n\n\n\n<p>Gli <strong>effetti della terapia con i fagi<\/strong> sono noti in ambito medico fin dagli anni &#8217;20.  <\/p>\n\n\n\n<p>Tuttavia, con l&#8217;avvento degli antibiotici di produzione farmaceutica, la conoscenza e l&#8217;utilizzo sono passati presto in secondo piano.  <\/p>\n\n\n\n<p>Non appena i primi antibiotici sono diventati disponibili in <strong>Europa<\/strong> e negli <strong>Stati Uniti<\/strong>, la terapia con i fagi \u00e8 diventata poco interessante in Occidente. Gli antibiotici disponibili erano semplicemente troppo buoni e troppo facilmente reperibili.  <\/p>\n\n\n\n<p>In Georgia e in tutta l&#8217;Unione Sovietica, tuttavia, durante la Guerra Fredda era difficile ottenere gli antibiotici.  <\/p>\n\n\n\n<p>La terapia con i fagi era quindi il modo migliore, se non l&#8217;unico, per trattare le malattie infettive. Non sorprende quindi che l&#8217;<strong>Istituto Eliava<\/strong> possieda una delle pi\u00f9 grandi collezioni di batteriofagi al mondo.  <\/p>\n\n\n\n<p>Qui vengono curati pazienti da tutto il mondo quando la terapia antibiotica convenzionale non \u00e8 pi\u00f9 efficace. Quando le miscele standard non sono pi\u00f9 utili, entra in gioco la tecnologia Phage della Georgia.  <\/p>\n\n\n\n<p>In questo caso, come accade da <strong>decenni<\/strong>, i cocktail di fagi sono personalizzati per i singoli pazienti secondo le istruzioni del medico.<\/p>\n<\/div>\n<\/div>\n\n<div class=\"wp-block-columns is-layout-flex wp-container-core-columns-is-layout-28f84493 wp-block-columns-is-layout-flex\">\n<div class=\"wp-block-column is-layout-flow wp-block-column-is-layout-flow\">\n<h2 class=\"wp-block-heading\" id=\"phagen-anwendung\">Applicazione della terapia con i fagi<\/h2>\n\n\n\n<p>\u00c8 indiscutibile che il trattamento con batteriofagi possa essere d&#8217;aiuto. Tuttavia, nella maggior parte dei paesi <strong>dell&#8217;UE <\/strong>, l <strong>&#8216;uso dei batteriofagi non \u00e8 <\/strong> <strong>autorizzato<\/strong> per pazienti selezionati o solo sulla base di una richiesta individuale in conformit\u00e0 con l&#8217;articolo 37 della Dichiarazione di Helsinki.  <\/p>\n\n\n\n<p>Quasi nessun medico li conosce e nessuna farmacia li ha in magazzino. Questi sono solo alcuni dei motivi per cui molti pazienti colpiti si recano a Tbilisi e si sottopongono a proprie spese alla terapia fagica nella capitale georgiana.  <\/p>\n\n\n\n<p>Tuttavia, la pressione ad agire a causa di germi multiresistenti, batteri multiresistenti e batteri resistenti agli antibiotici \u00e8 in costante aumento. Nel 2018 il <strong>Belgio<\/strong> \u00e8 stato il primo paese dell&#8217;UE a creare una <strong>certezza giuridica<\/strong> nazionale per la terapia con i fagi.  <\/p>\n\n\n\n<p>Qui, la terapia fagica per varie malattie infettive con fagi ingeriti o iniettati per via orale \u00e8 consentita ed \u00e8 possibile presso l&#8217;Ospedale Militare Regina Astrid di Bruxelles dal 2016.  <\/p>\n\n\n\n<p>Come in Georgia, un farmacista prepara il cocktail, seguito da un controllo di qualit\u00e0 da parte di un laboratorio.<\/p>\n\n\n\n<p>Lentamente ma inesorabilmente, le cose si stanno muovendo e due possibili varianti della terapia con i fagi si stanno cristallizzando:<\/p>\n\n\n\n<ul class=\"wp-block-list\"><li>Cocktail fissi di diversi fagi per un&#8217;indicazione specifica<\/li><li>un approccio personalizzato in cui vengono selezionati fagi diversi per ogni paziente<\/li><\/ul>\n\n\n\n<p>Il progetto Phage4Cure si sta battendo anche per affermare il batteriofago come farmaco contro le infezioni batteriche.  <\/p>\n\n\n\n<p>Phage4Cure \u00e8 una collaborazione tra:<\/p>\n\n\n\n<ul class=\"wp-block-list\"><li>l&#8217;<a href=\"http:\/\/www.dsmz.de\/\" target=\"_blank\" rel=\"noreferrer noopener\">Istituto Leibniz DSMZ-Collezione tedesca<\/a>di microrganismi e colture cellulari GmbH<\/li><li>l&#8217;<a href=\"https:\/\/www.item.fraunhofer.de\/\" target=\"_blank\" rel=\"noreferrer noopener\">Istituto Fraunhofer per la Tossicologia e la Medicina Sperimentale<\/a> (ITEM)<\/li><li>Charit\u00e9 &#8211; Universit\u00e4tsmedizin Berlin: Clinica medica specializzata in Infettivologia e Pneumologia e<\/li><li>della <a href=\"http:\/\/www.charite-research.org\/\" target=\"_blank\" rel=\"noreferrer noopener\">Charit\u00e9 Research Organisation GmbH<\/a> (CRO).<\/li><\/ul>\n<\/div>\n\n\n\n<div class=\"wp-block-column is-layout-flow wp-block-column-is-layout-flow\">\n<figure class=\"wp-block-image size-large\"><img decoding=\"async\" width=\"1024\" height=\"683\" src=\"https:\/\/pelvyra.com\/wp-content\/uploads\/2021\/04\/phagentherapie-anwendung-1024x683.jpg\" alt=\"Applicazione della terapia con i fagi\" class=\"wp-image-781\" srcset=\"https:\/\/pelvyra.com\/wp-content\/uploads\/2021\/04\/phagentherapie-anwendung-1024x683.jpg 1024w, https:\/\/pelvyra.com\/wp-content\/uploads\/2021\/04\/phagentherapie-anwendung-300x200.jpg 300w, https:\/\/pelvyra.com\/wp-content\/uploads\/2021\/04\/phagentherapie-anwendung-768x512.jpg 768w, https:\/\/pelvyra.com\/wp-content\/uploads\/2021\/04\/phagentherapie-anwendung-769x513.jpg 769w, https:\/\/pelvyra.com\/wp-content\/uploads\/2021\/04\/phagentherapie-anwendung-412x275.jpg 412w, https:\/\/pelvyra.com\/wp-content\/uploads\/2021\/04\/phagentherapie-anwendung-600x400.jpg 600w, https:\/\/pelvyra.com\/wp-content\/uploads\/2021\/04\/phagentherapie-anwendung.jpg 1200w\" sizes=\"(max-width: 1024px) 100vw, 1024px\" \/><\/figure>\n<\/div>\n<\/div>\n\n<div class=\"wp-block-columns is-layout-flex wp-container-core-columns-is-layout-28f84493 wp-block-columns-is-layout-flex\">\n<div class=\"wp-block-column is-layout-flow wp-block-column-is-layout-flow\">\n<figure class=\"wp-block-image size-large\"><img loading=\"lazy\" decoding=\"async\" width=\"1200\" height=\"800\" src=\"https:\/\/pelvyra.com\/wp-content\/uploads\/2021\/04\/bakteriophagen-akne.jpeg\" alt=\"Batteriofagi e acne\" class=\"wp-image-2261\" srcset=\"https:\/\/pelvyra.com\/wp-content\/uploads\/2021\/04\/bakteriophagen-akne.jpeg 1200w, https:\/\/pelvyra.com\/wp-content\/uploads\/2021\/04\/bakteriophagen-akne-300x200.jpeg 300w, https:\/\/pelvyra.com\/wp-content\/uploads\/2021\/04\/bakteriophagen-akne-1024x683.jpeg 1024w, https:\/\/pelvyra.com\/wp-content\/uploads\/2021\/04\/bakteriophagen-akne-768x512.jpeg 768w, https:\/\/pelvyra.com\/wp-content\/uploads\/2021\/04\/bakteriophagen-akne-769x513.jpeg 769w, https:\/\/pelvyra.com\/wp-content\/uploads\/2021\/04\/bakteriophagen-akne-412x275.jpeg 412w, https:\/\/pelvyra.com\/wp-content\/uploads\/2021\/04\/bakteriophagen-akne-600x400.jpeg 600w\" sizes=\"(max-width: 1200px) 100vw, 1200px\" \/><\/figure>\n<\/div>\n\n\n\n<div class=\"wp-block-column is-layout-flow wp-block-column-is-layout-flow\">\n<h2 class=\"wp-block-heading\">Batteriofagi e acne<\/h2>\n\n\n\n<p>L&#8217;acne si manifesta spesso durante la pubert\u00e0 e fa sentire molti giovani a disagio nel guardarsi allo specchio. L&#8217;<strong>acne<\/strong> \u00e8 spesso difficile da trattare e persiste fino alla <strong>giovane et\u00e0 adulta<\/strong>.  <\/p>\n\n\n\n<p>Soprattutto in questa fase della vita, l&#8217;autostima pu\u00f2 risentire molto delle conseguenze visibili dell&#8217;acne.  <\/p>\n\n\n\n<p>Ma c&#8217;\u00e8 speranza. Gi\u00e0 nel 2013, uno <strong>studio<\/strong> clinico su larga scala condotto negli Stati Uniti ha testato l&#8217;effetto di undici <strong>ceppi di batteriofagi<\/strong> su adolescenti affetti da acne.  <\/p>\n\n\n\n<p>I ricercatori hanno scoperto questo: I virus producono l&#8217;enzima endolisina, che <strong>distrugge<\/strong> le pareti cellulari dei <strong>batteri<\/strong> in questione, ma non colpisce altri batteri.<span id=\"90fbc063-5e45-432c-ac07-c4093fab2349\" data-items=\"[\" contenteditable=\"false\" data-has-children=\"true\" class=\"abt-citation\">\n  <sup>1<\/sup>\n<\/span><\/p>\n\n\n\n<p>Grazie a queste conoscenze, \u00e8 ora possibile adottare un nuovo approccio di accompagnamento alla terapia che utilizza i batteriofagi come arma naturale <strong>contro l&#8217;acne e lo Staphylococcus aureus<\/strong>. In questa applicazione, i batteriofagi, che si trovano naturalmente sulla pelle, vengono applicati in concentrazione maggiore sotto forma di spray.  <\/p>\n\n\n\n<p>In questo modo \u00e8 facile combattere i batteri che causano l&#8217;aumento della produzione di sebo.  <\/p>\n\n\n\n<p>L&#8217;<strong>equilibrio della flora cutanea<\/strong> viene favorito, per cui noterai subito una riduzione delle irritazioni e degli arrossamenti della pelle, senza alcun effetto collaterale.<\/p>\n\n\n\n<div class=\"wp-block-buttons is-layout-flex wp-block-buttons-is-layout-flex\">\n<div class=\"wp-block-button\"><a class=\"wp-block-button__link\" href=\"https:\/\/pelvyra.com\/akne-wissen\/phagen-anwendung\/\">Applicazione di fagi per l&#8217;acne<\/a><\/div>\n<\/div>\n<\/div>\n<\/div>\n\n<div class=\"wp-block-columns is-layout-flex wp-container-core-columns-is-layout-28f84493 wp-block-columns-is-layout-flex\">\n<div class=\"wp-block-column is-layout-flow wp-block-column-is-layout-flow\">\n<h2 class=\"wp-block-heading\">Fagi per la rosacea<\/h2>\n\n\n\n<p>La malattia cronica della pelle rosacea colpisce soprattutto le persone con la pelle chiara. \u00c8 caratterizzata da un arrossamento della pelle altrimenti pallida, oltre che da <strong>vene<\/strong> dilatate, <strong>vesciche<\/strong> o <strong>pustole<\/strong> sul viso.  <\/p>\n\n\n\n<p>Si verificano bruciore, prurito e secchezza delle aree colpite. Possono anche formarsi delle pustole. Possono verificarsi ispessimenti della pelle ed escrescenze, soprattutto nella zona del naso.  <\/p>\n\n\n\n<p>Sebbene le cause della rosacea non siano ancora del tutto chiare, \u00e8 noto che fattori come il <strong>consumo di alcol<\/strong>, lo <strong>stress<\/strong>, il <strong>caldo<\/strong> e il <strong>freddo<\/strong>, vari <strong>acari<\/strong> e <strong>batteri<\/strong>, ma anche i cibi piccanti hanno un effetto favorevole.<\/p>\n\n\n\n<p>L&#8217;<strong>uso dei fagi pu\u00f2 rafforzare la flora cutanea<\/strong> e ridurre i sintomi della rosacea con un processo di rigenerazione della pelle.<\/p>\n\n\n\n<div class=\"wp-block-buttons is-layout-flex wp-block-buttons-is-layout-flex\">\n<div class=\"wp-block-button\"><a class=\"wp-block-button__link\" href=\"https:\/\/pelvyra.com\/rosacea-wissen\/phagen-anwendung\/\">Applicazione di fagi per la rosacea<\/a><\/div>\n<\/div>\n<\/div>\n\n\n\n<div class=\"wp-block-column is-layout-flow wp-block-column-is-layout-flow\">\n<figure class=\"wp-block-image size-large\"><img loading=\"lazy\" decoding=\"async\" width=\"1024\" height=\"683\" src=\"https:\/\/pelvyra.com\/wp-content\/uploads\/2021\/04\/phagen-rosacea.jpeg\" alt=\"Fagi e rosacea\" class=\"wp-image-2258\" srcset=\"https:\/\/pelvyra.com\/wp-content\/uploads\/2021\/04\/phagen-rosacea.jpeg 1024w, https:\/\/pelvyra.com\/wp-content\/uploads\/2021\/04\/phagen-rosacea-300x200.jpeg 300w, https:\/\/pelvyra.com\/wp-content\/uploads\/2021\/04\/phagen-rosacea-768x512.jpeg 768w, https:\/\/pelvyra.com\/wp-content\/uploads\/2021\/04\/phagen-rosacea-769x513.jpeg 769w, https:\/\/pelvyra.com\/wp-content\/uploads\/2021\/04\/phagen-rosacea-412x275.jpeg 412w, https:\/\/pelvyra.com\/wp-content\/uploads\/2021\/04\/phagen-rosacea-600x400.jpeg 600w\" sizes=\"(max-width: 1024px) 100vw, 1024px\" \/><\/figure>\n<\/div>\n<\/div>\n\n<div class=\"wp-block-columns is-layout-flex wp-container-core-columns-is-layout-28f84493 wp-block-columns-is-layout-flex\">\n<div class=\"wp-block-column is-layout-flow wp-block-column-is-layout-flow\">\n<figure class=\"wp-block-image size-large\"><img decoding=\"async\" src=\"https:\/\/pelvyra.com\/wp-content\/uploads\/2021\/04\/phagen-neurodermitis-1024x683.jpg\" alt=\"Fagi per la neurodermite\" class=\"wp-image-791\"\/><\/figure>\n<\/div>\n\n\n\n<div class=\"wp-block-column is-layout-flow wp-block-column-is-layout-flow\">\n<h2 class=\"wp-block-heading\">Fagi per la neurodermite<\/h2>\n\n\n\n<p>La dermatite atopica \u00e8 oggi una delle pi\u00f9 comuni <strong>malattie infiammatorie croniche della pelle<\/strong>.  <\/p>\n\n\n\n<p>\u00c8 estremamente sgradevole, sia dal punto di vista visivo che per quanto riguarda i sintomi, che vanno dalla <strong>pelle secca e desquamata<\/strong> fino a un forte <strong>prurito<\/strong> e all&#8217;<strong>eczema<\/strong> che si estende.  <\/p>\n\n\n\n<p>Non solo i sintomi, ma anche i fattori scatenanti possono essere molto diversi. Ci sono <strong>diversi<\/strong> <strong>fattori<\/strong> che portano alla dermatite atopica.  <\/p>\n\n\n\n<p>Si va dai <strong>tessuti<\/strong> indossati alla temperatura della stanza e dell&#8217;aria, dai prodotti igienici e cosmetici utilizzati fino allo stress.  <\/p>\n\n\n\n<p>Anche i <strong>fattori scatenanti delle allergie<\/strong> generali possono favorire lo sviluppo della dermatite atopica. Questo altera la flora cutanea, permettendo ai batteri di moltiplicarsi e di provocare gli effetti descritti.  <\/p>\n\n\n\n<p>L&#8217;applicazione di batteriofagi pu\u00f2 <strong>ripristinare<\/strong> l&#8217;<strong>equilibrio<\/strong> della flora cutanea. I fagi vengono applicati sotto forma di spray, che pu\u00f2 essere utilizzato come terapia coadiuvante per la neurodermite al fine di ripristinare la flora cutanea.<\/p>\n\n\n\n<div class=\"wp-block-buttons is-layout-flex wp-block-buttons-is-layout-flex\">\n<div class=\"wp-block-button\"><a class=\"wp-block-button__link\" href=\"https:\/\/pelvyra.com\/phagen-kaufen\/\">Acquista i batteriofagi &#8211; leggi tutto!<\/a><\/div>\n<\/div>\n<\/div>\n<\/div>\n\n<section aria-label=\"Literaturliste\" class=\"wp-block-abt-bibliography abt-bibliography\" role=\"region\"><ol class=\"abt-bibliography__body\" data-entryspacing=\"1\" data-maxoffset=\"3\" data-linespacing=\"1\" data-second-field-align=\"flush\"><li id=\"4274687154\">  <div class=\"csl-entry\">\n    <div class=\"csl-left-margin\">1.  <\/div><div class=\"csl-right-inline\">Dr Rohde C, Prof Dr Witzenrath M, Dr H\u00fcser A. I batteriofagi come farmaci nella lotta contro le infezioni. Fraunhofer ITEM. Accesso al 6 aprile 2021.  <a href=\"https:\/\/www.item.fraunhofer.de\/de\/leuchtturm-projekte\/bakteriophagen.html\">https:\/\/www.item.fraunhofer.de\/de\/leuchtturm-projekte\/bakteriophagen.html<\/a><\/div>\n  <\/div>\n<\/li><\/ol><\/section>\n","protected":false},"excerpt":{"rendered":"<p>Applicazione dei fagi &#8211; i virus come mangiatori di batteri La terapia con i fagi utilizza le propriet\u00e0 naturali dei batteriofagi per combattere i batteri nocivi. Un fago o batteriofago non \u00e8 altro che un batterivoro naturale. Per moltiplicarsi e svolgere il loro lavoro, i virus cercano innanzitutto una cellula ospite. Poi iniettano il loro [&hellip;]<\/p>\n","protected":false},"author":3,"featured_media":0,"parent":15477,"menu_order":0,"comment_status":"closed","ping_status":"closed","template":"","meta":{"footnotes":""},"class_list":["post-15505","page","type-page","status-publish","hentry"],"_links":{"self":[{"href":"https:\/\/pelvyra.com\/it\/wp-json\/wp\/v2\/pages\/15505","targetHints":{"allow":["GET"]}}],"collection":[{"href":"https:\/\/pelvyra.com\/it\/wp-json\/wp\/v2\/pages"}],"about":[{"href":"https:\/\/pelvyra.com\/it\/wp-json\/wp\/v2\/types\/page"}],"author":[{"embeddable":true,"href":"https:\/\/pelvyra.com\/it\/wp-json\/wp\/v2\/users\/3"}],"replies":[{"embeddable":true,"href":"https:\/\/pelvyra.com\/it\/wp-json\/wp\/v2\/comments?post=15505"}],"version-history":[{"count":1,"href":"https:\/\/pelvyra.com\/it\/wp-json\/wp\/v2\/pages\/15505\/revisions"}],"predecessor-version":[{"id":15512,"href":"https:\/\/pelvyra.com\/it\/wp-json\/wp\/v2\/pages\/15505\/revisions\/15512"}],"up":[{"embeddable":true,"href":"https:\/\/pelvyra.com\/it\/wp-json\/wp\/v2\/pages\/15477"}],"wp:attachment":[{"href":"https:\/\/pelvyra.com\/it\/wp-json\/wp\/v2\/media?parent=15505"}],"curies":[{"name":"wp","href":"https:\/\/api.w.org\/{rel}","templated":true}]}}