{"id":22553,"date":"2025-03-12T12:00:05","date_gmt":"2025-03-12T11:00:05","guid":{"rendered":"https:\/\/pelvyra.com\/produkt\/kit-pour-la-neurodermite\/"},"modified":"2026-03-18T13:27:59","modified_gmt":"2026-03-18T12:27:59","slug":"kit-pour-la-neurodermite","status":"publish","type":"product","link":"https:\/\/pelvyra.com\/fr\/produkt\/kit-pour-la-neurodermite\/","title":{"rendered":"Kit SkinBalance"},"content":{"rendered":"<div class=\"descrip-0\">Skincare Protect utilise la technologie innovante Phage. \u00c0 l&rsquo;aide de bact\u00e9riophages qui attaquent sp\u00e9cifiquement les bact\u00e9ries, SkinCare Protect offre une solution douce pour les peaux sensibles et enflamm\u00e9es. Skincare Protect contribue \u00e0 favoriser l&rsquo;\u00e9quilibre naturel de la flore cutan\u00e9e et \u00e0 former une barri\u00e8re protectrice.  <\/div>\n<div class=\"descrip-2\">\n<p><strong>Utilisation<\/strong><br \/>\nAgite le flacon, retire le capuchon protecteur de l&#8217;embout du spray et vaporise SkinCare Protect 2 \u00e0 3 fois par jour sur la peau nettoy\u00e9e (sans utiliser d&rsquo;autres produits tels que des cr\u00e8mes, des poudres&#8230;). Mouille la surface de la peau avec une fine couche de liquide. Laisse le liquide p\u00e9n\u00e9trer pendant au moins 5 \u00e0 10 minutes avant d&rsquo;appliquer d&rsquo;autres produits sur ta peau. Remets le capuchon protecteur sur le spray st\u00e9rile apr\u00e8s l&rsquo;utilisation. Ensuite, tu peux appliquer d&rsquo;autres produits de soin sur ta peau. Nous recommandons les produits de soin Sanubiom SkinCare. Elles sont adapt\u00e9es \u00e0 SkinCare Protect.      <\/p>\n<p><a class=\"butfp\" href=\"https:\/\/www.youtube.com\/embed\/n3a_0BjybY8?si=npdG9-YuOcQ4lr67\">Vid\u00e9o d&rsquo;application<\/a><\/p>\n<\/div>\n<div class=\"descrip-1\">\n<p><strong>Fixation de la t\u00eate de pulv\u00e9risation<\/strong><br \/>\nEnl\u00e8ve le capuchon de protection bleu \/ Enl\u00e8ve l&rsquo;anneau en aluminium et le capuchon en caoutchouc \/ Place l&#8217;embout du spray st\u00e9rile en biais et pousse-le sur le flacon jusqu&rsquo;\u00e0 ce qu&rsquo;il s&rsquo;enclenche. <\/p>\n<p><a class=\"butfp\" href=\"https:\/\/www.youtube.com\/embed\/_o_Yb0TF_38?si=9ln8GiOZgwS4U1I4\">Vid\u00e9o sur la mise en place <\/a>  \n<\/div>\n<p>&nbsp;<\/p>\n<div class=\"descrip-2\">\n<p><strong>\u00c9tudes<\/strong><\/p>\n<p>Remarque : des \u00e9tudes ont montr\u00e9 que de nombreux probl\u00e8mes de peau sont caus\u00e9s par des bact\u00e9ries ou par une flore cutan\u00e9e perturb\u00e9e. Si les probl\u00e8mes de peau ne sont pas caus\u00e9s par une flore cutan\u00e9e ou des bact\u00e9ries perturb\u00e9es, SkinCare Protect n&rsquo;a aucun effet. <\/p>\n<p>\u00c9tude :<br \/>\nL&rsquo;\u00e9tude montre que la formation de biofilms a \u00e9t\u00e9 inhib\u00e9e avec succ\u00e8s par des phages qui se trouvent dans un produit cosm\u00e9tique. Am\u00e9lioration de l&rsquo;efficacit\u00e9 antibact\u00e9rienne de la formulation cosm\u00e9tique de bact\u00e9riophage pour le traitement du staphylocoque dor\u00e9 in vitro.L <\/p>\n<p><a class=\"butfp\" href=\"https:\/\/www.sciencedirect.com\/science\/article\/pii\/S0570178316300252\">Lien vers l&rsquo;\u00e9tude<\/a>\n<\/div>\n<p>&nbsp;<\/p>\n<p><img decoding=\"async\" src=\"https:\/\/pelvyra.com\/wp-content\/uploads\/2024\/02\/sanubiom_icons-scaled.webp\" alt=\"sanubiom production\" width=\"100%\" height=\"auto\"><\/p>\n<p><a class=\"butfp\" title=\"FAQS\" href=\"https:\/\/pelvyra.com\/fr\/faq\/\">Toutes les FAQ sur l&rsquo;application<\/a><\/p>\n","protected":false},"excerpt":{"rendered":"<p class=\"subpro\">Soin doux pour les peaux s\u00e8ches et sensibles<\/p>\n<p>Notre pack complet contre la dermatite atopique offre une routine de soins sp\u00e9cialement adapt\u00e9e aux peaux s\u00e8ches, sensibles et sujettes aux irritations. Les produits soigneusement s\u00e9lectionn\u00e9s soutiennent la barri\u00e8re protectrice de la peau, hydratent intens\u00e9ment et favorisent une sensation agr\u00e9able sur la peau. <\/p>\n<ul class=\"subprou\">\n<li>Avantage prix &#8211; Economise par rapport \u00e0 l&rsquo;achat individuel !<\/li>\n<li>Une coordination optimale &#8211; Les produits se compl\u00e8tent parfaitement dans les soins quotidiens de la peau.<\/li>\n<li>Facile \u00e0 utiliser &#8211; tu obtiens une routine compl\u00e8te pour un soin de la peau sans complications.<\/li>\n<li>Tout dans un seul kit &#8211; pas besoin d&rsquo;assembler les pi\u00e8ces, tout est pr\u00eat \u00e0 l&#8217;emploi !<\/li>\n<\/ul>\n<p><img decoding=\"async\" class=\"phagelogo\" src=\"https:\/\/pelvyra.com\/wp-content\/uploads\/2024\/10\/phage_technology_logo_neu.png\" alt=\"phage-technology\" width=\"222\" height=\"95\"><\/p>\n<p><!-- wp:woocommerce\/product-price {\"textAlign\":\"left\",\"isDescendentOfSingleProductBlock\":true} \/--><\/p>\n<p class=\"versa1\">incl. 20 % de TVA &amp; <a href=\"https:\/\/pelvyra.com\/fr\/informations-sur-lenvoi\/\" target=\"_blank\" rel=\"noopener\">frais d&rsquo;exp\u00e9dition<\/a> en sus <\/p>\n","protected":false},"featured_media":28276,"template":"","meta":[],"product_brand":[],"product_cat":[379],"product_tag":[],"class_list":{"0":"post-22553","1":"product","2":"type-product","3":"status-publish","4":"has-post-thumbnail","6":"product_cat-kit-complet","8":"first","9":"instock","10":"taxable","11":"shipping-taxable","12":"purchasable","13":"product-type-woosb"},"_links":{"self":[{"href":"https:\/\/pelvyra.com\/fr\/wp-json\/wp\/v2\/product\/22553","targetHints":{"allow":["GET"]}}],"collection":[{"href":"https:\/\/pelvyra.com\/fr\/wp-json\/wp\/v2\/product"}],"about":[{"href":"https:\/\/pelvyra.com\/fr\/wp-json\/wp\/v2\/types\/product"}],"version-history":[{"count":1,"href":"https:\/\/pelvyra.com\/fr\/wp-json\/wp\/v2\/product\/22553\/revisions"}],"predecessor-version":[{"id":27829,"href":"https:\/\/pelvyra.com\/fr\/wp-json\/wp\/v2\/product\/22553\/revisions\/27829"}],"wp:featuredmedia":[{"embeddable":true,"href":"https:\/\/pelvyra.com\/fr\/wp-json\/wp\/v2\/media\/28276"}],"wp:attachment":[{"href":"https:\/\/pelvyra.com\/fr\/wp-json\/wp\/v2\/media?parent=22553"}],"wp:term":[{"taxonomy":"product_brand","embeddable":true,"href":"https:\/\/pelvyra.com\/fr\/wp-json\/wp\/v2\/product_brand?post=22553"},{"taxonomy":"product_cat","embeddable":true,"href":"https:\/\/pelvyra.com\/fr\/wp-json\/wp\/v2\/product_cat?post=22553"},{"taxonomy":"product_tag","embeddable":true,"href":"https:\/\/pelvyra.com\/fr\/wp-json\/wp\/v2\/product_tag?post=22553"}],"curies":[{"name":"wp","href":"https:\/\/api.w.org\/{rel}","templated":true}]}}