{"id":16900,"date":"2024-05-23T12:29:10","date_gmt":"2024-05-23T10:29:10","guid":{"rendered":"https:\/\/pelvyra.com\/dermatite-atopique-recommandation-de-produits-pour-la-peau-seche\/"},"modified":"2024-05-23T12:29:13","modified_gmt":"2024-05-23T10:29:13","slug":"dermatite-atopique-recommandation-de-produits-pour-la-peau-seche","status":"publish","type":"page","link":"https:\/\/pelvyra.com\/fr\/dermatite-atopique-recommandation-de-produits-pour-la-peau-seche\/","title":{"rendered":"Dermatite atopique Recommandation de produits pour la peau s\u00e8che"},"content":{"rendered":"\n<h1 class=\"empf\">Produits recommand\u00e9s pour les peaux \u00e0 tendance <b>atopique<\/b> <\/h1>\n<h2 class=\"empf\">en cas de peau s\u00e8che<\/h2>\n\n<div class=\"wp-block-columns is-not-stacked-on-mobile is-layout-flex wp-container-core-columns-is-layout-28f84493 wp-block-columns-is-layout-flex\">\n<div class=\"wp-block-column acnemob is-layout-flow wp-block-column-is-layout-flow\">\n<div data-block-name=\"woocommerce\/single-product\" data-product-id=\"6660\" data-wp-context=\"{&quot;productId&quot;:6660,&quot;variationId&quot;:null}\" data-wp-interactive=\"woocommerce\/single-product\" class=\"wp-block-woocommerce-single-product acnema\">\n<div class=\"wp-block-columns acnema is-layout-flex wp-container-core-columns-is-layout-28f84493 wp-block-columns-is-layout-flex\">\n<div class=\"wp-block-column acnecol is-layout-flow wp-block-column-is-layout-flow\"><div data-block-name=\"woocommerce\/product-image\" data-is-descendent-of-single-product-block=\"true\" data-show-sale-badge=\"false\" class=\"wc-block-components-product-image wc-block-grid__product-image wc-block-components-product-image--aspect-ratio-auto wp-block-woocommerce-product-image\"><a href=\"https:\/\/pelvyra.com\/?post_type=product&#038;p=6660\" style=\"\" data-wp-on--click=\"woocommerce\/product-collection::actions.viewProduct\"><img loading=\"lazy\" decoding=\"async\" width=\"600\" height=\"600\" src=\"https:\/\/pelvyra.com\/wp-content\/uploads\/2026\/02\/Sensitive_01-600x600.png\" class=\"attachment-woocommerce_single size-woocommerce_single\" alt=\"SkinCare Sensitive\" data-testid=\"product-image\" data-image-id=\"25310\" style=\"object-fit:cover;\" loading=\"lazy\" srcset=\"https:\/\/pelvyra.com\/wp-content\/uploads\/2026\/02\/Sensitive_01-600x600.png 600w, https:\/\/pelvyra.com\/wp-content\/uploads\/2026\/02\/Sensitive_01-300x300.png 300w, https:\/\/pelvyra.com\/wp-content\/uploads\/2026\/02\/Sensitive_01-150x150.png 150w, https:\/\/pelvyra.com\/wp-content\/uploads\/2026\/02\/Sensitive_01-768x768.png 768w, https:\/\/pelvyra.com\/wp-content\/uploads\/2026\/02\/Sensitive_01-100x100.png 100w, https:\/\/pelvyra.com\/wp-content\/uploads\/2026\/02\/Sensitive_01.png 1000w\" sizes=\"auto, (max-width: 600px) 100vw, 600px\" \/><div class=\"wc-block-components-product-image__inner-container\"><\/div><\/a><\/div>\n\n\n<p class=\"namepro\" style=\"margin-top:10px; text-align:center; font-size: 18px;\"><span style=\"color: #000; font-style: italic;\">SOIN<\/span> <span style=\"color: #f7d7d3; font-weight: bold;\">DE LA PEAU<\/span> SENSITIVE<\/p>\n<p class=\"nameprop\" style=\"  line-height: 12px; font-size: 13px; font-weight: bold; margin-top:0px; text-align:center;\">Soin de la peau probiotique<\/p>\n\n\n<div data-block-name=\"woocommerce\/product-price\" data-is-descendent-of-single-product-block=\"true\" data-text-align=\"center\" class=\"has-text-align-center wp-block-woocommerce-product-price\" ><div class=\"wc-block-components-product-price wc-block-grid__product-price\" >\n\t\t\t\t\t<span class=\"woocommerce-Price-amount amount\"><bdi>22,99<span class=\"woocommerce-Price-currencySymbol\">&euro;<\/span><\/bdi><\/span>\n\t\t\t\t<\/div><\/div>\n\n<div data-block-name=\"woocommerce\/product-button\" class=\"wp-block-button wc-block-components-product-button   align- wp-block-woocommerce-product-button\"\n\t\t\t\t\t\n\t\t\t\t\tdata-wp-context='{\"quantityToAdd\":1,\"productId\":6660,\"productType\":\"simple\",\"addToCartText\":\"Lire la suite\",\"tempQuantity\":0,\"animationStatus\":\"IDLE\",\"inTheCartText\":\"### dans le panier\",\"noticeId\":\"\",\"hasPressedButton\":false}'\n\t\t\t\t>\n\t\t\t\t\t<a\n\t\t\t\t\t\tclass=\"wp-block-button__link wp-element-button wc-block-components-product-button__button product_type_simple wc-interactive\"\n\t\t\t\t\t\tstyle=\"\"\n\t\t\t\t\t\thref=\"https:\/\/pelvyra.com\/?post_type=product&#038;p=6660\" rel=\"nofollow\" data-product_id=\"6660\" data-product_sku=\"2006\" aria-label=\"En savoir plus sur &ldquo;SkinCare Sensitive&rdquo;\"\n\t\t\t\t\t\tdata-wp-on--click=\"woocommerce\/product-collection::actions.viewProduct\"\n\t\t\t\t\t>\n\t\t\t\t\t<span >Lire la suite<\/span>\n\t\t\t\t\t<\/a>\n\t\t\t\t\t\n\t\t\t\t<\/div><\/div>\n<\/div>\n<\/div>\n<\/div>\n\n\n\n<div class=\"wp-block-column acnemob is-layout-flow wp-block-column-is-layout-flow\">\n<div data-block-name=\"woocommerce\/single-product\" data-product-id=\"5946\" data-wp-context=\"{&quot;productId&quot;:5946,&quot;variationId&quot;:null}\" data-wp-interactive=\"woocommerce\/single-product\" class=\"wp-block-woocommerce-single-product acnema\">\n<div class=\"wp-block-columns acnema is-layout-flex wp-container-core-columns-is-layout-28f84493 wp-block-columns-is-layout-flex\">\n<div class=\"wp-block-column acnecol is-layout-flow wp-block-column-is-layout-flow\"><div data-block-name=\"woocommerce\/product-image\" data-is-descendent-of-single-product-block=\"true\" data-show-sale-badge=\"false\" class=\"wc-block-components-product-image wc-block-grid__product-image wc-block-components-product-image--aspect-ratio-auto wp-block-woocommerce-product-image\"><a href=\"https:\/\/pelvyra.com\/?post_type=product&#038;p=5946\" style=\"\" data-wp-on--click=\"woocommerce\/product-collection::actions.viewProduct\"><img loading=\"lazy\" decoding=\"async\" width=\"600\" height=\"600\" src=\"https:\/\/pelvyra.com\/wp-content\/uploads\/2026\/02\/SkinCare-Plus_01-600x600.png\" class=\"attachment-woocommerce_single size-woocommerce_single\" alt=\"SkinCare Plus\" data-testid=\"product-image\" data-image-id=\"25862\" style=\"object-fit:cover;\" loading=\"lazy\" srcset=\"https:\/\/pelvyra.com\/wp-content\/uploads\/2026\/02\/SkinCare-Plus_01-600x600.png 600w, https:\/\/pelvyra.com\/wp-content\/uploads\/2026\/02\/SkinCare-Plus_01-300x300.png 300w, https:\/\/pelvyra.com\/wp-content\/uploads\/2026\/02\/SkinCare-Plus_01-150x150.png 150w, https:\/\/pelvyra.com\/wp-content\/uploads\/2026\/02\/SkinCare-Plus_01-768x768.png 768w, https:\/\/pelvyra.com\/wp-content\/uploads\/2026\/02\/SkinCare-Plus_01-100x100.png 100w, https:\/\/pelvyra.com\/wp-content\/uploads\/2026\/02\/SkinCare-Plus_01.png 1000w\" sizes=\"auto, (max-width: 600px) 100vw, 600px\" \/><div class=\"wc-block-components-product-image__inner-container\"><\/div><\/a><\/div>\n\n\n<p class=\"namepro\" style=\"margin-top:10px; text-align:center; font-size: 18px;\"><span style=\"color: #000; font-style: italic;\">SKINCARE<\/span> PLUS<\/p>\n<p class=\"nameprop\" style=\"line-height: 12px; font-size: 13px; font-weight: bold; margin-top:0px; text-align:center;\">Cure probiotique pour la peau<\/p>\n\n\n<div data-block-name=\"woocommerce\/product-price\" data-is-descendent-of-single-product-block=\"true\" data-text-align=\"center\" class=\"has-text-align-center wp-block-woocommerce-product-price\" ><div class=\"wc-block-components-product-price wc-block-grid__product-price\" >\n\t\t\t\t\t<span class=\"woocommerce-Price-amount amount\"><bdi>17,99<span class=\"woocommerce-Price-currencySymbol\">&euro;<\/span><\/bdi><\/span>\n\t\t\t\t<\/div><\/div>\n\n<div data-block-name=\"woocommerce\/product-button\" class=\"wp-block-button wc-block-components-product-button   align- wp-block-woocommerce-product-button\"\n\t\t\t\t\t\n\t\t\t\t\tdata-wp-context='{\"quantityToAdd\":1,\"productId\":5946,\"productType\":\"simple\",\"addToCartText\":\"Lire la suite\",\"tempQuantity\":0,\"animationStatus\":\"IDLE\",\"inTheCartText\":\"### dans le panier\",\"noticeId\":\"\",\"hasPressedButton\":false}'\n\t\t\t\t>\n\t\t\t\t\t<a\n\t\t\t\t\t\tclass=\"wp-block-button__link wp-element-button wc-block-components-product-button__button product_type_simple wc-interactive\"\n\t\t\t\t\t\tstyle=\"\"\n\t\t\t\t\t\thref=\"https:\/\/pelvyra.com\/?post_type=product&#038;p=5946\" rel=\"nofollow\" data-product_id=\"5946\" data-product_sku=\"2005\" aria-label=\"En savoir plus sur &ldquo;SkinCare Plus&rdquo;\"\n\t\t\t\t\t\tdata-wp-on--click=\"woocommerce\/product-collection::actions.viewProduct\"\n\t\t\t\t\t>\n\t\t\t\t\t<span >Lire la suite<\/span>\n\t\t\t\t\t<\/a>\n\t\t\t\t\t\n\t\t\t\t<\/div><\/div>\n<\/div>\n<\/div>\n<\/div>\n\n\n\n<div class=\"wp-block-column acnemob is-layout-flow wp-block-column-is-layout-flow\">\n<div data-block-name=\"woocommerce\/single-product\" data-product-id=\"12099\" data-wp-context=\"{&quot;productId&quot;:12099,&quot;variationId&quot;:null}\" data-wp-interactive=\"woocommerce\/single-product\" class=\"wp-block-woocommerce-single-product acnema\">\n<div class=\"wp-block-columns acnema is-layout-flex wp-container-core-columns-is-layout-28f84493 wp-block-columns-is-layout-flex\">\n<div class=\"wp-block-column acnecol is-layout-flow wp-block-column-is-layout-flow\"><div data-block-name=\"woocommerce\/product-image\" data-is-descendent-of-single-product-block=\"true\" data-show-sale-badge=\"false\" class=\"wc-block-components-product-image wc-block-grid__product-image wc-block-components-product-image--aspect-ratio-auto wp-block-woocommerce-product-image\"><a href=\"https:\/\/pelvyra.com\/?post_type=product&#038;p=12099\" style=\"\" data-wp-on--click=\"woocommerce\/product-collection::actions.viewProduct\"><img loading=\"lazy\" decoding=\"async\" width=\"600\" height=\"600\" src=\"https:\/\/pelvyra.com\/wp-content\/uploads\/2026\/02\/Essentials_Skin_01-600x600.png\" class=\"attachment-woocommerce_single size-woocommerce_single\" alt=\"Essentials Skin\" data-testid=\"product-image\" data-image-id=\"25315\" style=\"object-fit:cover;\" loading=\"lazy\" srcset=\"https:\/\/pelvyra.com\/wp-content\/uploads\/2026\/02\/Essentials_Skin_01-600x600.png 600w, https:\/\/pelvyra.com\/wp-content\/uploads\/2026\/02\/Essentials_Skin_01-300x300.png 300w, https:\/\/pelvyra.com\/wp-content\/uploads\/2026\/02\/Essentials_Skin_01-150x150.png 150w, https:\/\/pelvyra.com\/wp-content\/uploads\/2026\/02\/Essentials_Skin_01-768x768.png 768w, https:\/\/pelvyra.com\/wp-content\/uploads\/2026\/02\/Essentials_Skin_01-100x100.png 100w, https:\/\/pelvyra.com\/wp-content\/uploads\/2026\/02\/Essentials_Skin_01.png 1000w\" sizes=\"auto, (max-width: 600px) 100vw, 600px\" \/><div class=\"wc-block-components-product-image__inner-container\"><\/div><\/a><\/div>\n\n\n<p class=\"namepro\" style=\"margin-top:10px; text-align:center; font-size: 18px;\">PEAU <span style=\"color: #d4e7c8; font-weight: bold;\">ESSENTIELLE<\/span> <\/p>\n<p class=\"nameprop\" style=\"line-height: 12px; font-size: 13px; font-weight: bold; margin-top:0px; text-align:center;\">Compl\u00e9ment alimentaire<\/p>\n\n\n<div data-block-name=\"woocommerce\/product-price\" data-is-descendent-of-single-product-block=\"true\" data-text-align=\"center\" class=\"has-text-align-center wp-block-woocommerce-product-price\" ><div class=\"wc-block-components-product-price wc-block-grid__product-price\" >\n\t\t\t\t\t<span class=\"woocommerce-Price-amount amount\"><bdi>31,49<span class=\"woocommerce-Price-currencySymbol\">&euro;<\/span><\/bdi><\/span>\n\t\t\t\t<\/div><\/div>\n\n<div data-block-name=\"woocommerce\/product-button\" class=\"wp-block-button wc-block-components-product-button   align- wp-block-woocommerce-product-button\"\n\t\t\t\t\t\n\t\t\t\t\tdata-wp-context='{\"quantityToAdd\":1,\"productId\":12099,\"productType\":\"simple\",\"addToCartText\":\"Lire la suite\",\"tempQuantity\":0,\"animationStatus\":\"IDLE\",\"inTheCartText\":\"### dans le panier\",\"noticeId\":\"\",\"hasPressedButton\":false}'\n\t\t\t\t>\n\t\t\t\t\t<a\n\t\t\t\t\t\tclass=\"wp-block-button__link wp-element-button wc-block-components-product-button__button product_type_simple wc-interactive\"\n\t\t\t\t\t\tstyle=\"\"\n\t\t\t\t\t\thref=\"https:\/\/pelvyra.com\/?post_type=product&#038;p=12099\" rel=\"nofollow\" data-product_id=\"12099\" data-product_sku=\"2010\" aria-label=\"En savoir plus sur &ldquo;Essentials Skin&rdquo;\"\n\t\t\t\t\t\tdata-wp-on--click=\"woocommerce\/product-collection::actions.viewProduct\"\n\t\t\t\t\t>\n\t\t\t\t\t<span >Lire la suite<\/span>\n\t\t\t\t\t<\/a>\n\t\t\t\t\t\n\t\t\t\t<\/div><\/div>\n<\/div>\n<\/div>\n<\/div>\n\n\n\n<div class=\"wp-block-column acnemob is-layout-flow wp-block-column-is-layout-flow\">\n<div data-block-name=\"woocommerce\/single-product\" data-product-id=\"12102\" data-wp-context=\"{&quot;productId&quot;:12102,&quot;variationId&quot;:null}\" data-wp-interactive=\"woocommerce\/single-product\" class=\"wp-block-woocommerce-single-product acnema\">\n<div class=\"wp-block-columns acnema is-layout-flex wp-container-core-columns-is-layout-28f84493 wp-block-columns-is-layout-flex\">\n<div class=\"wp-block-column acnecol is-layout-flow wp-block-column-is-layout-flow\"><div data-block-name=\"woocommerce\/product-image\" data-is-descendent-of-single-product-block=\"true\" data-show-sale-badge=\"false\" class=\"wc-block-components-product-image wc-block-grid__product-image wc-block-components-product-image--aspect-ratio-auto wp-block-woocommerce-product-image\"><a href=\"https:\/\/pelvyra.com\/?post_type=product&#038;p=12102\" style=\"\" data-wp-on--click=\"woocommerce\/product-collection::actions.viewProduct\"><img loading=\"lazy\" decoding=\"async\" width=\"600\" height=\"600\" src=\"https:\/\/pelvyra.com\/wp-content\/uploads\/2026\/02\/Essentials_intesti-600x600.png\" class=\"attachment-woocommerce_single size-woocommerce_single\" alt=\"Essentials Intesti\" data-testid=\"product-image\" data-image-id=\"25300\" style=\"object-fit:cover;\" loading=\"lazy\" srcset=\"https:\/\/pelvyra.com\/wp-content\/uploads\/2026\/02\/Essentials_intesti-600x600.png 600w, https:\/\/pelvyra.com\/wp-content\/uploads\/2026\/02\/Essentials_intesti-300x300.png 300w, https:\/\/pelvyra.com\/wp-content\/uploads\/2026\/02\/Essentials_intesti-150x150.png 150w, https:\/\/pelvyra.com\/wp-content\/uploads\/2026\/02\/Essentials_intesti-768x768.png 768w, https:\/\/pelvyra.com\/wp-content\/uploads\/2026\/02\/Essentials_intesti-100x100.png 100w, https:\/\/pelvyra.com\/wp-content\/uploads\/2026\/02\/Essentials_intesti.png 1000w\" sizes=\"auto, (max-width: 600px) 100vw, 600px\" \/><div class=\"wc-block-components-product-image__inner-container\"><\/div><\/a><\/div>\n\n\n<p class=\"namepro\" style=\"margin-top:10px; text-align:center; font-size: 18px;\"><span style=\"color: #d4e7c8; font-weight: bold;\">ESSENTIALS<\/span> INTESTI<\/p>\n<p class=\"nameprop\" style=\"line-height: 12px; font-size: 13px; font-weight: bold; margin-top:0px; text-align:center;\">Compl\u00e9ment alimentaire<\/p>\n\n\n<div data-block-name=\"woocommerce\/product-price\" data-is-descendent-of-single-product-block=\"true\" data-text-align=\"center\" class=\"has-text-align-center wp-block-woocommerce-product-price\" ><div class=\"wc-block-components-product-price wc-block-grid__product-price\" >\n\t\t\t\t\t<span class=\"woocommerce-Price-amount amount\"><bdi>31,49<span class=\"woocommerce-Price-currencySymbol\">&euro;<\/span><\/bdi><\/span>\n\t\t\t\t<\/div><\/div>\n\n<div data-block-name=\"woocommerce\/product-button\" class=\"wp-block-button wc-block-components-product-button   align- wp-block-woocommerce-product-button\"\n\t\t\t\t\t\n\t\t\t\t\tdata-wp-context='{\"quantityToAdd\":1,\"productId\":12102,\"productType\":\"simple\",\"addToCartText\":\"Lire la suite\",\"tempQuantity\":0,\"animationStatus\":\"IDLE\",\"inTheCartText\":\"### dans le panier\",\"noticeId\":\"\",\"hasPressedButton\":false}'\n\t\t\t\t>\n\t\t\t\t\t<a\n\t\t\t\t\t\tclass=\"wp-block-button__link wp-element-button wc-block-components-product-button__button product_type_simple wc-interactive\"\n\t\t\t\t\t\tstyle=\"\"\n\t\t\t\t\t\thref=\"https:\/\/pelvyra.com\/?post_type=product&#038;p=12102\" rel=\"nofollow\" data-product_id=\"12102\" data-product_sku=\"2009\" aria-label=\"En savoir plus sur &ldquo;Essentials Intesti&rdquo;\"\n\t\t\t\t\t\tdata-wp-on--click=\"woocommerce\/product-collection::actions.viewProduct\"\n\t\t\t\t\t>\n\t\t\t\t\t<span >Lire la suite<\/span>\n\t\t\t\t\t<\/a>\n\t\t\t\t\t\n\t\t\t\t<\/div><\/div>\n<\/div>\n<\/div>\n<\/div>\n<\/div>\n\n<h2 class=\"wp-block-heading\">Recommandation d&rsquo;utilisation<\/h2>\n\n<p>Comme cr\u00e8me hydratante, nous recommandons <a href=\"https:\/\/pelvyra.com\/produkt\/sanubiom-skincare-sensitive-probiotische-hautpflege\/\" title=\"SOIN DE LA PEAU SENSITIVE\">SkinCare Sensitive<\/a>, \u00e0 appliquer selon les besoins.  <\/p>\n\n<p>Une fois que les sympt\u00f4mes de la neurodermite ont disparu, nous recommandons <a href=\"https:\/\/pelvyra.com\/produkt\/sanubiom-skincare-plus-probiotische-hautkur-hautgel-5x1g-ergibt-100ml-gel\/\">SkinCare Plus<\/a> pour aider \u00e0 la r\u00e9g\u00e9n\u00e9ration du microbiote cutan\u00e9.<br\/>Des \u00e9tudes montrent que les bact\u00e9ries b\u00e9n\u00e9fiques pour la peau qu&rsquo;il contient peuvent augmenter la production de c\u00e9ramides (= graisses de la peau).  <\/p>\n\n<h2 class=\"wp-block-heading\">\u00c9tudes<\/h2>\n\n<div class=\"wp-block-columns is-layout-flex wp-container-core-columns-is-layout-28f84493 wp-block-columns-is-layout-flex\">\n<div class=\"wp-block-column is-layout-flow wp-block-column-is-layout-flow\" style=\"flex-basis:50%\">\n<div class=\"wp-block-columns studie is-layout-flex wp-container-core-columns-is-layout-28f84493 wp-block-columns-is-layout-flex\">\n<div class=\"wp-block-column is-layout-flow wp-block-column-is-layout-flow\">\n<h3 class=\"wp-block-heading\"><strong>Dermatite atopique : des virus d\u00e9couverts comme nouvelle option th\u00e9rapeutique<\/strong><\/h3>\n\n\n\n<p>Le directeur de la clinique universitaire de dermatologie \u00e0 MedUni Vienne, Wolfgang Weninger, a d\u00e9couvert une nouvelle approche dans le cadre d&rsquo;une \u00e9tude.<br\/><em>Publication : Science Advances : The phageome in normal and inflamed human skin M. Wielscher, K. Pfisterer, D. Samardzic, P. Balsini, C. Bangert, K. J\u00e4ger, M. Buchberger, B. Selitsch, P. Pjevac, B. Willinger, W. Weninger  <\/em><\/p>\n\n\n\n<div class=\"wp-block-buttons is-layout-flex wp-block-buttons-is-layout-flex\">\n<div class=\"wp-block-button\"><a class=\"wp-block-button__link wp-element-button\" href=\"https:\/\/www.meduniwien.ac.at\/web\/ueber-uns\/news\/2023\/news-im-september-2023\/neurodermitis-viren-als-neue-therapie-option-entdeckt\/\">Vers l&rsquo;\u00e9tude<\/a><\/div>\n<\/div>\n<\/div>\n<\/div>\n<\/div>\n\n\n\n<div class=\"wp-block-column is-layout-flow wp-block-column-is-layout-flow\" style=\"flex-basis:50%\">\n<div class=\"wp-block-columns studie is-layout-flex wp-container-core-columns-is-layout-28f84493 wp-block-columns-is-layout-flex\">\n<div class=\"wp-block-column is-layout-flow wp-block-column-is-layout-flow\">\n<h3 class=\"wp-block-heading\"><strong>Les bact\u00e9riophages et le microbiome en dermatologie<\/strong> <\/h3>\n\n\n\n<p>Le r\u00f4le des bact\u00e9riophages et une strat\u00e9gie th\u00e9rapeutique possible.<br\/><em>Natarelli, N. ; Gahoonia, N. ; Sivamani, R.K. Les bact\u00e9riophages et le microbiome en dermatologie : le r\u00f4le du phageome et une strat\u00e9gie th\u00e9rapeutique potentielle. Int. J.Mol.Sci. 2023,24,2695.<\/em><\/p>\n\n\n\n<div class=\"wp-block-buttons is-layout-flex wp-block-buttons-is-layout-flex\">\n<div class=\"wp-block-button\"><a class=\"wp-block-button__link wp-element-button\" href=\"https:\/\/pelvyra.com\/wp-content\/uploads\/2023\/10\/ijms-24-02695.pdf\">Vers l&rsquo;\u00e9tude<\/a><\/div>\n<\/div>\n<\/div>\n<\/div>\n<\/div>\n<\/div>\n\n<div class=\"wp-block-columns is-layout-flex wp-container-core-columns-is-layout-28f84493 wp-block-columns-is-layout-flex\">\n<div class=\"wp-block-column is-layout-flow wp-block-column-is-layout-flow\" style=\"flex-basis:50%\">\n<div class=\"wp-block-columns studie is-layout-flex wp-container-core-columns-is-layout-28f84493 wp-block-columns-is-layout-flex\">\n<div class=\"wp-block-column is-layout-flow wp-block-column-is-layout-flow\">\n<h3 class=\"wp-block-heading\"><strong>Les avantages de l&rsquo;application de bact\u00e9ries lactiques sur la peau<\/strong><\/h3>\n\n\n\n<p>Les avantages de l&rsquo;application de bact\u00e9ries lactiques sur la peau ont \u00e9t\u00e9 \u00e9tudi\u00e9s par Di Marzio.  <br\/><em>Di Marzio L, Cinque B, De Simone C, Cifone MG. Effet de la bact\u00e9rie lactique Streptococcus thermophilus sur les niveaux de c\u00e9ramides dans les k\u00e9ratinocytes humains in vitro et le stratum corneum in vivo.  <\/em><\/p>\n\n\n\n<div class=\"wp-block-buttons is-layout-flex wp-block-buttons-is-layout-flex\">\n<div class=\"wp-block-button\"><a class=\"wp-block-button__link wp-element-button\" href=\"https:\/\/www.jidonline.org\/article\/S0022-202X(15)40540-8\/fulltext\">Vers l&rsquo;\u00e9tude<\/a><\/div>\n<\/div>\n<\/div>\n<\/div>\n<\/div>\n\n\n\n<div class=\"wp-block-column is-layout-flow wp-block-column-is-layout-flow\" style=\"flex-basis:50%\">\n<div class=\"wp-block-columns studie is-layout-flex wp-container-core-columns-is-layout-28f84493 wp-block-columns-is-layout-flex\">\n<div class=\"wp-block-column is-layout-flow wp-block-column-is-layout-flow\">\n<h3 class=\"wp-block-heading\">Les bact\u00e9riophages : <strong>la dermatite atopique et le microbiome <\/strong> <\/h3>\n\n\n\n<p>La dermatite atopique (DA) est une maladie inflammatoire chronique de la peau fr\u00e9quente, probablement d\u00e9clench\u00e9e par des facteurs environnementaux chez des personnes g\u00e9n\u00e9tiquement pr\u00e9dispos\u00e9es.<br\/><em>M. Wielscher et al., The phageome in normal and inflamed human skin.  <br\/><\/em><\/p>\n\n\n\n<div class=\"wp-block-buttons is-layout-flex wp-block-buttons-is-layout-flex\">\n<div class=\"wp-block-button\"><a class=\"wp-block-button__link wp-element-button\" href=\"https:\/\/www.science.org\/doi\/10.1126\/sciadv.adg4015\">Vers l&rsquo;\u00e9tude<\/a><\/div>\n<\/div>\n<\/div>\n<\/div>\n<\/div>\n<\/div>\n\n<p>* tous les prix incluent 20 % de TVA &#038; <a href=\"https:\/\/pelvyra.com\/fr\/informations-sur-lenvoi\/\" target=\"_blank\" rel=\"noopener\">frais d&rsquo;exp\u00e9dition<\/a> en sus<\/p>\n","protected":false},"excerpt":{"rendered":"<p>Produits recommand\u00e9s pour les peaux \u00e0 tendance atopique en cas de peau s\u00e8che Recommandation d&rsquo;utilisation Comme cr\u00e8me hydratante, nous recommandons SkinCare Sensitive, \u00e0 appliquer selon les besoins. Une fois que les sympt\u00f4mes de la neurodermite ont disparu, nous recommandons SkinCare Plus pour aider \u00e0 la r\u00e9g\u00e9n\u00e9ration du microbiote cutan\u00e9.Des \u00e9tudes montrent que les bact\u00e9ries b\u00e9n\u00e9fiques [&hellip;]<\/p>\n","protected":false},"author":81,"featured_media":0,"parent":0,"menu_order":0,"comment_status":"closed","ping_status":"closed","template":"","meta":{"_acf_changed":false,"footnotes":""},"class_list":["post-16900","page","type-page","status-publish","hentry"],"acf":[],"_links":{"self":[{"href":"https:\/\/pelvyra.com\/fr\/wp-json\/wp\/v2\/pages\/16900","targetHints":{"allow":["GET"]}}],"collection":[{"href":"https:\/\/pelvyra.com\/fr\/wp-json\/wp\/v2\/pages"}],"about":[{"href":"https:\/\/pelvyra.com\/fr\/wp-json\/wp\/v2\/types\/page"}],"author":[{"embeddable":true,"href":"https:\/\/pelvyra.com\/fr\/wp-json\/wp\/v2\/users\/81"}],"replies":[{"embeddable":true,"href":"https:\/\/pelvyra.com\/fr\/wp-json\/wp\/v2\/comments?post=16900"}],"version-history":[{"count":1,"href":"https:\/\/pelvyra.com\/fr\/wp-json\/wp\/v2\/pages\/16900\/revisions"}],"predecessor-version":[{"id":16902,"href":"https:\/\/pelvyra.com\/fr\/wp-json\/wp\/v2\/pages\/16900\/revisions\/16902"}],"wp:attachment":[{"href":"https:\/\/pelvyra.com\/fr\/wp-json\/wp\/v2\/media?parent=16900"}],"curies":[{"name":"wp","href":"https:\/\/api.w.org\/{rel}","templated":true}]}}