{"id":16135,"date":"2024-05-23T12:15:43","date_gmt":"2024-05-23T10:15:43","guid":{"rendered":"https:\/\/pelvyra.com\/connaissance-de-lacne\/declencheurs-de-lacne\/"},"modified":"2024-05-23T12:15:45","modified_gmt":"2024-05-23T10:15:45","slug":"declencheurs-de-lacne","status":"publish","type":"page","link":"https:\/\/pelvyra.com\/fr\/connaissance-de-lacne\/declencheurs-de-lacne\/","title":{"rendered":"D\u00e9clencheurs de l&rsquo;acn\u00e9"},"content":{"rendered":"\n<div class=\"wp-block-columns mobile-image-last is-layout-flex wp-container-core-columns-is-layout-28f84493 wp-block-columns-is-layout-flex\">\n<div class=\"wp-block-column is-vertically-aligned-center is-layout-flow wp-block-column-is-layout-flow\" style=\"flex-basis:66.66%\">\n<h1 class=\"wp-block-heading\">Pourquoi a-t-on de l&rsquo;acn\u00e9 ? Les d\u00e9clencheurs de l&rsquo;acn\u00e9 !<\/h1>\n\n\n\n<p>L&rsquo;acn\u00e9 et les imperfections cutan\u00e9es sont des <strong>maladies de peau<\/strong> <strong>courantes<\/strong>. Elle appara\u00eet surtout chez les <strong>adolescents<\/strong>, car pendant la <strong>pubert\u00e9 <\/strong>, les changements hormonaux favorisent l&rsquo;hyperactivit\u00e9 des glandes s\u00e9bac\u00e9es. Cependant, <strong>les d\u00e9clencheurs de l&rsquo;acn\u00e9<\/strong> sont nombreux et vari\u00e9s.  <\/p>\n\n\n\n<p>Il n&rsquo;y a pas que le dysfonctionnement des <strong>glandes s\u00e9bac\u00e9es<\/strong> qui peut en \u00eatre la cause. De m\u00eame, une <strong>surpopulation de bact\u00e9ries <\/strong>ou une <strong>r\u00e9action inflammatoire<\/strong> peuvent \u00eatre \u00e0 l&rsquo;origine d&rsquo;une peau impure. Les pr\u00e9dispositions g\u00e9n\u00e9tiques peuvent en outre avoir un effet n\u00e9gatif sur l&rsquo;aspect de la peau.  <\/p>\n\n\n\n<p>L&rsquo;apparition de l&rsquo;acn\u00e9 est un <strong>processus<\/strong> qui est d\u00e9termin\u00e9 par de nombreux facteurs d&rsquo;influence diff\u00e9rents. La peau est en <strong>d\u00e9s\u00e9quilibre et la barri\u00e8re protectrice de la peau est endommag\u00e9e<\/strong>. Cela se manifeste par des irritations comme <strong>des pustules et des boutons<\/strong>. Sur cette page, tu pourras tout lire sur les d\u00e9clencheurs de l&rsquo;acn\u00e9.<\/p>\n\n\n\n<div class=\"wp-block-buttons is-layout-flex wp-block-buttons-is-layout-flex\">\n<div class=\"wp-block-button\"><a class=\"wp-block-button__link has-primary-background-color has-background\" href=\"https:\/\/pelvyra.com\/akne-wissen\/\">Acn\u00e9 &#8211; tout savoir \u00e0 ce sujet !<\/a><\/div>\n<\/div>\n<\/div>\n\n\n\n<div class=\"wp-block-column is-layout-flow wp-block-column-is-layout-flow\" style=\"flex-basis:33.33%\">\n<figure class=\"wp-block-image size-large\"><img fetchpriority=\"high\" decoding=\"async\" width=\"683\" height=\"1024\" src=\"https:\/\/pelvyra.com\/wp-content\/uploads\/2021\/04\/ausloeser-akne.jpg\" alt=\"D&#xE9;clencheurs de l'acn&#xE9;\" class=\"wp-image-2318\" srcset=\"https:\/\/pelvyra.com\/wp-content\/uploads\/2021\/04\/ausloeser-akne.jpg 683w, https:\/\/pelvyra.com\/wp-content\/uploads\/2021\/04\/ausloeser-akne-200x300.jpg 200w, https:\/\/pelvyra.com\/wp-content\/uploads\/2021\/04\/ausloeser-akne-600x900.jpg 600w\" sizes=\"(max-width: 683px) 100vw, 683px\" \/><\/figure>\n<\/div>\n<\/div>\n\n<div class=\"wp-block-columns is-layout-flex wp-container-core-columns-is-layout-28f84493 wp-block-columns-is-layout-flex\">\n<div class=\"wp-block-column is-vertically-aligned-center is-layout-flow wp-block-column-is-layout-flow\">\n<figure class=\"wp-block-image size-large\"><img decoding=\"async\" width=\"1024\" height=\"683\" src=\"https:\/\/pelvyra.com\/wp-content\/uploads\/2021\/04\/akne-wer-bekommt-akne-1024x683.jpg\" alt=\"Qui a de l'acn&#xE9; ?\" class=\"wp-image-2321\" srcset=\"https:\/\/pelvyra.com\/wp-content\/uploads\/2021\/04\/akne-wer-bekommt-akne-1024x683.jpg 1024w, https:\/\/pelvyra.com\/wp-content\/uploads\/2021\/04\/akne-wer-bekommt-akne-300x200.jpg 300w, https:\/\/pelvyra.com\/wp-content\/uploads\/2021\/04\/akne-wer-bekommt-akne-768x512.jpg 768w, https:\/\/pelvyra.com\/wp-content\/uploads\/2021\/04\/akne-wer-bekommt-akne-769x513.jpg 769w, https:\/\/pelvyra.com\/wp-content\/uploads\/2021\/04\/akne-wer-bekommt-akne-412x275.jpg 412w, https:\/\/pelvyra.com\/wp-content\/uploads\/2021\/04\/akne-wer-bekommt-akne-600x400.jpg 600w, https:\/\/pelvyra.com\/wp-content\/uploads\/2021\/04\/akne-wer-bekommt-akne.jpg 1200w\" sizes=\"(max-width: 1024px) 100vw, 1024px\" \/><\/figure>\n<\/div>\n\n\n\n<div class=\"wp-block-column is-layout-flow wp-block-column-is-layout-flow\">\n<h2 class=\"wp-block-heading\">Qui a de l&rsquo;acn\u00e9 ?<\/h2>\n\n\n\n<p>Environ <strong>80%<\/strong> de la population a d\u00e9j\u00e0 \u00e9t\u00e9 touch\u00e9e par l&rsquo;acn\u00e9 au cours de sa vie. Les adolescents en <strong>pleine pubert\u00e9<\/strong> se plaignent particuli\u00e8rement souvent de ce probl\u00e8me.  <\/p>\n\n\n\n<p>L&rsquo;acn\u00e9 touche surtout les <strong>gar\u00e7ons<\/strong> et les <strong>jeunes hommes<\/strong>, et elle est souvent plus prononc\u00e9e chez eux.  <\/p>\n\n\n\n<p>L&rsquo;un des d\u00e9clencheurs chez les adolescents est la production d&rsquo;<strong>hormones<\/strong> masculines et <strong>d&rsquo;hormones sexuelles<\/strong> comme <strong>la testost\u00e9rone<\/strong> pendant la pubert\u00e9.  <\/p>\n\n\n\n<p>Ces hormones stimulent les glandes s\u00e9bac\u00e9es pour qu&rsquo;elles s\u00e9cr\u00e8tent davantage de s\u00e9bum. L&rsquo;augmentation de la production de s\u00e9bum fait appara\u00eetre l&rsquo;acn\u00e9.  <\/p>\n<\/div>\n<\/div>\n\n<div class=\"wp-block-columns is-layout-flex wp-container-core-columns-is-layout-28f84493 wp-block-columns-is-layout-flex\">\n<div class=\"wp-block-column is-layout-flow wp-block-column-is-layout-flow\">\n<p>De plus, la peau des adolescents a tendance \u00e0 s&rsquo;\u00e9paissir au niveau des glandes s\u00e9bac\u00e9es.  <\/p>\n\n\n\n<p>Ainsi, le s\u00e9bum et les cellules cutan\u00e9es d\u00e9tach\u00e9es s&rsquo;accumulent et les points noirs blancs caract\u00e9ristiques apparaissent.<\/p>\n\n\n\n<p>Mais l&rsquo;acn\u00e9 peut aussi appara\u00eetre chez les adultes de plus de 20 ou 30 ans. On parle alors d&rsquo;<strong>acn\u00e9 adulte<\/strong> ou d&rsquo;<strong>acn\u00e9 tardive<\/strong>.  <\/p>\n\n\n\n<p>L&rsquo;acn\u00e9 dite tardive est \u00e0 son tour plus rare chez les hommes que chez les femmes.  <\/p>\n\n\n\n<p>Ce sont surtout les femmes qui prennent la <strong>pilule<\/strong> depuis le d\u00e9but de la pubert\u00e9 et qui l&rsquo;arr\u00eatent apr\u00e8s quelques ann\u00e9es qui ont des probl\u00e8mes. Ce <strong>changement hormonal<\/strong> est l&rsquo;un des <strong>facteurs d\u00e9clencheurs de l&rsquo;acn\u00e9.<\/strong><\/p>\n\n\n\n<p>L&rsquo;<strong>acn\u00e9<\/strong> dite <strong>du nourrisson<\/strong>, qui appara\u00eet au cours des <strong>premiers mois de la vie<\/strong>, est \u00e9galement tr\u00e8s r\u00e9pandue. Les d\u00e9clencheurs sont g\u00e9n\u00e9ralement des pr\u00e9dispositions h\u00e9r\u00e9ditaires qui peuvent provoquer de fortes pouss\u00e9es d&rsquo;acn\u00e9 m\u00eame \u00e0 la pubert\u00e9.  <\/p>\n<\/div>\n\n\n\n<div class=\"wp-block-column is-layout-flow wp-block-column-is-layout-flow\">\n<figure class=\"wp-block-image size-large\"><img decoding=\"async\" width=\"1024\" height=\"683\" src=\"https:\/\/pelvyra.com\/wp-content\/uploads\/2021\/04\/akne-symptome-1024x683.jpg\" alt=\"Sympt&#xF4;mes typiques de l'acn&#xE9;\" class=\"wp-image-1793\" srcset=\"https:\/\/pelvyra.com\/wp-content\/uploads\/2021\/04\/akne-symptome-1024x683.jpg 1024w, https:\/\/pelvyra.com\/wp-content\/uploads\/2021\/04\/akne-symptome-300x200.jpg 300w, https:\/\/pelvyra.com\/wp-content\/uploads\/2021\/04\/akne-symptome-768x512.jpg 768w, https:\/\/pelvyra.com\/wp-content\/uploads\/2021\/04\/akne-symptome-769x513.jpg 769w, https:\/\/pelvyra.com\/wp-content\/uploads\/2021\/04\/akne-symptome-412x275.jpg 412w, https:\/\/pelvyra.com\/wp-content\/uploads\/2021\/04\/akne-symptome-600x400.jpg 600w, https:\/\/pelvyra.com\/wp-content\/uploads\/2021\/04\/akne-symptome.jpg 1200w\" sizes=\"(max-width: 1024px) 100vw, 1024px\" \/><\/figure>\n<\/div>\n<\/div>\n\n<div class=\"wp-block-columns is-layout-flex wp-container-core-columns-is-layout-28f84493 wp-block-columns-is-layout-flex\">\n<div class=\"wp-block-column is-vertically-aligned-top is-layout-flow wp-block-column-is-layout-flow\">\n<figure class=\"wp-block-image size-large\"><img loading=\"lazy\" decoding=\"async\" width=\"1024\" height=\"683\" src=\"https:\/\/pelvyra.com\/wp-content\/uploads\/2021\/04\/akne-was-fehlt-meinem-koerper-1024x683.jpg\" alt=\"Que manque-t-il &#xE0; mon corps en cas d'acn&#xE9; ?\" class=\"wp-image-2323\" srcset=\"https:\/\/pelvyra.com\/wp-content\/uploads\/2021\/04\/akne-was-fehlt-meinem-koerper-1024x683.jpg 1024w, https:\/\/pelvyra.com\/wp-content\/uploads\/2021\/04\/akne-was-fehlt-meinem-koerper-300x200.jpg 300w, https:\/\/pelvyra.com\/wp-content\/uploads\/2021\/04\/akne-was-fehlt-meinem-koerper-768x512.jpg 768w, https:\/\/pelvyra.com\/wp-content\/uploads\/2021\/04\/akne-was-fehlt-meinem-koerper-769x513.jpg 769w, https:\/\/pelvyra.com\/wp-content\/uploads\/2021\/04\/akne-was-fehlt-meinem-koerper-412x275.jpg 412w, https:\/\/pelvyra.com\/wp-content\/uploads\/2021\/04\/akne-was-fehlt-meinem-koerper-600x400.jpg 600w, https:\/\/pelvyra.com\/wp-content\/uploads\/2021\/04\/akne-was-fehlt-meinem-koerper.jpg 1200w\" sizes=\"(max-width: 1024px) 100vw, 1024px\" \/><\/figure>\n<\/div>\n\n\n\n<div class=\"wp-block-column is-vertically-aligned-center is-layout-flow wp-block-column-is-layout-flow\">\n<h2 class=\"wp-block-heading\">Que manque-t-il \u00e0 mon corps en cas d&rsquo;acn\u00e9 ?<\/h2>\n\n\n\n<p>Les boutons et les points noirs (com\u00e9dons) sont avant tout le signe d&rsquo;un d\u00e9s\u00e9quilibre de la peau. Et cela peut arriver \u00e0 n&rsquo;importe quel moment de la vie.<\/p>\n\n\n\n<p>Tu te demandes ce qui manque \u00e0 ton corps en ce moment ?<\/p>\n\n\n\n<p>Cela peut aider si tu jettes un coup d&rsquo;\u0153il \u00e0 ton <strong>soin du visage<\/strong> actuel, \u00e0 ton <strong>alimentation<\/strong> et \u00e0 ton <strong>mode de vie<\/strong> actuel.  <\/p>\n\n\n\n<p>Certes, l&rsquo;acn\u00e9 est fondamentalement due \u00e0 <strong>des micro-inflammations<\/strong> dans la peau, qui sont influenc\u00e9es par des changements hormonaux, des influences environnementales ou des m\u00e9dicaments.  <\/p>\n\n\n\n<p>Mais il y a aussi d&rsquo;autres facteurs qui jouent un r\u00f4le dans les diff\u00e9rentes formes d&rsquo;acn\u00e9.<\/p>\n\n\n\n<div class=\"wp-block-buttons is-layout-flex wp-block-buttons-is-layout-flex\">\n<div class=\"wp-block-button\"><a class=\"wp-block-button__link\" href=\"https:\/\/pelvyra.com\/fr\/utilisation-des-phages-pour-lacne\/\">L&rsquo;utilisation de phages contre l&rsquo;acn\u00e9<\/a><\/div>\n<\/div>\n<\/div>\n<\/div>\n\n<div class=\"wp-block-columns is-layout-flex wp-container-core-columns-is-layout-28f84493 wp-block-columns-is-layout-flex\">\n<div class=\"wp-block-column is-vertically-aligned-top is-layout-flow wp-block-column-is-layout-flow\">\n<p><strong>Les facteurs qui peuvent potentiellement perturber l&rsquo;\u00e9quilibre de ta peau<\/strong><\/p>\n\n\n\n<ul class=\"wp-block-list\"><li>ton alimentation<\/li><li>la prise de m\u00e9dicaments ou d&rsquo;antibiotiques<\/li><li>le fait de fumer<\/li><li>Stress<\/li><li>Cosm\u00e9tique<\/li><li>Soleil (rayonnement UV)<\/li><li>tes v\u00eatements<\/li><li>Maquillage inadapt\u00e9<\/li><li>Se laver le visage trop souvent<\/li><\/ul>\n\n\n\n<p>La relation entre l&rsquo;alimentation et l&rsquo;acn\u00e9 est un sujet tr\u00e8s controvers\u00e9. On consid\u00e8re souvent qu&rsquo;une mauvaise alimentation est un facteur d\u00e9clenchant de l&rsquo;acn\u00e9.  <\/p>\n\n\n\n<p>La plupart des scientifiques sont d&rsquo;accord sur un point. Tous les aliments \u00e0 index glyc\u00e9mique \u00e9lev\u00e9<strong>(lait<\/strong> et <strong>produits laitiers<\/strong>) favorisent <strong>les<\/strong> <strong>peaux<\/strong> <strong>impures<\/strong>.<\/p>\n<\/div>\n\n\n\n<div class=\"wp-block-column is-vertically-aligned-center is-layout-flow wp-block-column-is-layout-flow\">\n<p><strong>Le tabagisme<\/strong> est consid\u00e9r\u00e9 <strong>comme un facteur de risque<\/strong> pour l <strong>&lsquo;acn\u00e9<\/strong> et fait donc partie des d\u00e9clencheurs possibles. D&rsquo;une part, les cigarettes lib\u00e8rent de nombreuses substances qui favorisent l&rsquo;inflammation et le fait de fumer r\u00e9tr\u00e9cit les vaisseaux sanguins de la peau.<\/p>\n\n\n\n<p>Certains m\u00e9dicaments sp\u00e9cifiques comme <strong>les antid\u00e9presseurs, les st\u00e9ro\u00efdes, les anti\u00e9pileptiques<\/strong> ainsi que l&rsquo;utilisation accrue d&rsquo;<strong>androg\u00e8nes<\/strong> peuvent favoriser l&rsquo;acn\u00e9.<\/p>\n\n\n\n<p>En outre, les cosm\u00e9tiques et les produits de soin du visage \u00e0 forte teneur en <strong>huile et en graisse<\/strong> peuvent obstruer les glandes s\u00e9bac\u00e9es. Cela peut \u00e0 son tour \u00eatre un d\u00e9clencheur d&rsquo;acn\u00e9.  <\/p>\n\n\n\n<p><strong>Les v\u00eatements trop serr\u00e9s<\/strong> comme les casques, les protections faciales ou les bandeaux peuvent \u00e9galement aggraver l&rsquo;acn\u00e9. En emp\u00eachant un <strong>\u00e9coulement<\/strong> suffisant <strong>du s\u00e9bum<\/strong> par une pression excessive.<\/p>\n\n\n\n<p>Le stress et les tensions psychologiques prolong\u00e9es peuvent ralentir consid\u00e9rablement la cicatrisation et favoriser l&rsquo;apparition de l&rsquo;acn\u00e9.<\/p>\n\n\n\n<p>Tu veux <strong>faire<\/strong> quelque chose pour ton <strong>acn\u00e9<\/strong>? Nous avons des conseils sur l&rsquo;acn\u00e9 et <a href=\"https:\/\/pelvyra.com\/hausmittel-gegen-akne\/\" title=\"Rem&#xE8;des maison contre l'acn&#xE9; : notre TOP 8 qui aide vraiment !\">\n  <strong>Rem\u00e8des maison contre l&rsquo;acn\u00e9<\/strong>\n<\/a> Pr\u00e9pare pour toi des produits de qualit\u00e9.<\/p>\n<\/div>\n<\/div>\n\n<div class=\"wp-block-columns is-layout-flex wp-container-core-columns-is-layout-28f84493 wp-block-columns-is-layout-flex\">\n<div class=\"wp-block-column is-vertically-aligned-center is-layout-flow wp-block-column-is-layout-flow\">\n<h2 class=\"wp-block-heading\">Comment se d\u00e9barrasser de l&rsquo;acn\u00e9 ?<\/h2>\n\n\n\n<p>Pour lutter contre l&rsquo;acn\u00e9, il n&rsquo;y a qu&rsquo;une chose \u00e0 faire : un traitement contre l&rsquo;acn\u00e9. Et pour cela, tu dois faire le premier pas. En cas d&rsquo;<strong>acn\u00e9 s\u00e9v\u00e8re<\/strong>, il est recommand\u00e9 de suivre une th\u00e9rapie, accompagn\u00e9e par un <strong>dermatologue<\/strong>.<\/p>\n\n\n\n<p>Tu veux pr\u00e9venir les boutons et r\u00e9duire les irritations de la peau ? Alors, avec <strong>Sanubiom SkinCare Protect<\/strong>, nous serons heureux de t&rsquo;aider \u00e0 r\u00e9\u00e9quilibrer la flore naturelle de ta peau.  <\/p>\n\n\n\n<p>Avec notre protection probiotique de la peau avec <strong>des phages<\/strong>, la croissance des bonnes bact\u00e9ries (comme les staphylocoques, les coryn\u00e9bact\u00e9ries a\u00e9robies et les bact\u00e9ries lipophiles) est encourag\u00e9e.  <\/p>\n\n\n\n<p>Les mauvaises bact\u00e9ries qui provoquent l&rsquo;acn\u00e9 sont supprim\u00e9es par les bact\u00e9riophages et les rougeurs et les irritations cutan\u00e9es sont r\u00e9duites.  <\/p>\n\n\n\n<p>Nous misons d\u00e9lib\u00e9r\u00e9ment sur l&rsquo;utilisation de phages pour renforcer la construction de la barri\u00e8re protectrice de la peau. Mais il ne faut pas que ta peau soit inutilement agress\u00e9e.<\/p>\n\n\n\n<div class=\"wp-block-buttons is-layout-flex wp-block-buttons-is-layout-flex\">\n<div class=\"wp-block-button\"><a class=\"wp-block-button__link has-primary-background-color has-background\" href=\"https:\/\/pelvyra.com\/fr\/acne\/\">R\u00e9duire l&rsquo;acn\u00e9 avec des bact\u00e9riophages<\/a><\/div>\n<\/div>\n<\/div>\n\n\n\n<div class=\"wp-block-column is-layout-flow wp-block-column-is-layout-flow\">\n<figure class=\"wp-block-image size-large\"><img loading=\"lazy\" decoding=\"async\" width=\"1024\" height=\"683\" src=\"https:\/\/pelvyra.com\/wp-content\/uploads\/2021\/04\/akne-loswerden-1024x683.jpg\" alt=\"Comment se d&#xE9;barrasser de l'acn&#xE9; ?\" class=\"wp-image-2325\" srcset=\"https:\/\/pelvyra.com\/wp-content\/uploads\/2021\/04\/akne-loswerden-1024x683.jpg 1024w, https:\/\/pelvyra.com\/wp-content\/uploads\/2021\/04\/akne-loswerden-300x200.jpg 300w, https:\/\/pelvyra.com\/wp-content\/uploads\/2021\/04\/akne-loswerden-768x512.jpg 768w, https:\/\/pelvyra.com\/wp-content\/uploads\/2021\/04\/akne-loswerden-769x513.jpg 769w, https:\/\/pelvyra.com\/wp-content\/uploads\/2021\/04\/akne-loswerden-412x275.jpg 412w, https:\/\/pelvyra.com\/wp-content\/uploads\/2021\/04\/akne-loswerden-600x400.jpg 600w, https:\/\/pelvyra.com\/wp-content\/uploads\/2021\/04\/akne-loswerden.jpg 1200w\" sizes=\"(max-width: 1024px) 100vw, 1024px\" \/><\/figure>\n<\/div>\n<\/div>\n","protected":false},"excerpt":{"rendered":"<p>Pourquoi a-t-on de l&rsquo;acn\u00e9 ? Les d\u00e9clencheurs de l&rsquo;acn\u00e9 ! L&rsquo;acn\u00e9 et les imperfections cutan\u00e9es sont des maladies de peau courantes. Elle appara\u00eet surtout chez les adolescents, car pendant la pubert\u00e9 , les changements hormonaux favorisent l&rsquo;hyperactivit\u00e9 des glandes s\u00e9bac\u00e9es. Cependant, les d\u00e9clencheurs de l&rsquo;acn\u00e9 sont nombreux et vari\u00e9s. Il n&rsquo;y a pas que le [&hellip;]<\/p>\n","protected":false},"author":3,"featured_media":0,"parent":15807,"menu_order":0,"comment_status":"closed","ping_status":"closed","template":"","meta":{"footnotes":""},"class_list":["post-16135","page","type-page","status-publish","hentry"],"_links":{"self":[{"href":"https:\/\/pelvyra.com\/fr\/wp-json\/wp\/v2\/pages\/16135","targetHints":{"allow":["GET"]}}],"collection":[{"href":"https:\/\/pelvyra.com\/fr\/wp-json\/wp\/v2\/pages"}],"about":[{"href":"https:\/\/pelvyra.com\/fr\/wp-json\/wp\/v2\/types\/page"}],"author":[{"embeddable":true,"href":"https:\/\/pelvyra.com\/fr\/wp-json\/wp\/v2\/users\/3"}],"replies":[{"embeddable":true,"href":"https:\/\/pelvyra.com\/fr\/wp-json\/wp\/v2\/comments?post=16135"}],"version-history":[{"count":1,"href":"https:\/\/pelvyra.com\/fr\/wp-json\/wp\/v2\/pages\/16135\/revisions"}],"predecessor-version":[{"id":16140,"href":"https:\/\/pelvyra.com\/fr\/wp-json\/wp\/v2\/pages\/16135\/revisions\/16140"}],"up":[{"embeddable":true,"href":"https:\/\/pelvyra.com\/fr\/wp-json\/wp\/v2\/pages\/15807"}],"wp:attachment":[{"href":"https:\/\/pelvyra.com\/fr\/wp-json\/wp\/v2\/media?parent=16135"}],"curies":[{"name":"wp","href":"https:\/\/api.w.org\/{rel}","templated":true}]}}