{"id":16081,"date":"2024-05-23T12:15:27","date_gmt":"2024-05-23T10:15:27","guid":{"rendered":"https:\/\/pelvyra.com\/connaissance-de-la-peau\/rougeurs-sur-le-visage\/"},"modified":"2024-05-23T12:15:35","modified_gmt":"2024-05-23T10:15:35","slug":"rougeurs-sur-le-visage","status":"publish","type":"page","link":"https:\/\/pelvyra.com\/fr\/connaissance-de-la-peau\/rougeurs-sur-le-visage\/","title":{"rendered":"Rougeurs sur le visage"},"content":{"rendered":"\n<div class=\"wp-block-columns mobile-image-last is-layout-flex wp-container-core-columns-is-layout-28f84493 wp-block-columns-is-layout-flex\">\n<div class=\"wp-block-column is-vertically-aligned-center is-layout-flow wp-block-column-is-layout-flow\" style=\"flex-basis:66.66%\">\n<h1 class=\"wp-block-heading\">Rougeurs sur le visage &#8211; causes et possibilit\u00e9s de traitement  <\/h1>\n\n\n\n<p>Les personnes qui souffrent d&rsquo;une peau <strong>sensible<\/strong> et <strong>r\u00e9active<\/strong> sont souvent confront\u00e9es en plus \u00e0 des <strong>rougeurs<\/strong> sur <strong>le visage<\/strong>. Les petits <strong>vaisseaux sanguins<\/strong> visibles sur le visage sont surtout un fardeau <strong>psychologique<\/strong> pour les personnes concern\u00e9es.  <\/p>\n\n\n\n<p>Au d\u00e9but, les rougeurs de la peau ne sont que <strong>temporaires<\/strong>. Mais avec le temps, elles peuvent s&rsquo;aggraver et conduire \u00e0 une <strong>couperose<\/strong> <strong>permanente<\/strong>.  <\/p>\n\n\n\n<p>Parmi les causes de la peau rouge du visage, il y a les adaptations naturelles du <strong>syst\u00e8me veineux<\/strong>. Mais il se peut aussi qu&rsquo;une <strong>maladie<\/strong> chronique <strong>de la peau<\/strong> comme <strong>la rosac\u00e9e<\/strong> soit responsable des joues et du nez rouges.  <\/p>\n\n\n\n<p>Dans cet article, tu apprendras tout ce qu&rsquo;il faut savoir sur les <strong>rougeurs<\/strong> du <strong>visage<\/strong>, comment <strong>reconna\u00eetre<\/strong> la <strong>couperose<\/strong> et <strong>la rosac\u00e9e<\/strong> et quels sont les <strong>traitements possibles<\/strong>.<\/p>\n\n\n\n<div class=\"wp-block-buttons is-layout-flex wp-block-buttons-is-layout-flex\">\n<div class=\"wp-block-button\"><a class=\"wp-block-button__link has-primary-background-color has-background\" href=\"https:\/\/pelvyra.com\/fr\/connaissance-de-la-peau\/\">En savoir plus sur ta peau<\/a><\/div>\n<\/div>\n<\/div>\n\n\n\n<div class=\"wp-block-column is-layout-flow wp-block-column-is-layout-flow\" style=\"flex-basis:33.33%\">\n<figure class=\"wp-block-image size-full\"><img fetchpriority=\"high\" decoding=\"async\" width=\"683\" height=\"1024\" src=\"https:\/\/pelvyra.com\/wp-content\/uploads\/2021\/07\/roetungen-im-gesicht-sanubiom-2.jpg\" alt=\"Rougeurs sur le visage - causes et possibilit&#xE9;s de traitement  \" class=\"wp-image-5642\" srcset=\"https:\/\/pelvyra.com\/wp-content\/uploads\/2021\/07\/roetungen-im-gesicht-sanubiom-2.jpg 683w, https:\/\/pelvyra.com\/wp-content\/uploads\/2021\/07\/roetungen-im-gesicht-sanubiom-2-200x300.jpg 200w, https:\/\/pelvyra.com\/wp-content\/uploads\/2021\/07\/roetungen-im-gesicht-sanubiom-2-300x450.jpg 300w, https:\/\/pelvyra.com\/wp-content\/uploads\/2021\/07\/roetungen-im-gesicht-sanubiom-2-600x900.jpg 600w\" sizes=\"(max-width: 683px) 100vw, 683px\" \/><\/figure>\n<\/div>\n<\/div>\n\n<div class=\"wp-block-columns are-vertically-aligned-top is-layout-flex wp-container-core-columns-is-layout-28f84493 wp-block-columns-is-layout-flex\">\n<div class=\"wp-block-column is-vertically-aligned-top is-layout-flow wp-block-column-is-layout-flow\">\n<h2 class=\"wp-block-heading\">Comment apparaissent les rougeurs sur le visage ?  <\/h2>\n\n\n\n<p>L&rsquo;<strong>irrigation<\/strong> de la peau a une <strong>influence<\/strong> importante sur la couleur de la peau, surtout chez les personnes <strong>\u00e0 la peau claire<\/strong>. Si les <strong>vaisseaux sanguins<\/strong> <strong>sont r\u00e9tr\u00e9cis<\/strong>, le sang circule moins et la peau a tendance \u00e0 \u00eatre plus <strong>p\u00e2le<\/strong>.  <\/p>\n\n\n\n<p>En revanche, la <strong>dilatation<\/strong> des vaisseaux entra\u00eene un flux sanguin <strong>plus important<\/strong> et une <strong>couleur de peau<\/strong> ros\u00e9e et <strong>rouge<\/strong>.  <\/p>\n\n\n\n<p>La <strong>temp\u00e9rature<\/strong> joue un r\u00f4le central dans la dilatation des vaisseaux sanguins. En adaptant la <strong>circulation sanguine<\/strong>, ton corps est capable de r\u00e9guler sa <strong>temp\u00e9rature corporelle<\/strong>.<\/p>\n<\/div>\n\n\n\n<div class=\"wp-block-column is-vertically-aligned-top is-layout-flow wp-block-column-is-layout-flow\">\n<p>Ainsi, les organes centraux comme <strong>le c\u0153ur<\/strong>, <strong>les poumons<\/strong>, le <strong>cerveau<\/strong> et les organes digestifs sont suffisamment approvisionn\u00e9s en sang et maintenus \u00e0 une temp\u00e9rature constante pour maintenir leur fonctionnement.  <\/p>\n\n\n\n<p>En revanche, les <strong>mains<\/strong> et <strong>les pieds<\/strong> sont beaucoup <strong>moins<\/strong> <strong>irrigu\u00e9s<\/strong> et se refroidissent donc aussi plus rapidement. Par exemple, si tu restes longtemps dans le froid, les vaisseaux sanguins se contractent et les mains deviennent p\u00e2les.  <br\/><\/p>\n\n\n\n<p>En revanche, <strong>le sport<\/strong> ou <strong>les inflammations<\/strong> entra\u00eenent une <strong>augmentation<\/strong> de la temp\u00e9rature corporelle. Les muscles sont davantage irrigu\u00e9s et l&rsquo;activit\u00e9 m\u00e9tabolique est stimul\u00e9e. En cons\u00e9quence, les <strong>vaisseaux sanguins<\/strong> se dilatent pour <strong>r\u00e9guler la temp\u00e9rature<\/strong> et la <strong>peau<\/strong> appara\u00eet <strong>rouge<\/strong>.<\/p>\n<\/div>\n<\/div>\n\n<div class=\"wp-block-columns are-vertically-aligned-top is-layout-flex wp-container-core-columns-is-layout-28f84493 wp-block-columns-is-layout-flex\">\n<div class=\"wp-block-column is-vertically-aligned-top is-layout-flow wp-block-column-is-layout-flow\">\n<figure class=\"wp-block-image size-full\"><img decoding=\"async\" width=\"1200\" height=\"800\" src=\"https:\/\/pelvyra.com\/wp-content\/uploads\/2021\/07\/geroetete-gesichtshaut-ursachen-sanubiom-1.jpg\" alt=\"Causes des rougeurs sur le visage\" class=\"wp-image-5633\" srcset=\"https:\/\/pelvyra.com\/wp-content\/uploads\/2021\/07\/geroetete-gesichtshaut-ursachen-sanubiom-1.jpg 1200w, https:\/\/pelvyra.com\/wp-content\/uploads\/2021\/07\/geroetete-gesichtshaut-ursachen-sanubiom-1-300x200.jpg 300w, https:\/\/pelvyra.com\/wp-content\/uploads\/2021\/07\/geroetete-gesichtshaut-ursachen-sanubiom-1-1024x683.jpg 1024w, https:\/\/pelvyra.com\/wp-content\/uploads\/2021\/07\/geroetete-gesichtshaut-ursachen-sanubiom-1-768x512.jpg 768w, https:\/\/pelvyra.com\/wp-content\/uploads\/2021\/07\/geroetete-gesichtshaut-ursachen-sanubiom-1-769x513.jpg 769w, https:\/\/pelvyra.com\/wp-content\/uploads\/2021\/07\/geroetete-gesichtshaut-ursachen-sanubiom-1-412x275.jpg 412w, https:\/\/pelvyra.com\/wp-content\/uploads\/2021\/07\/geroetete-gesichtshaut-ursachen-sanubiom-1-600x400.jpg 600w\" sizes=\"(max-width: 1200px) 100vw, 1200px\" \/><\/figure>\n<\/div>\n\n\n\n<div class=\"wp-block-column is-vertically-aligned-top is-layout-flow wp-block-column-is-layout-flow\">\n<h2 class=\"wp-block-heading\">Causes des rougeurs sur le visage  <\/h2>\n\n\n\n<p><strong>Les rougeurs<\/strong> sur le visage s&rsquo;accompagnent souvent de petites <strong>veines<\/strong> <strong>visibles<\/strong>. Elles sont caus\u00e9es par une alt\u00e9ration du syst\u00e8me vasculaire veineux du visage.  <\/p>\n\n\n\n<p>Comme le <strong>syst\u00e8me veineux<\/strong> ne fonctionne pas correctement, <strong>des rougeurs cutan\u00e9es<\/strong> peuvent appara\u00eetre temporairement ou pendant une p\u00e9riode plus longue.  <\/p>\n\n\n\n<p>Ces <strong>rougeurs<\/strong> sur le visage sont \u00e9galement appel\u00e9es <strong>couperose<\/strong> m\u00e9dicale. Elles ont g\u00e9n\u00e9ralement une cause g\u00e9n\u00e9tique, s&rsquo;accompagnent parfois de sensations de chaleur et de fi\u00e8vre et peuvent \u00eatre <strong>favoris\u00e9es<\/strong> par les <strong>facteurs<\/strong> <strong>ext\u00e9rieurs<\/strong> les plus divers.  <\/p>\n\n\n\n<p>Cela inclut<\/p>\n\n\n\n<ul class=\"wp-block-list\"><li>Fortes <strong>variations de temp\u00e9rature<\/strong> (chaud et froid)<\/li><li><strong>Aliments<\/strong> particuli\u00e8rement chauds ou \u00e9pic\u00e9s<\/li><li><strong>L&rsquo;alcool<\/strong> ou la caf\u00e9ine<\/li><li>forte <strong>exposition au soleil<\/strong><\/li><li><strong>les maladies<\/strong> dermatologiques comme la rosac\u00e9e<\/li><\/ul>\n<\/div>\n<\/div>\n\n<div class=\"wp-block-columns is-layout-flex wp-container-core-columns-is-layout-28f84493 wp-block-columns-is-layout-flex\">\n<div class=\"wp-block-column is-vertically-aligned-top is-layout-flow wp-block-column-is-layout-flow\">\n<h3 class=\"wp-block-heading\">La couperose comme responsable  <\/h3>\n\n\n\n<p><strong>La couperose<\/strong> d\u00e9signe g\u00e9n\u00e9ralement une <strong>dilatation<\/strong> des petits <strong>vaisseaux sanguins<\/strong> dans le <strong>derme<\/strong> du visage. Ce r\u00e9seau de vaisseaux varie d&rsquo;une personne \u00e0 l&rsquo;autre en fonction du <strong>type de peau<\/strong>, de l&rsquo;<strong>\u00e2ge<\/strong> et <strong>des changements de temp\u00e9rature<\/strong>. Les vaisseaux sanguins peuvent alors \u00eatre plus ou moins <strong>dilat\u00e9s<\/strong> et visiblement color\u00e9s.  <\/p>\n\n\n\n<p>La <strong>couperose<\/strong> ne d\u00e9signe donc <strong>pas une maladie<\/strong>, mais un <strong>sympt\u00f4me<\/strong> qui appara\u00eet g\u00e9n\u00e9ralement en association avec la <strong>rosac\u00e9e<\/strong>, une maladie de la peau, et qui s&rsquo;aggrave lentement et progressivement. Les personnes \u00e0 la peau <strong>claire<\/strong> et <strong>fine<\/strong> sont g\u00e9n\u00e9ralement <strong>plus<\/strong> touch\u00e9es.<\/p>\n<\/div>\n\n\n\n<div class=\"wp-block-column is-vertically-aligned-top is-layout-flow wp-block-column-is-layout-flow\">\n<h3 class=\"wp-block-heading\">La rosac\u00e9e, une maladie de la peau, comme cause  <\/h3>\n\n\n\n<p><strong>La rosac\u00e9e<\/strong> est une <strong>maladie<\/strong> <strong>inflammatoire<\/strong> <strong>chronique<\/strong> <strong>de la peau<\/strong> qui ne touche que le visage. Les zones de peau rouge peuvent appara\u00eetre en <strong>combinaison<\/strong> avec une <strong>couperose<\/strong> et provoquer des <strong>rougeurs<\/strong> soudaines (flushes).  <\/p>\n\n\n\n<p>Il n&rsquo;est pas rare que la rosac\u00e9e soit \u00e9galement associ\u00e9e \u00e0 des <strong>papules<\/strong> et <strong>des pustules<\/strong>, ainsi qu&rsquo;\u00e0 une modification du tissu conjonctif de la peau. <strong>Les femmes<\/strong> \u00e0 la peau <strong>claire<\/strong> et <strong>sensible<\/strong> sont particuli\u00e8rement vuln\u00e9rables.<\/p>\n\n\n\n<p>Si tu es toi-m\u00eame concern\u00e9 par la rosac\u00e9e, tu trouveras sur Sanubiom des articles compl\u00e9mentaires qui t&rsquo;informeront en d\u00e9tail sur les <strong>possibilit\u00e9s de traitement<\/strong> de cette <strong>maladie de la peau<\/strong>.<\/p>\n\n\n\n<div class=\"wp-block-buttons is-layout-flex wp-block-buttons-is-layout-flex\">\n<div class=\"wp-block-button\"><a class=\"wp-block-button__link\" href=\"https:\/\/pelvyra.com\/fr\/connaitre-la-rosacee\/\">En savoir plus sur la maladie de la peau rosac\u00e9e<\/a><\/div>\n<\/div>\n<\/div>\n<\/div>\n\n<div class=\"wp-block-columns is-layout-flex wp-container-core-columns-is-layout-28f84493 wp-block-columns-is-layout-flex\">\n<div class=\"wp-block-column is-layout-flow wp-block-column-is-layout-flow\">\n<figure class=\"wp-block-image size-full\"><img decoding=\"async\" width=\"1200\" height=\"800\" src=\"https:\/\/pelvyra.com\/wp-content\/uploads\/2021\/07\/roetungen-im-gesicht-behandlung-sanubiom.jpg\" alt=\"Traitement des rougeurs du visage par th&#xE9;rapie laser\" class=\"wp-image-5596\" srcset=\"https:\/\/pelvyra.com\/wp-content\/uploads\/2021\/07\/roetungen-im-gesicht-behandlung-sanubiom.jpg 1200w, https:\/\/pelvyra.com\/wp-content\/uploads\/2021\/07\/roetungen-im-gesicht-behandlung-sanubiom-300x200.jpg 300w, https:\/\/pelvyra.com\/wp-content\/uploads\/2021\/07\/roetungen-im-gesicht-behandlung-sanubiom-1024x683.jpg 1024w, https:\/\/pelvyra.com\/wp-content\/uploads\/2021\/07\/roetungen-im-gesicht-behandlung-sanubiom-768x512.jpg 768w, https:\/\/pelvyra.com\/wp-content\/uploads\/2021\/07\/roetungen-im-gesicht-behandlung-sanubiom-769x513.jpg 769w, https:\/\/pelvyra.com\/wp-content\/uploads\/2021\/07\/roetungen-im-gesicht-behandlung-sanubiom-412x275.jpg 412w, https:\/\/pelvyra.com\/wp-content\/uploads\/2021\/07\/roetungen-im-gesicht-behandlung-sanubiom-600x400.jpg 600w\" sizes=\"(max-width: 1200px) 100vw, 1200px\" \/><\/figure>\n<\/div>\n\n\n\n<div class=\"wp-block-column is-layout-flow wp-block-column-is-layout-flow\">\n<h2 class=\"wp-block-heading\">Traitement des rougeurs sur le visage  <\/h2>\n\n\n\n<p><strong>Les rougeurs<\/strong> permanentes sur le visage peuvent repr\u00e9senter un \u00e9norme <strong>fardeau<\/strong> au quotidien pour les personnes concern\u00e9es.  <\/p>\n\n\n\n<p>Il existe cependant des <strong>m\u00e9thodes<\/strong> <strong>de pr\u00e9vention<\/strong> et <strong>de traitement<\/strong> tr\u00e8s efficaces qui peuvent <strong>att\u00e9nuer<\/strong> les <strong>rougeurs de la peau<\/strong> et offrir une aide pour une meilleure <strong>qualit\u00e9 de vie<\/strong>.  <\/p>\n\n\n\n<p>En cas de rougeurs l\u00e9g\u00e8res, tu peux les combattre avec succ\u00e8s en <strong>appliquant<\/strong> un <strong>soin de la peau<\/strong> adapt\u00e9 et en <strong>\u00e9vitant<\/strong> les <strong>irritants<\/strong>.  <\/p>\n\n\n\n<p>En cas de rougeurs graves sur le visage, de couperose ou de rosac\u00e9e, il vaut mieux consulter un <strong>m\u00e9decin<\/strong> ou <strong>un dermatologue<\/strong> afin de trouver ton <strong>traitement<\/strong> individuel adapt\u00e9.  <\/p>\n\n\n\n<p>Pour \u00e9viter les <strong>pouss\u00e9es<\/strong> aigu\u00ebs, tu dois en principe <strong>\u00e9viter<\/strong> <strong>les<\/strong> <strong>stimuli<\/strong> <strong>d\u00e9clencheurs<\/strong> et accorder une attention particuli\u00e8re \u00e0 tes soins de la peau.<\/p>\n\n\n\n<p>Si tu souhaites \u00e9liminer <strong>les inflammations<\/strong>, les <strong>boutons<\/strong> et <strong>les rougeurs de<\/strong> mani\u00e8re particuli\u00e8rement douce et indolore, un traitement avec <strong>la lumi\u00e8re laser<\/strong> vaut la peine. Une alternative consiste \u00e0 utiliser des <strong>bact\u00e9riophages<\/strong>.  <\/p>\n\n\n\n<p>Il s&rsquo;agit d&rsquo;une m\u00e9thode purement <strong>naturelle<\/strong> pour r\u00e9duire les taches rouges sur la peau. Comme les facteurs <strong>psychologiques<\/strong> sont les plus forts pour de nombreux patients, m\u00eame un <strong>maquillage<\/strong> naturel bien couvrant peut am\u00e9liorer la qualit\u00e9 de vie et soulager les personnes concern\u00e9es.<\/p>\n\n\n\n<h3 class=\"wp-block-heading\">Traitement m\u00e9dical  <\/h3>\n\n\n\n<p>Les indications vasculaires telles que <strong>les t\u00e9langiectasies<\/strong>, <strong>la couperose<\/strong>, <strong>la rosac\u00e9e<\/strong> et les h\u00e9mangiomes peuvent tr\u00e8s bien \u00eatre trait\u00e9es \u00e0 l&rsquo;aide d&rsquo;une <strong>th\u00e9rapie au laser<\/strong>.  <\/p>\n\n\n\n<p>Pour cela, on utilise des <strong>lasers vasculaires<\/strong> sp\u00e9ciaux et doux par <strong>impulsion lumineuse<\/strong> (IDAS), qui retouchent les zones de peau alt\u00e9r\u00e9es sans endommager les tissus environnants. Le <strong>traitement<\/strong> est presque <strong>indolore<\/strong> et tr\u00e8s <strong>prometteur<\/strong>, donc plus rien ne s&rsquo;oppose \u00e0 ton teint \u00e9clatant.<\/p>\n<\/div>\n<\/div>\n\n<div class=\"wp-block-columns is-layout-flex wp-container-core-columns-is-layout-28f84493 wp-block-columns-is-layout-flex\">\n<div class=\"wp-block-column is-layout-flow wp-block-column-is-layout-flow\">\n<h3 class=\"wp-block-heading\">Pr\u00e9vention &amp; \u00e9vitement des facteurs irritants  <\/h3>\n\n\n\n<p>La pr\u00e9vention sert en premier lieu \u00e0 <strong>\u00e9viter<\/strong> les <strong>facteurs irritants<\/strong>.  <\/p>\n\n\n\n<p>Parmi les <strong>irritants<\/strong> et les <strong>d\u00e9clencheurs<\/strong> possibles de rougeurs sur le visage, on trouve<\/p>\n\n\n\n<ul class=\"wp-block-list\"><li>Variations de temp\u00e9rature  <\/li><li>Chaleur<\/li><li>Rayonnement UV<\/li><li>boissons chaudes  <\/li><li>les \u00e9pices fortes<\/li><li>Caf\u00e9<\/li><li>L&rsquo;alcool (ne d\u00e9clenche pas de sympt\u00f4mes, mais peut aggraver l&rsquo;\u00e9tat)<\/li><li>Stress<\/li><\/ul>\n<\/div>\n\n\n\n<div class=\"wp-block-column is-vertically-aligned-top is-layout-flow wp-block-column-is-layout-flow\">\n<figure class=\"wp-block-image size-large\"><img decoding=\"async\" src=\"https:\/\/pelvyra.com\/wp-content\/uploads\/2021\/07\/reizfaktoren-roetungen-im-gesicht-sanubiom-1024x576.jpg\" alt=\"Pr&#xE9;vention &amp;amp; &#xE9;vitement des facteurs irritants des rougeurs sur le visage\" class=\"wp-image-5600\"\/><\/figure>\n<\/div>\n<\/div>\n\n<div class=\"wp-block-columns is-layout-flex wp-container-core-columns-is-layout-28f84493 wp-block-columns-is-layout-flex\">\n<div class=\"wp-block-column is-layout-flow wp-block-column-is-layout-flow\">\n<figure class=\"wp-block-image size-large\"><img decoding=\"async\" src=\"https:\/\/pelvyra.com\/wp-content\/uploads\/2021\/07\/roetungen-im-gesicht-kaschieren-sanubiom-1024x576.jpg\" alt=\"Cacher les rougeurs avec du maquillage\" class=\"wp-image-5604\"\/><\/figure>\n<\/div>\n\n\n\n<div class=\"wp-block-column is-vertically-aligned-center is-layout-flow wp-block-column-is-layout-flow\">\n<h3 class=\"wp-block-heading\">Camoufler les rougeurs  <\/h3>\n\n\n\n<p><strong>Les rougeurs<\/strong> sur le visage sont faciles \u00e0 cacher avec <strong>du maquillage<\/strong>. Ainsi, m\u00eame si <strong>les maladies de peau<\/strong> sous-jacentes ne peuvent pas \u00eatre trait\u00e9es, le stress <strong>psychologique<\/strong> peut \u00eatre \u00e9norm\u00e9ment r\u00e9duit.  <\/p>\n\n\n\n<p>En cas de rougeurs graves du visage, <strong>un<\/strong> maquillage <strong>compact<\/strong> plus couvrant convient. Il est particuli\u00e8rement recommand\u00e9 d&rsquo;utiliser des produits contenant des pigments <strong>min\u00e9raux<\/strong> qui ne contiennent <strong>pas<\/strong> <strong>d&rsquo;alcool<\/strong>. Il est important que le produit soit doux pour la peau et bien tol\u00e9r\u00e9.  <\/p>\n\n\n\n<p>Avant de te maquiller, tu dois utiliser une <strong>cr\u00e8me de jour<\/strong> <strong>l\u00e9g\u00e8re<\/strong> avec <strong>une protection solaire<\/strong>.  <\/p>\n\n\n\n<p>Les veines rouges se couvrent bien avec un <strong>anti-cernes<\/strong> <strong>vert<\/strong> et un maquillage liquide l\u00e9ger. Des accents sur le front, le nez, le menton et sous les yeux te donneront un teint frais. Les irr\u00e9gularit\u00e9s peuvent \u00eatre parfaitement compens\u00e9es par des teintes naturelles.  <\/p>\n\n\n\n<p>Souffres-tu de rosac\u00e9e et es-tu r\u00e9guli\u00e8rement confront\u00e9e \u00e0 de fortes rougeurs sur le visage ? Tu cherches encore des produits et des techniques adapt\u00e9s qui n&rsquo;ab\u00eement pas la peau et qui retouchent de mani\u00e8re optimale les anomalies ?  <\/p>\n\n\n\n<p>Dans l&rsquo;article \u00ab\u00a0<strong>\n  <a href=\"https:\/\/pelvyra.com\/make-up-bei-rosacea\/\" title=\"Maquillage en cas de rosac&#xE9;e - voil&#xE0; ce &#xE0; quoi tu dois faire attention !\">Maquillage pour la rosac\u00e9e<\/a>\n<\/strong>\u00ab\u00a0Nous avons r\u00e9sum\u00e9 tout ce <strong>qu&rsquo;il faut savoir<\/strong> et te donnons des conseils pour rendre ta <strong>peau \u00e9clatante<\/strong> malgr\u00e9 la maladie.<\/p>\n<\/div>\n<\/div>\n\n<div class=\"wp-block-columns is-layout-flex wp-container-core-columns-is-layout-28f84493 wp-block-columns-is-layout-flex\">\n<div class=\"wp-block-column is-vertically-aligned-center is-layout-flow wp-block-column-is-layout-flow\">\n<h3 class=\"wp-block-heading\">Apaiser et renforcer la peau  <\/h3>\n\n\n\n<p>Si les vaisseaux sanguins sont soumis \u00e0 une forte pression, il est recommand\u00e9 d&rsquo;<strong>utiliser des cr\u00e8mes qui renforcent les vaisseaux<\/strong>. Elles contiennent des extraits de plantes, par exemple du petit houx, et des ingr\u00e9dients suppl\u00e9mentaires comme <strong>l&rsquo;acide hyaluronique,<\/strong> les extraits de boue marine et d&rsquo;algues qui hydratent.  <\/p>\n\n\n\n<p>L&rsquo;eau thermale, les gels de soin sp\u00e9ciaux et les compresses de <strong>th\u00e9<\/strong> <strong>noir<\/strong> apaisent, rafra\u00eechissent et renforcent la flore cutan\u00e9e avec des min\u00e9raux importants.  <\/p>\n\n\n\n<p>Une m\u00e9thode tr\u00e8s <strong>efficace<\/strong> pour soulager les rougeurs est l&rsquo;<strong>utilisation<\/strong> de <strong>bact\u00e9riophages<\/strong>.  <\/p>\n\n\n\n<p>Ceux-ci attaquent de mani\u00e8re cibl\u00e9e <strong>les bact\u00e9ries nocives<\/strong> et <strong>r\u00e9\u00e9quilibrent<\/strong> ainsi le microbiome de la peau. Tu peux ainsi <strong>r\u00e9duire<\/strong> facilement <strong>les rougeurs du visage<\/strong> et lutter contre les probl\u00e8mes de peau comme la couperose ou la rosac\u00e9e.<\/p>\n<\/div>\n\n\n\n<div class=\"wp-block-column is-layout-flow wp-block-column-is-layout-flow\">\n<figure class=\"wp-block-image size-large\"><img decoding=\"async\" src=\"https:\/\/pelvyra.com\/wp-content\/uploads\/2021\/07\/haut-beruhigen-staerken-creme-sanubiom-1024x576.jpg\" alt=\"Apaise et renforce ta peau avec des cr&#xE8;mes vaso-renfor&#xE7;antes\" class=\"wp-image-5629\"\/><\/figure>\n<\/div>\n<\/div>\n\n<div class=\"wp-block-columns is-layout-flex wp-container-core-columns-is-layout-28f84493 wp-block-columns-is-layout-flex\">\n<div class=\"wp-block-column is-layout-flow wp-block-column-is-layout-flow\">\n<figure class=\"wp-block-image size-large\"><img decoding=\"async\" src=\"https:\/\/pelvyra.com\/wp-content\/uploads\/2021\/07\/roetungen-im-gesicht-reduzieren-sanubiom-1024x576.jpg\" alt=\"R&#xE9;duire les rougeurs sur le visage : Des bact&#xE9;riophages pour l'&#xE9;quilibre de ta peau\" class=\"wp-image-5608\"\/><\/figure>\n<\/div>\n\n\n\n<div class=\"wp-block-column is-layout-flow wp-block-column-is-layout-flow\">\n<h2 class=\"wp-block-heading\">Conclusion : les rougeurs sur le visage sont faciles \u00e0 contr\u00f4ler !  <\/h2>\n\n\n\n<p><strong>Les rougeurs<\/strong> sur le visage sont une forte <strong>contrainte<\/strong> au quotidien, surtout pour les types de peau claire et sensible. Les <strong>pommades<\/strong> ou l&rsquo;adaptation des <strong>soins de la peau<\/strong> permettent d&rsquo;<strong>att\u00e9nuer<\/strong> les <strong>sympt\u00f4mes<\/strong> et d&rsquo;am\u00e9liorer la qualit\u00e9 de vie.  <\/p>\n\n\n\n<p>En revanche, si tu r\u00eaves d&rsquo;une <strong>peau<\/strong> <strong>\u00e9clatante<\/strong> <strong>de<\/strong> puret\u00e9, un <strong>traitement<\/strong> au <strong>laser<\/strong> est recommand\u00e9. Mais l&rsquo;<strong>application<\/strong> de <strong>bact\u00e9riophages<\/strong> peut aussi donner le r\u00e9sultat souhait\u00e9.  <\/p>\n\n\n\n<p>Tu peux ainsi <strong>renforcer la flore de ta peau<\/strong> et faire <strong>dispara\u00eetre<\/strong> <strong>les rougeurs<\/strong> sur ton visage. Et tout \u00e7a en utilisant la force de la <strong>nature<\/strong>!<\/p>\n\n\n\n<div class=\"wp-block-buttons is-layout-flex wp-block-buttons-is-layout-flex\">\n<div class=\"wp-block-button\"><a class=\"wp-block-button__link has-primary-background-color has-background\" href=\"https:\/\/pelvyra.com\/produkt\/skincare-protect\/\">Sanubiom SkinCare Protect<\/a><\/div>\n<\/div>\n<\/div>\n<\/div>\n","protected":false},"excerpt":{"rendered":"<p>Rougeurs sur le visage &#8211; causes et possibilit\u00e9s de traitement Les personnes qui souffrent d&rsquo;une peau sensible et r\u00e9active sont souvent confront\u00e9es en plus \u00e0 des rougeurs sur le visage. Les petits vaisseaux sanguins visibles sur le visage sont surtout un fardeau psychologique pour les personnes concern\u00e9es. Au d\u00e9but, les rougeurs de la peau ne [&hellip;]<\/p>\n","protected":false},"author":3,"featured_media":0,"parent":15595,"menu_order":0,"comment_status":"closed","ping_status":"closed","template":"","meta":{"footnotes":""},"class_list":["post-16081","page","type-page","status-publish","hentry"],"_links":{"self":[{"href":"https:\/\/pelvyra.com\/fr\/wp-json\/wp\/v2\/pages\/16081","targetHints":{"allow":["GET"]}}],"collection":[{"href":"https:\/\/pelvyra.com\/fr\/wp-json\/wp\/v2\/pages"}],"about":[{"href":"https:\/\/pelvyra.com\/fr\/wp-json\/wp\/v2\/types\/page"}],"author":[{"embeddable":true,"href":"https:\/\/pelvyra.com\/fr\/wp-json\/wp\/v2\/users\/3"}],"replies":[{"embeddable":true,"href":"https:\/\/pelvyra.com\/fr\/wp-json\/wp\/v2\/comments?post=16081"}],"version-history":[{"count":1,"href":"https:\/\/pelvyra.com\/fr\/wp-json\/wp\/v2\/pages\/16081\/revisions"}],"predecessor-version":[{"id":16092,"href":"https:\/\/pelvyra.com\/fr\/wp-json\/wp\/v2\/pages\/16081\/revisions\/16092"}],"up":[{"embeddable":true,"href":"https:\/\/pelvyra.com\/fr\/wp-json\/wp\/v2\/pages\/15595"}],"wp:attachment":[{"href":"https:\/\/pelvyra.com\/fr\/wp-json\/wp\/v2\/media?parent=16081"}],"curies":[{"name":"wp","href":"https:\/\/api.w.org\/{rel}","templated":true}]}}