{"id":15752,"date":"2024-05-23T09:30:31","date_gmt":"2024-05-23T07:30:31","guid":{"rendered":"https:\/\/pelvyra.com\/traitement-de-lacne\/"},"modified":"2024-05-23T09:30:55","modified_gmt":"2024-05-23T07:30:55","slug":"traitement-de-lacne","status":"publish","type":"page","link":"https:\/\/pelvyra.com\/fr\/connaissance-de-lacne\/traitement-de-lacne\/","title":{"rendered":"Traitement de l&rsquo;acn\u00e9"},"content":{"rendered":"\n<div class=\"wp-block-columns mobile-image-last is-layout-flex wp-container-core-columns-is-layout-28f84493 wp-block-columns-is-layout-flex\">\n<div class=\"wp-block-column is-vertically-aligned-center is-layout-flow wp-block-column-is-layout-flow\" style=\"flex-basis:66.66%\">\n<h1 class=\"wp-block-heading\">Traitement de l&rsquo;acn\u00e9 &#8211; m\u00e9dicaments et th\u00e9rapie alternative<\/h1>\n\n\n\n<p>Le <strong>traitement de l&rsquo;ac<\/strong> n\u00e9 d\u00e9pend toujours de la <strong>forme<\/strong> et de l&rsquo;<strong>\u00e9volution<\/strong> de l&rsquo;acn\u00e9.  <\/p>\n\n\n\n<p>Bien s\u00fbr, pour chaque m\u00e9thode de traitement, il faut aussi prendre en compte si tu as une peau particuli\u00e8rement sensible. Des facteurs tels que les allergies \u00e0 certaines substances doivent \u00eatre pris en compte.  <\/p>\n\n\n\n<p>Les <strong>traitements<\/strong> sont donc aussi <strong>diff\u00e9rents<\/strong> que chaque acn\u00e9 elle-m\u00eame. En cas d&rsquo;\u00e9volution grave, nous conseillons toujours de consulter le <strong>dermatologue<\/strong> traitant. En cas d&rsquo;<strong>acn\u00e9 l\u00e9g\u00e8re<\/strong>, il est possible que tu puisses te d\u00e9barrasser de l&rsquo;acn\u00e9 avec <strong>des rem\u00e8des maison<\/strong>.  <\/p>\n\n\n\n<p>Selon la forme et le degr\u00e9 de l&rsquo;acn\u00e9, il est possible de la combattre avec des cr\u00e8mes et des pommades externes ou appliqu\u00e9es localement. Si l&rsquo;acn\u00e9 ne s&rsquo;am\u00e9liore pas, un traitement m\u00e9dicamenteux apporte g\u00e9n\u00e9ralement les r\u00e9sultats souhait\u00e9s.<\/p>\n\n\n\n<div class=\"wp-block-buttons is-layout-flex wp-block-buttons-is-layout-flex\">\n<div class=\"wp-block-button\"><a class=\"wp-block-button__link has-primary-background-color has-background wp-element-button\" href=\"https:\/\/pelvyra.com\/akne-wissen\/\">Acn\u00e9 &#8211; tout savoir \u00e0 ce sujet !<\/a><\/div>\n<\/div>\n\n\n\n<h2 class=\"wp-block-heading\">Traiter l&rsquo;acn\u00e9 &#8211; Aper\u00e7u de ce qu&rsquo;il faut savoir<\/h2>\n\n\n\n<ul class=\"wp-block-list\">\n<li>L&rsquo;acn\u00e9 <strong>mod\u00e9r\u00e9e<\/strong> et l&rsquo;acn\u00e9 <strong>s\u00e9v\u00e8re<\/strong> doivent toujours \u00eatre trait\u00e9es par un <strong>m\u00e9decin<\/strong> ou <strong>un dermatologue<\/strong>.<\/li>\n\n\n\n<li>Une acn\u00e9 l\u00e9g\u00e8re se traite aussi souvent sans m\u00e9dicaments.<\/li>\n\n\n\n<li>Les \u00e9volutions l\u00e9g\u00e8res sont g\u00e9n\u00e9ralement trait\u00e9es dans un premier temps avec <strong>des pommades<\/strong> ou <strong>des cr\u00e8mes<\/strong> \u00e0 appliquer localement.<\/li>\n\n\n\n<li>Les rem\u00e8des maison peuvent \u00eatre utilis\u00e9s en cas d&rsquo;acn\u00e9 l\u00e9g\u00e8re et aider \u00e0 soutenir les cas plus graves.<\/li>\n\n\n\n<li>Les produits de soin sp\u00e9ciaux ont un effet antibact\u00e9rien (par exemple le d\u00e9candiol) et peuvent combattre l&rsquo;acn\u00e9.<\/li>\n<\/ul>\n<\/div>\n\n\n\n<div class=\"wp-block-column is-layout-flow wp-block-column-is-layout-flow\" style=\"flex-basis:33.33%\">\n<figure class=\"wp-block-image size-large\"><img fetchpriority=\"high\" decoding=\"async\" width=\"683\" height=\"1024\" src=\"https:\/\/pelvyra.com\/wp-content\/uploads\/2021\/04\/akne-wissen-behandlung.jpg\" alt=\"Traitement de l'acn&#xE9; - m&#xE9;dicaments et th&#xE9;rapie alternative\" class=\"wp-image-2214\" srcset=\"https:\/\/pelvyra.com\/wp-content\/uploads\/2021\/04\/akne-wissen-behandlung.jpg 683w, https:\/\/pelvyra.com\/wp-content\/uploads\/2021\/04\/akne-wissen-behandlung-200x300.jpg 200w, https:\/\/pelvyra.com\/wp-content\/uploads\/2021\/04\/akne-wissen-behandlung-600x900.jpg 600w\" sizes=\"(max-width: 683px) 100vw, 683px\" \/><\/figure>\n<\/div>\n<\/div>\n\n<div class=\"wp-block-columns are-vertically-aligned-top is-layout-flex wp-container-core-columns-is-layout-28f84493 wp-block-columns-is-layout-flex\">\n<div class=\"wp-block-column is-vertically-aligned-top is-layout-flow wp-block-column-is-layout-flow\">\n<figure class=\"wp-block-image size-large\"><img decoding=\"async\" width=\"1024\" height=\"683\" src=\"https:\/\/pelvyra.com\/wp-content\/uploads\/2021\/04\/akne-behandlung-heilbar-1024x683.jpg\" alt=\"L'acn&#xE9; est-elle gu&#xE9;rissable ?\" class=\"wp-image-2216\" srcset=\"https:\/\/pelvyra.com\/wp-content\/uploads\/2021\/04\/akne-behandlung-heilbar-1024x683.jpg 1024w, https:\/\/pelvyra.com\/wp-content\/uploads\/2021\/04\/akne-behandlung-heilbar-300x200.jpg 300w, https:\/\/pelvyra.com\/wp-content\/uploads\/2021\/04\/akne-behandlung-heilbar-768x512.jpg 768w, https:\/\/pelvyra.com\/wp-content\/uploads\/2021\/04\/akne-behandlung-heilbar-769x513.jpg 769w, https:\/\/pelvyra.com\/wp-content\/uploads\/2021\/04\/akne-behandlung-heilbar-412x275.jpg 412w, https:\/\/pelvyra.com\/wp-content\/uploads\/2021\/04\/akne-behandlung-heilbar-600x400.jpg 600w, https:\/\/pelvyra.com\/wp-content\/uploads\/2021\/04\/akne-behandlung-heilbar.jpg 1200w\" sizes=\"(max-width: 1024px) 100vw, 1024px\" \/><\/figure>\n<\/div>\n\n\n\n<div class=\"wp-block-column is-vertically-aligned-top is-layout-flow wp-block-column-is-layout-flow\">\n<h2 class=\"wp-block-heading\">L&rsquo;acn\u00e9 est-elle gu\u00e9rissable ?<\/h2>\n\n\n\n<p>L&rsquo;acn\u00e9 est l&rsquo;une des maladies de peau les plus courantes et tu peux faire quelque chose contre elle &#8211; apprends-en plus ici.<\/p>\n\n\n\n<div class=\"wp-block-buttons is-layout-flex wp-block-buttons-is-layout-flex\">\n<div class=\"wp-block-button is-style-fill\"><a class=\"wp-block-button__link wp-element-button\" href=\"https:\/\/pelvyra.com\/akne-heilbar\/\">D\u00e9couvre ici si l&rsquo;acn\u00e9 est gu\u00e9rissable<\/a><\/div>\n<\/div>\n<\/div>\n<\/div>\n\n<div class=\"wp-block-columns is-layout-flex wp-container-core-columns-is-layout-28f84493 wp-block-columns-is-layout-flex\">\n<div class=\"wp-block-column is-vertically-aligned-top is-layout-flow wp-block-column-is-layout-flow\">\n<h2 class=\"wp-block-heading\">Quelles sont les m\u00e9thodes de traitement de l&rsquo;acn\u00e9 ?<\/h2>\n\n\n\n<p>Un traitement contre l&rsquo;acn\u00e9 est aussi individuel que l&rsquo;acn\u00e9 elle-m\u00eame.  <\/p>\n\n\n\n<p>L&rsquo;acn\u00e9 se manifeste de mani\u00e8re tr\u00e8s diff\u00e9rente d&rsquo;une personne \u00e0 l&rsquo;autre.  <\/p>\n\n\n\n<p>En cons\u00e9quence, il existe de nombreuses r\u00e9ponses individuelles \u00e0 la question <strong>\u00ab\u00a0<a href=\"https:\/\/pelvyra.com\/akne-am-besten-behandeln\/\" title=\"Comment traiter au mieux l'acn&#xE9; ?\">Quel est le meilleur traitement pour l&rsquo;acn\u00e9 ?<\/a>\u00a0\u00bb <\/strong> <\/p>\n\n\n\n<p>Des <a href=\"https:\/\/pelvyra.com\/hausmittel-gegen-akne\/\" title=\"Rem&#xE8;des maison contre l'acn&#xE9; : notre TOP 8 qui aide vraiment !\">rem\u00e8des maison<\/a> \u00e9prouv\u00e9s <a href=\"https:\/\/pelvyra.com\/hausmittel-gegen-akne\/\" title=\"Rem&#xE8;des maison contre l'acn&#xE9; : notre TOP 8 qui aide vraiment !\">contre l&rsquo;acn\u00e9<\/a>, aux cr\u00e8mes sp\u00e9ciales en passant par certains m\u00e9dicaments.  <\/p>\n\n\n\n<p>Mais en principe, on peut faire la distinction entre le traitement externe et interne de l&rsquo;acn\u00e9.<\/p>\n\n\n\n<div class=\"wp-block-buttons is-layout-flex wp-block-buttons-is-layout-flex\">\n<div class=\"wp-block-button\"><a class=\"wp-block-button__link wp-element-button\" href=\"https:\/\/pelvyra.com\/fr\/utilisation-des-phages-pour-lacne\/\">Phage Technology contre l&rsquo;acn\u00e9<\/a><\/div>\n<\/div>\n<\/div>\n\n\n\n<div class=\"wp-block-column is-vertically-aligned-center is-layout-flow wp-block-column-is-layout-flow\">\n<figure class=\"wp-block-image size-full\"><img decoding=\"async\" width=\"1920\" height=\"1832\" src=\"https:\/\/pelvyra.com\/wp-content\/uploads\/2021\/04\/akne-behandlung.png\" alt=\"Options de traitement de l'acn&#xE9;\" class=\"wp-image-1786\" srcset=\"https:\/\/pelvyra.com\/wp-content\/uploads\/2021\/04\/akne-behandlung.png 1920w, https:\/\/pelvyra.com\/wp-content\/uploads\/2021\/04\/akne-behandlung-300x286.png 300w, https:\/\/pelvyra.com\/wp-content\/uploads\/2021\/04\/akne-behandlung-1024x977.png 1024w, https:\/\/pelvyra.com\/wp-content\/uploads\/2021\/04\/akne-behandlung-768x733.png 768w, https:\/\/pelvyra.com\/wp-content\/uploads\/2021\/04\/akne-behandlung-1536x1466.png 1536w, https:\/\/pelvyra.com\/wp-content\/uploads\/2021\/04\/akne-behandlung-769x734.png 769w, https:\/\/pelvyra.com\/wp-content\/uploads\/2021\/04\/akne-behandlung-600x573.png 600w\" sizes=\"(max-width: 1920px) 100vw, 1920px\" \/><\/figure>\n<\/div>\n<\/div>\n\n<div class=\"wp-block-columns are-vertically-aligned-top is-layout-flex wp-container-core-columns-is-layout-28f84493 wp-block-columns-is-layout-flex\">\n<div class=\"wp-block-column is-vertically-aligned-top is-layout-flow wp-block-column-is-layout-flow\">\n<h2 class=\"wp-block-heading\">Traitement externe de l&rsquo;acn\u00e9<\/h2>\n\n\n\n<p>Pour les cas l\u00e9gers et mod\u00e9r\u00e9s, on utilise souvent <strong>des antibiotiques<\/strong> sous forme de pommade pour le traitement externe de l&rsquo;acn\u00e9.  <\/p>\n\n\n\n<p>Elles contiennent par exemple de l&rsquo;\u00e9rythromycine ou de la clindamycine.  <\/p>\n\n\n\n<p>Ces deux m\u00e9dicaments r\u00e9duisent le nombre de bact\u00e9ries sur la peau. Pour le traitement local de l&rsquo;acn\u00e9, on peut aussi envisager <strong>des peelings<\/strong> r\u00e9g\u00e9n\u00e9rateurs de la peau, g\u00e9n\u00e9ralement \u00e0 base d&rsquo;acides de fruits naturels.<\/p>\n\n\n\n<p>Cependant, les pommades et les cr\u00e8mes \u00e0 appliquer localement sont les plus utilis\u00e9es.  <\/p>\n\n\n\n<p>Les produits contenant des ingr\u00e9dients sp\u00e9ciaux comme le d\u00e9candiol, la licochalcone A, la carnitine ou l&rsquo;acide lactique peuvent \u00eatre appliqu\u00e9s de mani\u00e8re externe sur les zones cutan\u00e9es concern\u00e9es.  <\/p>\n\n\n\n<p>Ces produits de soin de la peau ne contiennent pas de m\u00e9dicaments, mais peuvent \u00eatre utilis\u00e9s en compl\u00e9ment d&rsquo;un traitement m\u00e9dicamenteux contre l&rsquo;acn\u00e9.<\/p>\n<\/div>\n\n\n\n<div class=\"wp-block-column is-vertically-aligned-top is-layout-flow wp-block-column-is-layout-flow\">\n<p><strong>Les cr\u00e8mes<\/strong> contre l&rsquo;acn\u00e9 vendues sans ordonnance avec des substances m\u00e9dicamenteuses contiennent g\u00e9n\u00e9ralement <strong>du peroxyde de benz\u00e8ne<\/strong>. Cette substance active peut \u00e9galement \u00eatre utilis\u00e9e sous forme d&rsquo;\u00e9mulsion lavante ou de gel.  <\/p>\n\n\n\n<p>Il supprime la croissance de Propionibacterium acnes dans les glandes s\u00e9bac\u00e9es. Une autre possibilit\u00e9 pour r\u00e9duire les sympt\u00f4mes de l&rsquo;acn\u00e9 est d&rsquo;utiliser des phages.  <\/p>\n\n\n\n<p>Dans cette approche, les bact\u00e9riophages sont utilis\u00e9s comme arme naturelle contre les <strong>\n  <a href=\"https:\/\/pelvyra.com\/fr\/staphylococcus-aureus-connaissance\/\" title=\"Staphylococcus aureus Connaissance\">Staphylococcus aureus<\/a>\n<\/strong> utilise.  <\/p>\n\n\n\n<p>Les bact\u00e9riophages, qui sont naturellement pr\u00e9sents sur la peau, sont appliqu\u00e9s sous forme de spray \u00e0 une concentration plus \u00e9lev\u00e9e.  <\/p>\n\n\n\n<p>Cela permet de supprimer les bact\u00e9ries nocives, de favoriser les bonnes et de r\u00e9tablir l&rsquo;\u00e9quilibre de la peau.<\/p>\n<\/div>\n<\/div>\n\n<div class=\"wp-block-columns are-vertically-aligned-top is-layout-flex wp-container-core-columns-is-layout-28f84493 wp-block-columns-is-layout-flex\">\n<div class=\"wp-block-column is-vertically-aligned-top is-layout-flow wp-block-column-is-layout-flow\">\n<figure class=\"wp-block-image size-large\"><img loading=\"lazy\" decoding=\"async\" width=\"1024\" height=\"683\" src=\"https:\/\/pelvyra.com\/wp-content\/uploads\/2021\/04\/akne-innere-behandlung-medikamente-1024x683.jpg\" alt=\"Traitement interne de l'acn&#xE9;\" class=\"wp-image-2220\" srcset=\"https:\/\/pelvyra.com\/wp-content\/uploads\/2021\/04\/akne-innere-behandlung-medikamente-1024x683.jpg 1024w, https:\/\/pelvyra.com\/wp-content\/uploads\/2021\/04\/akne-innere-behandlung-medikamente-300x200.jpg 300w, https:\/\/pelvyra.com\/wp-content\/uploads\/2021\/04\/akne-innere-behandlung-medikamente-768x512.jpg 768w, https:\/\/pelvyra.com\/wp-content\/uploads\/2021\/04\/akne-innere-behandlung-medikamente-769x513.jpg 769w, https:\/\/pelvyra.com\/wp-content\/uploads\/2021\/04\/akne-innere-behandlung-medikamente-412x275.jpg 412w, https:\/\/pelvyra.com\/wp-content\/uploads\/2021\/04\/akne-innere-behandlung-medikamente-600x400.jpg 600w, https:\/\/pelvyra.com\/wp-content\/uploads\/2021\/04\/akne-innere-behandlung-medikamente.jpg 1200w\" sizes=\"(max-width: 1024px) 100vw, 1024px\" \/><\/figure>\n<\/div>\n\n\n\n<div class=\"wp-block-column is-vertically-aligned-top is-layout-flow wp-block-column-is-layout-flow\">\n<h2 class=\"wp-block-heading\">Traitement interne de l&rsquo;acn\u00e9<\/h2>\n\n\n\n<p>Le <strong>traitement<\/strong> interne et <strong>m\u00e9dicamenteux<\/strong> de l&rsquo;<strong>acn\u00e9<\/strong> n&rsquo;est utilis\u00e9 que pour les cas mod\u00e9r\u00e9s et graves de la maladie.<\/p>\n\n\n\n<p>Un traitement avec des m\u00e9dicaments n\u00e9cessite avant tout du temps. G\u00e9n\u00e9ralement, l&rsquo;am\u00e9lioration des sympt\u00f4mes de l&rsquo;acn\u00e9 ne se manifeste qu&rsquo;apr\u00e8s une dur\u00e9e de <strong>6 \u00e0 8 semaines<\/strong>. En g\u00e9n\u00e9ral, on a recours \u00e0 des m\u00e9dicaments comme les antibiotiques, l&rsquo;isotr\u00e9tino\u00efne et les antiandrog\u00e8nes.<\/p>\n\n\n\n<p>Ceux-ci sont pris par voie orale et g\u00e9n\u00e9ralement sous forme de comprim\u00e9s et ont un effet anti-inflammatoire. Les m\u00e9dicaments, et surtout les antibiotiques, ne doivent pas \u00eatre utilis\u00e9s comme traitement permanent, car une r\u00e9sistance pourrait se d\u00e9velopper.<\/p>\n\n\n\n<p>D&rsquo;autres <strong>pr\u00e9parations<\/strong> &#8211; comme les d\u00e9riv\u00e9s de la vitamine A acide (r\u00e9tino\u00efdes) &#8211; peuvent aussi aider \u00e0 lutter contre l&rsquo;acn\u00e9. Bien qu&rsquo;ils ne puissent rien faire contre une infection bact\u00e9rienne, ils combattent les boutons et les points noirs ferm\u00e9s.  <\/p>\n\n\n\n<p>La plupart du temps, la substance active utilis\u00e9e est l&rsquo;isotr\u00e9tino\u00efne. L&rsquo;isotr\u00e9tino\u00efne orale r\u00e9duit la production de s\u00e9bum, le nombre de l\u00e9sions d&rsquo;acn\u00e9 et la formation de cicatrices. Il est surtout utilis\u00e9 pour traiter les cas graves.<\/p>\n<\/div>\n<\/div>\n\n<div class=\"wp-block-columns is-layout-flex wp-container-core-columns-is-layout-28f84493 wp-block-columns-is-layout-flex\">\n<div class=\"wp-block-column is-layout-flow wp-block-column-is-layout-flow\">\n<h2 class=\"wp-block-heading\">Comment \u00e9liminer les cicatrices d&rsquo;acn\u00e9 ? &#8211; Conseils et astuces<\/h2>\n\n\n\n<p>Pour \u00e9liminer les cicatrices d&rsquo;acn\u00e9, les dermatologues utilisent diff\u00e9rentes m\u00e9thodes.  <\/p>\n\n\n\n<p>Le traitement des cicatrices d&rsquo;acn\u00e9 va du <strong>traitement au laser<\/strong> \u00e0 la <strong>correction<\/strong> chirurgicale <strong>des cicatrices<\/strong>, en passant par les <strong>peelings<\/strong> chimiques.  <\/p>\n\n\n\n<p>Le traitement des cicatrices d&rsquo;acn\u00e9 ne devrait toujours avoir lieu que lorsque l&rsquo;acn\u00e9 a compl\u00e8tement disparu.<\/p>\n<\/div>\n\n\n\n<div class=\"wp-block-column is-vertically-aligned-center is-layout-flow wp-block-column-is-layout-flow\">\n<h3 class=\"wp-block-heading\">Options de traitement des cicatrices d&rsquo;acn\u00e9<\/h3>\n\n\n\n<div class=\"wp-block-columns is-layout-flex wp-container-core-columns-is-layout-28f84493 wp-block-columns-is-layout-flex\">\n<div class=\"wp-block-column is-layout-flow wp-block-column-is-layout-flow\">\n<ul class=\"wp-block-list\" id=\"block-5c3d8503-8065-4c77-86a6-d6abeba62ef6\">\n<li>Traitement au laser<\/li>\n\n\n\n<li>Dermabrasion<\/li>\n\n\n\n<li>Op\u00e9ration<\/li>\n\n\n\n<li>Traitement par le froid<\/li>\n<\/ul>\n<\/div>\n\n\n\n<div class=\"wp-block-column is-layout-flow wp-block-column-is-layout-flow\">\n<ul class=\"wp-block-list\" id=\"block-5c3d8503-8065-4c77-86a6-d6abeba62ef6\">\n<li>Peeling chimique<\/li>\n\n\n\n<li>Traitement \u00e0 l&rsquo;acide<\/li>\n\n\n\n<li>Injection \u00e0 la cortisone<\/li>\n\n\n\n<li>Injection de collag\u00e8ne<\/li>\n<\/ul>\n<\/div>\n<\/div>\n<\/div>\n<\/div>\n\n<div class=\"wp-block-columns is-layout-flex wp-container-core-columns-is-layout-28f84493 wp-block-columns-is-layout-flex\">\n<div class=\"wp-block-column is-layout-flow wp-block-column-is-layout-flow\">\n<figure class=\"wp-block-image size-large\"><img loading=\"lazy\" decoding=\"async\" width=\"1024\" height=\"683\" src=\"https:\/\/pelvyra.com\/wp-content\/uploads\/2021\/04\/akne-alternative-behandlung-1024x683.jpg\" alt=\"\" class=\"wp-image-2222\" srcset=\"https:\/\/pelvyra.com\/wp-content\/uploads\/2021\/04\/akne-alternative-behandlung-1024x683.jpg 1024w, https:\/\/pelvyra.com\/wp-content\/uploads\/2021\/04\/akne-alternative-behandlung-300x200.jpg 300w, https:\/\/pelvyra.com\/wp-content\/uploads\/2021\/04\/akne-alternative-behandlung-768x512.jpg 768w, https:\/\/pelvyra.com\/wp-content\/uploads\/2021\/04\/akne-alternative-behandlung-769x513.jpg 769w, https:\/\/pelvyra.com\/wp-content\/uploads\/2021\/04\/akne-alternative-behandlung-412x275.jpg 412w, https:\/\/pelvyra.com\/wp-content\/uploads\/2021\/04\/akne-alternative-behandlung-600x400.jpg 600w, https:\/\/pelvyra.com\/wp-content\/uploads\/2021\/04\/akne-alternative-behandlung.jpg 1200w\" sizes=\"(max-width: 1024px) 100vw, 1024px\" \/><\/figure>\n<\/div>\n\n\n\n<div class=\"wp-block-column is-vertically-aligned-center is-layout-flow wp-block-column-is-layout-flow\">\n<h3 class=\"wp-block-heading\">M\u00e9thodes alternatives contre l&rsquo;acn\u00e9<\/h3>\n\n\n\n<p>Tu peux \u00e9galement lutter contre l&rsquo;acn\u00e9 gr\u00e2ce \u00e0 l&rsquo;<strong>hom\u00e9opathie<\/strong>. Les sels de Sch\u00fcssler sont tr\u00e8s populaires \u00e0 cet \u00e9gard et au total, 12 d&rsquo;entre eux aident sp\u00e9cialement \u00e0 lutter contre la mauvaise peau et les impuret\u00e9s.<\/p>\n\n\n\n<p>Pour savoir exactement quelle hom\u00e9opathie ou quels <strong>sels de Sch\u00fcssler<\/strong> peuvent t&rsquo;aider, le mieux est d&rsquo;en discuter avec ton m\u00e9decin de famille ou ton dermatologue.<\/p>\n\n\n\n<p>Les <strong>salons de beaut\u00e9<\/strong> ou les <strong>m\u00e9decins<\/strong> proposent \u00e9galement d&rsquo;autres traitements externes contre l&rsquo;acn\u00e9.  <\/p>\n\n\n\n<p>Par exemple, <strong>les vaporisations<\/strong>, <strong>les gla\u00e7ages<\/strong> ou <strong>les luminoth\u00e9rapies<\/strong>.<\/p>\n\n\n\n<div class=\"wp-block-buttons is-layout-flex wp-block-buttons-is-layout-flex\">\n<div class=\"wp-block-button\"><a class=\"wp-block-button__link has-white-background-color has-background wp-element-button\" href=\"https:\/\/pelvyra.com\/fr\/utilisation-des-phages-pour-lacne\/\">Acn\u00e9 &#8211; utilisation de phages<\/a><\/div>\n<\/div>\n<\/div>\n<\/div>\n\n<div class=\"wp-block-columns is-layout-flex wp-container-core-columns-is-layout-28f84493 wp-block-columns-is-layout-flex\">\n<div class=\"wp-block-column is-vertically-aligned-center is-layout-flow wp-block-column-is-layout-flow\">\n<h2 class=\"wp-block-heading\">Rem\u00e8des maison pour traiter l&rsquo;acn\u00e9<\/h2>\n\n\n\n<p>Il existe quelques <strong>rem\u00e8des maison<\/strong> qui peuvent aider \u00e0 combattre l&rsquo;acn\u00e9 avec succ\u00e8s. Il s&rsquo;agit notamment de l&rsquo;huile d&rsquo;arbre \u00e0 th\u00e9, de l&rsquo;argile, de l&rsquo;aloe vera, du vinaigre de cidre, du miel et des bains de vapeur.  <\/p>\n\n\n\n<p>De plus, les traitements cosm\u00e9tiques peuvent aider \u00e0 <strong>am\u00e9liorer<\/strong> l&rsquo;<strong>aspect de la peau<\/strong>. Bien s\u00fbr, il existe quelques conseils contre l&rsquo;acn\u00e9 que tu peux suivre en ce qui concerne ton alimentation et ta vie quotidienne en g\u00e9n\u00e9ral.  <\/p>\n\n\n\n<p>Les rem\u00e8des maison peuvent en tout cas t&rsquo;aider \u00e0 traiter une acn\u00e9 l\u00e9g\u00e8re de mani\u00e8re naturelle.<\/p>\n\n\n\n<p><strong>Rem\u00e8de maison contre l&rsquo;acn\u00e9 :<\/strong><\/p>\n\n\n\n<div class=\"wp-block-columns is-layout-flex wp-container-core-columns-is-layout-28f84493 wp-block-columns-is-layout-flex\">\n<div class=\"wp-block-column is-layout-flow wp-block-column-is-layout-flow\">\n<ul class=\"wp-block-list\">\n<li>Huile d&rsquo;arbre \u00e0 th\u00e9<\/li>\n\n\n\n<li>Terre m\u00e9dicinale<\/li>\n\n\n\n<li>Aloe vera<\/li>\n\n\n\n<li>Traitement par le froid<\/li>\n\n\n\n<li>Choisir un maquillage adapt\u00e9<\/li>\n<\/ul>\n<\/div>\n\n\n\n<div class=\"wp-block-column is-layout-flow wp-block-column-is-layout-flow\">\n<ul class=\"wp-block-list\">\n<li>Miel<\/li>\n\n\n\n<li>Vinaigre de cidre<\/li>\n\n\n\n<li>Bain de vapeur<\/li>\n\n\n\n<li>\u00c9viter les rayons UV et la lumi\u00e8re UV (protection solaire)<\/li>\n<\/ul>\n<\/div>\n<\/div>\n<\/div>\n\n\n\n<div class=\"wp-block-column is-layout-flow wp-block-column-is-layout-flow\">\n<figure class=\"wp-block-image size-full\"><img loading=\"lazy\" decoding=\"async\" width=\"1200\" height=\"800\" src=\"https:\/\/pelvyra.com\/wp-content\/uploads\/2021\/04\/akne-behandlung-hausmittel.jpg\" alt=\"Rem&#xE8;des maison pour le traitement de l'acn&#xE9;\" class=\"wp-image-2224\" srcset=\"https:\/\/pelvyra.com\/wp-content\/uploads\/2021\/04\/akne-behandlung-hausmittel.jpg 1200w, https:\/\/pelvyra.com\/wp-content\/uploads\/2021\/04\/akne-behandlung-hausmittel-300x200.jpg 300w, https:\/\/pelvyra.com\/wp-content\/uploads\/2021\/04\/akne-behandlung-hausmittel-1024x683.jpg 1024w, https:\/\/pelvyra.com\/wp-content\/uploads\/2021\/04\/akne-behandlung-hausmittel-768x512.jpg 768w, https:\/\/pelvyra.com\/wp-content\/uploads\/2021\/04\/akne-behandlung-hausmittel-769x513.jpg 769w, https:\/\/pelvyra.com\/wp-content\/uploads\/2021\/04\/akne-behandlung-hausmittel-412x275.jpg 412w, https:\/\/pelvyra.com\/wp-content\/uploads\/2021\/04\/akne-behandlung-hausmittel-600x400.jpg 600w\" sizes=\"(max-width: 1200px) 100vw, 1200px\" \/><\/figure>\n<\/div>\n<\/div>\n\n<div class=\"wp-block-columns is-layout-flex wp-container-core-columns-is-layout-28f84493 wp-block-columns-is-layout-flex\">\n<div class=\"wp-block-column is-layout-flow wp-block-column-is-layout-flow\">\n<figure class=\"wp-block-image size-large\"><img loading=\"lazy\" decoding=\"async\" width=\"1024\" height=\"683\" src=\"https:\/\/pelvyra.com\/wp-content\/uploads\/2021\/04\/akne-ernaehrung-1024x683.jpg\" alt=\"La bonne alimentation en cas d'acn&#xE9;\" class=\"wp-image-2226\" srcset=\"https:\/\/pelvyra.com\/wp-content\/uploads\/2021\/04\/akne-ernaehrung-1024x683.jpg 1024w, https:\/\/pelvyra.com\/wp-content\/uploads\/2021\/04\/akne-ernaehrung-300x200.jpg 300w, https:\/\/pelvyra.com\/wp-content\/uploads\/2021\/04\/akne-ernaehrung-768x512.jpg 768w, https:\/\/pelvyra.com\/wp-content\/uploads\/2021\/04\/akne-ernaehrung-769x513.jpg 769w, https:\/\/pelvyra.com\/wp-content\/uploads\/2021\/04\/akne-ernaehrung-412x275.jpg 412w, https:\/\/pelvyra.com\/wp-content\/uploads\/2021\/04\/akne-ernaehrung-600x400.jpg 600w, https:\/\/pelvyra.com\/wp-content\/uploads\/2021\/04\/akne-ernaehrung.jpg 1200w\" sizes=\"(max-width: 1024px) 100vw, 1024px\" \/><\/figure>\n<\/div>\n\n\n\n<div class=\"wp-block-column is-vertically-aligned-center is-layout-flow wp-block-column-is-layout-flow\">\n<h2 class=\"wp-block-heading\">La bonne alimentation en cas d&rsquo;acn\u00e9<\/h2>\n\n\n\n<p>Une <strong>bonne alimentation<\/strong> peut t&rsquo;aider \u00e0 lutter contre l&rsquo;acn\u00e9.  <\/p>\n\n\n\n<p>Certes, le lien entre l&rsquo;alimentation et l&rsquo;acn\u00e9 est controvers\u00e9.<\/p>\n\n\n\n<p>Mais <strong>les scientifiques<\/strong> estiment que <strong>les produits laitiers<\/strong> et une <strong>alimentation <\/strong>principalement <strong>glyc\u00e9mique <\/strong>peuvent <strong>aggraver<\/strong> l&rsquo;apparence de la peau.  <\/p>\n\n\n\n<p>Trop de <strong>sucreries<\/strong>, de <strong>chocolat<\/strong> et <strong>de chips<\/strong> peuvent encore favoriser les sympt\u00f4mes de l&rsquo;acn\u00e9.<\/p>\n\n\n\n<p>Si tu es concern\u00e9 par l&rsquo;acn\u00e9, nous te recommandons dans tous les cas de suivre une alimentation \u00e9quilibr\u00e9e et riche en vitamines.<\/p>\n\n\n\n<div class=\"wp-block-buttons is-layout-flex wp-block-buttons-is-layout-flex\">\n<div class=\"wp-block-button\"><a class=\"wp-block-button__link has-primary-background-color has-background wp-element-button\" href=\"https:\/\/pelvyra.com\/fr\/acne\/\">R\u00e9duire l&rsquo;acn\u00e9 avec Sanubiom<\/a><\/div>\n<\/div>\n<\/div>\n<\/div>\n\n<p><\/p>\n","protected":false},"excerpt":{"rendered":"<p>Traitement de l&rsquo;acn\u00e9 &#8211; m\u00e9dicaments et th\u00e9rapie alternative Le traitement de l&rsquo;ac n\u00e9 d\u00e9pend toujours de la forme et de l&rsquo;\u00e9volution de l&rsquo;acn\u00e9. Bien s\u00fbr, pour chaque m\u00e9thode de traitement, il faut aussi prendre en compte si tu as une peau particuli\u00e8rement sensible. Des facteurs tels que les allergies \u00e0 certaines substances doivent \u00eatre pris [&hellip;]<\/p>\n","protected":false},"author":3,"featured_media":0,"parent":15807,"menu_order":0,"comment_status":"closed","ping_status":"closed","template":"","meta":{"footnotes":""},"class_list":["post-15752","page","type-page","status-publish","hentry"],"_links":{"self":[{"href":"https:\/\/pelvyra.com\/fr\/wp-json\/wp\/v2\/pages\/15752","targetHints":{"allow":["GET"]}}],"collection":[{"href":"https:\/\/pelvyra.com\/fr\/wp-json\/wp\/v2\/pages"}],"about":[{"href":"https:\/\/pelvyra.com\/fr\/wp-json\/wp\/v2\/types\/page"}],"author":[{"embeddable":true,"href":"https:\/\/pelvyra.com\/fr\/wp-json\/wp\/v2\/users\/3"}],"replies":[{"embeddable":true,"href":"https:\/\/pelvyra.com\/fr\/wp-json\/wp\/v2\/comments?post=15752"}],"version-history":[{"count":1,"href":"https:\/\/pelvyra.com\/fr\/wp-json\/wp\/v2\/pages\/15752\/revisions"}],"predecessor-version":[{"id":15767,"href":"https:\/\/pelvyra.com\/fr\/wp-json\/wp\/v2\/pages\/15752\/revisions\/15767"}],"up":[{"embeddable":true,"href":"https:\/\/pelvyra.com\/fr\/wp-json\/wp\/v2\/pages\/15807"}],"wp:attachment":[{"href":"https:\/\/pelvyra.com\/fr\/wp-json\/wp\/v2\/media?parent=15752"}],"curies":[{"name":"wp","href":"https:\/\/api.w.org\/{rel}","templated":true}]}}