{"id":15693,"date":"2024-05-23T09:30:14","date_gmt":"2024-05-23T07:30:14","guid":{"rendered":"https:\/\/pelvyra.com\/utilisation-des-phages-pour-la-rosacee\/"},"modified":"2024-05-23T09:32:17","modified_gmt":"2024-05-23T07:32:17","slug":"utilisation-des-phages-pour-la-rosacee","status":"publish","type":"page","link":"https:\/\/pelvyra.com\/fr\/connaitre-la-rosacee\/utilisation-des-phages-pour-la-rosacee\/","title":{"rendered":"Utilisation des phages pour la rosac\u00e9e"},"content":{"rendered":"\n<div class=\"wp-block-columns mobile-image-last is-layout-flex wp-container-core-columns-is-layout-28f84493 wp-block-columns-is-layout-flex\">\n<div class=\"wp-block-column is-vertically-aligned-center is-layout-flow wp-block-column-is-layout-flow\" style=\"flex-basis:66.66%\">\n<h1 class=\"wp-block-heading\">Les bact\u00e9riophages r\u00e9duisent les rougeurs de la rosac\u00e9e<\/h1>\n\n\n\n<p>Ceux qui souffrent de rosac\u00e9e savent que les <strong>rougeurs de la peau ne sont pas seulement d\u00e9sagr\u00e9ables \u00e0 l&rsquo;\u0153il<\/strong>. La dermatite chronique appara\u00eet g\u00e9n\u00e9ralement sur le visage et est souvent interpr\u00e9t\u00e9e \u00e0 tort comme une cons\u00e9quence d&rsquo;une consommation excessive d&rsquo;alcool.<\/p>\n\n\n\n<p>Elle est <strong>caus\u00e9e <\/strong>par <strong>une hyperactivit\u00e9 des vaisseaux sanguins. <\/strong>Comme d&rsquo;autres maladies dermatologiques, elle peut entra\u00eener des d\u00e9mangeaisons g\u00eanantes et une s\u00e9cheresse des zones concern\u00e9es.<\/p>\n\n\n\n<p>La <strong>sant\u00e9 physique, mais aussi mentale<\/strong>, en p\u00e2tit <strong>.<\/strong> Mais il est relativement facile d&rsquo;y rem\u00e9dier : l&rsquo;<strong>utilisation de phages contre la rosac\u00e9e<\/strong> &#8211; par exemple sous forme de spray &#8211; permet d&rsquo;att\u00e9nuer les rougeurs et de r\u00e9duire naturellement les sympt\u00f4mes perceptibles de l&rsquo;inflammation.<\/p>\n\n\n\n<div class=\"wp-block-buttons is-horizontal is-content-justification-left is-layout-flex wp-container-core-buttons-is-layout-20be11b6 wp-block-buttons-is-layout-flex\">\n<div class=\"wp-block-button\"><a class=\"wp-block-button__link has-primary-background-color has-background\" href=\"https:\/\/pelvyra.com\/fr\/connaissance-de-lutilisation-des-phages\/\">En savoir plus sur l&rsquo;utilisation des bact\u00e9riophages<\/a><\/div>\n<\/div>\n<\/div>\n\n\n\n<div class=\"wp-block-column is-layout-flow wp-block-column-is-layout-flow\" style=\"flex-basis:33.33%\">\n<figure class=\"wp-block-image size-large\"><img fetchpriority=\"high\" decoding=\"async\" width=\"683\" height=\"1024\" src=\"https:\/\/pelvyra.com\/wp-content\/uploads\/2021\/05\/phagen-anwendung-rosacea.jpg\" alt=\"Utilisation des phages pour la rosac&#xE9;e\" class=\"wp-image-2795\" srcset=\"https:\/\/pelvyra.com\/wp-content\/uploads\/2021\/05\/phagen-anwendung-rosacea.jpg 683w, https:\/\/pelvyra.com\/wp-content\/uploads\/2021\/05\/phagen-anwendung-rosacea-200x300.jpg 200w, https:\/\/pelvyra.com\/wp-content\/uploads\/2021\/05\/phagen-anwendung-rosacea-600x900.jpg 600w\" sizes=\"(max-width: 683px) 100vw, 683px\" \/><\/figure>\n<\/div>\n<\/div>\n\n<div class=\"wp-block-columns are-vertically-aligned-top is-layout-flex wp-container-core-columns-is-layout-28f84493 wp-block-columns-is-layout-flex\">\n<div class=\"wp-block-column is-vertically-aligned-top is-layout-flow wp-block-column-is-layout-flow\">\n<figure class=\"wp-block-image size-full\"><img decoding=\"async\" width=\"1200\" height=\"800\" src=\"https:\/\/pelvyra.com\/wp-content\/uploads\/2021\/04\/rosacea-bakterienfresser-gleichgewicht-haut.jpg\" alt=\"Rosac&#xE9;e - r&#xE9;tablir l'&#xE9;quilibre de la peau avec les mangeurs de bact&#xE9;ries\" class=\"wp-image-1724\" srcset=\"https:\/\/pelvyra.com\/wp-content\/uploads\/2021\/04\/rosacea-bakterienfresser-gleichgewicht-haut.jpg 1200w, https:\/\/pelvyra.com\/wp-content\/uploads\/2021\/04\/rosacea-bakterienfresser-gleichgewicht-haut-300x200.jpg 300w, https:\/\/pelvyra.com\/wp-content\/uploads\/2021\/04\/rosacea-bakterienfresser-gleichgewicht-haut-1024x683.jpg 1024w, https:\/\/pelvyra.com\/wp-content\/uploads\/2021\/04\/rosacea-bakterienfresser-gleichgewicht-haut-768x512.jpg 768w, https:\/\/pelvyra.com\/wp-content\/uploads\/2021\/04\/rosacea-bakterienfresser-gleichgewicht-haut-769x513.jpg 769w, https:\/\/pelvyra.com\/wp-content\/uploads\/2021\/04\/rosacea-bakterienfresser-gleichgewicht-haut-412x275.jpg 412w, https:\/\/pelvyra.com\/wp-content\/uploads\/2021\/04\/rosacea-bakterienfresser-gleichgewicht-haut-600x400.jpg 600w\" sizes=\"(max-width: 1200px) 100vw, 1200px\" \/><\/figure>\n<\/div>\n\n\n\n<div class=\"wp-block-column is-vertically-aligned-top is-layout-flow wp-block-column-is-layout-flow\">\n<h2 class=\"wp-block-heading\">Rosac\u00e9e et utilisation de phages &#8211; \u00e0 qui s&rsquo;adresse cette th\u00e9rapie ?<\/h2>\n\n\n\n<p>La <strong>rosac\u00e9e <\/strong> commence typiquement entre 30 et 40 ans. Si tu remarques une augmentation des <strong>rougeurs sur ton visage<\/strong>, tu devrais consulter un m\u00e9decin.<\/p>\n\n\n\n<p>Si le m\u00e9decin diagnostique une rosac\u00e9e, la premi\u00e8re question qui vient \u00e0 l&rsquo;esprit est probablement : la rosac\u00e9e peut-elle dispara\u00eetre ? Alors qu&rsquo;il n&rsquo;<strong>y a pas de gu\u00e9rison compl\u00e8te,<\/strong> le <strong>d\u00e9veloppement<\/strong> peut <strong>\u00eatre tenu en \u00e9chec<\/strong>.  <\/p>\n\n\n\n<p>Cependant, comme la peau des personnes atteintes de rosac\u00e9e est tr\u00e8s sensible, les produits irritants doivent \u00eatre \u00e9vit\u00e9s. Cela inclut les savons ou les cr\u00e8mes qui contiennent de l&rsquo;alcool et du menthol ou du camphre.  <\/p>\n\n\n\n<p>En revanche, l&rsquo;<strong>utilisation de phages<\/strong> te permettra d&rsquo;obtenir rapidement des r\u00e9sultats en cas de rougeurs. Un s\u00e9rum phagique utilise le pouvoir naturel des soi-disant mangeurs de bact\u00e9ries pour lutter contre le <strong>d\u00e9s\u00e9quilibre de la flore cutan\u00e9e du visage<\/strong>. Tu apprendras de quoi il s&rsquo;agit exactement dans la section suivante.<\/p>\n<\/div>\n<\/div>\n\n<div class=\"wp-block-columns is-layout-flex wp-container-core-columns-is-layout-28f84493 wp-block-columns-is-layout-flex\">\n<div class=\"wp-block-column is-vertically-aligned-top is-layout-flow wp-block-column-is-layout-flow\">\n<h2 class=\"wp-block-heading\">Que sont exactement les bact\u00e9riophages et comment aident-ils \u00e0 lutter contre la rosac\u00e9e ?<\/h2>\n\n\n\n<p>Les bact\u00e9riophages sont des <strong>virus naturels<\/strong> qui d\u00e9truisent les cellules bact\u00e9riennes nocives en les infectant, puis en se multipliant en leur sein jusqu&rsquo;\u00e0 ce qu&rsquo;elles \u00e9clatent. Pratiquement, on les trouve partout o\u00f9 l&rsquo;on peut trouver la bact\u00e9rie appropri\u00e9e.  <\/p>\n\n\n\n<p>Ainsi, elles constituent en fait une <strong>application naturelle pour lutter contre les bact\u00e9ries nocives<\/strong>. Dans le cas des maladies dermatologiques, leur action est concentr\u00e9e pour s&rsquo;attaquer aux causes. Tu peux donc utiliser un <strong>spray pour contrer les effets de la rosac\u00e9e<\/strong>.  <\/p>\n\n\n\n<div class=\"wp-block-buttons is-horizontal is-content-justification-left is-layout-flex wp-container-core-buttons-is-layout-20be11b6 wp-block-buttons-is-layout-flex\">\n<div class=\"wp-block-button\"><a class=\"wp-block-button__link\" href=\"https:\/\/pelvyra.com\/phagen-kaufen\/\">O\u00f9 puis-je acheter des phages ?<\/a><\/div>\n<\/div>\n<\/div>\n\n\n\n<div class=\"wp-block-column is-vertically-aligned-top is-layout-flow wp-block-column-is-layout-flow\">\n<figure class=\"wp-block-image size-large\"><img decoding=\"async\" width=\"1024\" height=\"683\" src=\"https:\/\/pelvyra.com\/wp-content\/uploads\/2021\/05\/bakteriophagen-helfen-bei-rosacea-1024x683.jpg\" alt=\"Que sont exactement les bact&#xE9;riophages et comment aident-ils &#xE0; lutter contre la rosac&#xE9;e ?\" class=\"wp-image-2797\" srcset=\"https:\/\/pelvyra.com\/wp-content\/uploads\/2021\/05\/bakteriophagen-helfen-bei-rosacea-1024x683.jpg 1024w, https:\/\/pelvyra.com\/wp-content\/uploads\/2021\/05\/bakteriophagen-helfen-bei-rosacea-300x200.jpg 300w, https:\/\/pelvyra.com\/wp-content\/uploads\/2021\/05\/bakteriophagen-helfen-bei-rosacea-768x512.jpg 768w, https:\/\/pelvyra.com\/wp-content\/uploads\/2021\/05\/bakteriophagen-helfen-bei-rosacea-769x513.jpg 769w, https:\/\/pelvyra.com\/wp-content\/uploads\/2021\/05\/bakteriophagen-helfen-bei-rosacea-412x275.jpg 412w, https:\/\/pelvyra.com\/wp-content\/uploads\/2021\/05\/bakteriophagen-helfen-bei-rosacea-600x400.jpg 600w, https:\/\/pelvyra.com\/wp-content\/uploads\/2021\/05\/bakteriophagen-helfen-bei-rosacea.jpg 1200w\" sizes=\"(max-width: 1024px) 100vw, 1024px\" \/><\/figure>\n<\/div>\n<\/div>\n\n<div class=\"wp-block-columns are-vertically-aligned-top is-layout-flex wp-container-core-columns-is-layout-28f84493 wp-block-columns-is-layout-flex\">\n<div class=\"wp-block-column is-vertically-aligned-top is-layout-flow wp-block-column-is-layout-flow\">\n<figure class=\"wp-block-image size-large\"><img loading=\"lazy\" decoding=\"async\" width=\"1024\" height=\"683\" src=\"https:\/\/pelvyra.com\/wp-content\/uploads\/2021\/05\/rosacea-bakterienfresser-georgien-gleichgewicht-haut-1024x683.jpg\" alt=\"Rosac&#xE9;e - r&#xE9;tablir l'&#xE9;quilibre de la peau avec les mangeurs de bact&#xE9;ries\" class=\"wp-image-2799\" srcset=\"https:\/\/pelvyra.com\/wp-content\/uploads\/2021\/05\/rosacea-bakterienfresser-georgien-gleichgewicht-haut-1024x683.jpg 1024w, https:\/\/pelvyra.com\/wp-content\/uploads\/2021\/05\/rosacea-bakterienfresser-georgien-gleichgewicht-haut-300x200.jpg 300w, https:\/\/pelvyra.com\/wp-content\/uploads\/2021\/05\/rosacea-bakterienfresser-georgien-gleichgewicht-haut-768x512.jpg 768w, https:\/\/pelvyra.com\/wp-content\/uploads\/2021\/05\/rosacea-bakterienfresser-georgien-gleichgewicht-haut-769x513.jpg 769w, https:\/\/pelvyra.com\/wp-content\/uploads\/2021\/05\/rosacea-bakterienfresser-georgien-gleichgewicht-haut-412x275.jpg 412w, https:\/\/pelvyra.com\/wp-content\/uploads\/2021\/05\/rosacea-bakterienfresser-georgien-gleichgewicht-haut-600x400.jpg 600w, https:\/\/pelvyra.com\/wp-content\/uploads\/2021\/05\/rosacea-bakterienfresser-georgien-gleichgewicht-haut.jpg 1200w\" sizes=\"(max-width: 1024px) 100vw, 1024px\" \/><\/figure>\n<\/div>\n\n\n\n<div class=\"wp-block-column is-vertically-aligned-top is-layout-flow wp-block-column-is-layout-flow\">\n<h3 class=\"wp-block-heading\">Rosac\u00e9e &#8211; r\u00e9tablir l&rsquo;\u00e9quilibre de la peau avec les mangeurs de bact\u00e9ries<\/h3>\n\n\n\n<p>Mais comment fonctionnent exactement les <strong>mangeurs de bact\u00e9ries et l&rsquo;utilisation des phages<\/strong>? Pour que la peau ait une apparence saine, il est indispensable de pr\u00e9server le film protecteur naturel.<\/p>\n\n\n\n<p>Une fois que l&rsquo;\u00e9quilibre de la flore cutan\u00e9e est rompu, cela peut rapidement entra\u00eener <strong>des inflammations et des irritations<\/strong>. C&rsquo;est l\u00e0 qu&rsquo;interviennent les phages naturels &#8211; et ce, sous une forme tr\u00e8s concentr\u00e9e.  <\/p>\n\n\n\n<p>C&rsquo;est la seule fa\u00e7on de garantir une approche efficace qui apaise la peau et inhibe l&rsquo;inflammation. Ainsi, tu peux <strong>pr\u00e9venir les irritations et les rougeurs avec une application quotidienne. <\/strong> <\/p>\n\n\n\n<p>Mais tu dois \u00e9galement veiller \u00e0 une alimentation saine, adapt\u00e9e \u00e0 la rosac\u00e9e, en <strong>\u00e9vitant<\/strong> si possible les <strong>plats \u00e9pic\u00e9s et une consommation accrue d&rsquo;alcool<\/strong>.  <\/p>\n\n\n\n<p>Il faut \u00e9galement <strong>\u00e9viter de trop s&rsquo;exposer au soleil en cas de rosac\u00e9e<\/strong>. Ce n&rsquo;est qu&rsquo;ainsi que tu pourras profiter au maximum de l&rsquo;effet des mangeurs de bact\u00e9ries naturels.  <\/p>\n<\/div>\n<\/div>\n\n<div class=\"wp-block-columns is-layout-flex wp-container-core-columns-is-layout-28f84493 wp-block-columns-is-layout-flex\">\n<div class=\"wp-block-column is-layout-flow wp-block-column-is-layout-flow\">\n<h2 class=\"wp-block-heading\">Comment Sanubiom SkinCare Protect m&rsquo;aide-t-il \u00e0 lutter contre la rosac\u00e9e ?<\/h2>\n\n\n\n<p>En Europe <strong>, les phages \u00e0 usage th\u00e9rapeutique<\/strong> ne sont <strong>autoris\u00e9s qu&rsquo;en Belgique et en G\u00e9orgie<\/strong>.  <\/p>\n\n\n\n<p>Cependant, de nombreuses \u00e9tudes sont en cours sur la programmabilit\u00e9 g\u00e9n\u00e9tique et l&rsquo;utilisation cibl\u00e9e des bact\u00e9riophages pour diff\u00e9rentes indications.<\/p>\n\n\n\n<p>Ainsi, <a href=\"https:\/\/ethz.ch\/de\/news-und-veranstaltungen\/eth-news\/news\/2019\/11\/phagen-umprogrammiert.html\">des chercheurs de l&rsquo;ETH Zurich<\/a> ont trouv\u00e9 des possibilit\u00e9s et des m\u00e9thodes <strong>permettant de programmer les bact\u00e9riophages de mani\u00e8re cibl\u00e9e.<\/strong> Cela ouvre la voie \u00e0 une large autorisation des bact\u00e9riophages pour diff\u00e9rentes th\u00e9rapies.  <\/p>\n<\/div>\n\n\n\n<div class=\"wp-block-column is-vertically-aligned-top is-layout-flow wp-block-column-is-layout-flow\">\n<p>En attendant, les mangeurs de bact\u00e9ries peuvent au moins \u00eatre utilis\u00e9s sous forme topique pour les pathologies dermatologiques et <strong>cr\u00e9er des r\u00e9ductions pour diff\u00e9rentes maladies de la peau.<\/strong> <\/p>\n\n\n\n<p>Sous forme concentr\u00e9e, elles offrent un moyen naturel et doux de s&rsquo;attaquer aux effets sensibles et visibles de diff\u00e9rentes maladies de la peau.  <\/p>\n\n\n\n<p>Avec une cr\u00e8me, un gel ou un spray contre la rosac\u00e9e, tu peux ainsi r\u00e9duire assez facilement les rougeurs et les inflammations de la peau. Tu en apprendras plus dans le paragraphe suivant.<\/p>\n\n\n\n<div class=\"wp-block-buttons is-layout-flex wp-block-buttons-is-layout-flex\">\n<div class=\"wp-block-button\"><a class=\"wp-block-button__link has-primary-background-color has-background\" href=\"https:\/\/pelvyra.com\/fr\/rosacee\/\">R\u00e9duire la rosac\u00e9e avec Sanubiom<\/a><\/div>\n<\/div>\n<\/div>\n<\/div>\n\n<div class=\"wp-block-columns is-layout-flex wp-container-core-columns-is-layout-28f84493 wp-block-columns-is-layout-flex\">\n<div class=\"wp-block-column is-layout-flow wp-block-column-is-layout-flow\">\n<figure class=\"wp-block-image size-full\"><img loading=\"lazy\" decoding=\"async\" width=\"1200\" height=\"800\" src=\"https:\/\/pelvyra.com\/wp-content\/uploads\/2021\/04\/bakteriophagen-reduzieren-roetungen-bei-rosacea.jpg\" alt=\"Les bact&#xE9;riophages r&#xE9;duisent les rougeurs de la rosac&#xE9;e\" class=\"wp-image-1721\" srcset=\"https:\/\/pelvyra.com\/wp-content\/uploads\/2021\/04\/bakteriophagen-reduzieren-roetungen-bei-rosacea.jpg 1200w, https:\/\/pelvyra.com\/wp-content\/uploads\/2021\/04\/bakteriophagen-reduzieren-roetungen-bei-rosacea-300x200.jpg 300w, https:\/\/pelvyra.com\/wp-content\/uploads\/2021\/04\/bakteriophagen-reduzieren-roetungen-bei-rosacea-1024x683.jpg 1024w, https:\/\/pelvyra.com\/wp-content\/uploads\/2021\/04\/bakteriophagen-reduzieren-roetungen-bei-rosacea-768x512.jpg 768w, https:\/\/pelvyra.com\/wp-content\/uploads\/2021\/04\/bakteriophagen-reduzieren-roetungen-bei-rosacea-769x513.jpg 769w, https:\/\/pelvyra.com\/wp-content\/uploads\/2021\/04\/bakteriophagen-reduzieren-roetungen-bei-rosacea-412x275.jpg 412w, https:\/\/pelvyra.com\/wp-content\/uploads\/2021\/04\/bakteriophagen-reduzieren-roetungen-bei-rosacea-600x400.jpg 600w\" sizes=\"(max-width: 1200px) 100vw, 1200px\" \/><\/figure>\n<\/div>\n\n\n\n<div class=\"wp-block-column is-vertically-aligned-center is-layout-flow wp-block-column-is-layout-flow\">\n<h3 class=\"wp-block-heading\">R\u00e9duire les rougeurs et les inflammations de la peau en cas de rosac\u00e9e<\/h3>\n\n\n\n<p>Diff\u00e9rents traitements sont envisageables pour la rosac\u00e9e. Les effets de la rosac\u00e9e faciale peuvent <strong>\u00eatre trait\u00e9s<\/strong> avec une <strong>th\u00e9rapie au laser ou \u00e0 la lumi\u00e8re<\/strong>.  <\/p>\n\n\n\n<p>Cependant, les co\u00fbts d&rsquo;un tel traitement ne sont pas pris en charge par l&rsquo;assurance maladie. La situation est diff\u00e9rente dans le cas du rhinophyma : le nez bulbeux, \u00e9galement connu sous le nom de <strong>nez rosac\u00e9 <\/strong>, peut \u00eatre trait\u00e9 chirurgicalement aux frais de l&rsquo;assurance maladie.<\/p>\n\n\n\n<p>Les phages naturels sous forme de spray sont faciles \u00e0 obtenir et sont <strong>utilis\u00e9s en accompagnement de la th\u00e9rapie<\/strong>. Sanubiom SkinCare Protect, en tant que soin de la peau accompagnant la th\u00e9rapie, convient d&rsquo;ailleurs \u00e9galement pour d&rsquo;autres indications dermatologiques, telles que<\/p>\n\n\n\n<ul class=\"wp-block-list\"><li>Acn\u00e9<\/li><li>La dermatite atopique<\/li><li>peau sensible suite au diab\u00e8te  <\/li><\/ul>\n<\/div>\n<\/div>\n\n<div class=\"wp-block-columns is-layout-flex wp-container-core-columns-is-layout-28f84493 wp-block-columns-is-layout-flex\">\n<div class=\"wp-block-column is-vertically-aligned-center is-layout-flow wp-block-column-is-layout-flow\">\n<h3 class=\"wp-block-heading\">Comment utiliser correctement Sanubiom SkinCare Protect en cas de rosac\u00e9e ?<\/h3>\n\n\n\n<p>M\u00eame si tu n&rsquo;utilises Sanubiom SkinCare Protect que deux fois par jour sur ta peau, tu remarqueras rapidement une r\u00e9duction des rougeurs. Sanubiom SkinCare Protect contient des <strong>bact\u00e9riophages naturels en concentration accrue<\/strong>.<\/p>\n\n\n\n<p>Le produit utilise leur effet de d\u00e9composition pour r\u00e9duire les bact\u00e9ries et r\u00e9\u00e9quilibrer ta <strong>flore cutan\u00e9e.<\/strong> Ainsi, les mangeurs de bact\u00e9ries naturels t&rsquo;aident \u00e0 r\u00e9duire les rougeurs et les irritations de la peau.<\/p>\n\n\n\n<div class=\"wp-block-buttons is-horizontal is-content-justification-left is-layout-flex wp-container-core-buttons-is-layout-20be11b6 wp-block-buttons-is-layout-flex\">\n<div class=\"wp-block-button is-style-fill\"><a class=\"wp-block-button__link has-primary-background-color has-background\" href=\"https:\/\/pelvyra.com\/produkt\/skincare-protect\/\" target=\"_blank\" rel=\"noreferrer noopener\">Acheter SkinCare Protect maintenant !<\/a><\/div>\n<\/div>\n<\/div>\n\n\n\n<div class=\"wp-block-column is-layout-flow wp-block-column-is-layout-flow\">\n<figure class=\"wp-block-image size-large\"><img loading=\"lazy\" decoding=\"async\" width=\"1024\" height=\"683\" src=\"https:\/\/pelvyra.com\/wp-content\/uploads\/2021\/05\/rosacea-phagen-anwendung-skincare-protect-1024x683.jpeg\" alt=\"Comment utiliser correctement Sanubiom SkinCare Protect en cas de rosac&#xE9;e ?\" class=\"wp-image-2801\" srcset=\"https:\/\/pelvyra.com\/wp-content\/uploads\/2021\/05\/rosacea-phagen-anwendung-skincare-protect-1024x683.jpeg 1024w, https:\/\/pelvyra.com\/wp-content\/uploads\/2021\/05\/rosacea-phagen-anwendung-skincare-protect-300x200.jpeg 300w, https:\/\/pelvyra.com\/wp-content\/uploads\/2021\/05\/rosacea-phagen-anwendung-skincare-protect-768x512.jpeg 768w, https:\/\/pelvyra.com\/wp-content\/uploads\/2021\/05\/rosacea-phagen-anwendung-skincare-protect-769x513.jpeg 769w, https:\/\/pelvyra.com\/wp-content\/uploads\/2021\/05\/rosacea-phagen-anwendung-skincare-protect-412x275.jpeg 412w, https:\/\/pelvyra.com\/wp-content\/uploads\/2021\/05\/rosacea-phagen-anwendung-skincare-protect-600x400.jpeg 600w, https:\/\/pelvyra.com\/wp-content\/uploads\/2021\/05\/rosacea-phagen-anwendung-skincare-protect.jpeg 1200w\" sizes=\"(max-width: 1024px) 100vw, 1024px\" \/><\/figure>\n<\/div>\n<\/div>\n\n<div class=\"wp-block-columns is-layout-flex wp-container-core-columns-is-layout-28f84493 wp-block-columns-is-layout-flex\">\n<div class=\"wp-block-column autorsector is-layout-flow wp-block-column-is-layout-flow\">\n<div class=\"wp-block-columns is-layout-flex wp-container-core-columns-is-layout-28f84493 wp-block-columns-is-layout-flex\">\n<div class=\"wp-block-column is-layout-flow wp-block-column-is-layout-flow\" style=\"flex-basis:100%\">\n<div class=\"wp-block-columns is-layout-flex wp-container-core-columns-is-layout-28f84493 wp-block-columns-is-layout-flex\">\n<div class=\"wp-block-column autortext is-layout-flow wp-block-column-is-layout-flow\" style=\"flex-basis:66.66%\">\n<h3 class=\"wp-block-heading\">Infos sur la contribution  <\/h3>\n\n\n\n<p><strong>Auteur :<\/strong> Katharina Hillinger<\/p>\n\n\n\n<p> <em>\u00ab\u00a0Notre peau nourrit, d\u00e9toxifie et prot\u00e8ge notre corps. Mais pour qu&rsquo;elle puisse remplir ses fonctions, notre flore cutan\u00e9e doit \u00eatre en \u00e9quilibre. Une peau saine se caract\u00e9rise par un \u00e9cosyst\u00e8me vari\u00e9 de microbes qui forment une sorte de bouclier protecteur\u00a0\u00bb.<\/em><\/p>\n<\/div>\n<\/div>\n<\/div>\n<\/div>\n<\/div>\n<\/div>\n\n<p class=\"has-text-align-center\"><\/p>\n","protected":false},"excerpt":{"rendered":"<p>Les bact\u00e9riophages r\u00e9duisent les rougeurs de la rosac\u00e9e Ceux qui souffrent de rosac\u00e9e savent que les rougeurs de la peau ne sont pas seulement d\u00e9sagr\u00e9ables \u00e0 l&rsquo;\u0153il. La dermatite chronique appara\u00eet g\u00e9n\u00e9ralement sur le visage et est souvent interpr\u00e9t\u00e9e \u00e0 tort comme une cons\u00e9quence d&rsquo;une consommation excessive d&rsquo;alcool. Elle est caus\u00e9e par une hyperactivit\u00e9 des [&hellip;]<\/p>\n","protected":false},"author":3,"featured_media":0,"parent":15898,"menu_order":0,"comment_status":"closed","ping_status":"closed","template":"","meta":{"footnotes":""},"class_list":["post-15693","page","type-page","status-publish","hentry"],"_links":{"self":[{"href":"https:\/\/pelvyra.com\/fr\/wp-json\/wp\/v2\/pages\/15693","targetHints":{"allow":["GET"]}}],"collection":[{"href":"https:\/\/pelvyra.com\/fr\/wp-json\/wp\/v2\/pages"}],"about":[{"href":"https:\/\/pelvyra.com\/fr\/wp-json\/wp\/v2\/types\/page"}],"author":[{"embeddable":true,"href":"https:\/\/pelvyra.com\/fr\/wp-json\/wp\/v2\/users\/3"}],"replies":[{"embeddable":true,"href":"https:\/\/pelvyra.com\/fr\/wp-json\/wp\/v2\/comments?post=15693"}],"version-history":[{"count":1,"href":"https:\/\/pelvyra.com\/fr\/wp-json\/wp\/v2\/pages\/15693\/revisions"}],"predecessor-version":[{"id":15701,"href":"https:\/\/pelvyra.com\/fr\/wp-json\/wp\/v2\/pages\/15693\/revisions\/15701"}],"up":[{"embeddable":true,"href":"https:\/\/pelvyra.com\/fr\/wp-json\/wp\/v2\/pages\/15898"}],"wp:attachment":[{"href":"https:\/\/pelvyra.com\/fr\/wp-json\/wp\/v2\/media?parent=15693"}],"curies":[{"name":"wp","href":"https:\/\/api.w.org\/{rel}","templated":true}]}}