{"id":15595,"date":"2024-05-23T09:29:38","date_gmt":"2024-05-23T07:29:38","guid":{"rendered":"https:\/\/pelvyra.com\/connaissance-de-la-peau\/"},"modified":"2024-05-23T09:29:58","modified_gmt":"2024-05-23T07:29:58","slug":"connaissance-de-la-peau","status":"publish","type":"page","link":"https:\/\/pelvyra.com\/fr\/connaissance-de-la-peau\/","title":{"rendered":"Connaissance de la peau"},"content":{"rendered":"\n<h1 class=\"wp-block-heading\">La peau (cutis) &#8211; structure et fonction expliqu\u00e9es simplement !<\/h1>\n\n<figure class=\"wp-block-image size-large\"><img fetchpriority=\"high\" decoding=\"async\" width=\"1024\" height=\"683\" src=\"https:\/\/pelvyra.com\/wp-content\/uploads\/2021\/06\/haut-cutis-sanubiom-1024x683.jpg\" alt=\"La peau (cutis) - structure et fonction expliqu&#xE9;es simplement !\" class=\"wp-image-4402\" srcset=\"https:\/\/pelvyra.com\/wp-content\/uploads\/2021\/06\/haut-cutis-sanubiom-1024x683.jpg 1024w, https:\/\/pelvyra.com\/wp-content\/uploads\/2021\/06\/haut-cutis-sanubiom-300x200.jpg 300w, https:\/\/pelvyra.com\/wp-content\/uploads\/2021\/06\/haut-cutis-sanubiom-768x512.jpg 768w, https:\/\/pelvyra.com\/wp-content\/uploads\/2021\/06\/haut-cutis-sanubiom-769x513.jpg 769w, https:\/\/pelvyra.com\/wp-content\/uploads\/2021\/06\/haut-cutis-sanubiom-412x275.jpg 412w, https:\/\/pelvyra.com\/wp-content\/uploads\/2021\/06\/haut-cutis-sanubiom-600x400.jpg 600w, https:\/\/pelvyra.com\/wp-content\/uploads\/2021\/06\/haut-cutis-sanubiom.jpg 1200w\" sizes=\"(max-width: 1024px) 100vw, 1024px\" \/><\/figure>\n\n<p>Notre peau est le plus grand et l&rsquo;un des <strong>organes<\/strong> les plus importants de notre corps. Elle ne sert pas seulement \u00e0 r\u00e9guler notre <strong>sant\u00e9<\/strong>, mais joue \u00e9galement un r\u00f4le d\u00e9cisif dans notre <strong>bien-\u00eatre<\/strong>.  <\/p>\n\n<p>Les t\u00e2ches de la peau vont de la premi\u00e8re <strong>d\u00e9fense contre les bact\u00e9ries et les virus<\/strong>, \u00e0 la r\u00e9gulation de l&rsquo;hydratation et de la temp\u00e9rature corporelle.  <\/p>\n\n<p>Cet organe <strong>tr\u00e8s sensible<\/strong> peut servir de<strong> miroir de la sant\u00e9<\/strong>, c&rsquo;est pourquoi les maladies de la peau, tout comme d&rsquo;autres maladies, peuvent avoir un effet n\u00e9gatif sur l&rsquo;aspect de la peau.  <\/p>\n\n<p>Apprends ici tout ce qu&rsquo;il faut savoir sur la <strong>structure<\/strong> et <strong>la fonction<\/strong> de la peau et pourquoi il vaut la peine de prendre soin de la sant\u00e9 de ta peau.<\/p>\n\n<div class=\"wp-block-buttons is-horizontal is-content-justification-center is-layout-flex wp-container-core-buttons-is-layout-03627597 wp-block-buttons-is-layout-flex\">\n<div class=\"wp-block-button is-style-fill\"><a class=\"wp-block-button__link\" href=\"https:\/\/pelvyra.com\/bakteriophagen\/\">Les phages pour une peau saine &#8211; en savoir plus<\/a><\/div>\n<\/div>\n\n<p>Dans le monde entier, de nombreuses personnes, en particulier les adolescents (15 \u00e0 18 ans) et les jeunes adultes, souffrent d&rsquo;une maladie de la peau appel\u00e9e acn\u00e9. Les boutons, les points noirs et les rougeurs sont des sympt\u00f4mes typiques de l&rsquo;acn\u00e9.  <\/p>\n\n<p>Mais avec un <strong>traitement<\/strong> ad\u00e9quat, elles peuvent \u00eatre r\u00e9duites au minimum. Dans cet article, tu apprendras tout ce que tu dois savoir sur l&rsquo;acn\u00e9, sa <strong>cause<\/strong> et son traitement.<\/p>\n\n<div class=\"wp-block-group has-secondarylighter-background-color has-background is-layout-flow wp-block-group-is-layout-flow\">\n<h2 class=\"wp-block-heading\">La peau &#8211; Aper\u00e7u de ce qu&rsquo;il faut savoir<\/h2>\n\n\n\n<ul class=\"wp-block-list\"><li>miroir utile de ta sant\u00e9<\/li><li>avec un m\u00e8tre et demi \u00e0 deux m\u00e8tres carr\u00e9s, c&rsquo;est le plus grand organe<\/li><li>divis\u00e9 en 3 couches (\u00e9piderme, derme, sous-cutan\u00e9)<\/li><li>la peau est essentielle \u00e0 la survie<\/li><li>remplit des fonctions telles que la protection contre les influences ext\u00e9rieures (agents pathog\u00e8nes, bact\u00e9ries), la chaleur ou les rayons UV et permet de percevoir les impressions sensorielles et de les transmettre au cerveau<\/li><li>des maladies de la peau peuvent \u00eatre provoqu\u00e9es par des agents pathog\u00e8nes ou des bact\u00e9ries<\/li><\/ul>\n<\/div>\n\n<h2 class=\"wp-block-heading\">Qu&rsquo;est-ce que la peau exactement ?<\/h2>\n\n<p>La peau est le plus grand organe de notre corps. Avec une surface d&rsquo;<strong>un m\u00e8tre et demi<\/strong> \u00e0 <strong>deux<\/strong> <strong>m\u00e8tres carr\u00e9s<\/strong>, elle enveloppe notre organisme et le prot\u00e8ge des agressions ext\u00e9rieures.  <\/p>\n\n<p>Elle ne fait qu&rsquo;un \u00e0 deux millim\u00e8tres d&rsquo;\u00e9paisseur, mais p\u00e8se tout de m\u00eame environ <strong>trois kilos et demi \u00e0 dix kilos<\/strong>.  <\/p>\n\n<p>En fonction de la quantit\u00e9 de sang, de la proportion de cellules formant des pigments et de l&rsquo;\u00e9paisseur de la couche sup\u00e9rieure, chaque personne poss\u00e8de une coloration et une composition de peau qui lui sont propres.  <\/p>\n\n<h2 class=\"wp-block-heading\">La structure de la peau en couches<\/h2>\n\n<p>La structure de la peau se compose de <strong>3 couches<\/strong>. En plus de l&rsquo;\u00e9piderme, nous avons aussi le derme et l&rsquo;hypoderme, qui se trouve le plus en profondeur.<\/p>\n\n<figure class=\"wp-block-image size-large\"><img decoding=\"async\" width=\"1024\" height=\"948\" src=\"https:\/\/pelvyra.com\/wp-content\/uploads\/2021\/06\/haut-wissen-sanubiom-hautschichten-1024x948.png\" alt=\"La structure de la peau en 3 couches - &#xE9;piderme, derme, sous-cutan&#xE9;\" class=\"wp-image-4393\" srcset=\"https:\/\/pelvyra.com\/wp-content\/uploads\/2021\/06\/haut-wissen-sanubiom-hautschichten-1024x948.png 1024w, https:\/\/pelvyra.com\/wp-content\/uploads\/2021\/06\/haut-wissen-sanubiom-hautschichten-300x278.png 300w, https:\/\/pelvyra.com\/wp-content\/uploads\/2021\/06\/haut-wissen-sanubiom-hautschichten-768x711.png 768w, https:\/\/pelvyra.com\/wp-content\/uploads\/2021\/06\/haut-wissen-sanubiom-hautschichten-1536x1422.png 1536w, https:\/\/pelvyra.com\/wp-content\/uploads\/2021\/06\/haut-wissen-sanubiom-hautschichten-769x712.png 769w, https:\/\/pelvyra.com\/wp-content\/uploads\/2021\/06\/haut-wissen-sanubiom-hautschichten-600x556.png 600w, https:\/\/pelvyra.com\/wp-content\/uploads\/2021\/06\/haut-wissen-sanubiom-hautschichten.png 1920w\" sizes=\"(max-width: 1024px) 100vw, 1024px\" \/><\/figure>\n\n<h3 class=\"wp-block-heading\">Epiderme (peau sup\u00e9rieure)  <\/h3>\n\n<p>L&rsquo;\u00e9piderme est la couche sup\u00e9rieure des 3 couches de la peau. Elle se compose en grande partie d&rsquo;une <strong>couche corn\u00e9e<\/strong>, constitu\u00e9e de cellules sp\u00e9ciales qui se k\u00e9ratinisent \u00e0 la surface et sont ensuite rejet\u00e9es.  <\/p>\n\n<p>Ainsi, l&rsquo;\u00e9piderme se renouvelle constamment. L&rsquo;\u00e9piderme est \u00e9galement compos\u00e9 de diff\u00e9rentes couches. Cela inclut<\/p>\n\n<ul class=\"wp-block-list\"><li>couche corn\u00e9e superficielle (stratum corneum)<\/li><li>Couche de cellules basales (stratum basale)<\/li><li>Couche de cellules \u00e9pineuses (stratum spinosum)<\/li><li>Couche de cellules granuleuses (stratum granulosum)<\/li><li>Couche de cellules brillantes (stratum lucidum)<\/li><\/ul>\n\n<h3 class=\"wp-block-heading\">Derme ou corium (derme)<\/h3>\n\n<p>Le derme (\u00e9galement appel\u00e9 derme ou corium) est la couche interm\u00e9diaire de la peau.<\/p>\n\n<p>Elle se situe entre l&rsquo;\u00e9piderme et l&rsquo;hypoderme et se compose principalement de <strong>fibres de tissu conjonctif<\/strong>.  <\/p>\n\n<p>Elle se divise \u00e0 son tour en deux couches, mais elles ne sont pas vraiment s\u00e9par\u00e9es l&rsquo;une de l&rsquo;autre, elles se fondent l&rsquo;une dans l&rsquo;autre de mani\u00e8re fluide :<\/p>\n\n<ul class=\"wp-block-list\"><li>Stratum papillare : la couche ext\u00e9rieure (adjacente \u00e0 l&rsquo;\u00e9piderme)<\/li><li>Stratum reticulare : la couche interne (adjacente \u00e0 l&rsquo;hypoderme)<\/li><\/ul>\n\n<p>Outre les glandes s\u00e9bac\u00e9es et sudoripares, le derme contient des follicules pileux, des vaisseaux sanguins et lymphatiques, ainsi que des nerfs et des cellules musculaires.<\/p>\n\n<h3 class=\"wp-block-heading\">Sous-cuisse (peau inf\u00e9rieure)<\/h3>\n\n<p>L&rsquo;hypoderme est la plus basse des trois couches de la peau. Elle se compose de chambres de tissu conjonctif ferm\u00e9es, remplies de cellules graisseuses.  <\/p>\n\n<p>Elle est solidement reli\u00e9e au derme qui la recouvre par de fortes fibres du tissu conjonctif et poss\u00e8de \u00e9galement des contacts m\u00e9caniques avec les structures sous-jacentes.  <\/p>\n\n<p>La partie sup\u00e9rieure de l&rsquo;hypoderme poss\u00e8de des glandes sudoripares, les parties plus profondes des follicules pileux et des r\u00e9cepteurs de la peau (appel\u00e9s corpuscules de Vater Pacini).<\/p>\n\n<h3 class=\"wp-block-heading\">Appendices cutan\u00e9s<\/h3>\n\n<p>On appelle appendices cutan\u00e9s toutes les structures form\u00e9es \u00e0 partir de l&rsquo;\u00e9piderme ou du derme et qui se trouvent dans la peau.<\/p>\n\n<p>Les <strong>appendices cutan\u00e9s<\/strong> comprennent<\/p>\n\n<ul class=\"wp-block-list\"><li>Les cheveux<\/li><li>Clous<\/li><li>Glandes (sueur \/ s\u00e9bum)<\/li><\/ul>\n\n<figure class=\"wp-block-image size-large\"><img decoding=\"async\" width=\"1024\" height=\"948\" src=\"https:\/\/pelvyra.com\/wp-content\/uploads\/2021\/06\/hautanhangsgebilde-poren-druesen-sanubiom-1024x948.png\" alt=\"Appendices cutan&#xE9;s de la peau\" class=\"wp-image-4664\" srcset=\"https:\/\/pelvyra.com\/wp-content\/uploads\/2021\/06\/hautanhangsgebilde-poren-druesen-sanubiom-1024x948.png 1024w, https:\/\/pelvyra.com\/wp-content\/uploads\/2021\/06\/hautanhangsgebilde-poren-druesen-sanubiom-300x278.png 300w, https:\/\/pelvyra.com\/wp-content\/uploads\/2021\/06\/hautanhangsgebilde-poren-druesen-sanubiom-768x711.png 768w, https:\/\/pelvyra.com\/wp-content\/uploads\/2021\/06\/hautanhangsgebilde-poren-druesen-sanubiom-1536x1422.png 1536w, https:\/\/pelvyra.com\/wp-content\/uploads\/2021\/06\/hautanhangsgebilde-poren-druesen-sanubiom-769x712.png 769w, https:\/\/pelvyra.com\/wp-content\/uploads\/2021\/06\/hautanhangsgebilde-poren-druesen-sanubiom-600x556.png 600w, https:\/\/pelvyra.com\/wp-content\/uploads\/2021\/06\/hautanhangsgebilde-poren-druesen-sanubiom.png 1920w\" sizes=\"(max-width: 1024px) 100vw, 1024px\" \/><\/figure>\n\n<h2 class=\"wp-block-heading\">La fonction de la peau<\/h2>\n\n<p>La physiologie de la peau est <strong>essentielle \u00e0 la survie de<\/strong> notre organisme. Elle prot\u00e8ge des influences ext\u00e9rieures comme les agents pathog\u00e8nes, la chaleur ou les rayons UV et permet de percevoir les impressions sensorielles et de les transmettre au cerveau.<\/p>\n\n<h3 class=\"wp-block-heading\">La protection de notre corps vers l&rsquo;ext\u00e9rieur<\/h3>\n\n<p>Sans la peau, nous ne pourrions pas bouger. Elle offre une protection m\u00e9canique et ne devrait pas \u00eatre endommag\u00e9e, m\u00eame si elle est soumise \u00e0 une pression plus forte.<\/p>\n\n<p>Globalement, on peut dire que la peau est plus r\u00e9sistante l\u00e0 o\u00f9 les muscles servent de coussinets en dessous. Par contre, l\u00e0 o\u00f9 la peau passe directement sur l&rsquo;os, elle est \u00e9norm\u00e9ment sensible.<\/p>\n\n<p>Comme la couche sup\u00e9rieure de l&rsquo;\u00e9piderme s&rsquo;use sous l&rsquo;effet de la pression, elle est continuellement renouvel\u00e9e.<\/p>\n\n<h3 class=\"wp-block-heading\">Notre protection solaire naturelle<\/h3>\n\n<p>La couche sup\u00e9rieure de la peau est capable d&rsquo;<strong>absorber les rayons UV<\/strong>. Si l&rsquo;exposition aux UV-B dure longtemps, cette couche corn\u00e9e s&rsquo;\u00e9paissit et il se forme ce que l&rsquo;on appelle une callosit\u00e9, qui emp\u00eache les dangereux rayons UV d&rsquo;endommager les couches profondes non corn\u00e9es de la peau.<\/p>\n\n<p>Les rayons qui p\u00e9n\u00e8trent plus profond\u00e9ment sont en outre presque enti\u00e8rement absorb\u00e9s par le pigment de m\u00e9lanine et transform\u00e9s en chaleur. Le r\u00e9sultat est le \u00ab\u00a0<strong>bronzage de vacances<\/strong>\u00a0\u00bb si appr\u00e9ci\u00e9.<\/p>\n\n<p>Donc, si quelqu&rsquo;un devient tr\u00e8s brun, cela signifie tout simplement que la peau a produit plus de m\u00e9lanine pour mieux se prot\u00e9ger des rayons UV.  <\/p>\n\n<figure class=\"wp-block-image size-large\"><img loading=\"lazy\" decoding=\"async\" width=\"1024\" height=\"683\" src=\"https:\/\/pelvyra.com\/wp-content\/uploads\/2021\/06\/haut-wissen-aufgaben-haut-natuerlicher-sonnenschutz-1024x683.jpg\" alt=\"Notre protection solaire naturelle\" class=\"wp-image-4448\" srcset=\"https:\/\/pelvyra.com\/wp-content\/uploads\/2021\/06\/haut-wissen-aufgaben-haut-natuerlicher-sonnenschutz-1024x683.jpg 1024w, https:\/\/pelvyra.com\/wp-content\/uploads\/2021\/06\/haut-wissen-aufgaben-haut-natuerlicher-sonnenschutz-300x200.jpg 300w, https:\/\/pelvyra.com\/wp-content\/uploads\/2021\/06\/haut-wissen-aufgaben-haut-natuerlicher-sonnenschutz-768x512.jpg 768w, https:\/\/pelvyra.com\/wp-content\/uploads\/2021\/06\/haut-wissen-aufgaben-haut-natuerlicher-sonnenschutz-769x513.jpg 769w, https:\/\/pelvyra.com\/wp-content\/uploads\/2021\/06\/haut-wissen-aufgaben-haut-natuerlicher-sonnenschutz-412x275.jpg 412w, https:\/\/pelvyra.com\/wp-content\/uploads\/2021\/06\/haut-wissen-aufgaben-haut-natuerlicher-sonnenschutz-600x400.jpg 600w, https:\/\/pelvyra.com\/wp-content\/uploads\/2021\/06\/haut-wissen-aufgaben-haut-natuerlicher-sonnenschutz.jpg 1200w\" sizes=\"(max-width: 1024px) 100vw, 1024px\" \/><\/figure>\n\n<h3 class=\"wp-block-heading\">La fonction de protection vers l&rsquo;int\u00e9rieur<\/h3>\n\n<p>L&rsquo;une des propri\u00e9t\u00e9s les plus importantes de la peau est la <strong>protection<\/strong> contre <strong>les agents pathog\u00e8nes<\/strong>. Si elle est bless\u00e9e ou affaiblie, des agents pathog\u00e8nes peuvent sinon s&rsquo;infiltrer et d\u00e9clencher des infections dangereuses.  <\/p>\n\n<p>Les cellules de Langerhans sont au c\u0153ur de ce processus. Ces cellules se trouvent dans le stratum spinosum de la peau et ressemblent \u00e0 des macrophages, c&rsquo;est-\u00e0-dire \u00e0 des cellules immunitaires sp\u00e9cifiques. Ils sont donc essentiels \u00e0 notre syst\u00e8me de d\u00e9fense naturel.<\/p>\n\n<p>Dans de nombreuses \u00e9tudes, les scientifiques se penchent donc sur l&rsquo;interaction des cellules de la peau avec les cellules immunitaires pour se d\u00e9fendre contre les agents pathog\u00e8nes.<span id=\"e4d789e1-35ff-46e2-ba68-3c7a0d323585\" data-items=\"[\" contenteditable=\"false\" class=\"abt-citation\" data-has-children=\"true\"><sup>1<\/sup><\/span><\/p>\n\n<h3 class=\"wp-block-heading\">La peau comme organe sensoriel<\/h3>\n\n<p>Chaque jour, nous avons besoin de notre peau pour la <strong>perception sensorielle<\/strong>. Pour cela, il existe ce que l&rsquo;on appelle les corpuscules sensoriels de la peau, par le biais desquels diff\u00e9rentes qualit\u00e9s sensorielles sont per\u00e7ues.  <\/p>\n\n<p>Les plus importantes sont les terminaisons nerveuses libres, les cellules de Merkel, les corpuscules de Ruffini et les corpuscules de Vater Pacini.<\/p>\n\n<p>De cette mani\u00e8re, les stimuli m\u00e9caniques et thermiques, les vibrations et la douleur, par exemple, peuvent \u00eatre per\u00e7us et envoy\u00e9s au cerveau sous forme d&rsquo;informations.<\/p>\n\n<h3 class=\"wp-block-heading\">R\u00e9gulateur de chaleur &#8211; la peau prot\u00e8ge contre la surchauffe et la perte de chaleur<\/h3>\n\n<p>Le maintien de la <strong>temp\u00e9rature corporelle<\/strong> est particuli\u00e8rement important. Les vaisseaux sanguins de la couche papillaire du derme sont responsables de ce ph\u00e9nom\u00e8ne. \u00c0 des temp\u00e9ratures \u00e9lev\u00e9es, ces vaisseaux se dilatent.<\/p>\n\n<p>Comme ils sont tr\u00e8s proches de la surface, le sang peut <strong>se refroidir<\/strong> et la temp\u00e9rature du corps est abaiss\u00e9e. Inversement, les vaisseaux sanguins se contractent lorsqu&rsquo;il fait froid, emp\u00eachant le sang et l&rsquo;organisme de se refroidir davantage.<\/p>\n\n<figure class=\"wp-block-image size-large\"><img loading=\"lazy\" decoding=\"async\" width=\"1024\" height=\"972\" src=\"https:\/\/pelvyra.com\/wp-content\/uploads\/2021\/06\/haut-wissen-sanubiom-waermeregulierung-1024x972.png\" alt=\"R&#xE9;gulateur de chaleur - la peau prot&#xE8;ge la peau contre la surchauffe et la perte de chaleur\" class=\"wp-image-4398\" srcset=\"https:\/\/pelvyra.com\/wp-content\/uploads\/2021\/06\/haut-wissen-sanubiom-waermeregulierung-1024x972.png 1024w, https:\/\/pelvyra.com\/wp-content\/uploads\/2021\/06\/haut-wissen-sanubiom-waermeregulierung-300x285.png 300w, https:\/\/pelvyra.com\/wp-content\/uploads\/2021\/06\/haut-wissen-sanubiom-waermeregulierung-768x729.png 768w, https:\/\/pelvyra.com\/wp-content\/uploads\/2021\/06\/haut-wissen-sanubiom-waermeregulierung-1536x1458.png 1536w, https:\/\/pelvyra.com\/wp-content\/uploads\/2021\/06\/haut-wissen-sanubiom-waermeregulierung-769x730.png 769w, https:\/\/pelvyra.com\/wp-content\/uploads\/2021\/06\/haut-wissen-sanubiom-waermeregulierung-600x570.png 600w, https:\/\/pelvyra.com\/wp-content\/uploads\/2021\/06\/haut-wissen-sanubiom-waermeregulierung.png 1920w\" sizes=\"(max-width: 1024px) 100vw, 1024px\" \/><\/figure>\n\n<h2 class=\"wp-block-heading\">Quelles sont les maladies de la peau ?<\/h2>\n\n<p>Une peau qui d\u00e9mange, des rougeurs et des boutons qui poussent sous la peau caract\u00e9risent l&rsquo;apparence des patients atteints d&rsquo;une maladie de peau.  <\/p>\n\n<p>Chaque peau est diff\u00e9rente et selon le type de peau, les habitudes individuelles ou les conditions de vie, ta peau peut \u00eatre sujette \u00e0 <strong>diff\u00e9rentes maladies cutan\u00e9es<\/strong>. Cependant, l&rsquo;\u00e9ventail des maladies possibles est \u00e9norme. Nous avons r\u00e9sum\u00e9 pour toi les 8 plus fr\u00e9quentes.<\/p>\n\n<h3 class=\"wp-block-heading\">Acn\u00e9<\/h3>\n\n<p>L&rsquo;<a href=\"https:\/\/pelvyra.com\/akne-wissen\/\" title=\"Connaissance de l'acn&#xE9;\">acn\u00e9<\/a> est une maladie de la peau tr\u00e8s fr\u00e9quente, surtout pendant la <strong>pubert\u00e9<\/strong>, qui est due \u00e0 une pr\u00e9disposition. Dans ce cas, le s\u00e9bum de la peau ne peut pas s&rsquo;\u00e9couler correctement par les pores, car ceux-ci sont obstru\u00e9s ou corn\u00e9s.  <\/p>\n\n<p>Les patients souffrent ensuite d&rsquo;une peau impure avec des inflammations rouge\u00e2tres et des boutons purulents. Pour les adolescents en particulier, l&rsquo;aspect frappant de la peau peut repr\u00e9senter un \u00e9norme stress.<\/p>\n\n<h3 class=\"wp-block-heading\">La dermatite atopique<\/h3>\n\n<p>La <a href=\"https:\/\/pelvyra.com\/neurodermitis-wissen\/\" title=\"Conna&#xEE;tre la dermatite atopique\">dermatite atopique<\/a> est particuli\u00e8rement fr\u00e9quente chez les (jeunes) <strong>enfants<\/strong>. La maladie de la peau peut appara\u00eetre sur tout le corps, en particulier les plis des coudes et des genoux sont g\u00e9n\u00e9ralement touch\u00e9s.  <\/p>\n\n<p>Une peau qui d\u00e9mange, qui est rouge et qui s&rsquo;\u00e9caille sont des sympt\u00f4mes typiques qui sont dus \u00e0 une peau beaucoup trop s\u00e8che.  <\/p>\n\n<h3 class=\"wp-block-heading\">Rosac\u00e9e (Rosazea)<\/h3>\n\n<p>Les premiers signes de la <a href=\"https:\/\/pelvyra.com\/rosacea-wissen\/\" title=\"Conna&#xEE;tre la rosac&#xE9;e\">rosac\u00e9e<\/a> sont <strong>des vaisseaux sanguins<\/strong> visibles sur le nez et les joues. A cela s&rsquo;ajoutent de petites pustules et papules qui, dans le pire des cas, peuvent se transformer en une peau grossi\u00e8re et conjonctive.<\/p>\n\n<h3 class=\"wp-block-heading\">Dermatite p\u00e9riorale<\/h3>\n\n<p>La dermatite p\u00e9riorale appara\u00eet g\u00e9n\u00e9ralement chez <strong>les femmes<\/strong> sous la forme d&rsquo;une peau rouge autour de la bouche et du nez, en laissant un bord sans sympt\u00f4me juste autour des l\u00e8vres.  <\/p>\n\n<p>De plus, de petits boutons douloureux peuvent appara\u00eetre, qui ne gu\u00e9rissent pas facilement d&rsquo;eux-m\u00eames, mais peuvent rester pendant des mois.<\/p>\n\n<h3 class=\"wp-block-heading\">M\u00e9lanome\/cancer noir de la peau<\/h3>\n\n<p>Les m\u00e9lanomes se reconnaissent principalement \u00e0 la modification des <strong>grains de beaut\u00e9<\/strong>. Celles-ci peuvent changer de diam\u00e8tre, de couleur ou de relief, ce qui peut \u00eatre un signe de cancer noir de la peau.  <\/p>\n\n<p>Comme le risque augmente avec l&rsquo;\u00e2ge, tu devrais faire des contr\u00f4les annuels chez le dermatologue au plus tard \u00e0 <strong>partir de 30 ans<\/strong>, afin de pouvoir intervenir chirurgicalement le plus t\u00f4t possible en cas d&rsquo;urgence.  <\/p>\n\n<h3 class=\"wp-block-heading\">Mycose des pieds et des ongles<\/h3>\n\n<p>La plupart des maladies de peau ne sont pas contagieuses. Les mycoses des pieds repr\u00e9sentent cependant un danger, c&rsquo;est pourquoi il faut toujours porter des chaussures de bain, surtout dans les piscines <strong>publiques<\/strong>.  <\/p>\n\n<p>En cas de mycose des pieds, la peau affect\u00e9e entre les orteils se ramollit et semble gonfl\u00e9e. De plus, les zones concern\u00e9es te d\u00e9mangent souvent ou sont douloureuses. En revanche, la mycose des ongles d\u00e9clenche souvent un changement de forme, de couleur ou d&rsquo;\u00e9paisseur de l&rsquo;ongle du pied.<\/p>\n\n<h3 class=\"wp-block-heading\">Psoriasis<\/h3>\n\n<p>En cas de psoriasis, la peau devient rouge \u00e0 certains endroits comme <strong>les coudes, les genoux ou m\u00eame le cuir chevelu<\/strong>, et des desquamations cutan\u00e9es apparaissent.<span id=\"95cb36cb-6cc4-45c9-925f-cdd87a7f41c0\" data-items=\"[\" contenteditable=\"false\" data-has-children=\"true\" class=\"abt-citation\">\n  <sup>2<\/sup>\n<\/span> <\/p>\n\n<p>Elle se renouvelle environ 8 fois plus vite que chez les personnes en bonne sant\u00e9 et les d\u00e9mangeaisons sont extr\u00eamement rares. Il est donc facile de la distinguer de la dermatite atopique.  <\/p>\n\n<figure class=\"wp-block-image size-large\"><img loading=\"lazy\" decoding=\"async\" width=\"1024\" height=\"683\" src=\"https:\/\/pelvyra.com\/wp-content\/uploads\/2021\/06\/haut-wissen-schuppenflechte-1024x683.jpg\" alt=\"Psoriasis\" class=\"wp-image-4450\" srcset=\"https:\/\/pelvyra.com\/wp-content\/uploads\/2021\/06\/haut-wissen-schuppenflechte-1024x683.jpg 1024w, https:\/\/pelvyra.com\/wp-content\/uploads\/2021\/06\/haut-wissen-schuppenflechte-300x200.jpg 300w, https:\/\/pelvyra.com\/wp-content\/uploads\/2021\/06\/haut-wissen-schuppenflechte-768x512.jpg 768w, https:\/\/pelvyra.com\/wp-content\/uploads\/2021\/06\/haut-wissen-schuppenflechte-769x513.jpg 769w, https:\/\/pelvyra.com\/wp-content\/uploads\/2021\/06\/haut-wissen-schuppenflechte-412x275.jpg 412w, https:\/\/pelvyra.com\/wp-content\/uploads\/2021\/06\/haut-wissen-schuppenflechte-600x400.jpg 600w, https:\/\/pelvyra.com\/wp-content\/uploads\/2021\/06\/haut-wissen-schuppenflechte.jpg 1200w\" sizes=\"(max-width: 1024px) 100vw, 1024px\" \/><\/figure>\n\n<h3 class=\"wp-block-heading\">Verrues g\u00e9nitales<\/h3>\n\n<p>Les verrues g\u00e9nitales sont provoqu\u00e9es par le <strong>HPV<\/strong> et apparaissent dans <strong>la zone g\u00e9nitale<\/strong>. Il s&rsquo;agit de petites modifications brun\u00e2tres ou de la couleur de la peau, qui s&rsquo;\u00e9tendent lentement et peuvent devenir plus importantes.  <\/p>\n\n<p>Comme certains HPV peuvent provoquer un cancer du col de l&rsquo;ut\u00e9rus, tu dois absolument faire examiner les l\u00e9sions cutan\u00e9es par un m\u00e9decin le plus rapidement possible afin d&rsquo;exclure un \u00e9ventuel cancer.<\/p>\n\n<h2 class=\"wp-block-heading\">Conclusion<\/h2>\n\n<p>La peau est l&rsquo;un des <strong>organes les plus importants de notre corps<\/strong>. Non seulement elle nous prot\u00e8ge des infections et des dangereux rayons UV, mais elle r\u00e9gule \u00e9galement la temp\u00e9rature du corps.  <\/p>\n\n<p>Il existe de nombreuses maladies qui modifient l&rsquo;apparence de la peau, ce qui peut parfois \u00eatre non seulement dangereux, mais aussi souvent tr\u00e8s p\u00e9nible pour les personnes concern\u00e9es.  <\/p>\n\n<p>Il vaut donc la peine de prendre soin de sa peau et d&rsquo;en prendre soin de mani\u00e8re appropri\u00e9e, tant pour des raisons de sant\u00e9 que pour des raisons cosm\u00e9tiques.<\/p>\n\n<div class=\"wp-block-buttons is-horizontal is-content-justification-center is-layout-flex wp-container-core-buttons-is-layout-03627597 wp-block-buttons-is-layout-flex\">\n<div class=\"wp-block-button\"><a class=\"wp-block-button__link has-primary-background-color has-background\" href=\"https:\/\/pelvyra.com\/fr\/connaissance-de-lutilisation-des-phages\/\">En savoir plus sur Phage Technology maintenant !<\/a><\/div>\n<\/div>\n\n<section aria-label=\"Literaturliste\" class=\"wp-block-abt-bibliography abt-bibliography\" role=\"region\"><ol class=\"abt-bibliography__body\" data-entryspacing=\"1\" data-maxoffset=\"3\" data-linespacing=\"1\" data-second-field-align=\"flush\"><li id=\"4218487970\">  <div class=\"csl-entry\">\n    <div class=\"csl-left-margin\">1.  <\/div><div class=\"csl-right-inline\">Guenova E, Skabytska Y, Hoetzenecker W, et al. IL-4 abroge l&rsquo;inflammation m\u00e9di\u00e9e par les cellules TH17 par silencing s\u00e9lectif de l&rsquo;IL-23 dans les cellules pr\u00e9sentant des antig\u00e8nes. <i>Proc Natl Acad Sci USA<\/i>. Published online February 2, 2015:2163-2168. doi:10.10<a href=\"https:\/\/doi.org\/10.1073\/pnas.1416922112\">73\/pnas.1416922112<\/a><\/div>\n  <\/div>\n<\/li><li id=\"2666443234\">  <div class=\"csl-entry\">\n    <div class=\"csl-left-margin\">2.  <\/div><div class=\"csl-right-inline\">La peau. In : <i>Plan de base de l&rsquo;anatomie pathologique<\/i>. S. Karger AG ; :625-630. doi:10.11<a href=\"https:\/\/doi.org\/10.1159\/000404487\">59\/000404487<\/a><\/div>\n  <\/div>\n<\/li><\/ol><\/section>\n","protected":false},"excerpt":{"rendered":"<p>La peau (cutis) &#8211; structure et fonction expliqu\u00e9es simplement ! Notre peau est le plus grand et l&rsquo;un des organes les plus importants de notre corps. Elle ne sert pas seulement \u00e0 r\u00e9guler notre sant\u00e9, mais joue \u00e9galement un r\u00f4le d\u00e9cisif dans notre bien-\u00eatre. Les t\u00e2ches de la peau vont de la premi\u00e8re d\u00e9fense contre [&hellip;]<\/p>\n","protected":false},"author":3,"featured_media":0,"parent":0,"menu_order":0,"comment_status":"closed","ping_status":"closed","template":"","meta":{"footnotes":""},"class_list":["post-15595","page","type-page","status-publish","hentry"],"_links":{"self":[{"href":"https:\/\/pelvyra.com\/fr\/wp-json\/wp\/v2\/pages\/15595","targetHints":{"allow":["GET"]}}],"collection":[{"href":"https:\/\/pelvyra.com\/fr\/wp-json\/wp\/v2\/pages"}],"about":[{"href":"https:\/\/pelvyra.com\/fr\/wp-json\/wp\/v2\/types\/page"}],"author":[{"embeddable":true,"href":"https:\/\/pelvyra.com\/fr\/wp-json\/wp\/v2\/users\/3"}],"replies":[{"embeddable":true,"href":"https:\/\/pelvyra.com\/fr\/wp-json\/wp\/v2\/comments?post=15595"}],"version-history":[{"count":1,"href":"https:\/\/pelvyra.com\/fr\/wp-json\/wp\/v2\/pages\/15595\/revisions"}],"predecessor-version":[{"id":15619,"href":"https:\/\/pelvyra.com\/fr\/wp-json\/wp\/v2\/pages\/15595\/revisions\/15619"}],"wp:attachment":[{"href":"https:\/\/pelvyra.com\/fr\/wp-json\/wp\/v2\/media?parent=15595"}],"curies":[{"name":"wp","href":"https:\/\/api.w.org\/{rel}","templated":true}]}}