{"id":15474,"date":"2024-05-23T09:27:57","date_gmt":"2024-05-23T07:27:57","guid":{"rendered":"https:\/\/pelvyra.com\/connaissance-de-lutilisation-des-phages\/"},"modified":"2024-05-23T09:32:18","modified_gmt":"2024-05-23T07:32:18","slug":"connaissance-de-lutilisation-des-phages","status":"publish","type":"page","link":"https:\/\/pelvyra.com\/fr\/connaissance-des-bacteriophages\/connaissance-de-lutilisation-des-phages\/","title":{"rendered":"Connaissance de l&rsquo;utilisation des phages"},"content":{"rendered":"\n<div class=\"wp-block-columns mobile-image-last is-layout-flex wp-container-core-columns-is-layout-28f84493 wp-block-columns-is-layout-flex\">\n<div class=\"wp-block-column is-vertically-aligned-center is-layout-flow wp-block-column-is-layout-flow\" style=\"flex-basis:66.66%\">\n<h1 class=\"wp-block-heading\">Application des phages &#8211; les virus comme mangeurs de bact\u00e9ries<\/h1>\n\n\n\n<p>La <strong>th\u00e9rapie par les phages<\/strong> utilise les <strong>propri\u00e9t\u00e9s naturelles<\/strong> des <strong>\n  <a href=\"https:\/\/pelvyra.com\/bakteriophagen\/\" title=\"Connaissance des bact&#xE9;riophages\">Bact\u00e9riophages<\/a>\n<\/strong> pour lutter contre les bact\u00e9ries nocives. Un <strong>phage<\/strong> ou un bact\u00e9riophage n&rsquo;est rien d&rsquo;autre qu&rsquo;un <strong>mangeur naturel de bact\u00e9ries<\/strong>.  <\/p>\n\n\n\n<p>Pour se reproduire et faire leur travail, les virus cherchent d&rsquo;abord une cellule h\u00f4te. Ensuite, ils injectent leur ADN directement dans la bact\u00e9rie.  <\/p>\n\n\n\n<p>La bact\u00e9rie concern\u00e9e produit ensuite de nouveaux phages jusqu&rsquo;\u00e0 ce qu&rsquo;elle soit pleine et \u00e9clate. Stricto sensu, les phages ne mangent donc pas la bact\u00e9rie. Ils le transforment en une v\u00e9ritable usine \u00e0 phages, qui fonctionne \u00e0 plein r\u00e9gime jusqu&rsquo;\u00e0 ce qu&rsquo;elle s&rsquo;effondre.<\/p>\n\n\n\n<p>Cette <strong>application naturelle<\/strong> dans la lutte contre les bact\u00e9ries est \u00e9tudi\u00e9e en <strong>G\u00e9orgie<\/strong> depuis une bonne centaine d&rsquo;ann\u00e9es. Contrairement \u00e0 de nombreux pays occidentaux, elle y est aussi utilis\u00e9e \u00e0 des fins th\u00e9rapeutiques.  <\/p>\n\n\n\n<p>Mais les avantages de la th\u00e9rapie par les phages sont <strong>de plus en plus<\/strong> <strong>reconnus<\/strong> et utilis\u00e9s en <strong>Europe<\/strong>, y compris pour les irritations cutan\u00e9es. Ainsi, les phages naturels sont utilis\u00e9s pour traiter l <strong>&lsquo;acn\u00e9<\/strong>, <strong>la dermatite atopique<\/strong> ou <strong>la rosac\u00e9e<\/strong>.<\/p>\n\n\n\n<div class=\"wp-block-buttons is-layout-flex wp-block-buttons-is-layout-flex\">\n<div class=\"wp-block-button\"><a class=\"wp-block-button__link\" href=\"#phagen-anwendung\">En savoir plus sur l&rsquo;utilisation des phages<\/a><\/div>\n<\/div>\n<\/div>\n\n\n\n<div class=\"wp-block-column is-layout-flow wp-block-column-is-layout-flow\" style=\"flex-basis:33.33%\">\n<figure class=\"wp-block-image size-large\"><img fetchpriority=\"high\" decoding=\"async\" width=\"683\" height=\"1024\" src=\"https:\/\/pelvyra.com\/wp-content\/uploads\/2021\/04\/phagentherapie-viren-bakterienfresser.jpg\" alt=\"Th&#xE9;rapie par les phages - des virus qui mangent les bact&#xE9;ries\" class=\"wp-image-773\" srcset=\"https:\/\/pelvyra.com\/wp-content\/uploads\/2021\/04\/phagentherapie-viren-bakterienfresser.jpg 683w, https:\/\/pelvyra.com\/wp-content\/uploads\/2021\/04\/phagentherapie-viren-bakterienfresser-200x300.jpg 200w, https:\/\/pelvyra.com\/wp-content\/uploads\/2021\/04\/phagentherapie-viren-bakterienfresser-600x900.jpg 600w\" sizes=\"(max-width: 683px) 100vw, 683px\" \/><\/figure>\n\n\n\n<p><\/p>\n<\/div>\n<\/div>\n\n<div class=\"wp-block-columns is-layout-flex wp-container-core-columns-is-layout-28f84493 wp-block-columns-is-layout-flex\">\n<div class=\"wp-block-column is-layout-flow wp-block-column-is-layout-flow\">\n<figure class=\"wp-block-image size-large\"><img decoding=\"async\" width=\"1024\" height=\"683\" src=\"https:\/\/pelvyra.com\/wp-content\/uploads\/2021\/04\/bakteriophagen-georgien-1024x683.jpg\" alt=\"Les mangeurs de bact&#xE9;ries modernes de G&#xE9;orgie\" class=\"wp-image-779\" srcset=\"https:\/\/pelvyra.com\/wp-content\/uploads\/2021\/04\/bakteriophagen-georgien-1024x683.jpg 1024w, https:\/\/pelvyra.com\/wp-content\/uploads\/2021\/04\/bakteriophagen-georgien-300x200.jpg 300w, https:\/\/pelvyra.com\/wp-content\/uploads\/2021\/04\/bakteriophagen-georgien-768x512.jpg 768w, https:\/\/pelvyra.com\/wp-content\/uploads\/2021\/04\/bakteriophagen-georgien-769x513.jpg 769w, https:\/\/pelvyra.com\/wp-content\/uploads\/2021\/04\/bakteriophagen-georgien-412x275.jpg 412w, https:\/\/pelvyra.com\/wp-content\/uploads\/2021\/04\/bakteriophagen-georgien-600x400.jpg 600w, https:\/\/pelvyra.com\/wp-content\/uploads\/2021\/04\/bakteriophagen-georgien.jpg 1200w\" sizes=\"(max-width: 1024px) 100vw, 1024px\" \/><\/figure>\n<\/div>\n\n\n\n<div class=\"wp-block-column is-vertically-aligned-center is-layout-flow wp-block-column-is-layout-flow\">\n<h2 class=\"wp-block-heading\">Les mangeurs de bact\u00e9ries de G\u00e9orgie<\/h2>\n\n\n\n<p><strong>La G\u00e9orgie<\/strong> est consid\u00e9r\u00e9e comme un pionnier en mati\u00e8re de phagoth\u00e9rapie. Dans la capitale Tbilissi, un premier laboratoire microbact\u00e9riologique a \u00e9t\u00e9 cr\u00e9\u00e9 d\u00e8s 1923, qui se consacrait entre autres \u00e0 la recherche sur les phages.  <\/p>\n\n\n\n<p>Nomm\u00e9 d&rsquo;apr\u00e8s son <strong>fondateur Georgi Eliava<\/strong>, le laboratoire de l&rsquo;ancienne r\u00e9publique sovi\u00e9tique existe aujourd&rsquo;hui en tant qu&rsquo;institut. Il est consid\u00e9r\u00e9 dans le monde entier comme la premi\u00e8re adresse en mati\u00e8re de <strong>th\u00e9rapie par phages<\/strong>.  <\/p>\n\n\n\n<p>Les <strong>effets de la phagoth\u00e9rapie<\/strong> \u00e9taient d\u00e9j\u00e0 connus dans les cercles m\u00e9dicaux depuis les ann\u00e9es 1920.  <\/p>\n\n\n\n<p>Cependant, avec la perc\u00e9e des antibiotiques de fabrication pharmaceutique, les connaissances et l&rsquo;utilisation ont rapidement \u00e9t\u00e9 rel\u00e9gu\u00e9es au second plan.  <\/p>\n\n\n\n<p>D\u00e8s que les premiers antibiotiques ont \u00e9t\u00e9 disponibles en <strong>Europe<\/strong> et aux <strong>\u00c9tats-Unis<\/strong>, la th\u00e9rapie par les phages est devenue inint\u00e9ressante en Occident. Les antibiotiques disponibles \u00e9taient tout simplement trop bons et trop facilement disponibles.  <\/p>\n\n\n\n<p>Cependant, en G\u00e9orgie et dans toute l&rsquo;Union sovi\u00e9tique, il \u00e9tait difficile de se procurer des antibiotiques pendant la guerre froide.  <\/p>\n\n\n\n<p>La phagoth\u00e9rapie \u00e9tait donc la meilleure &#8211; si ce n&rsquo;est la seule &#8211; fa\u00e7on de traiter les maladies infectieuses. Il n&rsquo;est donc pas surprenant que l&rsquo;<strong>institut Eliava<\/strong> poss\u00e8de aujourd&rsquo;hui l&rsquo;une des plus grandes collections de bact\u00e9riophages au monde.  <\/p>\n\n\n\n<p>Des patients du monde entier viennent se faire soigner ici lorsqu&rsquo;un traitement antibiotique classique ne peut plus rien faire. Lorsque les m\u00e9langes standard ne sont plus efficaces, la Phage Technology de G\u00e9orgie est utilis\u00e9e.  <\/p>\n\n\n\n<p>Ici, comme c&rsquo;est le cas depuis <strong>des d\u00e9cennies<\/strong>, des cocktails de phages sont pr\u00e9par\u00e9s individuellement pour chaque patient, selon les instructions du m\u00e9decin.<\/p>\n<\/div>\n<\/div>\n\n<div class=\"wp-block-columns is-layout-flex wp-container-core-columns-is-layout-28f84493 wp-block-columns-is-layout-flex\">\n<div class=\"wp-block-column is-layout-flow wp-block-column-is-layout-flow\">\n<h2 class=\"wp-block-heading\" id=\"phagen-anwendung\">Application de la phagoth\u00e9rapie<\/h2>\n\n\n\n<p>Il est indiscutable qu&rsquo;un traitement avec des bact\u00e9riophages peut aider. Mais dans la plupart des pays <strong>de l&rsquo;UE, l&rsquo;utilisation de bact\u00e9riophages n&rsquo;est pas <\/strong> <strong>autoris\u00e9e<\/strong>, ou seulement sur demande individuelle, conform\u00e9ment \u00e0 l&rsquo;article 37 de la D\u00e9claration d&rsquo;Helsinki, chez des patients s\u00e9lectionn\u00e9s.  <\/p>\n\n\n\n<p>Presque aucun m\u00e9decin ne les conna\u00eet et aucune pharmacie ne les a en stock. Ce ne sont que quelques-unes des raisons pour lesquelles tant de patients atteints se rendent \u00e0 Tbilissi et suivent une th\u00e9rapie par phage \u00e0 leurs frais dans la capitale g\u00e9orgienne.  <\/p>\n\n\n\n<p>Cependant, la pression d&rsquo;agir due aux germes multir\u00e9sistants, aux bact\u00e9ries multir\u00e9sistantes et aux bact\u00e9ries r\u00e9sistantes aux antibiotiques ne cesse d&rsquo;augmenter. Par exemple, en 2018, <strong>la Belgique<\/strong> a \u00e9t\u00e9 le premier pays de l&rsquo;UE \u00e0 cr\u00e9er une <strong>s\u00e9curit\u00e9 juridique<\/strong> nationale pour la phagoth\u00e9rapie.  <\/p>\n\n\n\n<p>Ici, la phagoth\u00e9rapie est autoris\u00e9e pour diff\u00e9rentes maladies infectieuses avec des phages ing\u00e9r\u00e9s par voie orale ou inject\u00e9s et est possible depuis 2016 \u00e0 l&rsquo;h\u00f4pital militaire Reine Astrid \u00e0 Bruxelles.  <\/p>\n\n\n\n<p>Comme en G\u00e9orgie, un pharmacien compose le cocktail, puis vient le contr\u00f4le de qualit\u00e9 par un laboratoire.<\/p>\n\n\n\n<p>Lentement mais s\u00fbrement, les choses commencent \u00e0 bouger et deux variantes possibles de la phagoth\u00e9rapie se dessinent :<\/p>\n\n\n\n<ul class=\"wp-block-list\"><li>cocktails fixes de plusieurs phages pour une indication sp\u00e9cifique<\/li><li>une approche personnalis\u00e9e o\u00f9 diff\u00e9rents phages sont s\u00e9lectionn\u00e9s pour chaque patient<\/li><\/ul>\n\n\n\n<p>Le projet Phage4Cure se bat \u00e9galement pour \u00e9tablir le bact\u00e9riophage comme m\u00e9dicament contre les infections bact\u00e9riennes.  <\/p>\n\n\n\n<p>Phage4Cure est une coop\u00e9ration entre :<\/p>\n\n\n\n<ul class=\"wp-block-list\"><li>l&rsquo;<a href=\"http:\/\/www.dsmz.de\/\" target=\"_blank\" rel=\"noreferrer noopener\">institut Leibniz DSMZ-Deutsche<\/a>Sammlung von Mikroorganismen und Zellkulturen GmbH (collection <a href=\"http:\/\/www.dsmz.de\/\" target=\"_blank\" rel=\"noreferrer noopener\">allemande<\/a>de microorganismes et de cultures cellulaires)<\/li><li>l&rsquo;<a href=\"https:\/\/www.item.fraunhofer.de\/\" target=\"_blank\" rel=\"noreferrer noopener\">Institut Fraunhofer de toxicologie et de m\u00e9decine exp\u00e9rimentale<\/a> (ITEM)<\/li><li>de la Charit\u00e9 &#8211; m\u00e9decine universitaire de Berlin : clinique m\u00e9dicale sp\u00e9cialis\u00e9e en infectiologie et pneumologie et<\/li><li>de la <a href=\"http:\/\/www.charite-research.org\/\" target=\"_blank\" rel=\"noreferrer noopener\">Charit\u00e9 Research Organisation GmbH<\/a> (CRO).<\/li><\/ul>\n<\/div>\n\n\n\n<div class=\"wp-block-column is-layout-flow wp-block-column-is-layout-flow\">\n<figure class=\"wp-block-image size-large\"><img decoding=\"async\" width=\"1024\" height=\"683\" src=\"https:\/\/pelvyra.com\/wp-content\/uploads\/2021\/04\/phagentherapie-anwendung-1024x683.jpg\" alt=\"Application de la phagoth&#xE9;rapie\" class=\"wp-image-781\" srcset=\"https:\/\/pelvyra.com\/wp-content\/uploads\/2021\/04\/phagentherapie-anwendung-1024x683.jpg 1024w, https:\/\/pelvyra.com\/wp-content\/uploads\/2021\/04\/phagentherapie-anwendung-300x200.jpg 300w, https:\/\/pelvyra.com\/wp-content\/uploads\/2021\/04\/phagentherapie-anwendung-768x512.jpg 768w, https:\/\/pelvyra.com\/wp-content\/uploads\/2021\/04\/phagentherapie-anwendung-769x513.jpg 769w, https:\/\/pelvyra.com\/wp-content\/uploads\/2021\/04\/phagentherapie-anwendung-412x275.jpg 412w, https:\/\/pelvyra.com\/wp-content\/uploads\/2021\/04\/phagentherapie-anwendung-600x400.jpg 600w, https:\/\/pelvyra.com\/wp-content\/uploads\/2021\/04\/phagentherapie-anwendung.jpg 1200w\" sizes=\"(max-width: 1024px) 100vw, 1024px\" \/><\/figure>\n<\/div>\n<\/div>\n\n<div class=\"wp-block-columns is-layout-flex wp-container-core-columns-is-layout-28f84493 wp-block-columns-is-layout-flex\">\n<div class=\"wp-block-column is-layout-flow wp-block-column-is-layout-flow\">\n<figure class=\"wp-block-image size-large\"><img loading=\"lazy\" decoding=\"async\" width=\"1200\" height=\"800\" src=\"https:\/\/pelvyra.com\/wp-content\/uploads\/2021\/04\/bakteriophagen-akne.jpeg\" alt=\"Les bact&#xE9;riophages et l'acn&#xE9;\" class=\"wp-image-2261\" srcset=\"https:\/\/pelvyra.com\/wp-content\/uploads\/2021\/04\/bakteriophagen-akne.jpeg 1200w, https:\/\/pelvyra.com\/wp-content\/uploads\/2021\/04\/bakteriophagen-akne-300x200.jpeg 300w, https:\/\/pelvyra.com\/wp-content\/uploads\/2021\/04\/bakteriophagen-akne-1024x683.jpeg 1024w, https:\/\/pelvyra.com\/wp-content\/uploads\/2021\/04\/bakteriophagen-akne-768x512.jpeg 768w, https:\/\/pelvyra.com\/wp-content\/uploads\/2021\/04\/bakteriophagen-akne-769x513.jpeg 769w, https:\/\/pelvyra.com\/wp-content\/uploads\/2021\/04\/bakteriophagen-akne-412x275.jpeg 412w, https:\/\/pelvyra.com\/wp-content\/uploads\/2021\/04\/bakteriophagen-akne-600x400.jpeg 600w\" sizes=\"(max-width: 1200px) 100vw, 1200px\" \/><\/figure>\n<\/div>\n\n\n\n<div class=\"wp-block-column is-layout-flow wp-block-column-is-layout-flow\">\n<h2 class=\"wp-block-heading\">Les bact\u00e9riophages et l&rsquo;acn\u00e9<\/h2>\n\n\n\n<p>L&rsquo;acn\u00e9 appara\u00eet souvent pendant l&rsquo;adolescence et emp\u00eache de nombreux jeunes de se regarder dans le miroir. Pourtant, <strong>l&rsquo;acn\u00e9<\/strong> est souvent difficile \u00e0 traiter et dure jusqu&rsquo;au <strong>d\u00e9but de l&rsquo;\u00e2ge adulte<\/strong>.  <\/p>\n\n\n\n<p>C&rsquo;est \u00e0 cette p\u00e9riode de la vie que l&rsquo;estime de soi peut fortement souffrir des cons\u00e9quences visibles de l&rsquo;acn\u00e9.  <\/p>\n\n\n\n<p>Mais il y a de l&rsquo;espoir. D\u00e8s 2013, une <strong>\u00e9tude<\/strong> clinique \u00e0 grande \u00e9chelle aux \u00c9tats-Unis a test\u00e9 l&rsquo;effet de onze <strong>souches de bact\u00e9riophages<\/strong> chez des jeunes souffrant d&rsquo;acn\u00e9.  <\/p>\n\n\n\n<p>Les chercheurs ont d\u00e9couvert que les bact\u00e9ries ne sont pas des virus : Les virus produisent l&rsquo;enzyme endolysine, qui <strong>d\u00e9truit<\/strong> les parois cellulaires des <strong>bact\u00e9ries<\/strong> concern\u00e9es, mais n&rsquo;affecte pas les autres bact\u00e9ries.<span id=\"90fbc063-5e45-432c-ac07-c4093fab2349\" data-items=\"[\" contenteditable=\"false\" data-has-children=\"true\" class=\"abt-citation\">\n  <sup>1<\/sup>\n<\/span><\/p>\n\n\n\n<p>Gr\u00e2ce \u00e0 ces connaissances, une nouvelle approche accompagnant la th\u00e9rapie est d\u00e9sormais possible : elle utilise les bact\u00e9riophages comme arme naturelle <strong>contre l&rsquo;acn\u00e9 et le staphylocoque dor\u00e9<\/strong>. Cette application consiste \u00e0 appliquer une concentration plus \u00e9lev\u00e9e de bact\u00e9riophages, naturellement pr\u00e9sents sur la peau, sous forme de spray.  <\/p>\n\n\n\n<p>Tu peux ainsi facilement t&rsquo;attaquer aux bact\u00e9ries qui en sont la cause et qui entra\u00eenent une augmentation de la production de s\u00e9bum.  <\/p>\n\n\n\n<p>L&rsquo;<strong>\u00e9quilibre de la flore cutan\u00e9e<\/strong> est favoris\u00e9, de sorte que tu remarqueras bient\u00f4t une diminution des irritations et des rougeurs de la peau &#8211; et ce, sans aucun effet secondaire.<\/p>\n\n\n\n<div class=\"wp-block-buttons is-layout-flex wp-block-buttons-is-layout-flex\">\n<div class=\"wp-block-button\"><a class=\"wp-block-button__link\" href=\"https:\/\/pelvyra.com\/akne-wissen\/phagen-anwendung\/\">Utilisation des phages pour l&rsquo;acn\u00e9<\/a><\/div>\n<\/div>\n<\/div>\n<\/div>\n\n<div class=\"wp-block-columns is-layout-flex wp-container-core-columns-is-layout-28f84493 wp-block-columns-is-layout-flex\">\n<div class=\"wp-block-column is-layout-flow wp-block-column-is-layout-flow\">\n<h2 class=\"wp-block-heading\">Les phages contre la rosac\u00e9e<\/h2>\n\n\n\n<p>La rosac\u00e9e, maladie chronique de la peau, touche principalement les personnes \u00e0 la peau claire. Elle se manifeste par des rougeurs sur une peau par ailleurs p\u00e2le, ainsi que par des <strong>veines<\/strong> dilat\u00e9es, des <strong>v\u00e9sicules<\/strong> ou des <strong>pustules<\/strong> sur le visage.  <\/p>\n\n\n\n<p>Cela provoque des br\u00fblures, des d\u00e9mangeaisons et une s\u00e9cheresse des zones concern\u00e9es. Des pustules peuvent \u00e9galement se former. Surtout au niveau du nez, la peau peut s&rsquo;\u00e9paissir et des excroissances peuvent appara\u00eetre.  <\/p>\n\n\n\n<p>Alors que les causes de la rosac\u00e9e ne sont pas encore totalement \u00e9lucid\u00e9es, on sait que des facteurs tels que <strong>la consommation d&rsquo;alcool<\/strong>, le <strong>stress<\/strong>, <strong>la chaleur<\/strong> et <strong>le froid<\/strong>, diff\u00e9rents <strong>acariens<\/strong> et <strong>bact\u00e9ries<\/strong>, mais aussi les aliments \u00e9pic\u00e9s ont un effet favorisant.<\/p>\n\n\n\n<p>Une <strong>application de phages peut renforcer la flore cutan\u00e9e<\/strong> et, avec un processus de r\u00e9g\u00e9n\u00e9ration de la peau, r\u00e9duire les sympt\u00f4mes de la rosac\u00e9e.<\/p>\n\n\n\n<div class=\"wp-block-buttons is-layout-flex wp-block-buttons-is-layout-flex\">\n<div class=\"wp-block-button\"><a class=\"wp-block-button__link\" href=\"https:\/\/pelvyra.com\/rosacea-wissen\/phagen-anwendung\/\">Utilisation des phages pour la rosac\u00e9e<\/a><\/div>\n<\/div>\n<\/div>\n\n\n\n<div class=\"wp-block-column is-layout-flow wp-block-column-is-layout-flow\">\n<figure class=\"wp-block-image size-large\"><img loading=\"lazy\" decoding=\"async\" width=\"1024\" height=\"683\" src=\"https:\/\/pelvyra.com\/wp-content\/uploads\/2021\/04\/phagen-rosacea.jpeg\" alt=\"Les phages et la rosac&#xE9;e\" class=\"wp-image-2258\" srcset=\"https:\/\/pelvyra.com\/wp-content\/uploads\/2021\/04\/phagen-rosacea.jpeg 1024w, https:\/\/pelvyra.com\/wp-content\/uploads\/2021\/04\/phagen-rosacea-300x200.jpeg 300w, https:\/\/pelvyra.com\/wp-content\/uploads\/2021\/04\/phagen-rosacea-768x512.jpeg 768w, https:\/\/pelvyra.com\/wp-content\/uploads\/2021\/04\/phagen-rosacea-769x513.jpeg 769w, https:\/\/pelvyra.com\/wp-content\/uploads\/2021\/04\/phagen-rosacea-412x275.jpeg 412w, https:\/\/pelvyra.com\/wp-content\/uploads\/2021\/04\/phagen-rosacea-600x400.jpeg 600w\" sizes=\"(max-width: 1024px) 100vw, 1024px\" \/><\/figure>\n<\/div>\n<\/div>\n\n<div class=\"wp-block-columns is-layout-flex wp-container-core-columns-is-layout-28f84493 wp-block-columns-is-layout-flex\">\n<div class=\"wp-block-column is-layout-flow wp-block-column-is-layout-flow\">\n<figure class=\"wp-block-image size-large\"><img decoding=\"async\" src=\"https:\/\/pelvyra.com\/wp-content\/uploads\/2021\/04\/phagen-neurodermitis-1024x683.jpg\" alt=\"Les phages contre la dermatite atopique\" class=\"wp-image-791\"\/><\/figure>\n<\/div>\n\n\n\n<div class=\"wp-block-column is-layout-flow wp-block-column-is-layout-flow\">\n<h2 class=\"wp-block-heading\">Les phages contre la dermatite atopique<\/h2>\n\n\n\n<p>La dermatite atopique fait d\u00e9sormais partie des <strong>maladies inflammatoires chroniques de la peau<\/strong> les plus courantes.  <\/p>\n\n\n\n<p>Elle est extr\u00eamement d\u00e9sagr\u00e9able, tant sur le plan visuel que sur celui des sympt\u00f4mes, qui vont de la <strong>peau s\u00e8che et squameuse<\/strong> \u00e0 l&rsquo;<strong>ecz\u00e9ma<\/strong> suintant, en passant par de violentes <strong>d\u00e9mangeaisons<\/strong>.  <\/p>\n\n\n\n<p>Non seulement les sympt\u00f4mes, mais aussi les d\u00e9clencheurs peuvent \u00eatre extr\u00eamement diff\u00e9rents. Il existe <strong>diff\u00e9rents<\/strong> <strong>facteurs<\/strong> qui conduisent \u00e0 la dermatite atopique.  <\/p>\n\n\n\n<p>Ils vont des <strong>textiles<\/strong> port\u00e9s au stress, en passant par la temp\u00e9rature de la pi\u00e8ce et de l&rsquo;air, les produits d&rsquo;hygi\u00e8ne et de beaut\u00e9 utilis\u00e9s.  <\/p>\n\n\n\n<p><strong>Les d\u00e9clencheurs<\/strong> g\u00e9n\u00e9raux <strong>d&rsquo;allergies<\/strong> peuvent \u00e9galement favoriser la formation d&rsquo;une dermatite atopique. Il en r\u00e9sulte une perturbation de la flore cutan\u00e9e, o\u00f9 les bact\u00e9ries se multiplient et peuvent entra\u00eener les effets d\u00e9crits.  <\/p>\n\n\n\n<p>L&rsquo;utilisation de bact\u00e9riophages peut <strong>r\u00e9tablir<\/strong> l&rsquo;<strong>\u00e9quilibre<\/strong> de la flore cutan\u00e9e. Les phages sont appliqu\u00e9s sous forme de spray et peuvent \u00eatre utilis\u00e9s en accompagnement du traitement de la dermatite atopique afin de r\u00e9tablir la flore cutan\u00e9e.<\/p>\n\n\n\n<div class=\"wp-block-buttons is-layout-flex wp-block-buttons-is-layout-flex\">\n<div class=\"wp-block-button\"><a class=\"wp-block-button__link\" href=\"https:\/\/pelvyra.com\/phagen-kaufen\/\">Acheter des bact\u00e9riophages &#8211; en savoir plus !<\/a><\/div>\n<\/div>\n<\/div>\n<\/div>\n\n<section aria-label=\"Literaturliste\" class=\"wp-block-abt-bibliography abt-bibliography\" role=\"region\"><ol class=\"abt-bibliography__body\" data-entryspacing=\"1\" data-maxoffset=\"3\" data-linespacing=\"1\" data-second-field-align=\"flush\"><li id=\"4274687154\">  <div class=\"csl-entry\">\n    <div class=\"csl-left-margin\">1.  <\/div><div class=\"csl-right-inline\">Dr Rohde C, Prof. Dr Witzenrath M, Dr H\u00fcser A. Les bact\u00e9riophages comme m\u00e9dicaments dans la lutte contre les infections. Fraunhofer ITEM. Accessed April 6, 2021.  <a href=\"https:\/\/www.item.fraunhofer.de\/de\/leuchtturm-projekte\/bakteriophagen.html\">https:\/\/www.item.fraunhofer.de\/de\/leuchtturm-projekte\/bakteriophagen.html<\/a><\/div>\n  <\/div>\n<\/li><\/ol><\/section>\n","protected":false},"excerpt":{"rendered":"<p>Application des phages &#8211; les virus comme mangeurs de bact\u00e9ries La th\u00e9rapie par les phages utilise les propri\u00e9t\u00e9s naturelles des Bact\u00e9riophages pour lutter contre les bact\u00e9ries nocives. Un phage ou un bact\u00e9riophage n&rsquo;est rien d&rsquo;autre qu&rsquo;un mangeur naturel de bact\u00e9ries. Pour se reproduire et faire leur travail, les virus cherchent d&rsquo;abord une cellule h\u00f4te. Ensuite, [&hellip;]<\/p>\n","protected":false},"author":3,"featured_media":0,"parent":15902,"menu_order":0,"comment_status":"closed","ping_status":"closed","template":"","meta":{"footnotes":""},"class_list":["post-15474","page","type-page","status-publish","hentry"],"_links":{"self":[{"href":"https:\/\/pelvyra.com\/fr\/wp-json\/wp\/v2\/pages\/15474","targetHints":{"allow":["GET"]}}],"collection":[{"href":"https:\/\/pelvyra.com\/fr\/wp-json\/wp\/v2\/pages"}],"about":[{"href":"https:\/\/pelvyra.com\/fr\/wp-json\/wp\/v2\/types\/page"}],"author":[{"embeddable":true,"href":"https:\/\/pelvyra.com\/fr\/wp-json\/wp\/v2\/users\/3"}],"replies":[{"embeddable":true,"href":"https:\/\/pelvyra.com\/fr\/wp-json\/wp\/v2\/comments?post=15474"}],"version-history":[{"count":1,"href":"https:\/\/pelvyra.com\/fr\/wp-json\/wp\/v2\/pages\/15474\/revisions"}],"predecessor-version":[{"id":15492,"href":"https:\/\/pelvyra.com\/fr\/wp-json\/wp\/v2\/pages\/15474\/revisions\/15492"}],"up":[{"embeddable":true,"href":"https:\/\/pelvyra.com\/fr\/wp-json\/wp\/v2\/pages\/15902"}],"wp:attachment":[{"href":"https:\/\/pelvyra.com\/fr\/wp-json\/wp\/v2\/media?parent=15474"}],"curies":[{"name":"wp","href":"https:\/\/api.w.org\/{rel}","templated":true}]}}