{"id":15437,"date":"2024-05-22T13:38:36","date_gmt":"2024-05-22T11:38:36","guid":{"rendered":"https:\/\/pelvyra.com\/informations-sur-lenvoi\/"},"modified":"2026-03-18T13:19:39","modified_gmt":"2026-03-18T12:19:39","slug":"informations-sur-lenvoi","status":"publish","type":"page","link":"https:\/\/pelvyra.com\/fr\/informations-sur-lenvoi\/","title":{"rendered":"Informations sur l&rsquo;envoi"},"content":{"rendered":"\t\t<div data-elementor-type=\"wp-page\" data-elementor-id=\"15437\" class=\"elementor elementor-15437 elementor-380\" data-elementor-post-type=\"page\">\n\t\t\t\t<div class=\"elementor-element elementor-element-ca1c16d e-flex e-con-boxed e-con e-parent\" data-id=\"ca1c16d\" data-element_type=\"container\" data-e-type=\"container\">\n\t\t\t\t\t<div class=\"e-con-inner\">\n\t\t\t\t<div class=\"elementor-element elementor-element-a83c163 elementor-widget elementor-widget-heading\" data-id=\"a83c163\" data-element_type=\"widget\" data-e-type=\"widget\" data-widget_type=\"heading.default\">\n\t\t\t\t\t<h2 class=\"elementor-heading-title elementor-size-default\">Frais d'exp\u00e9dition &amp; d\u00e9lais de livraison<\/h2>\t\t\t\t<\/div>\n\t\t\t\t\t<\/div>\n\t\t\t\t<\/div>\n\t\t<div class=\"elementor-element elementor-element-5952296 e-flex e-con-boxed e-con e-parent\" data-id=\"5952296\" data-element_type=\"container\" data-e-type=\"container\">\n\t\t\t\t\t<div class=\"e-con-inner\">\n\t\t<div class=\"elementor-element elementor-element-3bb42ec e-con-full e-flex e-con e-child\" data-id=\"3bb42ec\" data-element_type=\"container\" data-e-type=\"container\">\n\t\t<div class=\"elementor-element elementor-element-3ae61d8 e-con-full e-flex e-con e-child\" data-id=\"3ae61d8\" data-element_type=\"container\" data-e-type=\"container\">\n\t\t<div class=\"elementor-element elementor-element-33c69c0 e-con-full e-flex e-con e-child\" data-id=\"33c69c0\" data-element_type=\"container\" data-e-type=\"container\">\n\t\t\t\t<div class=\"elementor-element elementor-element-6591367 elementor-widget elementor-widget-image\" data-id=\"6591367\" data-element_type=\"widget\" data-e-type=\"widget\" data-widget_type=\"image.default\">\n\t\t\t\t\t\t\t\t\t\t\t\t\t\t\t<img fetchpriority=\"high\" decoding=\"async\" width=\"2048\" height=\"1366\" src=\"https:\/\/pelvyra.com\/wp-content\/uploads\/2026\/03\/AT.jpg\" class=\"attachment-full size-full wp-image-26655\" alt=\"\" srcset=\"https:\/\/pelvyra.com\/wp-content\/uploads\/2026\/03\/AT.jpg 2048w, https:\/\/pelvyra.com\/wp-content\/uploads\/2026\/03\/AT-300x200.jpg 300w, https:\/\/pelvyra.com\/wp-content\/uploads\/2026\/03\/AT-1024x683.jpg 1024w, https:\/\/pelvyra.com\/wp-content\/uploads\/2026\/03\/AT-768x512.jpg 768w, https:\/\/pelvyra.com\/wp-content\/uploads\/2026\/03\/AT-1536x1025.jpg 1536w, https:\/\/pelvyra.com\/wp-content\/uploads\/2026\/03\/AT-600x400.jpg 600w\" sizes=\"(max-width: 2048px) 100vw, 2048px\" \/>\t\t\t\t\t\t\t\t\t\t\t\t\t\t\t<\/div>\n\t\t\t\t<\/div>\n\t\t\t\t<div class=\"elementor-element elementor-element-fc5d3f6 elementor-widget elementor-widget-heading\" data-id=\"fc5d3f6\" data-element_type=\"widget\" data-e-type=\"widget\" data-widget_type=\"heading.default\">\n\t\t\t\t\t<h2 class=\"elementor-heading-title elementor-size-default\">Envoi vers AT<\/h2>\t\t\t\t<\/div>\n\t\t\t\t<\/div>\n\t\t<div class=\"elementor-element elementor-element-54ccf84 e-con-full e-flex e-con e-child\" data-id=\"54ccf84\" data-element_type=\"container\" data-e-type=\"container\">\n\t\t\t\t<div class=\"elementor-element elementor-element-5a1e175 elementor-widget elementor-widget-image\" data-id=\"5a1e175\" data-element_type=\"widget\" data-e-type=\"widget\" data-widget_type=\"image.default\">\n\t\t\t\t\t\t\t\t\t\t\t\t\t\t\t<img decoding=\"async\" width=\"2560\" height=\"533\" src=\"https:\/\/pelvyra.com\/wp-content\/uploads\/2026\/03\/Oesterreichische_Post_logo-scaled.png\" class=\"attachment-full size-full wp-image-26644\" alt=\"\" srcset=\"https:\/\/pelvyra.com\/wp-content\/uploads\/2026\/03\/Oesterreichische_Post_logo-scaled.png 2560w, https:\/\/pelvyra.com\/wp-content\/uploads\/2026\/03\/Oesterreichische_Post_logo-300x62.png 300w, https:\/\/pelvyra.com\/wp-content\/uploads\/2026\/03\/Oesterreichische_Post_logo-1024x213.png 1024w, https:\/\/pelvyra.com\/wp-content\/uploads\/2026\/03\/Oesterreichische_Post_logo-768x160.png 768w, https:\/\/pelvyra.com\/wp-content\/uploads\/2026\/03\/Oesterreichische_Post_logo-1536x320.png 1536w, https:\/\/pelvyra.com\/wp-content\/uploads\/2026\/03\/Oesterreichische_Post_logo-2048x426.png 2048w, https:\/\/pelvyra.com\/wp-content\/uploads\/2026\/03\/Oesterreichische_Post_logo-600x125.png 600w\" sizes=\"(max-width: 2560px) 100vw, 2560px\" \/>\t\t\t\t\t\t\t\t\t\t\t\t\t\t\t<\/div>\n\t\t\t\t<div class=\"elementor-element elementor-element-a9be831 elementor-widget elementor-widget-text-editor\" data-id=\"a9be831\" data-element_type=\"widget\" data-e-type=\"widget\" data-widget_type=\"text-editor.default\">\n\t\t\t\t\t\t\t\t\t<p>6,90 \u20ac \/ livraison <br><strong>(livraison gratuite \u00e0 partir de 50\u20ac)<\/strong><\/p>\n<p>D\u00e9lai de livraison : 1-3 jours<\/p>\t\t\t\t\t\t\t\t<\/div>\n\t\t\t\t<\/div>\n\t\t\t\t<div class=\"elementor-element elementor-element-e212db0 elementor-hidden-desktop elementor-hidden-tablet elementor-widget-divider--view-line elementor-widget elementor-widget-divider\" data-id=\"e212db0\" data-element_type=\"widget\" data-e-type=\"widget\" data-widget_type=\"divider.default\">\n\t\t\t\t\t\t\t<div class=\"elementor-divider\">\n\t\t\t<span class=\"elementor-divider-separator\">\n\t\t\t\t\t\t<\/span>\n\t\t<\/div>\n\t\t\t\t\t\t<\/div>\n\t\t\t\t<\/div>\n\t\t<div class=\"elementor-element elementor-element-4a7c92f e-con-full e-flex e-con e-child\" data-id=\"4a7c92f\" data-element_type=\"container\" data-e-type=\"container\">\n\t\t<div class=\"elementor-element elementor-element-02adc50 e-con-full e-flex e-con e-child\" data-id=\"02adc50\" data-element_type=\"container\" data-e-type=\"container\">\n\t\t<div class=\"elementor-element elementor-element-3c8314b e-con-full e-flex e-con e-child\" data-id=\"3c8314b\" data-element_type=\"container\" data-e-type=\"container\">\n\t\t\t\t<div class=\"elementor-element elementor-element-b943d06 elementor-widget elementor-widget-image\" data-id=\"b943d06\" data-element_type=\"widget\" data-e-type=\"widget\" data-widget_type=\"image.default\">\n\t\t\t\t\t\t\t\t\t\t\t\t\t\t\t<img decoding=\"async\" width=\"2048\" height=\"1366\" src=\"https:\/\/pelvyra.com\/wp-content\/uploads\/2026\/03\/DE.jpg\" class=\"attachment-full size-full wp-image-26665\" alt=\"\" srcset=\"https:\/\/pelvyra.com\/wp-content\/uploads\/2026\/03\/DE.jpg 2048w, https:\/\/pelvyra.com\/wp-content\/uploads\/2026\/03\/DE-300x200.jpg 300w, https:\/\/pelvyra.com\/wp-content\/uploads\/2026\/03\/DE-1024x683.jpg 1024w, https:\/\/pelvyra.com\/wp-content\/uploads\/2026\/03\/DE-768x512.jpg 768w, https:\/\/pelvyra.com\/wp-content\/uploads\/2026\/03\/DE-1536x1025.jpg 1536w, https:\/\/pelvyra.com\/wp-content\/uploads\/2026\/03\/DE-600x400.jpg 600w\" sizes=\"(max-width: 2048px) 100vw, 2048px\" \/>\t\t\t\t\t\t\t\t\t\t\t\t\t\t\t<\/div>\n\t\t\t\t<\/div>\n\t\t\t\t<div class=\"elementor-element elementor-element-db81a7a elementor-widget elementor-widget-heading\" data-id=\"db81a7a\" data-element_type=\"widget\" data-e-type=\"widget\" data-widget_type=\"heading.default\">\n\t\t\t\t\t<h2 class=\"elementor-heading-title elementor-size-default\">Envoi vers DE<\/h2>\t\t\t\t<\/div>\n\t\t\t\t<\/div>\n\t\t<div class=\"elementor-element elementor-element-c002ee1 e-con-full e-flex e-con e-child\" data-id=\"c002ee1\" data-element_type=\"container\" data-e-type=\"container\">\n\t\t\t\t<div class=\"elementor-element elementor-element-df67d6d elementor-widget elementor-widget-image\" data-id=\"df67d6d\" data-element_type=\"widget\" data-e-type=\"widget\" data-widget_type=\"image.default\">\n\t\t\t\t\t\t\t\t\t\t\t\t\t\t\t<img loading=\"lazy\" decoding=\"async\" width=\"1280\" height=\"1519\" src=\"https:\/\/pelvyra.com\/wp-content\/uploads\/2026\/03\/United_Parcel_Service_logo_2014.png\" class=\"attachment-full size-full wp-image-26649\" alt=\"\" srcset=\"https:\/\/pelvyra.com\/wp-content\/uploads\/2026\/03\/United_Parcel_Service_logo_2014.png 1280w, https:\/\/pelvyra.com\/wp-content\/uploads\/2026\/03\/United_Parcel_Service_logo_2014-253x300.png 253w, https:\/\/pelvyra.com\/wp-content\/uploads\/2026\/03\/United_Parcel_Service_logo_2014-863x1024.png 863w, https:\/\/pelvyra.com\/wp-content\/uploads\/2026\/03\/United_Parcel_Service_logo_2014-768x911.png 768w, https:\/\/pelvyra.com\/wp-content\/uploads\/2026\/03\/United_Parcel_Service_logo_2014-600x712.png 600w\" sizes=\"(max-width: 1280px) 100vw, 1280px\" \/>\t\t\t\t\t\t\t\t\t\t\t\t\t\t\t<\/div>\n\t\t\t\t<div class=\"elementor-element elementor-element-5156cfb elementor-widget elementor-widget-text-editor\" data-id=\"5156cfb\" data-element_type=\"widget\" data-e-type=\"widget\" data-widget_type=\"text-editor.default\">\n\t\t\t\t\t\t\t\t\t<p>\u20ac 8,90 \/ livraison <br><strong>(livraison gratuite \u00e0 partir de 50\u20ac)<\/strong><\/p><p>D\u00e9lai de livraison : 1-3 jours<\/p>\t\t\t\t\t\t\t\t<\/div>\n\t\t\t\t<\/div>\n\t\t<div class=\"elementor-element elementor-element-193064c e-con-full e-flex e-con e-child\" data-id=\"193064c\" data-element_type=\"container\" data-e-type=\"container\">\n\t\t\t\t<div class=\"elementor-element elementor-element-9663f30 elementor-widget elementor-widget-image\" data-id=\"9663f30\" data-element_type=\"widget\" data-e-type=\"widget\" data-widget_type=\"image.default\">\n\t\t\t\t\t\t\t\t\t\t\t\t\t\t\t<img decoding=\"async\" width=\"2560\" height=\"533\" src=\"https:\/\/pelvyra.com\/wp-content\/uploads\/2026\/03\/Oesterreichische_Post_logo-scaled.png\" class=\"attachment-full size-full wp-image-26644\" alt=\"\" srcset=\"https:\/\/pelvyra.com\/wp-content\/uploads\/2026\/03\/Oesterreichische_Post_logo-scaled.png 2560w, https:\/\/pelvyra.com\/wp-content\/uploads\/2026\/03\/Oesterreichische_Post_logo-300x62.png 300w, https:\/\/pelvyra.com\/wp-content\/uploads\/2026\/03\/Oesterreichische_Post_logo-1024x213.png 1024w, https:\/\/pelvyra.com\/wp-content\/uploads\/2026\/03\/Oesterreichische_Post_logo-768x160.png 768w, https:\/\/pelvyra.com\/wp-content\/uploads\/2026\/03\/Oesterreichische_Post_logo-1536x320.png 1536w, https:\/\/pelvyra.com\/wp-content\/uploads\/2026\/03\/Oesterreichische_Post_logo-2048x426.png 2048w, https:\/\/pelvyra.com\/wp-content\/uploads\/2026\/03\/Oesterreichische_Post_logo-600x125.png 600w\" sizes=\"(max-width: 2560px) 100vw, 2560px\" \/>\t\t\t\t\t\t\t\t\t\t\t\t\t\t\t<\/div>\n\t\t\t\t<div class=\"elementor-element elementor-element-29508b6 elementor-widget elementor-widget-text-editor\" data-id=\"29508b6\" data-element_type=\"widget\" data-e-type=\"widget\" data-widget_type=\"text-editor.default\">\n\t\t\t\t\t\t\t\t\t<p>\u20ac 10,90 \/ livraison<\/p><p>D\u00e9lai de livraison : 3-5 jours<\/p>\t\t\t\t\t\t\t\t<\/div>\n\t\t\t\t<\/div>\n\t\t\t\t<div class=\"elementor-element elementor-element-6812aa7 elementor-hidden-desktop elementor-hidden-tablet elementor-widget-divider--view-line elementor-widget elementor-widget-divider\" data-id=\"6812aa7\" data-element_type=\"widget\" data-e-type=\"widget\" data-widget_type=\"divider.default\">\n\t\t\t\t\t\t\t<div class=\"elementor-divider\">\n\t\t\t<span class=\"elementor-divider-separator\">\n\t\t\t\t\t\t<\/span>\n\t\t<\/div>\n\t\t\t\t\t\t<\/div>\n\t\t\t\t<\/div>\n\t\t<div class=\"elementor-element elementor-element-09aeee5 e-con-full e-flex e-con e-child\" data-id=\"09aeee5\" data-element_type=\"container\" data-e-type=\"container\">\n\t\t<div class=\"elementor-element elementor-element-acc66d3 e-con-full e-flex e-con e-child\" data-id=\"acc66d3\" data-element_type=\"container\" data-e-type=\"container\">\n\t\t<div class=\"elementor-element elementor-element-cc4e994 e-con-full e-flex e-con e-child\" data-id=\"cc4e994\" data-element_type=\"container\" data-e-type=\"container\">\n\t\t\t\t<div class=\"elementor-element elementor-element-bfc3cbd elementor-widget elementor-widget-image\" data-id=\"bfc3cbd\" data-element_type=\"widget\" data-e-type=\"widget\" data-widget_type=\"image.default\">\n\t\t\t\t\t\t\t\t\t\t\t\t\t\t\t<img loading=\"lazy\" decoding=\"async\" width=\"2048\" height=\"1366\" src=\"https:\/\/pelvyra.com\/wp-content\/uploads\/2026\/03\/EU.jpg\" class=\"attachment-full size-full wp-image-26660\" alt=\"\" srcset=\"https:\/\/pelvyra.com\/wp-content\/uploads\/2026\/03\/EU.jpg 2048w, https:\/\/pelvyra.com\/wp-content\/uploads\/2026\/03\/EU-300x200.jpg 300w, https:\/\/pelvyra.com\/wp-content\/uploads\/2026\/03\/EU-1024x683.jpg 1024w, https:\/\/pelvyra.com\/wp-content\/uploads\/2026\/03\/EU-768x512.jpg 768w, https:\/\/pelvyra.com\/wp-content\/uploads\/2026\/03\/EU-1536x1025.jpg 1536w, https:\/\/pelvyra.com\/wp-content\/uploads\/2026\/03\/EU-600x400.jpg 600w\" sizes=\"(max-width: 2048px) 100vw, 2048px\" \/>\t\t\t\t\t\t\t\t\t\t\t\t\t\t\t<\/div>\n\t\t\t\t<\/div>\n\t\t\t\t<div class=\"elementor-element elementor-element-518c4bf elementor-widget elementor-widget-heading\" data-id=\"518c4bf\" data-element_type=\"widget\" data-e-type=\"widget\" data-widget_type=\"heading.default\">\n\t\t\t\t\t<h2 class=\"elementor-heading-title elementor-size-default\">Envoi vers l'UE<\/h2>\t\t\t\t<\/div>\n\t\t\t\t<\/div>\n\t\t<div class=\"elementor-element elementor-element-61cfcaf e-con-full e-flex e-con e-child\" data-id=\"61cfcaf\" data-element_type=\"container\" data-e-type=\"container\">\n\t\t\t\t<div class=\"elementor-element elementor-element-478c38a elementor-widget elementor-widget-image\" data-id=\"478c38a\" data-element_type=\"widget\" data-e-type=\"widget\" data-widget_type=\"image.default\">\n\t\t\t\t\t\t\t\t\t\t\t\t\t\t\t<img loading=\"lazy\" decoding=\"async\" width=\"1280\" height=\"1519\" src=\"https:\/\/pelvyra.com\/wp-content\/uploads\/2026\/03\/United_Parcel_Service_logo_2014.png\" class=\"attachment-full size-full wp-image-26649\" alt=\"\" srcset=\"https:\/\/pelvyra.com\/wp-content\/uploads\/2026\/03\/United_Parcel_Service_logo_2014.png 1280w, https:\/\/pelvyra.com\/wp-content\/uploads\/2026\/03\/United_Parcel_Service_logo_2014-253x300.png 253w, https:\/\/pelvyra.com\/wp-content\/uploads\/2026\/03\/United_Parcel_Service_logo_2014-863x1024.png 863w, https:\/\/pelvyra.com\/wp-content\/uploads\/2026\/03\/United_Parcel_Service_logo_2014-768x911.png 768w, https:\/\/pelvyra.com\/wp-content\/uploads\/2026\/03\/United_Parcel_Service_logo_2014-600x712.png 600w\" sizes=\"(max-width: 1280px) 100vw, 1280px\" \/>\t\t\t\t\t\t\t\t\t\t\t\t\t\t\t<\/div>\n\t\t\t\t<div class=\"elementor-element elementor-element-697c228 elementor-widget elementor-widget-text-editor\" data-id=\"697c228\" data-element_type=\"widget\" data-e-type=\"widget\" data-widget_type=\"text-editor.default\">\n\t\t\t\t\t\t\t\t\t<p>\u20ac 14,- \/ livraison <br><br>D\u00e9lai de livraison : 1-9 jours selon la r\u00e9gion<\/p>\t\t\t\t\t\t\t\t<\/div>\n\t\t\t\t<\/div>\n\t\t\t\t<\/div>\n\t\t\t\t\t<\/div>\n\t\t\t\t<\/div>\n\t\t<div class=\"elementor-element elementor-element-437f602 e-flex e-con-boxed e-con e-parent\" data-id=\"437f602\" data-element_type=\"container\" data-e-type=\"container\">\n\t\t\t\t\t<div class=\"e-con-inner\">\n\t\t\t\t<div class=\"elementor-element elementor-element-71c9864 elementor-widget elementor-widget-text-editor\" data-id=\"71c9864\" data-element_type=\"widget\" data-e-type=\"widget\" data-widget_type=\"text-editor.default\">\n\t\t\t\t\t\t\t\t\t<p><strong>Merci de comprendre que nous ne pouvons pas envoyer aux stations d&#8217;emballage.<\/strong><\/p>\n<p>Veuillez noter que nous ne proposons actuellement pas d&rsquo;envoi vers les r\u00e9gions suivantes :<br>\u00celes espagnoles (par ex. \u00eeles Canaries, Bal\u00e9ares)<br>\u00celes portugaises (par ex. Mad\u00e8re, A\u00e7ores)<br>\u00celes allemandes (par ex. Par exemple Helgoland, \u00eeles de la Frise du Nord)<br>\u00celes italiennes (par exemple Sicile, Sardaigne)<br>DOM-TOM et \u00eeles fran\u00e7aises (par exemple Corse, R\u00e9union)<br>\u00celes grecques (par exemple Cr\u00e8te, Rhodes)<\/p>\n<p>Si ta r\u00e9gion ne figure pas dans la liste ci-dessus et que tu n&rsquo;es pas s\u00fbr(e), contacte-nous avant de passer commande.<\/p>\n<p>Le calcul des frais de livraison n&rsquo;est disponible que si tu as quelque chose dans ton panier.<\/p>\t\t\t\t\t\t\t\t<\/div>\n\t\t\t\t\t<\/div>\n\t\t\t\t<\/div>\n\t\t\t\t<\/div>\n\t\t","protected":false},"excerpt":{"rendered":"<p>Frais d&rsquo;exp\u00e9dition &amp; d\u00e9lais de livraison Envoi vers AT 6,90 \u20ac \/ livraison (livraison gratuite \u00e0 partir de 50\u20ac) D\u00e9lai de livraison : 1-3 jours Envoi vers DE \u20ac 8,90 \/ livraison (livraison gratuite \u00e0 partir de 50\u20ac) D\u00e9lai de livraison : 1-3 jours \u20ac 10,90 \/ livraison D\u00e9lai de livraison : 3-5 jours Envoi [&hellip;]<\/p>\n","protected":false},"author":3,"featured_media":0,"parent":0,"menu_order":0,"comment_status":"closed","ping_status":"closed","template":"","meta":{"footnotes":""},"class_list":["post-15437","page","type-page","status-publish","hentry"],"_links":{"self":[{"href":"https:\/\/pelvyra.com\/fr\/wp-json\/wp\/v2\/pages\/15437","targetHints":{"allow":["GET"]}}],"collection":[{"href":"https:\/\/pelvyra.com\/fr\/wp-json\/wp\/v2\/pages"}],"about":[{"href":"https:\/\/pelvyra.com\/fr\/wp-json\/wp\/v2\/types\/page"}],"author":[{"embeddable":true,"href":"https:\/\/pelvyra.com\/fr\/wp-json\/wp\/v2\/users\/3"}],"replies":[{"embeddable":true,"href":"https:\/\/pelvyra.com\/fr\/wp-json\/wp\/v2\/comments?post=15437"}],"version-history":[{"count":3,"href":"https:\/\/pelvyra.com\/fr\/wp-json\/wp\/v2\/pages\/15437\/revisions"}],"predecessor-version":[{"id":27767,"href":"https:\/\/pelvyra.com\/fr\/wp-json\/wp\/v2\/pages\/15437\/revisions\/27767"}],"wp:attachment":[{"href":"https:\/\/pelvyra.com\/fr\/wp-json\/wp\/v2\/media?parent=15437"}],"curies":[{"name":"wp","href":"https:\/\/api.w.org\/{rel}","templated":true}]}}