{"id":15226,"date":"2024-05-22T13:34:51","date_gmt":"2024-05-22T11:34:51","guid":{"rendered":"https:\/\/pelvyra.com\/qui-sommes-nous\/"},"modified":"2026-03-17T19:25:49","modified_gmt":"2026-03-17T18:25:49","slug":"qui-sommes-nous","status":"publish","type":"page","link":"https:\/\/pelvyra.com\/fr\/qui-sommes-nous\/","title":{"rendered":"Qui sommes-nous ?"},"content":{"rendered":"\t\t<div data-elementor-type=\"wp-page\" data-elementor-id=\"15226\" class=\"elementor elementor-15226 elementor-351\" data-elementor-post-type=\"page\">\n\t\t\t\t<div class=\"elementor-element elementor-element-cd0ca90 e-flex e-con-boxed e-con e-parent\" data-id=\"cd0ca90\" data-element_type=\"container\" data-e-type=\"container\" data-settings=\"{&quot;background_background&quot;:&quot;classic&quot;}\">\n\t\t\t\t\t<div class=\"e-con-inner\">\n\t\t<div class=\"elementor-element elementor-element-1036f43 e-con-full e-flex e-con e-child\" data-id=\"1036f43\" data-element_type=\"container\" data-e-type=\"container\" data-settings=\"{&quot;background_background&quot;:&quot;classic&quot;}\">\n\t\t<div class=\"elementor-element elementor-element-31a6742 e-con-full e-flex e-con e-child\" data-id=\"31a6742\" data-element_type=\"container\" data-e-type=\"container\">\n\t\t\t\t<div class=\"elementor-element elementor-element-5127875 elementor-widget elementor-widget-heading\" data-id=\"5127875\" data-element_type=\"widget\" data-e-type=\"widget\" data-widget_type=\"heading.default\">\n\t\t\t\t\t<h1 class=\"elementor-heading-title elementor-size-default\">A propos de nous<\/h1>\t\t\t\t<\/div>\n\t\t\t\t<\/div>\n\t\t\t\t<\/div>\n\t\t\t\t\t<\/div>\n\t\t\t\t<\/div>\n\t\t<div class=\"elementor-element elementor-element-e2d57a3 e-flex e-con-boxed e-con e-parent\" data-id=\"e2d57a3\" data-element_type=\"container\" data-e-type=\"container\">\n\t\t\t\t\t<div class=\"e-con-inner\">\n\t\t<div class=\"elementor-element elementor-element-9b4598b e-con-full e-flex e-con e-child\" data-id=\"9b4598b\" data-element_type=\"container\" data-e-type=\"container\">\n\t\t\t\t<div class=\"elementor-element elementor-element-d3c3cc3 elementor-widget elementor-widget-heading\" data-id=\"d3c3cc3\" data-element_type=\"widget\" data-e-type=\"widget\" data-widget_type=\"heading.default\">\n\t\t\t\t\t<h2 class=\"elementor-heading-title elementor-size-default\">Qui sommes-nous ?<\/h2>\t\t\t\t<\/div>\n\t\t<div class=\"elementor-element elementor-element-945f5c9 e-con-full e-flex e-con e-child\" data-id=\"945f5c9\" data-element_type=\"container\" data-e-type=\"container\">\n\t\t\t\t<div class=\"elementor-element elementor-element-a12b75c elementor-widget elementor-widget-text-editor\" data-id=\"a12b75c\" data-element_type=\"widget\" data-e-type=\"widget\" data-widget_type=\"text-editor.default\">\n\t\t\t\t\t\t\t\t\t<p class=\"font-claude-response-body break-words whitespace-normal leading-[1.7]\"><strong>Sanubiom GmbH<\/strong> est une entreprise de cosm\u00e9tiques situ\u00e9e au c\u0153ur des Alpes dans le Tyrol, en Autriche, qui allie science et soins de la peau. Depuis 2010, nous \u00e9tudions les interactions entre les bact\u00e9ries et les bact\u00e9riophages &#8211; et d\u00e9veloppons \u00e0 partir de l\u00e0 des produits qui soutiennent l&rsquo;\u00e9quilibre naturel de la peau. <\/p>\n<p class=\"font-claude-response-body break-words whitespace-normal leading-[1.7]\">Notre recherche est le fruit d&rsquo;une collaboration avec l&rsquo;Universit\u00e9 de m\u00e9decine d&rsquo;Innsbruck et des partenaires scientifiques internationaux &#8211; pour des cosm\u00e9tiques auxquels on peut faire confiance.<\/p>\t\t\t\t\t\t\t\t<\/div>\n\t\t\t\t<\/div>\n\t\t\t\t<\/div>\n\t\t\t\t\t<\/div>\n\t\t\t\t<\/div>\n\t\t<div class=\"elementor-element elementor-element-6f9b5c9 e-flex e-con-boxed e-con e-parent\" data-id=\"6f9b5c9\" data-element_type=\"container\" data-e-type=\"container\">\n\t\t\t\t\t<div class=\"e-con-inner\">\n\t\t<div class=\"elementor-element elementor-element-63e8462 e-con-full e-flex e-con e-child\" data-id=\"63e8462\" data-element_type=\"container\" data-e-type=\"container\">\n\t\t\t\t<div class=\"elementor-element elementor-element-858ac4e elementor-widget elementor-widget-image\" data-id=\"858ac4e\" data-element_type=\"widget\" data-e-type=\"widget\" data-widget_type=\"image.default\">\n\t\t\t\t\t\t\t\t\t\t\t\t\t\t\t<img fetchpriority=\"high\" decoding=\"async\" width=\"800\" height=\"416\" src=\"https:\/\/pelvyra.com\/wp-content\/uploads\/2026\/03\/beat-the-street-01-baumit-1024x533.jpg\" class=\"attachment-large size-large wp-image-27317\" alt=\"\" srcset=\"https:\/\/pelvyra.com\/wp-content\/uploads\/2026\/03\/beat-the-street-01-baumit-1024x533.jpg 1024w, https:\/\/pelvyra.com\/wp-content\/uploads\/2026\/03\/beat-the-street-01-baumit-300x156.jpg 300w, https:\/\/pelvyra.com\/wp-content\/uploads\/2026\/03\/beat-the-street-01-baumit-768x400.jpg 768w, https:\/\/pelvyra.com\/wp-content\/uploads\/2026\/03\/beat-the-street-01-baumit-1536x799.jpg 1536w, https:\/\/pelvyra.com\/wp-content\/uploads\/2026\/03\/beat-the-street-01-baumit-2048x1066.jpg 2048w, https:\/\/pelvyra.com\/wp-content\/uploads\/2026\/03\/beat-the-street-01-baumit-600x312.jpg 600w\" sizes=\"(max-width: 800px) 100vw, 800px\" \/>\t\t\t\t\t\t\t\t\t\t\t\t\t\t\t<\/div>\n\t\t\t\t<\/div>\n\t\t<div class=\"elementor-element elementor-element-413b6db e-con-full e-flex e-con e-child\" data-id=\"413b6db\" data-element_type=\"container\" data-e-type=\"container\">\n\t\t\t\t<div class=\"elementor-element elementor-element-8e01821 elementor-widget elementor-widget-heading\" data-id=\"8e01821\" data-element_type=\"widget\" data-e-type=\"widget\" data-widget_type=\"heading.default\">\n\t\t\t\t\t<h2 class=\"elementor-heading-title elementor-size-default\">Notre motivation<\/h2>\t\t\t\t<\/div>\n\t\t\t\t<div class=\"elementor-element elementor-element-22830a2 elementor-widget elementor-widget-text-editor\" data-id=\"22830a2\" data-element_type=\"widget\" data-e-type=\"widget\" data-widget_type=\"text-editor.default\">\n\t\t\t\t\t\t\t\t\t<p class=\"font-claude-response-body break-words whitespace-normal leading-[1.7]\">Derri\u00e8re Sanubiom se cache une histoire personnelle. Le diagnostic de la dermatite atopique et le long calvaire qui l&rsquo;accompagne nous ont pouss\u00e9s \u00e0 chercher de v\u00e9ritables alternatives au traitement m\u00e9dicamenteux classique. <\/p>\n<p class=\"font-claude-response-body break-words whitespace-normal leading-[1.7]\">Nous avons trouv\u00e9 ce que nous cherchions dans la th\u00e9rapie par les phages &#8211; une m\u00e9thode utilis\u00e9e avec succ\u00e8s en Europe de l&rsquo;Est depuis des d\u00e9cennies et qui soutient l&rsquo;\u00e9quilibre naturel de la peau en douceur.<\/p>\n<p class=\"font-claude-response-body break-words whitespace-normal leading-[1.7]\">Cette connaissance, associ\u00e9e \u00e0 des ann\u00e9es de recherche et de d\u00e9veloppement, est la base de nos produits SkinCare. Et c&rsquo;est exactement ce que nous voulons partager avec toi. <\/p>\t\t\t\t\t\t\t\t<\/div>\n\t\t\t\t<\/div>\n\t\t\t\t\t<\/div>\n\t\t\t\t<\/div>\n\t\t<div class=\"elementor-element elementor-element-97b15ae e-flex e-con-boxed e-con e-parent\" data-id=\"97b15ae\" data-element_type=\"container\" data-e-type=\"container\">\n\t\t\t\t\t<div class=\"e-con-inner\">\n\t\t\t\t<div class=\"elementor-element elementor-element-8036cf4 elementor-widget elementor-widget-heading\" data-id=\"8036cf4\" data-element_type=\"widget\" data-e-type=\"widget\" data-widget_type=\"heading.default\">\n\t\t\t\t\t<h2 class=\"elementor-heading-title elementor-size-default\">Notre \u00e9quipe<\/h2>\t\t\t\t<\/div>\n\t\t<div class=\"elementor-element elementor-element-5412607 e-con-full e-flex e-con e-child\" data-id=\"5412607\" data-element_type=\"container\" data-e-type=\"container\">\n\t\t<div class=\"elementor-element elementor-element-ba9bc9f e-con-full e-flex e-con e-child\" data-id=\"ba9bc9f\" data-element_type=\"container\" data-e-type=\"container\">\n\t\t\t\t<div class=\"elementor-element elementor-element-fd9f3aa elementor-position-top elementor-widget elementor-widget-image-box\" data-id=\"fd9f3aa\" data-element_type=\"widget\" data-e-type=\"widget\" data-widget_type=\"image-box.default\">\n\t\t\t\t\t<div class=\"elementor-image-box-wrapper\"><figure class=\"elementor-image-box-img\"><img decoding=\"async\" width=\"612\" height=\"612\" src=\"https:\/\/pelvyra.com\/wp-content\/uploads\/2026\/03\/grey-portrait.jpg\" class=\"attachment-full size-full wp-image-27451\" alt=\"\" srcset=\"https:\/\/pelvyra.com\/wp-content\/uploads\/2026\/03\/grey-portrait.jpg 612w, https:\/\/pelvyra.com\/wp-content\/uploads\/2026\/03\/grey-portrait-300x300.jpg 300w, https:\/\/pelvyra.com\/wp-content\/uploads\/2026\/03\/grey-portrait-150x150.jpg 150w, https:\/\/pelvyra.com\/wp-content\/uploads\/2026\/03\/grey-portrait-600x600.jpg 600w, https:\/\/pelvyra.com\/wp-content\/uploads\/2026\/03\/grey-portrait-100x100.jpg 100w\" sizes=\"(max-width: 612px) 100vw, 612px\" \/><\/figure><div class=\"elementor-image-box-content\"><h3 class=\"elementor-image-box-title\">Ulrike<\/h3><\/div><\/div>\t\t\t\t<\/div>\n\t\t\t\t<\/div>\n\t\t<div class=\"elementor-element elementor-element-c4a3eac e-con-full e-flex e-con e-child\" data-id=\"c4a3eac\" data-element_type=\"container\" data-e-type=\"container\">\n\t\t\t\t<div class=\"elementor-element elementor-element-f22e8c9 elementor-position-top elementor-widget elementor-widget-image-box\" data-id=\"f22e8c9\" data-element_type=\"widget\" data-e-type=\"widget\" data-widget_type=\"image-box.default\">\n\t\t\t\t\t<div class=\"elementor-image-box-wrapper\"><figure class=\"elementor-image-box-img\"><img decoding=\"async\" width=\"612\" height=\"612\" src=\"https:\/\/pelvyra.com\/wp-content\/uploads\/2026\/03\/grey-portrait.jpg\" class=\"attachment-full size-full wp-image-27451\" alt=\"\" srcset=\"https:\/\/pelvyra.com\/wp-content\/uploads\/2026\/03\/grey-portrait.jpg 612w, https:\/\/pelvyra.com\/wp-content\/uploads\/2026\/03\/grey-portrait-300x300.jpg 300w, https:\/\/pelvyra.com\/wp-content\/uploads\/2026\/03\/grey-portrait-150x150.jpg 150w, https:\/\/pelvyra.com\/wp-content\/uploads\/2026\/03\/grey-portrait-600x600.jpg 600w, https:\/\/pelvyra.com\/wp-content\/uploads\/2026\/03\/grey-portrait-100x100.jpg 100w\" sizes=\"(max-width: 612px) 100vw, 612px\" \/><\/figure><div class=\"elementor-image-box-content\"><h3 class=\"elementor-image-box-title\">Oliver<\/h3><\/div><\/div>\t\t\t\t<\/div>\n\t\t\t\t<\/div>\n\t\t<div class=\"elementor-element elementor-element-3f3d6dc e-con-full e-flex e-con e-child\" data-id=\"3f3d6dc\" data-element_type=\"container\" data-e-type=\"container\">\n\t\t\t\t<div class=\"elementor-element elementor-element-2b5925c elementor-position-top elementor-widget elementor-widget-image-box\" data-id=\"2b5925c\" data-element_type=\"widget\" data-e-type=\"widget\" data-widget_type=\"image-box.default\">\n\t\t\t\t\t<div class=\"elementor-image-box-wrapper\"><figure class=\"elementor-image-box-img\"><img decoding=\"async\" width=\"612\" height=\"612\" src=\"https:\/\/pelvyra.com\/wp-content\/uploads\/2026\/03\/grey-portrait.jpg\" class=\"attachment-full size-full wp-image-27451\" alt=\"\" srcset=\"https:\/\/pelvyra.com\/wp-content\/uploads\/2026\/03\/grey-portrait.jpg 612w, https:\/\/pelvyra.com\/wp-content\/uploads\/2026\/03\/grey-portrait-300x300.jpg 300w, https:\/\/pelvyra.com\/wp-content\/uploads\/2026\/03\/grey-portrait-150x150.jpg 150w, https:\/\/pelvyra.com\/wp-content\/uploads\/2026\/03\/grey-portrait-600x600.jpg 600w, https:\/\/pelvyra.com\/wp-content\/uploads\/2026\/03\/grey-portrait-100x100.jpg 100w\" sizes=\"(max-width: 612px) 100vw, 612px\" \/><\/figure><div class=\"elementor-image-box-content\"><h3 class=\"elementor-image-box-title\">Christian<\/h3><\/div><\/div>\t\t\t\t<\/div>\n\t\t\t\t<\/div>\n\t\t<div class=\"elementor-element elementor-element-f09a7fc e-con-full e-flex e-con e-child\" data-id=\"f09a7fc\" data-element_type=\"container\" data-e-type=\"container\">\n\t\t\t\t<div class=\"elementor-element elementor-element-47df34e elementor-position-top elementor-widget elementor-widget-image-box\" data-id=\"47df34e\" data-element_type=\"widget\" data-e-type=\"widget\" data-widget_type=\"image-box.default\">\n\t\t\t\t\t<div class=\"elementor-image-box-wrapper\"><figure class=\"elementor-image-box-img\"><img decoding=\"async\" width=\"892\" height=\"892\" src=\"https:\/\/pelvyra.com\/wp-content\/uploads\/2026\/03\/balu1.jpg\" class=\"attachment-full size-full wp-image-27488\" alt=\"\" srcset=\"https:\/\/pelvyra.com\/wp-content\/uploads\/2026\/03\/balu1.jpg 892w, https:\/\/pelvyra.com\/wp-content\/uploads\/2026\/03\/balu1-300x300.jpg 300w, https:\/\/pelvyra.com\/wp-content\/uploads\/2026\/03\/balu1-150x150.jpg 150w, https:\/\/pelvyra.com\/wp-content\/uploads\/2026\/03\/balu1-768x768.jpg 768w, https:\/\/pelvyra.com\/wp-content\/uploads\/2026\/03\/balu1-600x600.jpg 600w, https:\/\/pelvyra.com\/wp-content\/uploads\/2026\/03\/balu1-100x100.jpg 100w\" sizes=\"(max-width: 892px) 100vw, 892px\" \/><\/figure><div class=\"elementor-image-box-content\"><h3 class=\"elementor-image-box-title\">Balu<\/h3><\/div><\/div>\t\t\t\t<\/div>\n\t\t\t\t<\/div>\n\t\t\t\t<\/div>\n\t\t\t\t\t<\/div>\n\t\t\t\t<\/div>\n\t\t<div class=\"elementor-element elementor-element-f11f72f e-flex e-con-boxed e-con e-parent\" data-id=\"f11f72f\" data-element_type=\"container\" data-e-type=\"container\">\n\t\t\t\t\t<div class=\"e-con-inner\">\n\t\t<div class=\"elementor-element elementor-element-87ed26c e-con-full e-flex e-con e-child\" data-id=\"87ed26c\" data-element_type=\"container\" data-e-type=\"container\">\n\t\t\t\t<div class=\"elementor-element elementor-element-feecdad elementor-widget elementor-widget-heading\" data-id=\"feecdad\" data-element_type=\"widget\" data-e-type=\"widget\" data-widget_type=\"heading.default\">\n\t\t\t\t\t<h2 class=\"elementor-heading-title elementor-size-default\">Cosm\u00e9tiques avec des bact\u00e9riophages : pionniers de la recherche et du d\u00e9veloppement<\/h2>\t\t\t\t<\/div>\n\t\t<div class=\"elementor-element elementor-element-1ca3e4b e-con-full e-flex e-con e-child\" data-id=\"1ca3e4b\" data-element_type=\"container\" data-e-type=\"container\">\n\t\t\t\t<div class=\"elementor-element elementor-element-0d7e27e elementor-widget elementor-widget-text-editor\" data-id=\"0d7e27e\" data-element_type=\"widget\" data-e-type=\"widget\" data-widget_type=\"text-editor.default\">\n\t\t\t\t\t\t\t\t\t<div>\n<div class=\"standard-markdown grid-cols-1 grid [&amp;_&gt;_*]:min-w-0 gap-3\">\n<p class=\"font-claude-response-body break-words whitespace-normal leading-[1.7]\">Nous sommes la premi\u00e8re marque de cosm\u00e9tiques au monde \u00e0 int\u00e9grer la technologie des bact\u00e9riophages dans nos produits. Ce qui est d\u00e9j\u00e0 r\u00e9volutionnaire en m\u00e9decine, nous l&rsquo;introduisons dans les soins quotidiens de la peau &#8211; scientifiquement fond\u00e9, soigneusement d\u00e9velopp\u00e9 et efficace. <\/p>\n<\/div>\n<\/div>\t\t\t\t\t\t\t\t<\/div>\n\t\t\t\t<\/div>\n\t\t\t\t<\/div>\n\t\t<div class=\"elementor-element elementor-element-95bf99b e-con-full e-flex e-con e-child\" data-id=\"95bf99b\" data-element_type=\"container\" data-e-type=\"container\">\n\t\t\t\t<div class=\"elementor-element elementor-element-b529b25 elementor-widget elementor-widget-heading\" data-id=\"b529b25\" data-element_type=\"widget\" data-e-type=\"widget\" data-widget_type=\"heading.default\">\n\t\t\t\t\t<h2 class=\"elementor-heading-title elementor-size-default\">Que sont les bact\u00e9riophages ?\n<\/h2>\t\t\t\t<\/div>\n\t\t<div class=\"elementor-element elementor-element-701ab91 e-con-full e-flex e-con e-child\" data-id=\"701ab91\" data-element_type=\"container\" data-e-type=\"container\">\n\t\t\t\t<div class=\"elementor-element elementor-element-f71dc05 elementor-widget elementor-widget-text-editor\" data-id=\"f71dc05\" data-element_type=\"widget\" data-e-type=\"widget\" data-widget_type=\"text-editor.default\">\n\t\t\t\t\t\t\t\t\t<div class=\"standard-markdown grid-cols-1 grid [&amp;_&gt;_*]:min-w-0 gap-3\">\n<p class=\"font-claude-response-body break-words whitespace-normal leading-[1.7]\">Les bact\u00e9riophages sont des virus naturels qui attaquent de mani\u00e8re cibl\u00e9e certaines bact\u00e9ries &#8211; sans affecter les cellules saines. Dans les soins de la peau, nous utilisons cette pr\u00e9cision pour soutenir de mani\u00e8re cibl\u00e9e l&rsquo;\u00e9quilibre de la flore cutan\u00e9e : les bact\u00e9ries nocives sont r\u00e9duites, le microbiome naturel est pr\u00e9serv\u00e9. <\/p>\n<\/div>\t\t\t\t\t\t\t\t<\/div>\n\t\t\t\t<\/div>\n\t\t\t\t<\/div>\n\t\t\t\t\t<\/div>\n\t\t\t\t<\/div>\n\t\t<div class=\"elementor-element elementor-element-69e599c e-flex e-con-boxed e-con e-parent\" data-id=\"69e599c\" data-element_type=\"container\" data-e-type=\"container\">\n\t\t\t\t\t<div class=\"e-con-inner\">\n\t\t<div class=\"elementor-element elementor-element-1ebc574 e-con-full e-flex e-con e-child\" data-id=\"1ebc574\" data-element_type=\"container\" data-e-type=\"container\">\n\t\t\t\t<div class=\"elementor-element elementor-element-9d4c645 elementor-widget elementor-widget-image\" data-id=\"9d4c645\" data-element_type=\"widget\" data-e-type=\"widget\" data-widget_type=\"image.default\">\n\t\t\t\t\t\t\t\t\t\t\t\t\t\t\t<img loading=\"lazy\" decoding=\"async\" width=\"800\" height=\"490\" src=\"https:\/\/pelvyra.com\/wp-content\/uploads\/2026\/03\/teaser_ueber-uns-1024x627.jpg\" class=\"attachment-large size-large wp-image-27305\" alt=\"\" srcset=\"https:\/\/pelvyra.com\/wp-content\/uploads\/2026\/03\/teaser_ueber-uns-1024x627.jpg 1024w, https:\/\/pelvyra.com\/wp-content\/uploads\/2026\/03\/teaser_ueber-uns-300x184.jpg 300w, https:\/\/pelvyra.com\/wp-content\/uploads\/2026\/03\/teaser_ueber-uns-768x470.jpg 768w, https:\/\/pelvyra.com\/wp-content\/uploads\/2026\/03\/teaser_ueber-uns-1536x940.jpg 1536w, https:\/\/pelvyra.com\/wp-content\/uploads\/2026\/03\/teaser_ueber-uns-600x367.jpg 600w, https:\/\/pelvyra.com\/wp-content\/uploads\/2026\/03\/teaser_ueber-uns.jpg 1569w\" sizes=\"(max-width: 800px) 100vw, 800px\" \/>\t\t\t\t\t\t\t\t\t\t\t\t\t\t\t<\/div>\n\t\t\t\t<\/div>\n\t\t<div class=\"elementor-element elementor-element-4e8079d e-con-full e-flex e-con e-child\" data-id=\"4e8079d\" data-element_type=\"container\" data-e-type=\"container\">\n\t\t\t\t<div class=\"elementor-element elementor-element-63bb53a elementor-widget elementor-widget-heading\" data-id=\"63bb53a\" data-element_type=\"widget\" data-e-type=\"widget\" data-widget_type=\"heading.default\">\n\t\t\t\t\t<h2 class=\"elementor-heading-title elementor-size-default\">Une recherche qui fait bouger les choses<\/h2>\t\t\t\t<\/div>\n\t\t\t\t<div class=\"elementor-element elementor-element-2b74c70 elementor-widget elementor-widget-text-editor\" data-id=\"2b74c70\" data-element_type=\"widget\" data-e-type=\"widget\" data-widget_type=\"text-editor.default\">\n\t\t\t\t\t\t\t\t\t<p class=\"font-claude-response-body break-words whitespace-normal leading-[1.7]\">Nos scientifiques travaillent en \u00e9troite collaboration avec des instituts de recherche internationaux pour d\u00e9velopper en permanence les possibilit\u00e9s de la technologie des bact\u00e9riophages. Le r\u00e9sultat : des produits qui n&rsquo;agissent pas seulement en surface, mais qui agissent l\u00e0 o\u00f9 les probl\u00e8mes de peau apparaissent r\u00e9ellement. <\/p>\t\t\t\t\t\t\t\t<\/div>\n\t\t\t\t<\/div>\n\t\t\t\t\t<\/div>\n\t\t\t\t<\/div>\n\t\t<div class=\"elementor-element elementor-element-909404a e-flex e-con-boxed e-con e-parent\" data-id=\"909404a\" data-element_type=\"container\" data-e-type=\"container\">\n\t\t\t\t\t<div class=\"e-con-inner\">\n\t\t<div class=\"elementor-element elementor-element-c62b198 e-con-full e-flex e-con e-child\" data-id=\"c62b198\" data-element_type=\"container\" data-e-type=\"container\">\n\t\t\t\t<div class=\"elementor-element elementor-element-0cd91bb elementor-widget elementor-widget-heading\" data-id=\"0cd91bb\" data-element_type=\"widget\" data-e-type=\"widget\" data-widget_type=\"heading.default\">\n\t\t\t\t\t<h2 class=\"elementor-heading-title elementor-size-default\">Notre technologie\n<\/h2>\t\t\t\t<\/div>\n\t\t<div class=\"elementor-element elementor-element-05002f7 e-con-full e-flex e-con e-child\" data-id=\"05002f7\" data-element_type=\"container\" data-e-type=\"container\">\n\t\t\t\t<div class=\"elementor-element elementor-element-149b21b elementor-widget elementor-widget-text-editor\" data-id=\"149b21b\" data-element_type=\"widget\" data-e-type=\"widget\" data-widget_type=\"text-editor.default\">\n\t\t\t\t\t\t\t\t\t<div class=\"standard-markdown grid-cols-1 grid [&amp;_&gt;_*]:min-w-0 gap-3\">\n<p class=\"font-claude-response-body break-words whitespace-normal leading-[1.7]\">La sant\u00e9 de ta peau commence de mani\u00e8re invisible &#8211; dans le microbiome cutan\u00e9. Si cet \u00e9quilibre se d\u00e9r\u00e8gle, certaines bact\u00e9ries comme <em>Staphylococcus aureus<\/em>, <em>Pseudomonas aeruginosa<\/em> ou <em>Streptococcus<\/em> peuvent d\u00e9clencher ou aggraver des probl\u00e8mes de peau comme la dermatite atopique, la rosac\u00e9e ou l&rsquo;acn\u00e9. <\/p>\n<p class=\"font-claude-response-body break-words whitespace-normal leading-[1.7]\">C&rsquo;est l\u00e0 qu&rsquo;intervient notre Phage Technology : Elle combat ces bact\u00e9ries probl\u00e9matiques de mani\u00e8re cibl\u00e9e &#8211; avec pr\u00e9cision, efficacit\u00e9 et sans affecter le microbiome sain. Pas d&rsquo;effet \u00e0 large spectre, mais un \u00e9quilibre cibl\u00e9. <\/p>\n<\/div>\t\t\t\t\t\t\t\t<\/div>\n\t\t\t\t<\/div>\n\t\t\t\t<\/div>\n\t\t<div class=\"elementor-element elementor-element-1f7acf9 e-con-full e-flex e-con e-child\" data-id=\"1f7acf9\" data-element_type=\"container\" data-e-type=\"container\">\n\t\t\t\t<div class=\"elementor-element elementor-element-fe2f039 elementor-widget elementor-widget-heading\" data-id=\"fe2f039\" data-element_type=\"widget\" data-e-type=\"widget\" data-widget_type=\"heading.default\">\n\t\t\t\t\t<h2 class=\"elementor-heading-title elementor-size-default\">Notre promesse\n<\/h2>\t\t\t\t<\/div>\n\t\t<div class=\"elementor-element elementor-element-3d45093 e-con-full e-flex e-con e-child\" data-id=\"3d45093\" data-element_type=\"container\" data-e-type=\"container\">\n\t\t\t\t<div class=\"elementor-element elementor-element-442ae5f elementor-widget elementor-widget-text-editor\" data-id=\"442ae5f\" data-element_type=\"widget\" data-e-type=\"widget\" data-widget_type=\"text-editor.default\">\n\t\t\t\t\t\t\t\t\t<div class=\"standard-markdown grid-cols-1 grid [&amp;_&gt;_*]:min-w-0 gap-3\">\n<p class=\"font-claude-response-body break-words whitespace-normal leading-[1.7]\">Nous sommes synonymes de cosm\u00e9tiques auxquels tu peux faire confiance &#8211; sans compromis sur les ingr\u00e9dients ou l&rsquo;efficacit\u00e9. Nos produits sont exempts de silicones, de parab\u00e8nes, de paraffines, de PEG, de PAK, d&rsquo;aluminium et de microplastiques &#8211; et bien s\u00fbr sans cortisone. <\/p>\n<\/div>\t\t\t\t\t\t\t\t<\/div>\n\t\t\t\t<\/div>\n\t\t\t\t<\/div>\n\t\t\t\t\t<\/div>\n\t\t\t\t<\/div>\n\t\t<div class=\"elementor-element elementor-element-8f53c18 e-flex e-con-boxed e-con e-parent\" data-id=\"8f53c18\" data-element_type=\"container\" data-e-type=\"container\">\n\t\t\t\t\t<div class=\"e-con-inner\">\n\t\t\t\t<div class=\"elementor-element elementor-element-4bcae4b elementor-widget elementor-widget-video\" data-id=\"4bcae4b\" data-element_type=\"widget\" data-e-type=\"widget\" data-settings=\"{&quot;youtube_url&quot;:&quot;https:\\\/\\\/www.youtube.com\\\/watch?v=EZhddeZ_cfE&amp;embeds_referring_euri=https%3A%2F%2Fwww.sanubiom.com%2F&amp;source_ve_path=Mjg2NjY&quot;,&quot;video_type&quot;:&quot;youtube&quot;,&quot;controls&quot;:&quot;yes&quot;}\" data-widget_type=\"video.default\">\n\t\t\t\t\t\t\t<div class=\"elementor-wrapper elementor-open-inline\">\n\t\t\t<div class=\"elementor-video\"><\/div>\t\t<\/div>\n\t\t\t\t\t\t<\/div>\n\t\t\t\t\t<\/div>\n\t\t\t\t<\/div>\n\t\t\t\t<\/div>\n\t\t","protected":false},"excerpt":{"rendered":"<p>A propos de nous Qui sommes-nous ? Sanubiom GmbH est une entreprise de cosm\u00e9tiques situ\u00e9e au c\u0153ur des Alpes dans le Tyrol, en Autriche, qui allie science et soins de la peau. Depuis 2010, nous \u00e9tudions les interactions entre les bact\u00e9ries et les bact\u00e9riophages &#8211; et d\u00e9veloppons \u00e0 partir de l\u00e0 des produits qui soutiennent [&hellip;]<\/p>\n","protected":false},"author":3,"featured_media":0,"parent":0,"menu_order":0,"comment_status":"closed","ping_status":"closed","template":"","meta":{"footnotes":""},"class_list":["post-15226","page","type-page","status-publish","hentry"],"_links":{"self":[{"href":"https:\/\/pelvyra.com\/fr\/wp-json\/wp\/v2\/pages\/15226","targetHints":{"allow":["GET"]}}],"collection":[{"href":"https:\/\/pelvyra.com\/fr\/wp-json\/wp\/v2\/pages"}],"about":[{"href":"https:\/\/pelvyra.com\/fr\/wp-json\/wp\/v2\/types\/page"}],"author":[{"embeddable":true,"href":"https:\/\/pelvyra.com\/fr\/wp-json\/wp\/v2\/users\/3"}],"replies":[{"embeddable":true,"href":"https:\/\/pelvyra.com\/fr\/wp-json\/wp\/v2\/comments?post=15226"}],"version-history":[{"count":3,"href":"https:\/\/pelvyra.com\/fr\/wp-json\/wp\/v2\/pages\/15226\/revisions"}],"predecessor-version":[{"id":27512,"href":"https:\/\/pelvyra.com\/fr\/wp-json\/wp\/v2\/pages\/15226\/revisions\/27512"}],"wp:attachment":[{"href":"https:\/\/pelvyra.com\/fr\/wp-json\/wp\/v2\/media?parent=15226"}],"curies":[{"name":"wp","href":"https:\/\/api.w.org\/{rel}","templated":true}]}}